{"id":1946,"date":"2023-01-23T16:06:03","date_gmt":"2023-01-23T15:06:03","guid":{"rendered":"https:\/\/www.ebene-c.de\/?page_id=1946"},"modified":"2026-02-02T12:57:30","modified_gmt":"2026-02-02T11:57:30","slug":"2023-2","status":"publish","type":"page","link":"http:\/\/www.ebene-c.de\/de_de\/","title":{"rendered":"ebene_c_2023"},"content":{"rendered":"<div class=\"vc_row wpb_row vc_row-fluid vc_custom_1674574607378 vc_row-has-fill\"><div class=\"wpb_column vc_column_container vc_col-sm-12\"><div class=\"vc_column-inner\"><div class=\"wpb_wrapper\"><div class=\"vc_row wpb_row vc_inner vc_row-fluid vc_custom_1675016233152 vc_row-has-fill vc_row-o-equal-height vc_rtl-columns-reverse vc_row-flex\"><div class=\"wpb_column vc_column_container vc_col-sm-12\"><div class=\"vc_column-inner\"><div class=\"wpb_wrapper\">\n\t<div class=\"wpb_text_column wpb_content_element  vc_custom_1676294527712\" >\n\t\t<div class=\"wpb_wrapper\">\n\t\t\t<h1><strong>Warum eigentlich ebene c?<br \/>\n<\/strong><strong><span style=\"color: #808080;\">Gute Frage.<\/span><\/strong><\/h1>\n\n\t\t<\/div>\n\t<\/div>\n<\/div><\/div><\/div><\/div><div class=\"vc_row wpb_row vc_inner vc_row-fluid vc_custom_1675101207642 vc_row-has-fill vc_row-o-equal-height vc_rtl-columns-reverse vc_row-flex\"><div class=\"wpb_column vc_column_container vc_col-sm-6\"><div class=\"vc_column-inner\"><div class=\"wpb_wrapper\">\n\t<div class=\"wpb_text_column wpb_content_element  vc_custom_1678291944060\" >\n\t\t<div class=\"wpb_wrapper\">\n\t\t\t<p>Und gute Fragen f\u00fchren zu wirksamer Weiterentwicklung. Weil es um echte Ver\u00e4nderung geht. Nicht um Papiere, die in Schubladen vergessen werden. Nicht um dekorative Leitlinien, die in Fluren herumh\u00e4ngen. Es geht um Ver\u00e4nderung in den K\u00f6pfen und den Herzen. Auch wenn das pathetisch klingt. Es geht nicht anders. Erst dann hat Ver\u00e4nderung eine nachhaltige Wirkung.<\/p>\n<p>ebene c begleitet Marken und Menschen seit \u00fcber 10 Jahren bei der Weiterentwicklung. Wie ebene c wirkt, k\u00f6nnen Sie unsere Kunden fragen.<\/p>\n<p>Das \u201ec\u201c in ebene c bedeutet \u00fcbrigens so viel wie Courage, Challenge, Communication oder Creativity. Aber auch Charisma, Cool und Computer. Und Champagner.<\/p>\n<h4>ebene c \/ Beratung fu\u0308r Marken und Menschen<\/h4>\n\n\t\t<\/div>\n\t<\/div>\n<\/div><\/div><\/div><div class=\"wpb_column vc_column_container vc_col-sm-6\"><div class=\"vc_column-inner\"><div class=\"wpb_wrapper\">\n\t<div  class=\"wpb_single_image wpb_content_element vc_align_center\">\n\t\t\n\t\t<figure class=\"wpb_wrapper vc_figure\">\n\t\t\t<a href=\"https:\/\/www.ebene-c.de\/de_de\/team-2\/\" target=\"_self\" class=\"vc_single_image-wrapper   vc_box_border_grey\"><img class=\"vc_single_image-img \" src=\"https:\/\/www.ebene-c.de\/wp-content\/uploads\/2024\/05\/Termin_web-230x230.png\" width=\"230\" height=\"230\" alt=\"Termin_web\" title=\"Termin_web\" \/><\/a>\n\t\t<\/figure>\n\t<\/div>\n<\/div><\/div><\/div><\/div><div class=\"vc_row wpb_row vc_inner vc_row-fluid vc_custom_1675016285781 vc_row-has-fill vc_row-o-equal-height vc_rtl-columns-reverse vc_row-flex\"><div class=\"wpb_column vc_column_container vc_col-sm-12\"><div class=\"vc_column-inner\"><div class=\"wpb_wrapper\"><\/div><\/div><\/div><\/div><div class=\"vc_row wpb_row vc_inner vc_row-fluid vc_custom_1675016308854 vc_row-has-fill vc_row-o-equal-height vc_rtl-columns-reverse vc_row-flex\"><div class=\"wpb_column vc_column_container vc_col-sm-12\"><div class=\"vc_column-inner\"><div class=\"wpb_wrapper\">\n\t<div class=\"wpb_text_column wpb_content_element  vc_custom_1676960395032\" >\n\t\t<div class=\"wpb_wrapper\">\n\t\t\t<h1><strong>Wir begleiten Sie.<br \/>\n<\/strong><span style=\"color: #808080;\"><strong>Mit <\/strong><strong>pers\u00f6nlicher Handschrift und echter Neugierde.<\/strong><\/span><\/h1>\n\n\t\t<\/div>\n\t<\/div>\n<\/div><\/div><\/div><\/div><div class=\"vc_row wpb_row vc_inner vc_row-fluid vc_custom_1675016320147 vc_row-has-fill vc_row-o-equal-height vc_rtl-columns-reverse vc_row-flex\"><div class=\"wpb_column vc_column_container vc_col-sm-6\"><div class=\"vc_column-inner\"><div class=\"wpb_wrapper\">\n\t<div  class=\"wpb_single_image wpb_content_element vc_align_left\">\n\t\t\n\t\t<figure class=\"wpb_wrapper vc_figure\">\n\t\t\t<a href=\"https:\/\/www.ebene-c.de\/de_de\/stefan_bohrmann\/\" target=\"_self\" class=\"vc_single_image-wrapper   vc_box_border_grey\"><img class=\"vc_single_image-img \" src=\"https:\/\/www.ebene-c.de\/wp-content\/uploads\/2023\/02\/ebene-c_Stefan_Bohrmann_2-e1676100084465-500x500.png\" width=\"500\" height=\"500\" alt=\"ebene-c_Stefan_Bohrmann_2\" title=\"ebene-c_Stefan_Bohrmann_2\" \/><\/a>\n\t\t<\/figure>\n\t<\/div>\n\n\t<div class=\"wpb_text_column wpb_content_element \" >\n\t\t<div class=\"wpb_wrapper\">\n\t\t\t<p><span style=\"color: #000000;\"><a href=\"https:\/\/ebene-c.de\/stefan_bohrmann\/\">Stefan Bohrmann<br \/>\n\/<br \/>\nMarkenstrategie, Moderation,<br \/>\nEinzel- und Teamcoaching,<br \/>\n<\/a><a href=\"https:\/\/ebene-c.de\/stefan_bohrmann\/\">Begleitung von Ver\u00e4nderungsprozessen<\/a><\/span><\/p>\n\n\t\t<\/div>\n\t<\/div>\n<\/div><\/div><\/div><div class=\"wpb_column vc_column_container vc_col-sm-6\"><div class=\"vc_column-inner\"><div class=\"wpb_wrapper\">\n\t<div  class=\"wpb_single_image wpb_content_element vc_align_left\">\n\t\t\n\t\t<figure class=\"wpb_wrapper vc_figure\">\n\t\t\t<a href=\"https:\/\/www.ebene-c.de\/de_de\/resa-hausner\/\" target=\"_self\" class=\"vc_single_image-wrapper   vc_box_border_grey\"><img class=\"vc_single_image-img \" src=\"https:\/\/www.ebene-c.de\/wp-content\/uploads\/2023\/01\/ebene-c_resa_hausner_2-e1674919355922-500x500.png\" width=\"500\" height=\"500\" alt=\"ebene-c_resa_hausner_2\" title=\"ebene-c_resa_hausner_2\" \/><\/a>\n\t\t<\/figure>\n\t<\/div>\n\n\t<div class=\"wpb_text_column wpb_content_element \" >\n\t\t<div class=\"wpb_wrapper\">\n\t\t\t<p><span style=\"color: #000000;\"><a href=\"https:\/\/ebene-c.de\/resa-hausner\/\">Stefanie Resa Hausner<br \/>\n\/<br \/>\nRhetoriktraining,<br \/>\nEinzelcoaching, Konfliktmanagement,<br \/>\nTeamentwicklung<\/a><\/span><\/p>\n\n\t\t<\/div>\n\t<\/div>\n<\/div><\/div><\/div><\/div><div class=\"vc_row wpb_row vc_inner vc_row-fluid vc_custom_1675016329819 vc_row-has-fill vc_row-o-equal-height vc_rtl-columns-reverse vc_row-flex\"><div class=\"wpb_column vc_column_container vc_col-sm-6\"><div class=\"vc_column-inner\"><div class=\"wpb_wrapper\">\n\t<div  class=\"wpb_single_image wpb_content_element vc_align_left\">\n\t\t\n\t\t<figure class=\"wpb_wrapper vc_figure\">\n\t\t\t<a href=\"https:\/\/www.ebene-c.de\/de_de\/arne_mack\/\" target=\"_self\" class=\"vc_single_image-wrapper   vc_box_border_grey\"><img class=\"vc_single_image-img \" src=\"https:\/\/www.ebene-c.de\/wp-content\/uploads\/2023\/01\/Arne_-78FF-2-500x500.png\" width=\"500\" height=\"500\" alt=\"Arne_ 78FF 2\" title=\"Arne_ 78FF 2\" \/><\/a>\n\t\t<\/figure>\n\t<\/div>\n\n\t<div class=\"wpb_text_column wpb_content_element \" >\n\t\t<div class=\"wpb_wrapper\">\n\t\t\t<p><a href=\"https:\/\/www.ebene-c.de\/arne_mack\/\">Arne Mack<\/a><br \/>\n\/<br \/>\n<a href=\"https:\/\/ebene-c.de\/arne_mack\/\">Begleitung von Ver\u00e4nderungsprozessen,<br \/>\nEinzel- und Teamcoaching,<br \/>\nMarkenstrategie, Moderation<\/a><\/p>\n\n\t\t<\/div>\n\t<\/div>\n<\/div><\/div><\/div><div class=\"wpb_column vc_column_container vc_col-sm-6\"><div class=\"vc_column-inner\"><div class=\"wpb_wrapper\">\n\t<div  class=\"wpb_single_image wpb_content_element vc_align_left\">\n\t\t\n\t\t<figure class=\"wpb_wrapper vc_figure\">\n\t\t\t<a href=\"https:\/\/www.ebene-c.de\/de_de\/ralph-schneider\/\" target=\"_self\" class=\"vc_single_image-wrapper   vc_box_border_grey\"><img class=\"vc_single_image-img \" src=\"https:\/\/www.ebene-c.de\/wp-content\/uploads\/2023\/01\/ebene_c_ralph_Schneider_1-1-500x500.png\" width=\"500\" height=\"500\" alt=\"ebene_c_ralph_Schneider_1\" title=\"ebene_c_ralph_Schneider_1\" \/><\/a>\n\t\t<\/figure>\n\t<\/div>\n\n\t<div class=\"wpb_text_column wpb_content_element \" >\n\t\t<div class=\"wpb_wrapper\">\n\t\t\t<p><a href=\"https:\/\/ebene-c.de\/ralph-schneider\/\">Ralph Schneider<br \/>\n\/<br \/>\nMarkenberatung,<br \/>\nsystemische Moderation, Konzeption,<br \/>\nKommunikationsstrategie<\/a><\/p>\n\n\t\t<\/div>\n\t<\/div>\n<\/div><\/div><\/div><\/div><div class=\"vc_row wpb_row vc_inner vc_row-fluid vc_custom_1676027296632 vc_row-has-fill vc_row-o-equal-height vc_rtl-columns-reverse vc_row-flex\"><div class=\"wpb_column vc_column_container vc_col-sm-12\"><div class=\"vc_column-inner\"><div class=\"wpb_wrapper\">\n\t<div  class=\"wpb_single_image wpb_content_element vc_align_center\">\n\t\t\n\t\t<figure class=\"wpb_wrapper vc_figure\">\n\t\t\t<div class=\"vc_single_image-wrapper   vc_box_border_grey\"><img width=\"2685\" height=\"1902\" src=\"https:\/\/www.ebene-c.de\/wp-content\/uploads\/2023\/02\/ebene_c_team4.png\" class=\"vc_single_image-img attachment-full\" alt=\"\" loading=\"lazy\" srcset=\"https:\/\/www.ebene-c.de\/wp-content\/uploads\/2023\/02\/ebene_c_team4.png 2685w, https:\/\/www.ebene-c.de\/wp-content\/uploads\/2023\/02\/ebene_c_team4-300x213.png 300w, https:\/\/www.ebene-c.de\/wp-content\/uploads\/2023\/02\/ebene_c_team4-1024x725.png 1024w, https:\/\/www.ebene-c.de\/wp-content\/uploads\/2023\/02\/ebene_c_team4-768x544.png 768w, https:\/\/www.ebene-c.de\/wp-content\/uploads\/2023\/02\/ebene_c_team4-1536x1088.png 1536w, https:\/\/www.ebene-c.de\/wp-content\/uploads\/2023\/02\/ebene_c_team4-2048x1451.png 2048w, https:\/\/www.ebene-c.de\/wp-content\/uploads\/2023\/02\/ebene_c_team4-18x12.png 18w, https:\/\/www.ebene-c.de\/wp-content\/uploads\/2023\/02\/ebene_c_team4-206x146.png 206w, https:\/\/www.ebene-c.de\/wp-content\/uploads\/2023\/02\/ebene_c_team4-50x35.png 50w, https:\/\/www.ebene-c.de\/wp-content\/uploads\/2023\/02\/ebene_c_team4-106x75.png 106w\" sizes=\"(max-width: 2685px) 100vw, 2685px\" \/><\/div>\n\t\t<\/figure>\n\t<\/div>\n<\/div><\/div><\/div><\/div><div class=\"vc_row wpb_row vc_inner vc_row-fluid vc_custom_1675016285781 vc_row-has-fill vc_row-o-equal-height vc_rtl-columns-reverse vc_row-flex\"><div class=\"wpb_column vc_column_container vc_col-sm-12\"><div class=\"vc_column-inner\"><div class=\"wpb_wrapper\"><\/div><\/div><\/div><\/div><div class=\"vc_row wpb_row vc_inner vc_row-fluid vc_custom_1675016285781 vc_row-has-fill vc_row-o-equal-height vc_rtl-columns-reverse vc_row-flex\"><div class=\"wpb_column vc_column_container vc_col-sm-12\"><div class=\"vc_column-inner\"><div class=\"wpb_wrapper\">\n\t<div class=\"wpb_text_column wpb_content_element  vc_custom_1675099831308\" >\n\t\t<div class=\"wpb_wrapper\">\n\t\t\t<h1><strong>Unser Wirk\u00adversprechen:<br \/>\n<\/strong><\/h1>\n<h1><strong><span style=\"color: #808080;\">Zukunft.<br \/>\n<\/span><\/strong><\/h1>\n\n\t\t<\/div>\n\t<\/div>\n<\/div><\/div><\/div><\/div><div class=\"vc_row wpb_row vc_inner vc_row-fluid vc_custom_1675016297390 vc_row-has-fill vc_row-o-equal-height vc_rtl-columns-reverse vc_row-flex\"><div class=\"wpb_column vc_column_container vc_col-sm-6\"><div class=\"vc_column-inner\"><div class=\"wpb_wrapper\">\n\t<div class=\"wpb_text_column wpb_content_element  vc_custom_1677482278170\" >\n\t\t<div class=\"wpb_wrapper\">\n\t\t\t<p><strong>Klares Zukunftsbild<\/strong><br \/>\nEin gemeinsam entwickeltes Bild der Zukunft \u2013 ausgedru\u0308ckt durch Positionierung, Unternehmensstrategie und\/oder Purpose \u2013 als lebendige, pragmatische Orientierungshilfe f\u00fcr die t\u00e4gliche Arbeit.<\/p>\n<p><strong>Bewusste Kommunikation<\/strong><br \/>\nWertsch\u00e4tzung, Offenheit und Empathie schaffen neben klar definierten Rollen und Zielen die Basis fu\u0308r vertrauensvolle Kommunikation zwischen Mitarbeiter:innen, Partner:innen und Kund:innen.<\/p>\n<p><strong>Kultur der Eigenverantwortung<\/strong><br \/>\nAbgeben und \u00dcbernehmen von Verantwortung pr\u00e4gt eine Kultur des Miteinanders, in der sich Menschen und Teams nicht hinter Strukturen, Prozessen oder Hierarchien verstecken, sondern wirklich mitgestalten.<\/p>\n\n\t\t<\/div>\n\t<\/div>\n<\/div><\/div><\/div><div class=\"wpb_column vc_column_container vc_col-sm-6\"><div class=\"vc_column-inner\"><div class=\"wpb_wrapper\">\n\t<div  class=\"wpb_single_image wpb_content_element vc_align_left\">\n\t\t\n\t\t<figure class=\"wpb_wrapper vc_figure\">\n\t\t\t<div class=\"vc_single_image-wrapper   vc_box_border_grey\"><img class=\"vc_single_image-img \" src=\"https:\/\/www.ebene-c.de\/wp-content\/uploads\/2022\/09\/wirksame_weiterentwicklung_ebene-c-500x500.png\" width=\"500\" height=\"500\" alt=\"wirksame_weiterentwicklung_ebene-c\" title=\"wirksame_weiterentwicklung_ebene-c\" \/><\/div>\n\t\t<\/figure>\n\t<\/div>\n<\/div><\/div><\/div><\/div><div class=\"vc_row wpb_row vc_inner vc_row-fluid vc_custom_1675016341241 vc_row-has-fill vc_row-o-equal-height vc_rtl-columns-reverse vc_row-flex\"><div class=\"wpb_column vc_column_container vc_col-sm-12\"><div class=\"vc_column-inner\"><div class=\"wpb_wrapper\">\n\t<div class=\"wpb_text_column wpb_content_element  vc_custom_1675011878343\" >\n\t\t<div class=\"wpb_wrapper\">\n\t\t\t<h1><strong>Neugierig?<br \/>\n<\/strong><strong><span style=\"color: #808080;\">Hier sind die Stories der Wirksamkeit. <\/span><\/strong><\/h1>\n\n\t\t<\/div>\n\t<\/div>\n<\/div><\/div><\/div><\/div><div class=\"vc_row wpb_row vc_inner vc_row-fluid vc_custom_1675016351748 vc_row-has-fill vc_row-o-equal-height vc_rtl-columns-reverse vc_row-flex\"><div class=\"wpb_column vc_column_container vc_col-sm-6\"><div class=\"vc_column-inner\"><div class=\"wpb_wrapper\">\n\t<div  class=\"wpb_single_image wpb_content_element vc_align_left\">\n\t\t\n\t\t<figure class=\"wpb_wrapper vc_figure\">\n\t\t\t<a href=\"https:\/\/www.ebene-c.de\/de_de\/emfaktor\/\" target=\"_self\" class=\"vc_single_image-wrapper   vc_box_border_grey\"><img class=\"vc_single_image-img \" src=\"https:\/\/www.ebene-c.de\/wp-content\/uploads\/2025\/11\/Teaser-500x500.png\" width=\"500\" height=\"500\" alt=\"Teaser\" title=\"Teaser\" \/><\/a>\n\t\t<\/figure>\n\t<\/div>\n\n\t<div class=\"wpb_text_column wpb_content_element \" >\n\t\t<div class=\"wpb_wrapper\">\n\t\t\t<div class=\"wpb_column vc_column_container vc_col-sm-6\">\n<div class=\"vc_column-inner\">\n<div class=\"wpb_wrapper\">\n<div class=\"wpb_text_column wpb_content_element \">\n<div class=\"wpb_wrapper\">\n<p><a href=\"https:\/\/www.ebene-c.de\/emfaktor\/\">emfaktor<br \/>\n\/<br \/>\nSch\u00e4rfung Markenidentit\u00e4t<br \/>\nOrganisationsentwicklung<br \/>\nMentoring Agenturteam<\/a><\/p>\n<\/div>\n<\/div>\n<\/div>\n<\/div>\n<\/div>\n\n\t\t<\/div>\n\t<\/div>\n<\/div><\/div><\/div><div class=\"wpb_column vc_column_container vc_col-sm-6\"><div class=\"vc_column-inner\"><div class=\"wpb_wrapper\">\n\t<div  class=\"wpb_single_image wpb_content_element vc_align_left\">\n\t\t\n\t\t<figure class=\"wpb_wrapper vc_figure\">\n\t\t\t<a href=\"https:\/\/www.ebene-c.de\/de_de\/simmler\/\" target=\"_self\" class=\"vc_single_image-wrapper   vc_box_border_grey\"><img class=\"vc_single_image-img \" src=\"https:\/\/www.ebene-c.de\/wp-content\/uploads\/2025\/08\/Bildschirmfoto-2025-08-01-um-15.31.40-500x500.png\" width=\"500\" height=\"500\" alt=\"Bildschirmfoto 2025-08-01 um 15.31.40\" title=\"Bildschirmfoto 2025-08-01 um 15.31.40\" \/><\/a>\n\t\t<\/figure>\n\t<\/div>\n\n\t<div class=\"wpb_text_column wpb_content_element \" >\n\t\t<div class=\"wpb_wrapper\">\n\t\t\t<p><a href=\"https:\/\/www.ebene-c.de\/simmler\/\">Simmler<br \/>\n\/<br \/>\nInnovationsworkshop f\u00fcr neuen Produktbereich<br \/>\nMarkenpositionierung<br \/>\nStrategische und kreative Begleitung<\/a><\/p>\n\n\t\t<\/div>\n\t<\/div>\n<\/div><\/div><\/div><\/div><div class=\"vc_row wpb_row vc_inner vc_row-fluid vc_custom_1675016351748 vc_row-has-fill vc_row-o-equal-height vc_rtl-columns-reverse vc_row-flex\"><div class=\"wpb_column vc_column_container vc_col-sm-6\"><div class=\"vc_column-inner\"><div class=\"wpb_wrapper\">\n\t<div  class=\"wpb_single_image wpb_content_element vc_align_left\">\n\t\t\n\t\t<figure class=\"wpb_wrapper vc_figure\">\n\t\t\t<a href=\"https:\/\/www.ebene-c.de\/de_de\/eichbaum\/\" target=\"_self\" class=\"vc_single_image-wrapper   vc_box_border_grey\"><img class=\"vc_single_image-img \" src=\"https:\/\/www.ebene-c.de\/wp-content\/uploads\/2025\/08\/Einstiegsbild-Prdukte-Startseite-und-Kontakt-Brauhaus-neu-retuschiert-tauschen-500x500.jpg\" width=\"500\" height=\"500\" alt=\"Einstiegsbild-Prdukte-Startseite-und-Kontakt-Brauhaus-neu-retuschiert-tauschen\" title=\"Einstiegsbild-Prdukte-Startseite-und-Kontakt-Brauhaus-neu-retuschiert-tauschen\" \/><\/a>\n\t\t<\/figure>\n\t<\/div>\n\n\t<div class=\"wpb_text_column wpb_content_element \" >\n\t\t<div class=\"wpb_wrapper\">\n\t\t\t<p><a href=\"https:\/\/www.ebene-c.de\/eichbaum\/\">Eichbaum<br \/>\n\/<br \/>\nCo-Creation mit jungen Talenten \/ Zukunftswerkstatt<br \/>\nZukunftsorientierte Markenentwicklung<br \/>\nZielgruppenansprache neu definieren<\/a><\/p>\n\n\t\t<\/div>\n\t<\/div>\n<\/div><\/div><\/div><div class=\"wpb_column vc_column_container vc_col-sm-6\"><div class=\"vc_column-inner\"><div class=\"wpb_wrapper\">\n\t<div  class=\"wpb_single_image wpb_content_element vc_align_left\">\n\t\t\n\t\t<figure class=\"wpb_wrapper vc_figure\">\n\t\t\t<a href=\"https:\/\/www.ebene-c.de\/de_de\/voglauer\/\" target=\"_self\" class=\"vc_single_image-wrapper   vc_box_border_grey\"><img class=\"vc_single_image-img \" src=\"https:\/\/www.ebene-c.de\/wp-content\/uploads\/2025\/03\/Voglauer-1-500x500.png\" width=\"500\" height=\"500\" alt=\"Voglauer\" title=\"Voglauer\" \/><\/a>\n\t\t<\/figure>\n\t<\/div>\n\n\t<div class=\"wpb_text_column wpb_content_element \" >\n\t\t<div class=\"wpb_wrapper\">\n\t\t\t<p><a href=\"https:\/\/www.ebene-c.de\/voglauer\/\">Voglauer<br \/>\n\/<br \/>\nMarkenpositionierung<br \/>\nKernbotschaften<br \/>\nNeues Kommunikationskonzept<\/a><\/p>\n\n\t\t<\/div>\n\t<\/div>\n<\/div><\/div><\/div><\/div><div class=\"vc_row wpb_row vc_inner vc_row-fluid vc_custom_1675016351748 vc_row-has-fill vc_row-o-equal-height vc_rtl-columns-reverse vc_row-flex\"><div class=\"wpb_column vc_column_container vc_col-sm-6\"><div class=\"vc_column-inner\"><div class=\"wpb_wrapper\">\n\t<div  class=\"wpb_single_image wpb_content_element vc_align_left\">\n\t\t\n\t\t<figure class=\"wpb_wrapper vc_figure\">\n\t\t\t<a href=\"https:\/\/www.ebene-c.de\/de_de\/loba\/\" target=\"_self\" class=\"vc_single_image-wrapper   vc_box_border_grey\"><img class=\"vc_single_image-img \" src=\"https:\/\/www.ebene-c.de\/wp-content\/uploads\/2025\/01\/Teaser-500x500.png\" width=\"500\" height=\"500\" alt=\"Teaser\" title=\"Teaser\" \/><\/a>\n\t\t<\/figure>\n\t<\/div>\n\n\t<div class=\"wpb_text_column wpb_content_element \" >\n\t\t<div class=\"wpb_wrapper\">\n\t\t\t<p><a href=\"https:\/\/www.ebene-c.de\/loba\/\">LOBA<br \/>\n\/<br \/>\nBegleitung Gesch\u00e4ftsf\u00fchrungswechsel<br \/>\nProzess zur Zukunftsausrichtung<br \/>\nErarbeitung Handlungsleitlinien und strategische Themenfelder<\/a><\/p>\n\n\t\t<\/div>\n\t<\/div>\n<\/div><\/div><\/div><div class=\"wpb_column vc_column_container vc_col-sm-6\"><div class=\"vc_column-inner\"><div class=\"wpb_wrapper\">\n\t<div  class=\"wpb_single_image wpb_content_element vc_align_left\">\n\t\t\n\t\t<figure class=\"wpb_wrapper vc_figure\">\n\t\t\t<a href=\"https:\/\/www.ebene-c.de\/de_de\/dww_jungendkommunikation\/\" target=\"_self\" class=\"vc_single_image-wrapper   vc_box_border_grey\"><img class=\"vc_single_image-img \" src=\"https:\/\/www.ebene-c.de\/wp-content\/uploads\/2024\/12\/DWW_Aufmacher-2-e1733859606752-500x500.jpg\" width=\"500\" height=\"500\" alt=\"DWW_Aufmacher 2\" title=\"DWW_Aufmacher 2\" \/><\/a>\n\t\t<\/figure>\n\t<\/div>\n\n\t<div class=\"wpb_text_column wpb_content_element \" >\n\t\t<div class=\"wpb_wrapper\">\n\t\t\t<p><a href=\"https:\/\/www.ebene-c.de\/dww_jungendkommunikation\/\">Diakonisches Werk W\u00fcrttemberg<br \/>\n\/<br \/>\nProfessionalisierung der Jugendkommunikation<br \/>\nStrategische Begleitung und Integration verschiedener Stakeholder<br \/>\nKonzeption Kommunikation<\/a><\/p>\n\n\t\t<\/div>\n\t<\/div>\n<\/div><\/div><\/div><\/div><div class=\"vc_row wpb_row vc_inner vc_row-fluid vc_custom_1675016374326 vc_row-has-fill vc_row-o-equal-height vc_rtl-columns-reverse vc_row-flex\"><div class=\"wpb_column vc_column_container vc_col-sm-6\"><div class=\"vc_column-inner\"><div class=\"wpb_wrapper\">\n\t<div  class=\"wpb_single_image wpb_content_element vc_align_left\">\n\t\t\n\t\t<figure class=\"wpb_wrapper vc_figure\">\n\t\t\t<a href=\"https:\/\/www.ebene-c.de\/de_de\/markilux\/\" target=\"_self\" class=\"vc_single_image-wrapper   vc_box_border_grey\"><img class=\"vc_single_image-img \" src=\"https:\/\/www.ebene-c.de\/wp-content\/uploads\/2024\/03\/markilux-500x500.png\" width=\"500\" height=\"500\" alt=\"markilux\" title=\"markilux\" \/><\/a>\n\t\t<\/figure>\n\t<\/div>\n\n\t<div class=\"wpb_text_column wpb_content_element \" >\n\t\t<div class=\"wpb_wrapper\">\n\t\t\t<p><a href=\"https:\/\/www.ebene-c.de\/markilux\/\">markilux<br \/>\n\/<br \/>\nMarkenentwicklung<br \/>\nVertriebstraining<br \/>\nStrategische Ausrichtung<\/a><\/p>\n\n\t\t<\/div>\n\t<\/div>\n<\/div><\/div><\/div><div class=\"wpb_column vc_column_container vc_col-sm-6\"><div class=\"vc_column-inner\"><div class=\"wpb_wrapper\">\n\t<div  class=\"wpb_single_image wpb_content_element vc_align_left\">\n\t\t\n\t\t<figure class=\"wpb_wrapper vc_figure\">\n\t\t\t<a href=\"https:\/\/www.ebene-c.de\/de_de\/weleda\/\" target=\"_self\" class=\"vc_single_image-wrapper   vc_box_border_grey\"><img class=\"vc_single_image-img \" src=\"https:\/\/www.ebene-c.de\/wp-content\/uploads\/2023\/01\/Weleda_500-x-500--500x500.png\" width=\"500\" height=\"500\" alt=\"Weleda_500 x 500\" title=\"Weleda_500 x 500\" \/><\/a>\n\t\t<\/figure>\n\t<\/div>\n\n\t<div class=\"wpb_text_column wpb_content_element \" >\n\t\t<div class=\"wpb_wrapper\">\n\t\t\t<p><a href=\"https:\/\/www.ebene-c.de\/weleda\/\">Weleda<br \/>\n\/<br \/>\nPurpose Driven Strategy<br \/>\nWertorientierte Zieldefinition<br \/>\nHandlungsleitlinien<\/a><\/p>\n\n\t\t<\/div>\n\t<\/div>\n<\/div><\/div><\/div><\/div><div class=\"vc_row wpb_row vc_inner vc_row-fluid vc_custom_1675015588695 vc_row-has-fill\"><div class=\"wpb_column vc_column_container vc_col-sm-12\"><div class=\"vc_column-inner\"><div class=\"wpb_wrapper\">\n\t<div class=\"wpb_text_column wpb_content_element  vc_custom_1677479870663\" >\n\t\t<div class=\"wpb_wrapper\">\n\t\t\t<h1><strong>Methoden\u00adfokus statt Branchen\u00admainstream.<br \/>\n<\/strong><\/h1>\n<h1><strong><span style=\"color: #808080;\">Unsere \u00dcber\u00adzeugungen.<br \/>\n<\/span><\/strong><\/h1>\n\n\t\t<\/div>\n\t<\/div>\n<\/div><\/div><\/div><\/div><div class=\"vc_row wpb_row vc_inner vc_row-fluid vc_custom_1675015588695 vc_row-has-fill\"><div class=\"wpb_column vc_column_container vc_col-sm-6\"><div class=\"vc_column-inner\"><div class=\"wpb_wrapper\">\n\t<div  class=\"wpb_single_image wpb_content_element vc_align_left\">\n\t\t\n\t\t<figure class=\"wpb_wrapper vc_figure\">\n\t\t\t<div class=\"vc_single_image-wrapper   vc_box_border_grey\"><img class=\"vc_single_image-img \" src=\"https:\/\/www.ebene-c.de\/wp-content\/uploads\/2024\/03\/IMG_8336-scaled-500x500.jpg\" width=\"500\" height=\"500\" alt=\"IMG_8336\" title=\"IMG_8336\" \/><\/div>\n\t\t<\/figure>\n\t<\/div>\n<\/div><\/div><\/div><div class=\"wpb_column vc_column_container vc_col-sm-6\"><div class=\"vc_column-inner\"><div class=\"wpb_wrapper\">\n\t<div  class=\"wpb_single_image wpb_content_element vc_align_left\">\n\t\t\n\t\t<figure class=\"wpb_wrapper vc_figure\">\n\t\t\t<div class=\"vc_single_image-wrapper   vc_box_border_grey\"><img class=\"vc_single_image-img \" src=\"https:\/\/www.ebene-c.de\/wp-content\/uploads\/2024\/03\/IMG_8338-scaled-500x500.jpg\" width=\"500\" height=\"500\" alt=\"IMG_8338\" title=\"IMG_8338\" \/><\/div>\n\t\t<\/figure>\n\t<\/div>\n<\/div><\/div><\/div><\/div><div class=\"vc_row wpb_row vc_inner vc_row-fluid vc_custom_1675015588695 vc_row-has-fill\"><div class=\"wpb_column vc_column_container vc_col-sm-6\"><div class=\"vc_column-inner\"><div class=\"wpb_wrapper\">\n\t<div  class=\"wpb_single_image wpb_content_element vc_align_left\">\n\t\t\n\t\t<figure class=\"wpb_wrapper vc_figure\">\n\t\t\t<div class=\"vc_single_image-wrapper   vc_box_border_grey\"><img class=\"vc_single_image-img \" src=\"https:\/\/www.ebene-c.de\/wp-content\/uploads\/2024\/03\/IMG_8337-scaled-500x500.jpg\" width=\"500\" height=\"500\" alt=\"IMG_8337\" title=\"IMG_8337\" \/><\/div>\n\t\t<\/figure>\n\t<\/div>\n<\/div><\/div><\/div><div class=\"wpb_column vc_column_container vc_col-sm-6\"><div class=\"vc_column-inner\"><div class=\"wpb_wrapper\">\n\t<div  class=\"wpb_single_image wpb_content_element vc_align_left\">\n\t\t\n\t\t<figure class=\"wpb_wrapper vc_figure\">\n\t\t\t<div class=\"vc_single_image-wrapper   vc_box_border_grey\"><img class=\"vc_single_image-img \" src=\"https:\/\/www.ebene-c.de\/wp-content\/uploads\/2024\/03\/IMG_8344-500x500.jpg\" width=\"500\" height=\"500\" alt=\"IMG_8344\" title=\"IMG_8344\" \/><\/div>\n\t\t<\/figure>\n\t<\/div>\n<\/div><\/div><\/div><\/div><\/div><\/div><\/div><\/div><div class=\"vc_row wpb_row vc_row-fluid\"><div class=\"wpb_column vc_column_container vc_col-sm-12\"><div class=\"vc_column-inner\"><div class=\"wpb_wrapper\"><div class=\"vc_separator wpb_content_element vc_separator_align_center vc_sep_width_100 vc_sep_border_width_2 vc_sep_pos_align_center vc_separator_no_text vc_sep_color_black\" ><span class=\"vc_sep_holder vc_sep_holder_l\"><span  class=\"vc_sep_line\"><\/span><\/span><span class=\"vc_sep_holder vc_sep_holder_r\"><span  class=\"vc_sep_line\"><\/span><\/span>\n<\/div><\/div><\/div><\/div><\/div>\n","protected":false},"excerpt":{"rendered":"Warum eigentlich ebene c? Gute Frage. Und gute Fragen f\u00fchren zu wirksamer Weiterentwicklung. Weil es um echte Ver\u00e4nderung geht. Nicht um Papiere, die in Schubladen<span class=\"excerpt-hellip\"> [\u2026]<\/span>","protected":false},"author":1,"featured_media":0,"parent":0,"menu_order":0,"comment_status":"closed","ping_status":"closed","template":"","meta":[],"_links":{"self":[{"href":"http:\/\/www.ebene-c.de\/de_de\/wp-json\/wp\/v2\/pages\/1946"}],"collection":[{"href":"http:\/\/www.ebene-c.de\/de_de\/wp-json\/wp\/v2\/pages"}],"about":[{"href":"http:\/\/www.ebene-c.de\/de_de\/wp-json\/wp\/v2\/types\/page"}],"author":[{"embeddable":true,"href":"http:\/\/www.ebene-c.de\/de_de\/wp-json\/wp\/v2\/users\/1"}],"replies":[{"embeddable":true,"href":"http:\/\/www.ebene-c.de\/de_de\/wp-json\/wp\/v2\/comments?post=1946"}],"version-history":[{"count":404,"href":"http:\/\/www.ebene-c.de\/de_de\/wp-json\/wp\/v2\/pages\/1946\/revisions"}],"predecessor-version":[{"id":3641,"href":"http:\/\/www.ebene-c.de\/de_de\/wp-json\/wp\/v2\/pages\/1946\/revisions\/3641"}],"wp:attachment":[{"href":"http:\/\/www.ebene-c.de\/de_de\/wp-json\/wp\/v2\/media?parent=1946"}],"curies":[{"name":"wp","href":"https:\/\/api.w.org\/{rel}","templated":true}]}}