{"id":1409,"date":"2020-05-13T13:18:15","date_gmt":"2020-05-13T11:18:15","guid":{"rendered":"https:\/\/www.ebene-c.de\/?page_id=1409"},"modified":"2020-06-29T11:19:17","modified_gmt":"2020-06-29T09:19:17","slug":"mach_dich_stark","status":"publish","type":"page","link":"https:\/\/www.ebene-c.de\/de_de\/mach_dich_stark\/","title":{"rendered":"MachDichStark"},"content":{"rendered":"<div class=\"vc_row wpb_row vc_row-fluid\"><div class=\"wpb_column vc_column_container vc_col-sm-6\"><div class=\"vc_column-inner\"><div class=\"wpb_wrapper\">\n\t<div class=\"wpb_text_column wpb_content_element \" >\n\t\t<div class=\"wpb_wrapper\">\n\t\t\t<h2>Mach Dich Stark<br \/>\n<strong>\/<br \/>\n<\/strong>Kontinuierliche Markenbegleitung<strong><br \/>\n<\/strong><\/h2>\n\n\t\t<\/div>\n\t<\/div>\n\n\t<div class=\"wpb_text_column wpb_content_element \" >\n\t\t<div class=\"wpb_wrapper\">\n\t\t\t<h4>_Sparring<br \/>\n_Kommunikationsberatung<br \/>\n_Moderation<\/h4>\n\n\t\t<\/div>\n\t<\/div>\n<\/div><\/div><\/div><div class=\"wpb_column vc_column_container vc_col-sm-6\"><div class=\"vc_column-inner\"><div class=\"wpb_wrapper\">\n\t<div  class=\"wpb_single_image wpb_content_element vc_align_left  vc_custom_1589368688265\">\n\t\t\n\t\t<figure class=\"wpb_wrapper vc_figure\">\n\t\t\t<div class=\"vc_single_image-wrapper   vc_box_border_grey\"><img class=\"vc_single_image-img \" src=\"https:\/\/www.ebene-c.de\/wp-content\/uploads\/2020\/05\/index.png\" width=\"222\" height=\"227\" alt=\"index\" title=\"index\" \/><\/div>\n\t\t<\/figure>\n\t<\/div>\n<\/div><\/div><\/div><\/div><div class=\"vc_row wpb_row vc_row-fluid\"><div class=\"wpb_column vc_column_container vc_col-sm-6\"><div class=\"vc_column-inner\"><div class=\"wpb_wrapper\">\n\t<div class=\"wpb_text_column wpb_content_element \" >\n\t\t<div class=\"wpb_wrapper\">\n\t\t\t<div class=\"wpb_text_column wpb_content_element vc_custom_1538133902006\">\n<div class=\"wpb_wrapper\">\n<h4><strong>Hintergrund<\/strong><\/h4>\n<p>In Baden-W\u00fcrttemberg ist jedes 5. Kind arm oder von Armut bedroht. MACH DICH STARK \u2013 die Initiative f\u00fcr Kinder im S\u00fcdwesten \u2013 wurde in 2015 gegr\u00fcndet, um Solidarit\u00e4t zu stiften, Aufmerksamkeit zu schaffen und eine langfristige Ver\u00e4nderung herbeizuf\u00fchren. Initiiert von der Caritas schafft MACH DICH STARK Netzwerke und ruft dazu auf, Kinderarmut den Kampf anzusagen.<\/p>\n<p>&nbsp;<\/p>\n<p><a href=\"http:\/\/www.mach-dich-stark.net\/\">www.mach-dich-stark.net<\/a><\/p>\n<p>&nbsp;<\/p>\n<h4><strong>Aufgabe<\/strong><\/h4>\n<p>Langfristige Begleitung der Initiative als Markenberater, Sparringspartner und Moderatoren.<\/p>\n<p>&nbsp;<\/p>\n<h4><strong>L\u00f6sung<\/strong><\/h4>\n<p>Die Begleitung von MACH DICH STARK ist gepr\u00e4gt von drei wesentlichen Themenfeldern: Fokussierung, Weiterentwicklung und Vernetzung. Die Rolle von ebene c war und ist es, MACH DICH STARK in ihrer Rolle als Multiplikatorin und Sprachrohr zu unterst\u00fctzen, bei der Weichenstellung in Richtung Zukunft und der entsprechenden Vernetzung zu beraten.<\/p>\n<\/div>\n<\/div>\n\n\t\t<\/div>\n\t<\/div>\n<\/div><\/div><\/div><div class=\"wpb_column vc_column_container vc_col-sm-6\"><div class=\"vc_column-inner\"><div class=\"wpb_wrapper\">\n\t<div class=\"wpb_text_column wpb_content_element \" >\n\t\t<div class=\"wpb_wrapper\">\n\t\t\t<div>\n<div>\n<h4><strong>Kundenstimmen<\/strong><\/h4>\n<p><em>&#8222;Die Zusammenarbeit mit ebene c ist eine wichtige Bereicherung f\u00fcr MACH DICH STARK. Stefan Bohrmann und Arne Mack unterst\u00fctzen uns mit ihrer Klarheit ma\u00dfgeblich bei der Entwicklung unseres Profils. Sie helfen, das Wesentliche im Blick zu haben und sorgen f\u00fcr die notwendige Portion Mut, ausgetretene Pfade zu verlassen und Neues zu wagen. Und das bew\u00e4hrt sich! Wir sind froh, Stefan Bohrmann und Arne Mack mit ihrer Erfahrung, Zuversicht und dem Herz f\u00fcr die Sache an unserer Seite zu haben.&#8220;<\/em><\/p>\n<p>&nbsp;<\/p>\n<p>Kim Hartmann, Koordinatorin MACH DICH STARK<\/p>\n<\/div>\n<\/div>\n\n\t\t<\/div>\n\t<\/div>\n\n\t<div  class=\"wpb_single_image wpb_content_element vc_align_left  vc_custom_1589368672264\">\n\t\t\n\t\t<figure class=\"wpb_wrapper vc_figure\">\n\t\t\t<div class=\"vc_single_image-wrapper   vc_box_border_grey\"><img class=\"vc_single_image-img \" src=\"https:\/\/www.ebene-c.de\/wp-content\/uploads\/2020\/05\/Mach-Dich-Stark-340x302.png\" width=\"340\" height=\"302\" alt=\"Mach-Dich-Stark\" title=\"Mach-Dich-Stark\" \/><\/div>\n\t\t<\/figure>\n\t<\/div>\n<\/div><\/div><\/div><\/div><div class=\"vc_row wpb_row vc_row-fluid\"><div class=\"wpb_column vc_column_container vc_col-sm-12\"><div class=\"vc_column-inner\"><div class=\"wpb_wrapper\"><div class=\"vc_separator wpb_content_element vc_separator_align_center vc_sep_width_100 vc_sep_border_width_2 vc_sep_pos_align_center vc_separator_no_text vc_sep_color_black\" ><span class=\"vc_sep_holder vc_sep_holder_l\"><span  class=\"vc_sep_line\"><\/span><\/span><span class=\"vc_sep_holder vc_sep_holder_r\"><span  class=\"vc_sep_line\"><\/span><\/span>\n<\/div><\/div><\/div><\/div><\/div>\n","protected":false},"excerpt":{"rendered":"Mach Dich Stark \/ Kontinuierliche Markenbegleitung _Sparring _Kommunikationsberatung _Moderation Hintergrund In Baden-W\u00fcrttemberg ist jedes 5. Kind arm oder von Armut bedroht. MACH DICH STARK \u2013<span class=\"excerpt-hellip\"> [\u2026]<\/span>","protected":false},"author":1,"featured_media":0,"parent":0,"menu_order":0,"comment_status":"closed","ping_status":"closed","template":"","meta":[],"_links":{"self":[{"href":"https:\/\/www.ebene-c.de\/de_de\/wp-json\/wp\/v2\/pages\/1409"}],"collection":[{"href":"https:\/\/www.ebene-c.de\/de_de\/wp-json\/wp\/v2\/pages"}],"about":[{"href":"https:\/\/www.ebene-c.de\/de_de\/wp-json\/wp\/v2\/types\/page"}],"author":[{"embeddable":true,"href":"https:\/\/www.ebene-c.de\/de_de\/wp-json\/wp\/v2\/users\/1"}],"replies":[{"embeddable":true,"href":"https:\/\/www.ebene-c.de\/de_de\/wp-json\/wp\/v2\/comments?post=1409"}],"version-history":[{"count":8,"href":"https:\/\/www.ebene-c.de\/de_de\/wp-json\/wp\/v2\/pages\/1409\/revisions"}],"predecessor-version":[{"id":1519,"href":"https:\/\/www.ebene-c.de\/de_de\/wp-json\/wp\/v2\/pages\/1409\/revisions\/1519"}],"wp:attachment":[{"href":"https:\/\/www.ebene-c.de\/de_de\/wp-json\/wp\/v2\/media?parent=1409"}],"curies":[{"name":"wp","href":"https:\/\/api.w.org\/{rel}","templated":true}]}}