{"id":1423,"date":"2020-05-26T13:59:47","date_gmt":"2020-05-26T11:59:47","guid":{"rendered":"https:\/\/www.ebene-c.de\/?page_id=1423"},"modified":"2021-02-02T09:42:22","modified_gmt":"2021-02-02T08:42:22","slug":"bioland_marke","status":"publish","type":"page","link":"https:\/\/www.ebene-c.de\/de_de\/bioland_marke\/","title":{"rendered":"Bioland Markenprozess"},"content":{"rendered":"<div class=\"vc_row wpb_row vc_row-fluid\"><div class=\"wpb_column vc_column_container vc_col-sm-6\"><div class=\"vc_column-inner\"><div class=\"wpb_wrapper\">\n\t<div class=\"wpb_text_column wpb_content_element \" >\n\t\t<div class=\"wpb_wrapper\">\n\t\t\t<h2>Bioland<br \/>\n\/<br \/>\nWorkshopreihe Markenentwicklung<\/h2>\n\n\t\t<\/div>\n\t<\/div>\n\n\t<div class=\"wpb_text_column wpb_content_element \" >\n\t\t<div class=\"wpb_wrapper\">\n\t\t\t<h4>_Agile Markenentwicklung<br \/>\n_Kollaborative Markenpositionierung<br \/>\n_Verdichtung der Ergebnisse in einem Markenpass<\/h4>\n\n\t\t<\/div>\n\t<\/div>\n<\/div><\/div><\/div><div class=\"wpb_column vc_column_container vc_col-sm-6\"><div class=\"vc_column-inner\"><div class=\"wpb_wrapper\">\n\t<div  class=\"wpb_single_image wpb_content_element vc_align_left  vc_custom_1611923037686\">\n\t\t\n\t\t<figure class=\"wpb_wrapper vc_figure\">\n\t\t\t<div class=\"vc_single_image-wrapper   vc_box_border_grey\"><img class=\"vc_single_image-img \" src=\"https:\/\/www.ebene-c.de\/wp-content\/uploads\/2020\/05\/Bildschirmfoto-2020-05-26-um-14.28.03-500x300.png\" width=\"500\" height=\"300\" alt=\"Bildschirmfoto 2020-05-26 um 14.28.03\" title=\"Bildschirmfoto 2020-05-26 um 14.28.03\" \/><\/div>\n\t\t<\/figure>\n\t<\/div>\n<\/div><\/div><\/div><\/div><div class=\"vc_row wpb_row vc_row-fluid\"><div class=\"wpb_column vc_column_container vc_col-sm-6\"><div class=\"vc_column-inner\"><div class=\"wpb_wrapper\">\n\t<div class=\"wpb_text_column wpb_content_element \" >\n\t\t<div class=\"wpb_wrapper\">\n\t\t\t<div class=\"wpb_text_column wpb_content_element vc_custom_1562313263235\">\n<div class=\"wpb_wrapper\">\n<h4><span style=\"color: #000000;\"><strong>Hintergrund<\/strong><\/span><\/h4>\n<p><span style=\"color: #000000;\">Bioland ist der f\u00fchrende Verband f\u00fcr \u00f6kologischen Landbau in Deutschland. \u00dcber 8.000 Landwirte, G\u00e4rtner, Imker und Winzer wirtschaften nach den Bioland-Richtlinien. Hinzu kommen mehr als 1.000 Partner aus Herstellung und Handel wie B\u00e4ckereien, Molkereien, Metzgereien und Gastronomie.\u00a0 Gemeinsam bilden sie eine Wertegemeinschaft zum Wohl von Mensch und Umwelt.<\/span><\/p>\n<p><span style=\"color: #000000;\"><a style=\"color: #000000;\" href=\"https:\/\/www.bioland.de\" target=\"_blank\" rel=\"noopener noreferrer\">www.bioland.de<\/a><\/span><\/p>\n<h4><span style=\"color: #000000;\"><strong>Aufgabe<\/strong><\/span><\/h4>\n<p><span style=\"color: #000000;\">Das starke Mitgliederwachstum in kurzer Zeit und die Kooperation mit neuen Handelspartnern \u2013 vor allem mit Lidl \u2013 stellt die Marke Bioland neue Herausforderungen. Daf\u00fcr soll die Marke in einem interaktiven Prozess analysiert, gesch\u00e4rft und weiterentwickelt werden, in dem m\u00f6glichst viele Beteiligte mitgenommen werden.<\/span><br \/>\n<span style=\"color: #000000;\">Das wichtigste Ziel: Alle Mitglieder und Partner von Bioland bei dieser Weiterentwicklung mitzunehmen und nach au\u00dfen mit einer Stimme aufzutreten.<\/span><\/p>\n<h4><span style=\"color: #000000;\"><strong>L\u00f6sung<\/strong><\/span><\/h4>\n<p><span style=\"color: #000000;\">Gemeinsam mit dem Bioland Marketing entwickelte ebene c einen ganzheitlichen Markenentwicklungsprozess mit 5 Modulen:<\/span><\/p>\n<p>&nbsp;<\/p>\n<\/div>\n<\/div>\n\n\t\t<\/div>\n\t<\/div>\n\n\t<div  class=\"wpb_single_image wpb_content_element vc_align_left  vc_custom_1611923086854\">\n\t\t\n\t\t<figure class=\"wpb_wrapper vc_figure\">\n\t\t\t<div class=\"vc_single_image-wrapper   vc_box_border_grey\"><img class=\"vc_single_image-img \" src=\"https:\/\/www.ebene-c.de\/wp-content\/uploads\/2020\/05\/Bildschirmfoto-2020-05-26-um-15.06.47-550x330.png\" width=\"550\" height=\"330\" alt=\"Bildschirmfoto 2020-05-26 um 15.06.47\" title=\"Bildschirmfoto 2020-05-26 um 15.06.47\" \/><\/div>\n\t\t<\/figure>\n\t<\/div>\n\n\t<div class=\"wpb_text_column wpb_content_element \" >\n\t\t<div class=\"wpb_wrapper\">\n\t\t\t<div class=\"wpb_text_column wpb_content_element vc_custom_1562313263235\">\n<div class=\"wpb_wrapper\">\n<p><span style=\"color: #000000;\"><strong>_Modul 1: Design Gesamtprozess<\/strong><\/span><\/p>\n<p><span style=\"color: #000000;\">Hier wurde definiert:<br \/>\n<\/span><span style=\"color: #000000;\">_Wie k\u00f6nnen Vertreter*innen aus allen beteiligten Gruppen von Bioland beteiligt werden?<br \/>\n<\/span><span style=\"color: #000000;\">_Wie werden Entscheidungen gef\u00e4llt?<br \/>\n_<\/span><span style=\"color: #000000;\">Welche Prozess-Schritte braucht die gesunde Markenentwicklung?<br \/>\n_<\/span><span style=\"color: #000000;\">Wann und wie wird der Gesamtprozess zu einem Erfolg?<\/span><\/p>\n<p><span style=\"color: #000000;\"><strong>_Modul 2: Workshop-Reihe \u2013<br \/>\nMarkenpositionierung mit dem agilen Markenmodell von ebene c<\/strong><\/span><\/p>\n<p><span style=\"color: #000000;\"><strong>_<\/strong><\/span><span style=\"color: #000000;\">Pers\u00f6nliche Einladung an Vertreter*innen verschiedener Interessensgruppen im Bioland<br \/>\n_<\/span><span style=\"color: #000000;\">Nationale Workshop-Reihe (Mitte, S\u00fcd, Nord) mit insgesamt fast 100 Teilnehmenden<\/span><\/p>\n<\/div>\n<\/div>\n\n\t\t<\/div>\n\t<\/div>\n\n\t<div  class=\"wpb_single_image wpb_content_element vc_align_left  vc_custom_1611923115354\">\n\t\t\n\t\t<figure class=\"wpb_wrapper vc_figure\">\n\t\t\t<div class=\"vc_single_image-wrapper   vc_box_border_grey\"><img class=\"vc_single_image-img \" src=\"https:\/\/www.ebene-c.de\/wp-content\/uploads\/2020\/05\/Bildschirmfoto-2020-05-26-um-13.52.54-500x300.png\" width=\"500\" height=\"300\" alt=\"Bildschirmfoto 2020-05-26 um 13.52.54\" title=\"Bildschirmfoto 2020-05-26 um 13.52.54\" \/><\/div>\n\t\t<\/figure>\n\t<\/div>\n\n\t<div class=\"wpb_text_column wpb_content_element \" >\n\t\t<div class=\"wpb_wrapper\">\n\t\t\t<div class=\"wpb_text_column wpb_content_element vc_custom_1562313263235\">\n<div class=\"wpb_wrapper\">\n<p><span style=\"color: #000000;\"><strong>_Modul 3: Verdichtung der Ergebnisse<\/strong><\/span><\/p>\n<p><span style=\"color: #000000;\">_Verdichtung der 3 verschiedenen Versionen der agilen Bioland Markenmodelle zu einem Bild<\/span><\/p>\n<p><span style=\"color: #000000;\">_Entwicklung zentraler Botschaften zu den Bereichen: \u00fcbergeordnetes Ziel, Themenfelder, Einzigartigkeit<\/span><\/p>\n<p><span style=\"color: #000000;\"><strong>_Modul 4: Pr\u00e4sentation<br \/>\n<\/strong>Vorstellung und der Diskussion im Gesch\u00e4ftsf\u00fchrer-Ausschuss<\/span><br \/>\n<span style=\"color: #000000;\">_Weitere Verdichtung, Sch\u00e4rfung der Botschaften in einem gedruckten Brand Fact Book<\/span><br \/>\n<span style=\"color: #000000;\">_Vorstellung und einstimmige Annahme der Inhalte durch das Pr\u00e4sidium<\/span><\/p>\n<p><span style=\"color: #000000;\"><strong>_Modul 5: Zielgruppenad\u00e4quate Umsetzung<br \/>\n<\/strong>_Adaption der Inhalte des Brand Fact Books f\u00fcr alle relevanten Zielgruppen und die entsprechenden Kommunikationsma\u00dfnahme<\/span><\/p>\n<\/div>\n<\/div>\n\n\t\t<\/div>\n\t<\/div>\n<\/div><\/div><\/div><div class=\"wpb_column vc_column_container vc_col-sm-6\"><div class=\"vc_column-inner\"><div class=\"wpb_wrapper\">\n\t<div class=\"wpb_text_column wpb_content_element \" >\n\t\t<div class=\"wpb_wrapper\">\n\t\t\t<div>\n<div>\n<h4><strong>Kundenstimmen<\/strong><\/h4>\n<p><em>&#8222;Wir sind Beratern gegen\u00fcber eigentlich eher skeptisch. Stefan Bohrmann und Arne Mack haben uns durch das agile Markenmodell von ebene c bzw. mit ihrer strukturierten und gleichzeitig empathischen Vorgehensweise auf fast spielerische Weise zu einem Ergebnis gef\u00fchrt, das einstimmig angenommen wurde. Das ist bei uns sehr selten. Wir freuen uns, dass die beiden Bioland weiter begleiten werden.&#8220;<br \/>\n<\/em><\/p>\n<p>Regina M\u00fcller<br \/>\nTeamleiterin Marketing, Bioland e.V.<\/p>\n<\/div>\n<\/div>\n\n\t\t<\/div>\n\t<\/div>\n\n\t<div  class=\"wpb_single_image wpb_content_element vc_align_left  vc_custom_1611923062217\">\n\t\t\n\t\t<figure class=\"wpb_wrapper vc_figure\">\n\t\t\t<div class=\"vc_single_image-wrapper   vc_box_border_grey\"><img class=\"vc_single_image-img \" src=\"https:\/\/www.ebene-c.de\/wp-content\/uploads\/2020\/05\/Bildschirmfoto-2020-05-26-um-13.51.51-500x700.png\" width=\"500\" height=\"700\" alt=\"Bildschirmfoto 2020-05-26 um 13.51.51\" title=\"Bildschirmfoto 2020-05-26 um 13.51.51\" \/><\/div>\n\t\t<\/figure>\n\t<\/div>\n<\/div><\/div><\/div><\/div><div class=\"vc_row wpb_row vc_row-fluid\"><div class=\"wpb_column vc_column_container vc_col-sm-12\"><div class=\"vc_column-inner\"><div class=\"wpb_wrapper\"><div class=\"vc_separator wpb_content_element vc_separator_align_center vc_sep_width_100 vc_sep_border_width_2 vc_sep_pos_align_center vc_separator_no_text vc_sep_color_black\" ><span class=\"vc_sep_holder vc_sep_holder_l\"><span  class=\"vc_sep_line\"><\/span><\/span><span class=\"vc_sep_holder vc_sep_holder_r\"><span  class=\"vc_sep_line\"><\/span><\/span>\n<\/div><\/div><\/div><\/div><\/div><div class=\"vc_row wpb_row vc_row-fluid\"><div class=\"wpb_column vc_column_container vc_col-sm-12\"><div class=\"vc_column-inner\"><div class=\"wpb_wrapper\"><\/div><\/div><\/div><\/div>\n","protected":false},"excerpt":{"rendered":"Bioland \/ Workshopreihe Markenentwicklung _Agile Markenentwicklung _Kollaborative Markenpositionierung _Verdichtung der Ergebnisse in einem Markenpass Hintergrund Bioland ist der f\u00fchrende Verband f\u00fcr \u00f6kologischen Landbau in Deutschland.<span class=\"excerpt-hellip\"> [\u2026]<\/span>","protected":false},"author":1,"featured_media":0,"parent":0,"menu_order":0,"comment_status":"closed","ping_status":"closed","template":"","meta":[],"_links":{"self":[{"href":"https:\/\/www.ebene-c.de\/de_de\/wp-json\/wp\/v2\/pages\/1423"}],"collection":[{"href":"https:\/\/www.ebene-c.de\/de_de\/wp-json\/wp\/v2\/pages"}],"about":[{"href":"https:\/\/www.ebene-c.de\/de_de\/wp-json\/wp\/v2\/types\/page"}],"author":[{"embeddable":true,"href":"https:\/\/www.ebene-c.de\/de_de\/wp-json\/wp\/v2\/users\/1"}],"replies":[{"embeddable":true,"href":"https:\/\/www.ebene-c.de\/de_de\/wp-json\/wp\/v2\/comments?post=1423"}],"version-history":[{"count":27,"href":"https:\/\/www.ebene-c.de\/de_de\/wp-json\/wp\/v2\/pages\/1423\/revisions"}],"predecessor-version":[{"id":2024,"href":"https:\/\/www.ebene-c.de\/de_de\/wp-json\/wp\/v2\/pages\/1423\/revisions\/2024"}],"wp:attachment":[{"href":"https:\/\/www.ebene-c.de\/de_de\/wp-json\/wp\/v2\/media?parent=1423"}],"curies":[{"name":"wp","href":"https:\/\/api.w.org\/{rel}","templated":true}]}}