{"id":1482,"date":"2020-06-26T12:47:23","date_gmt":"2020-06-26T10:47:23","guid":{"rendered":"https:\/\/www.ebene-c.de\/?page_id=1482"},"modified":"2020-06-26T13:09:12","modified_gmt":"2020-06-26T11:09:12","slug":"flexis","status":"publish","type":"page","link":"https:\/\/www.ebene-c.de\/de_de\/flexis\/","title":{"rendered":"flexis"},"content":{"rendered":"<div class=\"vc_row wpb_row vc_row-fluid\"><div class=\"wpb_column vc_column_container vc_col-sm-6\"><div class=\"vc_column-inner\"><div class=\"wpb_wrapper\">\n\t<div class=\"wpb_text_column wpb_content_element \" >\n\t\t<div class=\"wpb_wrapper\">\n\t\t\t<h2>flexis<br \/>\n\/<br \/>\nWorkshopreihe Markenentwicklung<\/h2>\n\n\t\t<\/div>\n\t<\/div>\n\n\t<div class=\"wpb_text_column wpb_content_element \" >\n\t\t<div class=\"wpb_wrapper\">\n\t\t\t<h4>_Strategische Markenberatung<br \/>\n_Entwicklung Markenpositionierung<br \/>\n_Komplexit\u00e4t greifbar machen und f\u00fcr Online-Plattform \u00fcbersetzen<\/h4>\n\n\t\t<\/div>\n\t<\/div>\n<\/div><\/div><\/div><div class=\"wpb_column vc_column_container vc_col-sm-6\"><div class=\"vc_column-inner\"><div class=\"wpb_wrapper\">\n\t<div  class=\"wpb_single_image wpb_content_element vc_align_left  vc_custom_1593169470349\">\n\t\t\n\t\t<figure class=\"wpb_wrapper vc_figure\">\n\t\t\t<div class=\"vc_single_image-wrapper   vc_box_border_grey\"><img class=\"vc_single_image-img \" src=\"https:\/\/www.ebene-c.de\/wp-content\/uploads\/2020\/06\/new-data-services-bbXaYbKWnjw-unsplash-scaled-500x300.jpg\" width=\"500\" height=\"300\" alt=\"new-data-services-bbXaYbKWnjw-unsplash\" title=\"new-data-services-bbXaYbKWnjw-unsplash\" \/><\/div>\n\t\t<\/figure>\n\t<\/div>\n<\/div><\/div><\/div><\/div><div class=\"vc_row wpb_row vc_row-fluid\"><div class=\"wpb_column vc_column_container vc_col-sm-6\"><div class=\"vc_column-inner\"><div class=\"wpb_wrapper\">\n\t<div class=\"wpb_text_column wpb_content_element \" >\n\t\t<div class=\"wpb_wrapper\">\n\t\t\t<div class=\"wpb_text_column wpb_content_element vc_custom_1562313263235\">\n<div class=\"wpb_wrapper\">\n<h4><span style=\"color: #000000;\"><strong>Hintergrund<\/strong><\/span><\/h4>\n<p>Die flexis AG ist ein Softwarehersteller und L\u00f6sungsanbieter mit Stammsitz in Stuttgart und Niederlassungen USA, Kanada, Japan und China. Auf Basis von standardisierten Modulen erstellt flexis kundenorientierte L\u00f6sungen \u2013 von der langfristigen Vertriebsplanung \u00fcber die Sequenzierung im Kurzfristbereich bis hin zu ganzheitlichen Supply Chain Solutions zur Optimierung der kompletten Prozesskette bei OEMs.<\/p>\n<p><span style=\"color: #000000;\"><a style=\"color: #000000;\" href=\"https:\/\/www.flexis.com\">www.flexis.com<\/a><\/span><\/p>\n<p>&nbsp;<\/p>\n<h4><span style=\"color: #000000;\"><strong>Aufgabe<\/strong><\/span><\/h4>\n<p>Strategische und kreative Beratung bei der kommunikativen Sch\u00e4rfung der Marke. Von der klaren Positionierung \u00fcber die Entwicklung von Kernbotschaften f\u00fcr alle relevanten Zielgruppen bis zur Umsetzung in ein Websitekonzept.<\/p>\n<p><span style=\"color: #000000;\">\u00a0<\/span><\/p>\n<p><span style=\"color: #000000;\"><strong>L\u00f6sung<\/strong><\/span><\/p>\n<p>Eine umfangreiche Workshopreihe zur Markensch\u00e4rfung \u2013 von der Markenpositionierung und einer Zielgruppen-Portfolio Matrix \u00fcber die Entwicklung von relevanten Kernbotschaften bis zur Konzeption einer verkaufsstarken Online-Plattform. Das Projekt entstand im Auftrag und in enger Kollaboration mit Ute Schmidt von follow red \u2013 branding experiences.<\/p>\n<p><span style=\"color: #000000;\">\u00a0<\/span><\/p>\n<p>&nbsp;<\/p>\n<\/div>\n<\/div>\n\n\t\t<\/div>\n\t<\/div>\n<\/div><\/div><\/div><div class=\"wpb_column vc_column_container vc_col-sm-6\"><div class=\"vc_column-inner\"><div class=\"wpb_wrapper\">\n\t<div class=\"wpb_text_column wpb_content_element \" >\n\t\t<div class=\"wpb_wrapper\">\n\t\t\t<div>\n<div>\n<h4><strong>Kundenstimmen<\/strong><\/h4>\n<p><em>Wir sind ein Laden voller Schnelldenker, Arne Mack ist ein Berater, der uns sogar noch beschleunigt hat. Unser Business ist sehr komplex. Dank der stringenten Moderation und dem effektiven Austausch in den Workshops haben wir nicht nur den Markenkern gesch\u00e4rft, sondern auch die zentralen Grundlagen und Botschaften f\u00fcr unsere neue Website definiert.<\/em><\/p>\n<p><strong>Philipp Beisswenger<\/strong><br \/>\nVorsitzender des Vorstands<br \/>\nflexis AG<\/p>\n<\/div>\n<p>&nbsp;<\/p>\n<p><em>Zielorientiert, effektiv und kreativ, so w\u00fcrde ich Arne mit 3 Worten beschreiben. Aus meiner Sicht hat er einen gro\u00dfen Anteil an der Fokussierung und Modernisierung der Marke flexis. Ich freue mich auf die n\u00e4chsten Workshops mit Ihm. <\/em><\/p>\n<p><strong>\u00a0<\/strong><strong>Ute Schmidt <\/strong><\/p>\n<p>Senior Consultant Public Relations<br \/>\nfollow red<\/p>\n<\/div>\n\n\t\t<\/div>\n\t<\/div>\n<\/div><\/div><\/div><\/div><div class=\"vc_row wpb_row vc_row-fluid\"><div class=\"wpb_column vc_column_container vc_col-sm-12\"><div class=\"vc_column-inner\"><div class=\"wpb_wrapper\"><div class=\"vc_separator wpb_content_element vc_separator_align_center vc_sep_width_100 vc_sep_border_width_2 vc_sep_pos_align_center vc_separator_no_text vc_sep_color_black\" ><span class=\"vc_sep_holder vc_sep_holder_l\"><span  class=\"vc_sep_line\"><\/span><\/span><span class=\"vc_sep_holder vc_sep_holder_r\"><span  class=\"vc_sep_line\"><\/span><\/span>\n<\/div><\/div><\/div><\/div><\/div><div class=\"vc_row wpb_row vc_row-fluid\"><div class=\"wpb_column vc_column_container vc_col-sm-12\"><div class=\"vc_column-inner\"><div class=\"wpb_wrapper\"><\/div><\/div><\/div><\/div>\n","protected":false},"excerpt":{"rendered":"flexis \/ Workshopreihe Markenentwicklung _Strategische Markenberatung _Entwicklung Markenpositionierung _Komplexit\u00e4t greifbar machen und f\u00fcr Online-Plattform \u00fcbersetzen Hintergrund Die flexis AG ist ein Softwarehersteller und L\u00f6sungsanbieter mit<span class=\"excerpt-hellip\"> [\u2026]<\/span>","protected":false},"author":1,"featured_media":0,"parent":0,"menu_order":0,"comment_status":"closed","ping_status":"closed","template":"","meta":[],"_links":{"self":[{"href":"https:\/\/www.ebene-c.de\/de_de\/wp-json\/wp\/v2\/pages\/1482"}],"collection":[{"href":"https:\/\/www.ebene-c.de\/de_de\/wp-json\/wp\/v2\/pages"}],"about":[{"href":"https:\/\/www.ebene-c.de\/de_de\/wp-json\/wp\/v2\/types\/page"}],"author":[{"embeddable":true,"href":"https:\/\/www.ebene-c.de\/de_de\/wp-json\/wp\/v2\/users\/1"}],"replies":[{"embeddable":true,"href":"https:\/\/www.ebene-c.de\/de_de\/wp-json\/wp\/v2\/comments?post=1482"}],"version-history":[{"count":12,"href":"https:\/\/www.ebene-c.de\/de_de\/wp-json\/wp\/v2\/pages\/1482\/revisions"}],"predecessor-version":[{"id":1500,"href":"https:\/\/www.ebene-c.de\/de_de\/wp-json\/wp\/v2\/pages\/1482\/revisions\/1500"}],"wp:attachment":[{"href":"https:\/\/www.ebene-c.de\/de_de\/wp-json\/wp\/v2\/media?parent=1482"}],"curies":[{"name":"wp","href":"https:\/\/api.w.org\/{rel}","templated":true}]}}