{"id":1510,"date":"2020-06-26T14:04:06","date_gmt":"2020-06-26T12:04:06","guid":{"rendered":"https:\/\/www.ebene-c.de\/?page_id=1510"},"modified":"2021-01-15T11:40:41","modified_gmt":"2021-01-15T10:40:41","slug":"mount_hagen","status":"publish","type":"page","link":"https:\/\/www.ebene-c.de\/de_de\/mount_hagen\/","title":{"rendered":"Mount Hagen"},"content":{"rendered":"<div class=\"vc_row wpb_row vc_row-fluid\"><div class=\"wpb_column vc_column_container vc_col-sm-6\"><div class=\"vc_column-inner\"><div class=\"wpb_wrapper\">\n\t<div class=\"wpb_text_column wpb_content_element \" >\n\t\t<div class=\"wpb_wrapper\">\n\t\t\t<h2>Mount Hagen<\/h2>\n<h2>\/<\/h2>\n<h2>Workshop Markenpositionierung<\/h2>\n\n\t\t<\/div>\n\t<\/div>\n\n\t<div class=\"wpb_text_column wpb_content_element \" >\n\t\t<div class=\"wpb_wrapper\">\n\t\t\t<h4>_Agiles Markenmodell<br \/>\n_Zielgruppen entwickeln<br \/>\n_Markenausrichtung<\/h4>\n\n\t\t<\/div>\n\t<\/div>\n<\/div><\/div><\/div><div class=\"wpb_column vc_column_container vc_col-sm-6\"><div class=\"vc_column-inner\"><div class=\"wpb_wrapper\">\n\t<div  class=\"wpb_single_image wpb_content_element vc_align_left  vc_custom_1602495046634\">\n\t\t\n\t\t<figure class=\"wpb_wrapper vc_figure\">\n\t\t\t<div class=\"vc_single_image-wrapper   vc_box_border_grey\"><img class=\"vc_single_image-img \" src=\"https:\/\/www.ebene-c.de\/wp-content\/uploads\/2020\/10\/image001-500x300.jpg\" width=\"500\" height=\"300\" alt=\"image001\" title=\"image001\" \/><\/div>\n\t\t<\/figure>\n\t<\/div>\n<\/div><\/div><\/div><\/div><div class=\"vc_row wpb_row vc_row-fluid\"><div class=\"wpb_column vc_column_container vc_col-sm-6\"><div class=\"vc_column-inner\"><div class=\"wpb_wrapper\">\n\t<div class=\"wpb_text_column wpb_content_element \" >\n\t\t<div class=\"wpb_wrapper\">\n\t\t\t<div class=\"wpb_text_column wpb_content_element vc_custom_1562313263235\">\n<div class=\"wpb_wrapper\">\n<h4><span style=\"color: #000000;\"><strong>Hintergrund<\/strong><\/span><\/h4>\n<p><span style=\"color: #000000;\">Mount Hagen ist einer der Pioniere im Markt f\u00fcr biologischen Kaffee. 1986 wurde aus der Idee Kaffee biologisch-dynamisch in Papua Neuguinea anzubauen Realit\u00e4t. Es war der Grundstein einer echten K\u00e4mpfergeschichte f\u00fcr ein faires Miteinander zwischen Hersteller und seinen Partnern und vor allem der Auftakt f\u00fcr das, was es heute nach wie vor ist: Der Inbegriff f\u00fcr feinsten Kaffee dessen urspr\u00fcngliche Aromen das Abenteuer ihrer Herkunft ahnen lassen.<\/span><\/p>\n<p><a href=\"http:\/\/www.mounthagen.de\">www.mounthagen.de<\/a><\/p>\n<h4><span style=\"color: #000000;\"><strong>Aufgabe<\/strong><\/span><\/h4>\n<p>Damit die Marketingma\u00dfnahmen f\u00fcr die Marke Mount Hagen insbesondere im Bereich der Kommunikation und im Vertrieb weiterhin passgenau auf die Markenwerte einzahlen, wurde die Markenpositionierung auf den Pr\u00fcfstand gestellt. Stimmen die Kernbotschaften noch? In einem Markt, in dem die Anzahl an Mitbewerbern und Neuprodukten extrem gewachsen sind. Erreichen wir bestehende und vor allem neue Zielgruppen? Wie richtet sich die Marke Mount Hagen zuk\u00fcnftig aus? Im Auftrag der Leadagentur ko:ma in Hamburg war das die Agenda.<\/p>\n<p><span style=\"color: #000000;\">\u00a0<\/span><\/p>\n<h4><span style=\"color: #000000;\"><strong>L\u00f6sung<\/strong><\/span><\/h4>\n<p>Das Motto des Workshops: Sichtweisen einbringen, heftig diskutieren und dann die Weichen stellen. So war es dann auch. Location h\u00e4tte nicht sch\u00f6ner sein k\u00f6nnen \u2013 Hamburg Blankenese mit Blick auf die Elbe. Sensationeller Kaffee (was sonst) und die Franzbr\u00f6tchen von Hansen\u2018s Backstube nebenan. \u00c4rmel raufgekrempelt moderierte ebene c gemeinsam mit der Gesch\u00e4ftsf\u00fchrung, der Marketingleitung und den gesch\u00e4ftsf\u00fchrenden Creative Directors der Agentur ko:ma aus Hamburg, ein Marken-Strategiemeeting, das alle Facetten der zuk\u00fcnftigen Markengestaltung ber\u00fccksichtigte. Das agile Markenmodell von ebene c integrierte dabei Fakten aus der SocialMedia-Analyse, Trendstudien, Feedback von Vertriebspartnern und vor allem die eigenen Ideen und Sichtweisen aus dem Hause Mount Hagen. Das Ergebnis: Ein Blatt auf dem die Zukunft der Marke steht.<\/p>\n<\/div>\n<\/div>\n\n\t\t<\/div>\n\t<\/div>\n<\/div><\/div><\/div><div class=\"wpb_column vc_column_container vc_col-sm-6\"><div class=\"vc_column-inner\"><div class=\"wpb_wrapper\">\n\t<div class=\"wpb_text_column wpb_content_element \" >\n\t\t<div class=\"wpb_wrapper\">\n\t\t\t<div>\n<div>\n<h4><strong>Kundenstimmen<\/strong><\/h4>\n<p><em>&#8222;Die Herausforderung f\u00fcr diesen Termin lag in den vielen Sichtweisen auf die Marke Mount Hagen. Marketingleitung, Agentur, SocialMedia Management und ich selbst als jemand, der die Marke f\u00f6rmlich lebt. Stefan Bohrmann ist es gelungen, dass alle Sichten der Teilnehmenden und alle Facetten der Marke an einem kompakten Tag geb\u00fcndelt und f\u00fcr alle stimmig verabschiedet wurden. Wie sagt man so sch\u00f6n in Online-Foren: Super gelaufen, gerne wieder, meine w\u00e4rmste Empfehlung.&#8220;<\/em><\/p>\n<p>Karsten Suhr<\/p>\n<p>Mount Hagen,<br \/>\nProkurist der Wertform GmbH, Hamburg<\/p>\n<\/div>\n<\/div>\n<p><em><br \/>\n&#8222;Mit Stefan als Sparringspartner und Moderator kann man wirklich etwas bewegen und Marken voran bringen. Immer wieder ein gro\u00dfes Vergn\u00fcgen.\u201c<\/em><\/p>\n<p>Barbara Kohlhas, Gesch\u00e4ftsf\u00fchrerin, ko:ma, Hamburg<\/p>\n\n\t\t<\/div>\n\t<\/div>\n\n\t<div  class=\"wpb_single_image wpb_content_element vc_align_left  vc_custom_1602495070643\">\n\t\t\n\t\t<figure class=\"wpb_wrapper vc_figure\">\n\t\t\t<div class=\"vc_single_image-wrapper   vc_box_border_grey\"><img class=\"vc_single_image-img \" src=\"https:\/\/www.ebene-c.de\/wp-content\/uploads\/2020\/10\/image003-500x700.jpg\" width=\"500\" height=\"700\" alt=\"image003\" title=\"image003\" \/><\/div>\n\t\t<\/figure>\n\t<\/div>\n<\/div><\/div><\/div><\/div><div class=\"vc_row wpb_row vc_row-fluid\"><div class=\"wpb_column vc_column_container vc_col-sm-12\"><div class=\"vc_column-inner\"><div class=\"wpb_wrapper\"><div class=\"vc_separator wpb_content_element vc_separator_align_center vc_sep_width_100 vc_sep_border_width_2 vc_sep_pos_align_center vc_separator_no_text vc_sep_color_black\" ><span class=\"vc_sep_holder vc_sep_holder_l\"><span  class=\"vc_sep_line\"><\/span><\/span><span class=\"vc_sep_holder vc_sep_holder_r\"><span  class=\"vc_sep_line\"><\/span><\/span>\n<\/div><\/div><\/div><\/div><\/div><div class=\"vc_row wpb_row vc_row-fluid\"><div class=\"wpb_column vc_column_container vc_col-sm-12\"><div class=\"vc_column-inner\"><div class=\"wpb_wrapper\"><\/div><\/div><\/div><\/div>\n","protected":false},"excerpt":{"rendered":"Mount Hagen \/ Workshop Markenpositionierung _Agiles Markenmodell _Zielgruppen entwickeln _Markenausrichtung Hintergrund Mount Hagen ist einer der Pioniere im Markt f\u00fcr biologischen Kaffee. 1986 wurde aus<span class=\"excerpt-hellip\"> [\u2026]<\/span>","protected":false},"author":1,"featured_media":0,"parent":0,"menu_order":0,"comment_status":"closed","ping_status":"closed","template":"","meta":[],"_links":{"self":[{"href":"https:\/\/www.ebene-c.de\/de_de\/wp-json\/wp\/v2\/pages\/1510"}],"collection":[{"href":"https:\/\/www.ebene-c.de\/de_de\/wp-json\/wp\/v2\/pages"}],"about":[{"href":"https:\/\/www.ebene-c.de\/de_de\/wp-json\/wp\/v2\/types\/page"}],"author":[{"embeddable":true,"href":"https:\/\/www.ebene-c.de\/de_de\/wp-json\/wp\/v2\/users\/1"}],"replies":[{"embeddable":true,"href":"https:\/\/www.ebene-c.de\/de_de\/wp-json\/wp\/v2\/comments?post=1510"}],"version-history":[{"count":8,"href":"https:\/\/www.ebene-c.de\/de_de\/wp-json\/wp\/v2\/pages\/1510\/revisions"}],"predecessor-version":[{"id":1892,"href":"https:\/\/www.ebene-c.de\/de_de\/wp-json\/wp\/v2\/pages\/1510\/revisions\/1892"}],"wp:attachment":[{"href":"https:\/\/www.ebene-c.de\/de_de\/wp-json\/wp\/v2\/media?parent=1510"}],"curies":[{"name":"wp","href":"https:\/\/api.w.org\/{rel}","templated":true}]}}