{"id":1532,"date":"2020-07-13T10:51:15","date_gmt":"2020-07-13T08:51:15","guid":{"rendered":"https:\/\/www.ebene-c.de\/?page_id=1532"},"modified":"2020-07-22T10:05:59","modified_gmt":"2020-07-22T08:05:59","slug":"sporttotal","status":"publish","type":"page","link":"https:\/\/www.ebene-c.de\/de_de\/sporttotal\/","title":{"rendered":"SPORTTOTAL EVENT GmbH"},"content":{"rendered":"<div class=\"vc_row wpb_row vc_row-fluid\"><div class=\"wpb_column vc_column_container vc_col-sm-6\"><div class=\"vc_column-inner\"><div class=\"wpb_wrapper\">\n\t<div class=\"wpb_text_column wpb_content_element \" >\n\t\t<div class=\"wpb_wrapper\">\n\t\t\t<h2>SPORTTOTAL EVENT GmbH<\/h2>\n<h2>\/<strong><br \/>\n<\/strong><\/h2>\n<h2>Leitbildentwicklung<\/h2>\n\n\t\t<\/div>\n\t<\/div>\n\n\t<div class=\"wpb_text_column wpb_content_element \" >\n\t\t<div class=\"wpb_wrapper\">\n\t\t\t<h4>_Mitarbeiterbefragung als Auftakt<br \/>\n_Workshop zur Leitbildentwicklung<br \/>\n_World Caf\u00e9 zur Implementierung<\/h4>\n\n\t\t<\/div>\n\t<\/div>\n<\/div><\/div><\/div><div class=\"wpb_column vc_column_container vc_col-sm-6\"><div class=\"vc_column-inner\"><div class=\"wpb_wrapper\">\n\t<div  class=\"wpb_single_image wpb_content_element vc_align_left  vc_custom_1594632142350\">\n\t\t\n\t\t<figure class=\"wpb_wrapper vc_figure\">\n\t\t\t<div class=\"vc_single_image-wrapper   vc_box_border_grey\"><img class=\"vc_single_image-img \" src=\"https:\/\/www.ebene-c.de\/wp-content\/uploads\/2020\/07\/Referenz-Foto-3-scaled-510x400.jpg\" width=\"510\" height=\"400\" alt=\"Referenz Foto 3\" title=\"Referenz Foto 3\" \/><\/div>\n\t\t<\/figure>\n\t<\/div>\n<\/div><\/div><\/div><\/div><div class=\"vc_row wpb_row vc_row-fluid\"><div class=\"wpb_column vc_column_container vc_col-sm-6\"><div class=\"vc_column-inner\"><div class=\"wpb_wrapper\">\n\t<div class=\"wpb_text_column wpb_content_element \" >\n\t\t<div class=\"wpb_wrapper\">\n\t\t\t<div class=\"wpb_text_column wpb_content_element vc_custom_1538133902006\">\n<div class=\"wpb_wrapper\">\n<h4>Hintergrund<\/h4>\n<p>Die SPORTTOTAL EVENT GmbH mit Sitz in Stuttgart ist eine Tochter der K\u00f6lner SPORTTOTAL AG. Sie veranstaltet exklusiv die Porsche Experience in den vier Themenbereichen Ice, Travel, Adventure und Track Experience. Ihr zentraler Erfolgsfaktor sind die Mitarbeiter*innen: 30 bis 40 Eventprofis entwickeln ihre Projekte f\u00fcr die Premiummarke Porsche stetig weiter und bauen dabei wichtige pers\u00f6nliche und vertrauensvolle Kundenbeziehungen auf. Mit inzwischen ca. 200 fahraktiven Veranstaltungen pro Jahr ist man so gro\u00df und erfolgreich wie nie.<\/p>\n<p><a href=\"http:\/\/www.porsche.de\/experience\" target=\"_blank\" rel=\"noopener noreferrer\">www.porsche.de\/experience<\/a><\/p>\n<h4><\/h4>\n<h4>Aufgabe<\/h4>\n<p>SPORTTOTAL EVENT soll als Unternehmen und als Arbeitgebermarke gesch\u00e4rft werden. Wer sind wir? Wof\u00fcr stehen wir? Was macht uns besonders? Identit\u00e4tsstiftende Fragen wie diese sollen diskutiert, beantwortet und fixiert werden, um jeder*m Mitarbeiter*in ein klares und einheitliches Leitbild f\u00fcr die Zukunft zu geben.<\/p>\n<h4>L\u00f6sung <span style=\"color: #ff00ff;\"><br \/>\n<\/span><\/h4>\n<p>Start- und Zielpunkt ist das Team: Das anonyme Abfragen der Sichtweise aller Mitarbeitern*innen liefert ein aktuelles und ehrliches Stimmungsbild. Auf dieser Basis entwickeln 12 F\u00fchrungskr\u00e4fte und Meinungsf\u00fchrer im eint\u00e4gigen Workshop das Leitbild samt Positionierungsschwerpunkten. Im Rahmen des Sommerfests wird es den Mitarbeitern*innen pr\u00e4sentiert und im World Caf\u00e9 Stil erg\u00e4nzt, kommentiert und diskutiert. Abschlie\u00dfend bilden sich Arbeitsgruppen zu priorisierten Themen, um das Leitbild mit Leben zu f\u00fcllen und den Spirit der Weiterentwicklung zu verstetigen.<\/p>\n<\/div>\n<\/div>\n\n\t\t<\/div>\n\t<\/div>\n<\/div><\/div><\/div><div class=\"wpb_column vc_column_container vc_col-sm-6\"><div class=\"vc_column-inner\"><div class=\"wpb_wrapper\">\n\t<div class=\"wpb_text_column wpb_content_element \" >\n\t\t<div class=\"wpb_wrapper\">\n\t\t\t<div>\n<div>\n<h4><strong>Kundenstimmen<\/strong><\/h4>\n<p>\u201e<em>Danke an ebene c! Eure Methodiken waren spannend, haben im Verdichten funktioniert und Ihr habt das Ganze gut gemanaged und moderiert.\u201c<\/em><\/p>\n<p>Michael R\u00fcd, Gesch\u00e4ftsf\u00fchrer<\/p>\n<p>&nbsp;<\/p>\n<\/div>\n<p><em>\u201eBei uns z\u00e4hlt pers\u00f6nliches Vertrauen mehr als alles andere. Deshalb habe ich meinen langj\u00e4hrigen Kontakt zu Stefan und Ralph gesucht, um uns zu unterst\u00fctzen. Wir wurden nicht entt\u00e4uscht.\u201c<\/em><\/p>\n<p>Thorsten Gr\u00fcmpel, Director PE \/ Prokurist<\/p>\n<\/div>\n\n\t\t<\/div>\n\t<\/div>\n<\/div><\/div><\/div><\/div><div class=\"vc_row wpb_row vc_row-fluid\"><div class=\"wpb_column vc_column_container vc_col-sm-12\"><div class=\"vc_column-inner\"><div class=\"wpb_wrapper\"><div class=\"vc_separator wpb_content_element vc_separator_align_center vc_sep_width_100 vc_sep_border_width_2 vc_sep_pos_align_center vc_separator_no_text vc_sep_color_black\" ><span class=\"vc_sep_holder vc_sep_holder_l\"><span  class=\"vc_sep_line\"><\/span><\/span><span class=\"vc_sep_holder vc_sep_holder_r\"><span  class=\"vc_sep_line\"><\/span><\/span>\n<\/div><\/div><\/div><\/div><\/div>\n","protected":false},"excerpt":{"rendered":"SPORTTOTAL EVENT GmbH \/ Leitbildentwicklung _Mitarbeiterbefragung als Auftakt _Workshop zur Leitbildentwicklung _World Caf\u00e9 zur Implementierung Hintergrund Die SPORTTOTAL EVENT GmbH mit Sitz in Stuttgart ist<span class=\"excerpt-hellip\"> [\u2026]<\/span>","protected":false},"author":1,"featured_media":0,"parent":0,"menu_order":0,"comment_status":"closed","ping_status":"closed","template":"","meta":[],"_links":{"self":[{"href":"https:\/\/www.ebene-c.de\/de_de\/wp-json\/wp\/v2\/pages\/1532"}],"collection":[{"href":"https:\/\/www.ebene-c.de\/de_de\/wp-json\/wp\/v2\/pages"}],"about":[{"href":"https:\/\/www.ebene-c.de\/de_de\/wp-json\/wp\/v2\/types\/page"}],"author":[{"embeddable":true,"href":"https:\/\/www.ebene-c.de\/de_de\/wp-json\/wp\/v2\/users\/1"}],"replies":[{"embeddable":true,"href":"https:\/\/www.ebene-c.de\/de_de\/wp-json\/wp\/v2\/comments?post=1532"}],"version-history":[{"count":13,"href":"https:\/\/www.ebene-c.de\/de_de\/wp-json\/wp\/v2\/pages\/1532\/revisions"}],"predecessor-version":[{"id":1657,"href":"https:\/\/www.ebene-c.de\/de_de\/wp-json\/wp\/v2\/pages\/1532\/revisions\/1657"}],"wp:attachment":[{"href":"https:\/\/www.ebene-c.de\/de_de\/wp-json\/wp\/v2\/media?parent=1532"}],"curies":[{"name":"wp","href":"https:\/\/api.w.org\/{rel}","templated":true}]}}