{"id":1612,"date":"2020-07-21T08:39:20","date_gmt":"2020-07-21T06:39:20","guid":{"rendered":"https:\/\/www.ebene-c.de\/?page_id=1612"},"modified":"2020-07-22T11:16:28","modified_gmt":"2020-07-22T09:16:28","slug":"lea","status":"publish","type":"page","link":"https:\/\/www.ebene-c.de\/de_de\/lea\/","title":{"rendered":"Lea-Mittelstandspreis"},"content":{"rendered":"<div class=\"vc_row wpb_row vc_row-fluid\"><div class=\"wpb_column vc_column_container vc_col-sm-6\"><div class=\"vc_column-inner\"><div class=\"wpb_wrapper\">\n\t<div class=\"wpb_text_column wpb_content_element \" >\n\t\t<div class=\"wpb_wrapper\">\n\t\t\t<h2>Lea-Mittelstandspreis Baden-W\u00fcrttemberg<br \/>\n\/<br \/>\nZukunftsbild-Entwicklung<\/h2>\n\n\t\t<\/div>\n\t<\/div>\n\n\t<div class=\"wpb_text_column wpb_content_element \" >\n\t\t<div class=\"wpb_wrapper\">\n\t\t\t<h4>_Workshop zur Zielbildentwicklung<br \/>\n_Ausarbeitung Positionierungspapier<br \/>\n_Empfehlungen f\u00fcr die Kommunikation<\/h4>\n\n\t\t<\/div>\n\t<\/div>\n<\/div><\/div><\/div><div class=\"wpb_column vc_column_container vc_col-sm-6\"><div class=\"vc_column-inner\"><div class=\"wpb_wrapper\">\n\t<div  class=\"wpb_single_image wpb_content_element vc_align_left  vc_custom_1595321558192\">\n\t\t\n\t\t<figure class=\"wpb_wrapper vc_figure\">\n\t\t\t<div class=\"vc_single_image-wrapper   vc_box_border_grey\"><img class=\"vc_single_image-img \" src=\"https:\/\/www.ebene-c.de\/wp-content\/uploads\/2020\/07\/csm_Lea-2020_Preistraeger_KG1_179_montage_4138b4394e-500x302.jpg\" width=\"500\" height=\"302\" alt=\"csm_Lea-2020_Preistraeger_KG1_179_montage_4138b4394e\" title=\"csm_Lea-2020_Preistraeger_KG1_179_montage_4138b4394e\" \/><\/div>\n\t\t<\/figure>\n\t<\/div>\n<\/div><\/div><\/div><\/div><div class=\"vc_row wpb_row vc_row-fluid\"><div class=\"wpb_column vc_column_container vc_col-sm-6\"><div class=\"vc_column-inner\"><div class=\"wpb_wrapper\">\n\t<div class=\"wpb_text_column wpb_content_element \" >\n\t\t<div class=\"wpb_wrapper\">\n\t\t\t<div class=\"wpb_text_column wpb_content_element vc_custom_1538133902006\">\n<div class=\"wpb_wrapper\">\n<h4>Hintergrund<\/h4>\n<p>Lea steht f\u00fcr Leistung, Engagement, Anerkennung. Mit der Verleihung des Lea-Mittelstandspreises f\u00fcr soziale Verantwortung in Baden-W\u00fcrttemberg wird gesellschaftlich engagierten Unternehmen Dank und Anerkennung ausgesprochen und \u00f6ffentliche Aufmerksamkeit geschaffen. Tr\u00e4ger sind das Ministerium f\u00fcr Wirtschaft, Arbeit und Wohnungsbau sowie die beiden Wohlfahrtsverb\u00e4nde Diakonie und Caritas Baden-W\u00fcrttemberg. Gemeinsam mit Gesch\u00e4ftsstelle und fachlichem Begleitinstitut arbeiten sie stetig an dessen Weiterentwicklung.<\/p>\n<p><a href=\"http:\/\/www.lea-mittelstandspreis.de\" target=\"_blank\" rel=\"noopener noreferrer\">www.lea-mittelstandspreis.de<\/a><\/p>\n<h4>Aufgabe<\/h4>\n<p>Mit Blick auf das 15-j\u00e4hrige Lea-Jubil\u00e4um im Jahr 2021 soll im Tr\u00e4gerkreis mehr Klarheit und ein gemeinsames Verst\u00e4ndnis zur Zukunftsausrichtung hergestellt werden.<\/p>\n<h4>L\u00f6sung<\/h4>\n<p>Hinterfragen, moderieren, beraten: Der Blick von au\u00dfen tr\u00e4gt dazu bei, recht schnell und effizient zu lebendigen Ergebnissen zu kommen. In einem halbt\u00e4gigen Workshop erarbeiten die acht Teilnehmer*innen ihr identit\u00e4tsstiftendes Zielbild, diskutieren und konkretisieren n\u00e4chste Schritte. Die anschlie\u00dfende Ausarbeitung eines Positionierungspapier sowie einer konzeptionellen Empfehlung f\u00fcr die Weiterentwicklung der Kommunikationsma\u00dfnahmen helfen bei der Umsetzung und Verstetigung.<\/p>\n<\/div>\n<\/div>\n\n\t\t<\/div>\n\t<\/div>\n<\/div><\/div><\/div><div class=\"wpb_column vc_column_container vc_col-sm-6\"><div class=\"vc_column-inner\"><div class=\"wpb_wrapper\">\n\t<div class=\"wpb_text_column wpb_content_element \" >\n\t\t<div class=\"wpb_wrapper\">\n\t\t\t<div>\n<div>\n<h4><strong>Kundenstimmen<\/strong><\/h4>\n<p>\u201e<em>Lieber Herr Schneider, 4 Monate nach unserem Workshop darf ich Ihnen sagen, dass sich die Lea sch\u00f6n weiterentwickelt. Ihr Einsatz hat sich also sehr gelohnt!\u201c<\/em><\/p>\n<p>Inci Wiedenh\u00f6fer,<br \/>\nLeitung Gesch\u00e4ftsstelle Lea-Mittelstandspreis<\/p>\n<p><span style=\"color: #000000;\">\u00a0<\/span><\/p>\n<\/div>\n<\/div>\n\n\t\t<\/div>\n\t<\/div>\n\n\t<div  class=\"wpb_single_image wpb_content_element vc_align_left  vc_custom_1595321529753\">\n\t\t\n\t\t<figure class=\"wpb_wrapper vc_figure\">\n\t\t\t<div class=\"vc_single_image-wrapper   vc_box_border_grey\"><img class=\"vc_single_image-img \" src=\"https:\/\/www.ebene-c.de\/wp-content\/uploads\/2020\/07\/csm_Lea-Preisverleihung_2019_Preistraeger_001324_cf6df2b20c-500x302.jpg\" width=\"500\" height=\"302\" alt=\"csm_Lea-Preisverleihung_2019_Preistraeger_001324_cf6df2b20c\" title=\"csm_Lea-Preisverleihung_2019_Preistraeger_001324_cf6df2b20c\" \/><\/div>\n\t\t<\/figure>\n\t<\/div>\n<\/div><\/div><\/div><\/div><div class=\"vc_row wpb_row vc_row-fluid\"><div class=\"wpb_column vc_column_container vc_col-sm-12\"><div class=\"vc_column-inner\"><div class=\"wpb_wrapper\"><div class=\"vc_separator wpb_content_element vc_separator_align_center vc_sep_width_100 vc_sep_border_width_2 vc_sep_pos_align_center vc_separator_no_text vc_sep_color_black\" ><span class=\"vc_sep_holder vc_sep_holder_l\"><span  class=\"vc_sep_line\"><\/span><\/span><span class=\"vc_sep_holder vc_sep_holder_r\"><span  class=\"vc_sep_line\"><\/span><\/span>\n<\/div><\/div><\/div><\/div><\/div>\n","protected":false},"excerpt":{"rendered":"Lea-Mittelstandspreis Baden-W\u00fcrttemberg \/ Zukunftsbild-Entwicklung _Workshop zur Zielbildentwicklung _Ausarbeitung Positionierungspapier _Empfehlungen f\u00fcr die Kommunikation Hintergrund Lea steht f\u00fcr Leistung, Engagement, Anerkennung. Mit der Verleihung des Lea-Mittelstandspreises<span class=\"excerpt-hellip\"> [\u2026]<\/span>","protected":false},"author":1,"featured_media":0,"parent":0,"menu_order":0,"comment_status":"closed","ping_status":"closed","template":"","meta":[],"_links":{"self":[{"href":"https:\/\/www.ebene-c.de\/de_de\/wp-json\/wp\/v2\/pages\/1612"}],"collection":[{"href":"https:\/\/www.ebene-c.de\/de_de\/wp-json\/wp\/v2\/pages"}],"about":[{"href":"https:\/\/www.ebene-c.de\/de_de\/wp-json\/wp\/v2\/types\/page"}],"author":[{"embeddable":true,"href":"https:\/\/www.ebene-c.de\/de_de\/wp-json\/wp\/v2\/users\/1"}],"replies":[{"embeddable":true,"href":"https:\/\/www.ebene-c.de\/de_de\/wp-json\/wp\/v2\/comments?post=1612"}],"version-history":[{"count":24,"href":"https:\/\/www.ebene-c.de\/de_de\/wp-json\/wp\/v2\/pages\/1612\/revisions"}],"predecessor-version":[{"id":1660,"href":"https:\/\/www.ebene-c.de\/de_de\/wp-json\/wp\/v2\/pages\/1612\/revisions\/1660"}],"wp:attachment":[{"href":"https:\/\/www.ebene-c.de\/de_de\/wp-json\/wp\/v2\/media?parent=1612"}],"curies":[{"name":"wp","href":"https:\/\/api.w.org\/{rel}","templated":true}]}}