{"id":1701,"date":"2020-10-12T14:34:42","date_gmt":"2020-10-12T12:34:42","guid":{"rendered":"https:\/\/www.ebene-c.de\/?page_id=1701"},"modified":"2020-10-12T15:31:47","modified_gmt":"2020-10-12T13:31:47","slug":"stiftung-haus-lindenhof-sozialraum","status":"publish","type":"page","link":"https:\/\/www.ebene-c.de\/de_de\/stiftung-haus-lindenhof-sozialraum\/","title":{"rendered":"Stiftung Haus Lindenhof &#8211; Sozialraum"},"content":{"rendered":"<div class=\"vc_row wpb_row vc_row-fluid\"><div class=\"wpb_column vc_column_container vc_col-sm-6\"><div class=\"vc_column-inner\"><div class=\"wpb_wrapper\">\n\t<div class=\"wpb_text_column wpb_content_element \" >\n\t\t<div class=\"wpb_wrapper\">\n\t\t\t<h2>Stiftung Haus Lindenhof<br \/>\n<strong>\/<br \/>\n<\/strong>Design &amp; Moderation \u201eFachtag Sozialraum\u201c<\/h2>\n\n\t\t<\/div>\n\t<\/div>\n\n\t<div class=\"wpb_text_column wpb_content_element \" >\n\t\t<div class=\"wpb_wrapper\">\n\t\t\t<h4>_Potenziale der Sozialraumarbeit entwickeln<br \/>\n_Gemeinschaftsgef\u00fchl stiften<br \/>\n_Identifikation st\u00e4rken<\/h4>\n\n\t\t<\/div>\n\t<\/div>\n<\/div><\/div><\/div><div class=\"wpb_column vc_column_container vc_col-sm-6\"><div class=\"vc_column-inner\"><div class=\"wpb_wrapper\">\n\t<div  class=\"wpb_single_image wpb_content_element vc_align_left  vc_custom_1602509491994\">\n\t\t\n\t\t<figure class=\"wpb_wrapper vc_figure\">\n\t\t\t<div class=\"vc_single_image-wrapper   vc_box_border_grey\"><img class=\"vc_single_image-img \" src=\"https:\/\/www.ebene-c.de\/wp-content\/uploads\/2020\/10\/IMG_6181-scaled-500x302.jpg\" width=\"500\" height=\"302\" alt=\"IMG_6181\" title=\"IMG_6181\" \/><\/div>\n\t\t<\/figure>\n\t<\/div>\n<\/div><\/div><\/div><\/div><div class=\"vc_row wpb_row vc_row-fluid\"><div class=\"wpb_column vc_column_container vc_col-sm-6\"><div class=\"vc_column-inner\"><div class=\"wpb_wrapper\">\n\t<div class=\"wpb_text_column wpb_content_element \" >\n\t\t<div class=\"wpb_wrapper\">\n\t\t\t<h4>Hintergrund<\/h4>\n<p>Die Stiftung Haus Lindenhof wurde von der Di\u00f6zese Rottenburg-Stuttgart und dem Caritasverband der Di\u00f6zese 1971 gegr\u00fcndet, heute geh\u00f6ren in der Region Ostw\u00fcrttemberg und im Kreis G\u00f6ppingen 108 Angebote an 65 Standorten zur Stiftung Haus Lindenhof. 1800 Mitarbeiterinnen und Mitarbeiter begleiten, f\u00f6rdern, betreuen und pflegen derzeit rund 2200 alte und pflegebed\u00fcrftige Menschen und Menschen mit Behinderung.<\/p>\n<p><a href=\"https:\/\/www.haus-lindenhof.de\/\">www.haus-lindenhof.de<\/a><\/p>\n<h4>Aufgabe<\/h4>\n<p>Sozialraumorientierung ist einer der gro\u00dfen Trends in der sozialen Arbeit. W\u00e4hrend des Fachtages sollen \u00fcber 80 F\u00fchrungskr\u00e4fte ein gemeinsames Bild \u00fcber die Sozialraumorientierung der Stiftung entwickeln, Status quo, Potenziale und potenzielle H\u00fcrden erarbeiten.\u00a0 Gleichzeitig soll die Fachtagung auch die Gemeinschaft st\u00e4rken und viel Raum f\u00fcr Austausch und Netzwerken erm\u00f6glichen.<\/p>\n<h4>L\u00f6sung<\/h4>\n<p>Die Leitfrage f\u00fcr den Tag: \u201cWie kann eine sozialraumorientierte Stiftung Haus Lindenhof aussehen?\u201c bildetet die Klammer f\u00fcr eine intelligente Mischung aus Vortr\u00e4gen, Arbeit in Kleingruppen und Live-Feedback durch Votings bzw. TED-Umfragen.<\/p>\n<p>Schwerpunkte waren:<br \/>\n_Dialoginseln zum Thema Selbstverst\u00e4ndnis, H\u00fcrden, Ver\u00e4nderungsbereitschaft und Spielr\u00e4ume<br \/>\n_World Caf\u00e9 zur Vertiefung der Themen<br \/>\n_ Strategische Einordung des Themas durch die Gesch\u00e4ftsf\u00fchrung im Dialog mit dem Plenum:<br \/>\n_Vortrag: Best Practice Beispiele aus anderen Unternehmen<br \/>\n<strong>_<\/strong>Zusammenfassung und Einordung der Erkenntnisse nach jedem Modul durch die Moderatoren<\/p>\n\n\t\t<\/div>\n\t<\/div>\n<\/div><\/div><\/div><div class=\"wpb_column vc_column_container vc_col-sm-6\"><div class=\"vc_column-inner\"><div class=\"wpb_wrapper\">\n\t<div class=\"wpb_text_column wpb_content_element \" >\n\t\t<div class=\"wpb_wrapper\">\n\t\t\t<div>\n<div>\n<h4><strong>Kundenstimmen<\/strong><\/h4>\n<p><em>\u201eDer Tag war ein gro\u00dfer Erfolg und wirkt immer noch nach. Uns als Kernteam war besonders wichtig, dass dass jede\/n einzelne\/n Mitarbeiter*in sich wirklich an dem Prozess beteiligen konnte. Wir haben das mit ebene c gemeinsam perfekt gel\u00f6st \u2013 durch viele Kleingruppen, gute Fragestellungen, digitale Votings und dem offenen Dialog mit der Gesch\u00e4ftsleitung.\u201c<br \/>\n<\/em>Steffen M\u00fcller<br \/>\nOrganisationsleitung\u00a0Bereich Wohnen f\u00fcr Menschen mit Behinderung<\/p>\n<\/div>\n<p>&nbsp;<\/p>\n<p><em>\u201eDanke f\u00fcr den guten Tag! F\u00fcr mich war am wichtigsten, dass dieser Tag einen gro\u00dfen Schritt dazu beigetragen hat, dass die komplexe Thematik der Sozialraumorientierung durch interaktive Arbeitsmethoden bei den Teilnehmenden als ein ganz fester und sehr wichtiger Bestandteil unserer Arbeit wahrgenommen wird. Die Arbeit war durch die von ebene c konzipierte Tagesstruktur so intensiv und effektiv, dass wir erst beim Gruppenfoto wirklich gemerkt haben, dass wir \u00fcber 80 Leute waren.\u201c<br \/>\n<\/em>Katja Koppelmann<br \/>\nStabstelle f\u00fcr Entwicklung und Qualit\u00e4t<br \/>\nProjektmanagement Wohnen und Pflege im Alter<\/p>\n<p>&nbsp;<\/p>\n<\/div>\n\n\t\t<\/div>\n\t<\/div>\n\n\t<div  class=\"wpb_single_image wpb_content_element vc_align_left  vc_custom_1602509476671\">\n\t\t\n\t\t<figure class=\"wpb_wrapper vc_figure\">\n\t\t\t<div class=\"vc_single_image-wrapper   vc_box_border_grey\"><img class=\"vc_single_image-img \" src=\"https:\/\/www.ebene-c.de\/wp-content\/uploads\/2019\/12\/ebene_c_SHL2-500x340.png\" width=\"500\" height=\"340\" alt=\"ebene_c_SHL2\" title=\"ebene_c_SHL2\" \/><\/div>\n\t\t<\/figure>\n\t<\/div>\n<\/div><\/div><\/div><\/div><div class=\"vc_row wpb_row vc_row-fluid\"><div class=\"wpb_column vc_column_container vc_col-sm-12\"><div class=\"vc_column-inner\"><div class=\"wpb_wrapper\"><div class=\"vc_separator wpb_content_element vc_separator_align_center vc_sep_width_100 vc_sep_border_width_2 vc_sep_pos_align_center vc_separator_no_text vc_sep_color_black\" ><span class=\"vc_sep_holder vc_sep_holder_l\"><span  class=\"vc_sep_line\"><\/span><\/span><span class=\"vc_sep_holder vc_sep_holder_r\"><span  class=\"vc_sep_line\"><\/span><\/span>\n<\/div><\/div><\/div><\/div><\/div>\n","protected":false},"excerpt":{"rendered":"Stiftung Haus Lindenhof \/ Design &amp; Moderation \u201eFachtag Sozialraum\u201c _Potenziale der Sozialraumarbeit entwickeln _Gemeinschaftsgef\u00fchl stiften _Identifikation st\u00e4rken Hintergrund Die Stiftung Haus Lindenhof wurde von der<span class=\"excerpt-hellip\"> [\u2026]<\/span>","protected":false},"author":1,"featured_media":0,"parent":0,"menu_order":0,"comment_status":"closed","ping_status":"closed","template":"","meta":[],"_links":{"self":[{"href":"https:\/\/www.ebene-c.de\/de_de\/wp-json\/wp\/v2\/pages\/1701"}],"collection":[{"href":"https:\/\/www.ebene-c.de\/de_de\/wp-json\/wp\/v2\/pages"}],"about":[{"href":"https:\/\/www.ebene-c.de\/de_de\/wp-json\/wp\/v2\/types\/page"}],"author":[{"embeddable":true,"href":"https:\/\/www.ebene-c.de\/de_de\/wp-json\/wp\/v2\/users\/1"}],"replies":[{"embeddable":true,"href":"https:\/\/www.ebene-c.de\/de_de\/wp-json\/wp\/v2\/comments?post=1701"}],"version-history":[{"count":9,"href":"https:\/\/www.ebene-c.de\/de_de\/wp-json\/wp\/v2\/pages\/1701\/revisions"}],"predecessor-version":[{"id":1718,"href":"https:\/\/www.ebene-c.de\/de_de\/wp-json\/wp\/v2\/pages\/1701\/revisions\/1718"}],"wp:attachment":[{"href":"https:\/\/www.ebene-c.de\/de_de\/wp-json\/wp\/v2\/media?parent=1701"}],"curies":[{"name":"wp","href":"https:\/\/api.w.org\/{rel}","templated":true}]}}