{"id":1902,"date":"2021-01-28T14:57:09","date_gmt":"2021-01-28T13:57:09","guid":{"rendered":"https:\/\/www.ebene-c.de\/?page_id=1902"},"modified":"2024-08-09T16:38:29","modified_gmt":"2024-08-09T14:38:29","slug":"weleda","status":"publish","type":"page","link":"https:\/\/www.ebene-c.de\/de_de\/weleda\/","title":{"rendered":"Weleda Unternehmensstrategie"},"content":{"rendered":"<div class=\"vc_row wpb_row vc_row-fluid\"><div class=\"wpb_column vc_column_container vc_col-sm-6\"><div class=\"vc_column-inner\"><div class=\"wpb_wrapper\">\n\t<div class=\"wpb_text_column wpb_content_element \" >\n\t\t<div class=\"wpb_wrapper\">\n\t\t\t<h2>Weleda<br \/>\n\/<\/h2>\n<h2>Entwicklung<br \/>\nUnternehmens-<br \/>\nStrategie<\/h2>\n\n\t\t<\/div>\n\t<\/div>\n\n\t<div class=\"wpb_text_column wpb_content_element \" >\n\t\t<div class=\"wpb_wrapper\">\n\t\t\t<h4>_<strong>Purpose Driven Strategy<br \/>\n<\/strong><strong>_<\/strong><strong>Wertorientierte Zieldefinition<br \/>\n<\/strong><strong>_Handlungsleitlinien <\/strong><\/h4>\n\n\t\t<\/div>\n\t<\/div>\n<\/div><\/div><\/div><div class=\"wpb_column vc_column_container vc_col-sm-6\"><div class=\"vc_column-inner\"><div class=\"wpb_wrapper\">\n\t<div  class=\"wpb_single_image wpb_content_element vc_align_left  vc_custom_1611842534288\">\n\t\t\n\t\t<figure class=\"wpb_wrapper vc_figure\">\n\t\t\t<div class=\"vc_single_image-wrapper   vc_box_border_grey\"><img class=\"vc_single_image-img \" src=\"https:\/\/www.ebene-c.de\/wp-content\/uploads\/2021\/01\/weledahippo-content480-e1612250136741.jpg\" width=\"477\" height=\"445\" alt=\"weleda\" title=\"weleda\" \/><\/div>\n\t\t<\/figure>\n\t<\/div>\n<\/div><\/div><\/div><\/div><div class=\"vc_row wpb_row vc_row-fluid\"><div class=\"wpb_column vc_column_container vc_col-sm-6\"><div class=\"vc_column-inner\"><div class=\"wpb_wrapper\">\n\t<div class=\"wpb_text_column wpb_content_element \" >\n\t\t<div class=\"wpb_wrapper\">\n\t\t\t<div class=\"wpb_text_column wpb_content_element vc_custom_1562313263235\">\n<div class=\"wpb_wrapper\">\n<h4><span style=\"color: #000000;\"><strong>Hintergrund<\/strong><\/span><\/h4>\n<p><span style=\"color: #000000;\">Weleda ist die weltweit fu\u0308hrende Herstellerin von zertifizierter Naturkosmetik und anthroposophischen Arzneimitteln. Zum Produktportfolio geh\u00f6ren weltweit mehr als 1.000 Arzneimittel, eine Vielzahl von Manufakturherstellungen sowie 120 Naturkosmetika. Sie werden nach einem einzigartigen Menschen- und Naturverst\u00e4ndnis entwickelt. Weleda Produkte sind in 5 Kontinenten in \u00fcber 50 L\u00e4ndern erh\u00e4ltlich. F\u00fcr deren Entwicklung, Produktion und Vermarktung engagieren sich international \u00fcber 2.500 Mitarbeiter*innen.<\/span><\/p>\n<p><a href=\"https:\/\/www.weleda.com\/international\" target=\"_blank\" rel=\"noopener noreferrer\"><span style=\"color: #000000;\">https:\/\/www.weleda.com\/international <\/span><\/a><\/p>\n<h4><span style=\"color: #000000;\"><strong>Aufgabe<\/strong><\/span><\/h4>\n<p>Begleitung der Gesch\u00e4ftsleitung bei der Weiterentwicklung der internationalen Unternehmensstrategie. Das Ziel: Die umfangreichen bisher erarbeiten Strategiepapiere zusammen mit den Einzelstrategien der Gesch\u00e4ftsbereiche zu einer Gesamtstrategie mit \u00fcbergeordneten Purpose zu verdichten. Und diesen gleichzeitig mit handlungsweisenden Aussagen f\u00fcr alle Mitarbeiter*innen der Weleda greifbar zu machen.<\/p>\n<h4><span style=\"color: #000000;\"><strong>L\u00f6sung<\/strong><\/span><\/h4>\n<p>Im Sinne der Geheimhaltung m\u00f6chten und k\u00f6nnen wir hier nur das allgemeine Vorgehen skizzieren: Im Rahmen einer Workshop-Reihe mit physischen Treffen, telefonischen Abstimmungen und unterst\u00fctzenden Dokumenten entwickelte die Gesch\u00e4ftsleitung mit<br \/>\nebene c in 6 Modulen eine Purpose Driven Strategie auf Basis eines aktivierenden Purpose und entsprechenden Handlungsleitlinien.<\/p>\n<\/div>\n<\/div>\n\n\t\t<\/div>\n\t<\/div>\n\n\t<div class=\"wpb_text_column wpb_content_element \" >\n\t\t<div class=\"wpb_wrapper\">\n\t\t\t<div class=\"wpb_text_column wpb_content_element vc_custom_1562313263235\">\n<div class=\"wpb_wrapper\">\n<p><strong><span style=\"color: #000000;\">_<\/span>Modul 1:<\/strong><\/p>\n<p>Analyse und Verdichtung der bisherigen Strategiedokumente zu einem aktivierenden Purpose.<\/p>\n<p><strong>_Modul 2:<\/strong><\/p>\n<p>Entwicklung von Handlungsleitlinien, welche die verschiedenen Dimensionen des Purpose in greifbare, einfache S\u00e4tze \u00fcbersetzt und so in der t\u00e4glichen Arbeit handlungsweisend wirken kann.<\/p>\n<p><strong>_Modul 3:<\/strong><\/p>\n<p>Definition von zentralen Themenfeldern f\u00fcr die Strategie als Basis f\u00fcr die Zieldefinition.<\/p>\n<p>&nbsp;<\/p>\n<\/div>\n<\/div>\n\n\t\t<\/div>\n\t<\/div>\n\n\t<div  class=\"wpb_single_image wpb_content_element vc_align_left  vc_custom_1611903255040\">\n\t\t\n\t\t<figure class=\"wpb_wrapper vc_figure\">\n\t\t\t<div class=\"vc_single_image-wrapper   vc_box_border_grey\"><img class=\"vc_single_image-img \" src=\"https:\/\/www.ebene-c.de\/wp-content\/uploads\/2021\/01\/weledahippo-content481-480x300.jpg\" width=\"480\" height=\"300\" alt=\"weledahippo content481\" title=\"weledahippo content481\" \/><\/div>\n\t\t<\/figure>\n\t<\/div>\n\n\t<div class=\"wpb_text_column wpb_content_element \" >\n\t\t<div class=\"wpb_wrapper\">\n\t\t\t<div class=\"wpb_text_column wpb_content_element vc_custom_1562313263235\">\n<div class=\"wpb_wrapper\">\n<p><strong>_Modul 4:<\/strong><\/p>\n<p>Analyse der Strategiedimensionen der einzelnen Gesch\u00e4ftsfelder in Hinblick auf den Purpose.<\/p>\n<p><strong>_Modul 5:<\/strong><\/p>\n<p>Definition von Zielen auf Basis von Unternehmenspurpose und den strategischen Zielen der Gesch\u00e4ftsbereiche.<\/p>\n<p><strong>_Modul 6:<\/strong><\/p>\n<p>Definition von entsprechenden KPIs, Verantwortlichkeiten und einer ersten Roadmap.<\/p>\n<\/div>\n<\/div>\n\n\t\t<\/div>\n\t<\/div>\n<\/div><\/div><\/div><div class=\"wpb_column vc_column_container vc_col-sm-6\"><div class=\"vc_column-inner\"><div class=\"wpb_wrapper\">\n\t<div class=\"wpb_text_column wpb_content_element \" >\n\t\t<div class=\"wpb_wrapper\">\n\t\t\t<div>\n<div>\n<h4><strong>Kundenstimme<\/strong><\/h4>\n<p><em>&#8222;Besonders wertvoll an der Zusammenarbeit mit ebene c war, dass wir durch die intensive Vorbereitung und das strukturierte Vorgehen sehr effektiv und konzentriert arbeiten konnten. Die systemische Sicht von Stefan Bohrmann und Arne Mack und ihre F\u00e4higkeit, schnell unsere Art zu denken und zu handeln zu erfassen, sind ein weiterer Grund f\u00fcr den Erfolg der Zusammenarbeit.<\/em><\/p>\n<p><em>Nach relativ kurzer Zeit haben wir jetzt ein Ergebnis, das uns als Grundlage f\u00fcr unser werteorientiertes Handeln als Unternehmer*innen und Arbeitgeber*innen hoffentlich viele Jahre begleiten wird. Danke f\u00fcr die intensiven Tage. Wir freuen uns auf die weitere Zusammenarbeit!\u201c<\/em><\/p>\n<p>Dr. Aldo Ammendola<br \/>\nChief Research &amp; Development Officer, Executive Board Weleda Group<\/p>\n<\/div>\n<\/div>\n\n\t\t<\/div>\n\t<\/div>\n\n\t<div  class=\"wpb_single_image wpb_content_element vc_align_left  vc_custom_1611842360167\">\n\t\t\n\t\t<figure class=\"wpb_wrapper vc_figure\">\n\t\t\t<div class=\"vc_single_image-wrapper   vc_box_border_grey\"><img class=\"vc_single_image-img \" src=\"https:\/\/www.ebene-c.de\/wp-content\/uploads\/2021\/01\/2018_Weleda_Skinfood_Gruppe_DEF_druck-scaled-500x700.jpg\" width=\"500\" height=\"700\" alt=\"Weleda AG \/  Weiterer Text \u00fcber ots und www.presseportal.de\/nr\/25239 \/ Die Verwendung dieses Bildes ist f\u00fcr redaktionelle Zwecke honorarfrei. Ver\u00f6ffentlichung bitte unter Quellenangabe: &quot;obs\/Weleda AG&quot;\" title=\"Weleda Skin Food Pflegeserie\" \/><\/div>\n\t\t<\/figure>\n\t<\/div>\n<\/div><\/div><\/div><\/div><div class=\"vc_row wpb_row vc_row-fluid\"><div class=\"wpb_column vc_column_container vc_col-sm-12\"><div class=\"vc_column-inner\"><div class=\"wpb_wrapper\"><div class=\"vc_separator wpb_content_element vc_separator_align_center vc_sep_width_100 vc_sep_border_width_2 vc_sep_pos_align_center vc_separator_no_text vc_sep_color_black\" ><span class=\"vc_sep_holder vc_sep_holder_l\"><span  class=\"vc_sep_line\"><\/span><\/span><span class=\"vc_sep_holder vc_sep_holder_r\"><span  class=\"vc_sep_line\"><\/span><\/span>\n<\/div><\/div><\/div><\/div><\/div><div class=\"vc_row wpb_row vc_row-fluid\"><div class=\"wpb_column vc_column_container vc_col-sm-12\"><div class=\"vc_column-inner\"><div class=\"wpb_wrapper\"><\/div><\/div><\/div><\/div>\n","protected":false},"excerpt":{"rendered":"Weleda \/ Entwicklung Unternehmens- Strategie _Purpose Driven Strategy _Wertorientierte Zieldefinition _Handlungsleitlinien Hintergrund Weleda ist die weltweit fu\u0308hrende Herstellerin von zertifizierter Naturkosmetik und anthroposophischen Arzneimitteln. Zum<span class=\"excerpt-hellip\"> [\u2026]<\/span>","protected":false},"author":1,"featured_media":0,"parent":0,"menu_order":0,"comment_status":"closed","ping_status":"closed","template":"","meta":[],"_links":{"self":[{"href":"https:\/\/www.ebene-c.de\/de_de\/wp-json\/wp\/v2\/pages\/1902"}],"collection":[{"href":"https:\/\/www.ebene-c.de\/de_de\/wp-json\/wp\/v2\/pages"}],"about":[{"href":"https:\/\/www.ebene-c.de\/de_de\/wp-json\/wp\/v2\/types\/page"}],"author":[{"embeddable":true,"href":"https:\/\/www.ebene-c.de\/de_de\/wp-json\/wp\/v2\/users\/1"}],"replies":[{"embeddable":true,"href":"https:\/\/www.ebene-c.de\/de_de\/wp-json\/wp\/v2\/comments?post=1902"}],"version-history":[{"count":16,"href":"https:\/\/www.ebene-c.de\/de_de\/wp-json\/wp\/v2\/pages\/1902\/revisions"}],"predecessor-version":[{"id":3246,"href":"https:\/\/www.ebene-c.de\/de_de\/wp-json\/wp\/v2\/pages\/1902\/revisions\/3246"}],"wp:attachment":[{"href":"https:\/\/www.ebene-c.de\/de_de\/wp-json\/wp\/v2\/media?parent=1902"}],"curies":[{"name":"wp","href":"https:\/\/api.w.org\/{rel}","templated":true}]}}