{"id":1924,"date":"2021-01-29T13:18:56","date_gmt":"2021-01-29T12:18:56","guid":{"rendered":"https:\/\/www.ebene-c.de\/?page_id=1924"},"modified":"2021-02-02T08:34:40","modified_gmt":"2021-02-02T07:34:40","slug":"deae","status":"publish","type":"page","link":"https:\/\/www.ebene-c.de\/de_de\/deae\/","title":{"rendered":"DEAE"},"content":{"rendered":"<div class=\"vc_row wpb_row vc_row-fluid\"><div class=\"wpb_column vc_column_container vc_col-sm-6\"><div class=\"vc_column-inner\"><div class=\"wpb_wrapper\">\n\t<div class=\"wpb_text_column wpb_content_element \" >\n\t\t<div class=\"wpb_wrapper\">\n\t\t\t<h2>DEAE<br \/>\n\/<\/h2>\n<h2>Organisations-<br \/>\nEntwicklung<\/h2>\n\n\t\t<\/div>\n\t<\/div>\n\n\t<div class=\"wpb_text_column wpb_content_element \" >\n\t\t<div class=\"wpb_wrapper\">\n\t\t\t<h4><strong>_Markenpositionierung<br \/>\n_Definition Leistungsbereiche<br \/>\n_Hybride Workshop Reihe\u00a0<\/strong><\/h4>\n\n\t\t<\/div>\n\t<\/div>\n<\/div><\/div><\/div><div class=\"wpb_column vc_column_container vc_col-sm-6\"><div class=\"vc_column-inner\"><div class=\"wpb_wrapper\">\n\t<div  class=\"wpb_single_image wpb_content_element vc_align_left  vc_custom_1611923854526\">\n\t\t\n\t\t<figure class=\"wpb_wrapper vc_figure\">\n\t\t\t<div class=\"vc_single_image-wrapper   vc_box_border_grey\"><img class=\"vc_single_image-img \" src=\"https:\/\/www.ebene-c.de\/wp-content\/uploads\/2021\/01\/IMG_4283-scaled-500x300.jpeg\" width=\"500\" height=\"300\" alt=\"IMG_4283\" title=\"IMG_4283\" \/><\/div>\n\t\t<\/figure>\n\t<\/div>\n<\/div><\/div><\/div><\/div><div class=\"vc_row wpb_row vc_row-fluid\"><div class=\"wpb_column vc_column_container vc_col-sm-6\"><div class=\"vc_column-inner\"><div class=\"wpb_wrapper\">\n\t<div class=\"wpb_text_column wpb_content_element \" >\n\t\t<div class=\"wpb_wrapper\">\n\t\t\t<div class=\"wpb_text_column wpb_content_element vc_custom_1562313263235\">\n<div class=\"wpb_wrapper\">\n<h4><span style=\"color: #000000;\"><strong>Hintergrund<\/strong><\/span><\/h4>\n<p>Die DEAE ist der bundesweite Zusammenschluss der evangelischen Erwachsenenbildung, die sich u.a. in Bildungswerken, Familienbildungsst\u00e4tten, Kirchengemeinden, Akademien und Landesorganisationen, Vereinen und Verb\u00e4nden vollzieht. Unsere Arbeit zielt darauf, die Mitgliedsorganisationen zu vernetzen, ihre Fachlichkeit zu f\u00f6rdern, ihre Interessen zu b\u00fcndeln und gegen\u00fcber Kirche und Gesellschaft zu vertreten.<\/p>\n<p>Evangelische Erwachsenenbildung ist sowohl ein Teil von Kirche als auch der \u00f6ffentlich verantworteten Weiterbildung. Die DEAE ist der Ort f\u00fcr den Diskurs \u00fcber bildungspolitische Entwicklungen in Bund, L\u00e4ndern und Kirchen. Die erwachsenenbildnerische Expertise kommt in der DEAE zusammen. Sie bietet den Fachleuten f\u00fcr Erwachsenenbildung eine Plattform, um neue Perspektiven f\u00fcr ihre Arbeit an der Schnittstelle von Politik, Kirche, Gesellschaft und Wissenschaft zu entwickeln.<\/p>\n<p><span style=\"color: #000000;\">\u00a0<\/span><a href=\"http:\/\/deae.de\/\"><span style=\"color: #000000;\">www.deae.de<\/span><\/a><\/p>\n<h4><span style=\"color: #000000;\"><strong>Aufgabe<\/strong><\/span><\/h4>\n<p>Konkretisierung der Positionierung als Grundlage f\u00fcr die Weiterentwicklung des Bundesverbandes hinsichtlich Zielgruppen sowie der internen und externen Kommunikation.<\/p>\n<p>&nbsp;<\/p>\n<\/div>\n<\/div>\n\n\t\t<\/div>\n\t<\/div>\n\n\t<div  class=\"wpb_single_image wpb_content_element vc_align_left  vc_custom_1611922723706\">\n\t\t\n\t\t<figure class=\"wpb_wrapper vc_figure\">\n\t\t\t<div class=\"vc_single_image-wrapper   vc_box_border_grey\"><img class=\"vc_single_image-img \" src=\"https:\/\/www.ebene-c.de\/wp-content\/uploads\/2021\/01\/IMG_4265-scaled-500x300.jpeg\" width=\"500\" height=\"300\" alt=\"IMG_4265\" title=\"IMG_4265\" \/><\/div>\n\t\t<\/figure>\n\t<\/div>\n\n\t<div class=\"wpb_text_column wpb_content_element \" >\n\t\t<div class=\"wpb_wrapper\">\n\t\t\t<div class=\"wpb_text_column wpb_content_element vc_custom_1562313263235\">\n<div class=\"wpb_wrapper\">\n<h4><span style=\"color: #000000;\"><strong>L\u00f6sung<\/strong><\/span><\/h4>\n<p>Workshopreihe mit Kick-off auf der Mitgliederversammlung, konzentrierten Online-Meetings mit dem Kernteam und einem Abschlussworkshop. Im Kick-off Workshop sammelte ebene c in einer effektiven Kreativ-Technik in kurzer Zeit die Vorteile des Dachverbandes f\u00fcr die Mitglieder ein und legte die Basis f\u00fcr den partizipativen Organisationsentwicklungs-Prozess. In der darauffolgenden Reihe von Online-Workshops wurden die Kernthemen und T\u00e4tigkeitsfelder der Gesch\u00e4ftsstelle diskutiert und festgelegt. Die Ergebnisse bildeten die Basis f\u00fcr den abschlie\u00dfenden Markenworkshop mit den Schwerpunkten: Weiterentwicklung der DEAE als Marke, Formulierung von zielgruppenspezifischen Zielen und Ma\u00dfnahmen sowie die Definition entsprechender Erfolgskriterien. ebene c fasste alle Ergebnisse in einem Strategie-Dokument zusammen, das in der n\u00e4chsten Mitgliederversammlung in konkrete Ma\u00dfnahmen \u00fcbersetzt wird.<\/p>\n<\/div>\n<\/div>\n\n\t\t<\/div>\n\t<\/div>\n<\/div><\/div><\/div><div class=\"wpb_column vc_column_container vc_col-sm-6\"><div class=\"vc_column-inner\"><div class=\"wpb_wrapper\">\n\t<div class=\"wpb_text_column wpb_content_element \" >\n\t\t<div class=\"wpb_wrapper\">\n\t\t\t<div>\n<div>\n<h4><strong>Kundenstimmen<\/strong><\/h4>\n<p><em>&#8222;Egal, ob in einem physischen Workshop, am Telefon oder in Online-Meetings, durch ihre strukturierte Vorgehensweise und ihre wertsch\u00e4tzende Art haben Stefan Bohrmann und Arne Mack uns ein wichtiges St\u00fcck auf unserem Weg begleitet.\u201c<\/em><\/p>\n<p>Antje R\u00f6sener <strong><br \/>\n<\/strong>Vorstandsvorsitzende, Deutsche Evangelische Arbeitsgemeinschaft f\u00fcr Erwachsenenbildung (DEAE) e.V.<\/p>\n<p>&nbsp;<\/p>\n<\/div>\n<p><em>\u201eebene c gelingt es, die verschiedenen Sichtweisen zu verdichten und auch zu einem guten Ergebnis zu b\u00fcndeln. Dabei haben Stefan Bohrmann und Arne Mack auch die unterschiedlichen Rollen im Blick. Das ist in der Verbandsarbeit von sehr gro\u00dfer Bedeutung. Mir hat es erm\u00f6glicht, mich in der Rolle als Bundesgesch\u00e4ftsf\u00fchrer als wirksam zu erfahren, fachlich, politisch aber auch als Person.\u201c<\/em><\/p>\n<p>Michael Glatz<br \/>\nBundesgesch\u00e4ftsf\u00fchrer, Deutsche Evangelische Arbeitsgemeinschaft f\u00fcr Erwachsenenbildung (DEAE) e.V.<\/p>\n<\/div>\n\n\t\t<\/div>\n\t<\/div>\n\n\t<div  class=\"wpb_single_image wpb_content_element vc_align_left  vc_custom_1611923888178\">\n\t\t\n\t\t<figure class=\"wpb_wrapper vc_figure\">\n\t\t\t<div class=\"vc_single_image-wrapper   vc_box_border_grey\"><img class=\"vc_single_image-img \" src=\"https:\/\/www.ebene-c.de\/wp-content\/uploads\/2021\/01\/IMG_4247-scaled-500x500.jpeg\" width=\"500\" height=\"500\" alt=\"IMG_4247\" title=\"IMG_4247\" \/><\/div>\n\t\t<\/figure>\n\t<\/div>\n<\/div><\/div><\/div><\/div><div class=\"vc_row wpb_row vc_row-fluid\"><div class=\"wpb_column vc_column_container vc_col-sm-12\"><div class=\"vc_column-inner\"><div class=\"wpb_wrapper\"><div class=\"vc_separator wpb_content_element vc_separator_align_center vc_sep_width_100 vc_sep_border_width_2 vc_sep_pos_align_center vc_separator_no_text vc_sep_color_black\" ><span class=\"vc_sep_holder vc_sep_holder_l\"><span  class=\"vc_sep_line\"><\/span><\/span><span class=\"vc_sep_holder vc_sep_holder_r\"><span  class=\"vc_sep_line\"><\/span><\/span>\n<\/div><\/div><\/div><\/div><\/div><div class=\"vc_row wpb_row vc_row-fluid\"><div class=\"wpb_column vc_column_container vc_col-sm-12\"><div class=\"vc_column-inner\"><div class=\"wpb_wrapper\"><\/div><\/div><\/div><\/div>\n","protected":false},"excerpt":{"rendered":"DEAE \/ Organisations- Entwicklung _Markenpositionierung _Definition Leistungsbereiche _Hybride Workshop Reihe\u00a0 Hintergrund Die DEAE ist der bundesweite Zusammenschluss der evangelischen Erwachsenenbildung, die sich u.a. in Bildungswerken,<span class=\"excerpt-hellip\"> [\u2026]<\/span>","protected":false},"author":1,"featured_media":0,"parent":0,"menu_order":0,"comment_status":"closed","ping_status":"closed","template":"","meta":[],"_links":{"self":[{"href":"https:\/\/www.ebene-c.de\/de_de\/wp-json\/wp\/v2\/pages\/1924"}],"collection":[{"href":"https:\/\/www.ebene-c.de\/de_de\/wp-json\/wp\/v2\/pages"}],"about":[{"href":"https:\/\/www.ebene-c.de\/de_de\/wp-json\/wp\/v2\/types\/page"}],"author":[{"embeddable":true,"href":"https:\/\/www.ebene-c.de\/de_de\/wp-json\/wp\/v2\/users\/1"}],"replies":[{"embeddable":true,"href":"https:\/\/www.ebene-c.de\/de_de\/wp-json\/wp\/v2\/comments?post=1924"}],"version-history":[{"count":12,"href":"https:\/\/www.ebene-c.de\/de_de\/wp-json\/wp\/v2\/pages\/1924\/revisions"}],"predecessor-version":[{"id":2019,"href":"https:\/\/www.ebene-c.de\/de_de\/wp-json\/wp\/v2\/pages\/1924\/revisions\/2019"}],"wp:attachment":[{"href":"https:\/\/www.ebene-c.de\/de_de\/wp-json\/wp\/v2\/media?parent=1924"}],"curies":[{"name":"wp","href":"https:\/\/api.w.org\/{rel}","templated":true}]}}