{"id":2080,"date":"2021-02-12T08:24:43","date_gmt":"2021-02-12T07:24:43","guid":{"rendered":"https:\/\/www.ebene-c.de\/?page_id=2080"},"modified":"2021-02-12T13:55:55","modified_gmt":"2021-02-12T12:55:55","slug":"ekiba","status":"publish","type":"page","link":"https:\/\/www.ebene-c.de\/de_de\/ekiba\/","title":{"rendered":"ekiba"},"content":{"rendered":"<div class=\"vc_row wpb_row vc_row-fluid\"><div class=\"wpb_column vc_column_container vc_col-sm-6\"><div class=\"vc_column-inner\"><div class=\"wpb_wrapper\">\n\t<div class=\"wpb_text_column wpb_content_element \" >\n\t\t<div class=\"wpb_wrapper\">\n\t\t\t<h2>Badische Landeskirche, Oberkirchenrat<\/h2>\n<h2>\/<\/h2>\n<h2>Digitale Abteilungsklausur<\/h2>\n\n\t\t<\/div>\n\t<\/div>\n\n\t<div class=\"wpb_text_column wpb_content_element \" >\n\t\t<div class=\"wpb_wrapper\">\n\t\t\t<h4>_Entwicklung Design f\u00fcr Online Klausur<br \/>\n_Digitale Kollaboration und Austausch<br \/>\n_Moderation und Inspiration<\/h4>\n\n\t\t<\/div>\n\t<\/div>\n<\/div><\/div><\/div><div class=\"wpb_column vc_column_container vc_col-sm-6\"><div class=\"vc_column-inner\"><div class=\"wpb_wrapper\">\n\t<div  class=\"wpb_single_image wpb_content_element vc_align_left  vc_custom_1613134552807\">\n\t\t\n\t\t<figure class=\"wpb_wrapper vc_figure\">\n\t\t\t<div class=\"vc_single_image-wrapper   vc_box_border_grey\"><img class=\"vc_single_image-img \" src=\"https:\/\/www.ebene-c.de\/wp-content\/uploads\/2021\/02\/Logo_ekiba_web-400x320.png\" width=\"400\" height=\"320\" alt=\"Logo_ekiba_web\" title=\"Logo_ekiba_web\" \/><\/div>\n\t\t<\/figure>\n\t<\/div>\n<\/div><\/div><\/div><\/div><div class=\"vc_row wpb_row vc_row-fluid\"><div class=\"wpb_column vc_column_container vc_col-sm-6\"><div class=\"vc_column-inner\"><div class=\"wpb_wrapper\">\n\t<div class=\"wpb_text_column wpb_content_element \" >\n\t\t<div class=\"wpb_wrapper\">\n\t\t\t<div class=\"wpb_text_column wpb_content_element vc_custom_1562313263235\">\n<div class=\"wpb_wrapper\">\n<h4><span style=\"color: #000000;\"><strong>Aufgabe<\/strong><\/span><\/h4>\n<p>Design und Moderation einer eint\u00e4gigen Abteilungsklausur, die aufgrund der Corona-Lage im Winter 2020\/21 digital stattfindet. Die Abteilung Organisation und Organisationsentwicklung befindet sich in einem Entstehens- und Entwicklungsprozess, die Klausur ist hierbei ein weiterer wichtiger Schritt. Die fachlichen Themen: Kl\u00e4rung von Aufgaben, Zielen und die Entwicklung von Kriterien bzw. Tools f\u00fcr die Erfolgsmessung. Und, idealerweise: eine echte Klausur-Atmosph\u00e4re trotz digitalem Treffen.<\/p>\n<p><a href=\"http:\/\/www.ekiba.de\">www.ekiba.de<\/a><\/p>\n<h4>Die L\u00f6sung<\/h4>\n<p>Ein gut strukturierter Tag in Zoom mit einer gesunden Mischung aus Pr\u00e4sentationen, Austausch, Arbeitseinheiten in Break-out Sessions und Impulsen durch den Moderator.<\/p>\n<p>Zentrale Erfolgsfaktoren f\u00fcr einen gelungenen Tag waren:<\/p>\n<p>_Detaillierte Vorbereitung mit der Abteilungsleitung und ein kollaborativer Moderationsansatz<br \/>\n_Sinnvolle Mischung der Kleingruppen, mal inhaltlich getrieben, mal im Sinne des Austausches mit entsprechenden Zeitmanagement.<br \/>\n_Neue Perspektiven auf Themen wie Kundenorientierung oder Erfolgsmessung durch Impulse aus dem Bereich des Marketings<br \/>\n_Klare, gut vorbereitete Aufgaben f\u00fcr die Break-out Sessions mit entsprechenden Formularen, die im Laufe der Klausur bearbeitet, pr\u00e4sentiert und geteilt werden k\u00f6nnen.<br \/>\n_Strukturierte Aufbereitung der Ergebnisse als Grundlage f\u00fcr die n\u00e4chsten Schritte.<\/p>\n<p>&nbsp;<\/p>\n<\/div>\n<\/div>\n\n\t\t<\/div>\n\t<\/div>\n<\/div><\/div><\/div><div class=\"wpb_column vc_column_container vc_col-sm-6\"><div class=\"vc_column-inner\"><div class=\"wpb_wrapper\">\n\t<div class=\"wpb_text_column wpb_content_element \" >\n\t\t<div class=\"wpb_wrapper\">\n\t\t\t<div>\n<div>\n<h4><strong>Kundenstimme<\/strong><\/h4>\n<\/div>\n<p><em>&#8222;Wir haben inhaltlich mehr erreicht, als wir gedacht haben. Die Ergebnisse und die Feedbacks meiner Kolleg*innen zeigen, dass wir es geschafft haben, eine produktive, angenehme Klausur-Atmosph\u00e4re entstehen zu lassen, obwohl wir in 14 verschiedenen Zimmern sa\u00dfen. Danke an Arne Mack f\u00fcr die sensationelle Vorbereitung, die kreativen Methoden und den Austausch vor und nach der Klausur.\u201c <\/em><\/p>\n<p>Annekatrin Schwarz, Abteilungsleiterin<\/p>\n<\/div>\n\n\t\t<\/div>\n\t<\/div>\n\n\t<div  class=\"wpb_single_image wpb_content_element vc_align_left  vc_custom_1613114807148\">\n\t\t\n\t\t<figure class=\"wpb_wrapper vc_figure\">\n\t\t\t<div class=\"vc_single_image-wrapper   vc_box_border_grey\"><img class=\"vc_single_image-img \" src=\"https:\/\/www.ebene-c.de\/wp-content\/uploads\/2021\/02\/ebene-c_7Ps-550x300.png\" width=\"550\" height=\"300\" alt=\"ebene-c_7Ps\" title=\"ebene-c_7Ps\" \/><\/div>\n\t\t<\/figure>\n\t<\/div>\n<\/div><\/div><\/div><\/div><div class=\"vc_row wpb_row vc_row-fluid\"><div class=\"wpb_column vc_column_container vc_col-sm-12\"><div class=\"vc_column-inner\"><div class=\"wpb_wrapper\"><div class=\"vc_separator wpb_content_element vc_separator_align_center vc_sep_width_100 vc_sep_border_width_2 vc_sep_pos_align_center vc_separator_no_text vc_sep_color_black\" ><span class=\"vc_sep_holder vc_sep_holder_l\"><span  class=\"vc_sep_line\"><\/span><\/span><span class=\"vc_sep_holder vc_sep_holder_r\"><span  class=\"vc_sep_line\"><\/span><\/span>\n<\/div><\/div><\/div><\/div><\/div><div class=\"vc_row wpb_row vc_row-fluid\"><div class=\"wpb_column vc_column_container vc_col-sm-12\"><div class=\"vc_column-inner\"><div class=\"wpb_wrapper\"><\/div><\/div><\/div><\/div>\n","protected":false},"excerpt":{"rendered":"Badische Landeskirche, Oberkirchenrat \/ Digitale Abteilungsklausur _Entwicklung Design f\u00fcr Online Klausur _Digitale Kollaboration und Austausch _Moderation und Inspiration Aufgabe Design und Moderation einer eint\u00e4gigen Abteilungsklausur,<span class=\"excerpt-hellip\"> [\u2026]<\/span>","protected":false},"author":1,"featured_media":0,"parent":0,"menu_order":0,"comment_status":"closed","ping_status":"closed","template":"","meta":[],"_links":{"self":[{"href":"https:\/\/www.ebene-c.de\/de_de\/wp-json\/wp\/v2\/pages\/2080"}],"collection":[{"href":"https:\/\/www.ebene-c.de\/de_de\/wp-json\/wp\/v2\/pages"}],"about":[{"href":"https:\/\/www.ebene-c.de\/de_de\/wp-json\/wp\/v2\/types\/page"}],"author":[{"embeddable":true,"href":"https:\/\/www.ebene-c.de\/de_de\/wp-json\/wp\/v2\/users\/1"}],"replies":[{"embeddable":true,"href":"https:\/\/www.ebene-c.de\/de_de\/wp-json\/wp\/v2\/comments?post=2080"}],"version-history":[{"count":24,"href":"https:\/\/www.ebene-c.de\/de_de\/wp-json\/wp\/v2\/pages\/2080\/revisions"}],"predecessor-version":[{"id":2113,"href":"https:\/\/www.ebene-c.de\/de_de\/wp-json\/wp\/v2\/pages\/2080\/revisions\/2113"}],"wp:attachment":[{"href":"https:\/\/www.ebene-c.de\/de_de\/wp-json\/wp\/v2\/media?parent=2080"}],"curies":[{"name":"wp","href":"https:\/\/api.w.org\/{rel}","templated":true}]}}