{"id":2120,"date":"2021-02-19T09:11:58","date_gmt":"2021-02-19T08:11:58","guid":{"rendered":"https:\/\/www.ebene-c.de\/?page_id=2120"},"modified":"2021-02-19T11:55:53","modified_gmt":"2021-02-19T10:55:53","slug":"rupp","status":"publish","type":"page","link":"https:\/\/www.ebene-c.de\/de_de\/rupp\/","title":{"rendered":"Rupp Geb\u00e4udedruck"},"content":{"rendered":"<div class=\"vc_row wpb_row vc_row-fluid\"><div class=\"wpb_column vc_column_container vc_col-sm-6\"><div class=\"vc_column-inner\"><div class=\"wpb_wrapper\">\n\t<div class=\"wpb_text_column wpb_content_element \" >\n\t\t<div class=\"wpb_wrapper\">\n\t\t\t<h2>Rupp Geb\u00e4udedruck<br \/>\n\/<br \/>\nBrand Buildung<\/h2>\n\n\t\t<\/div>\n\t<\/div>\n\n\t<div class=\"wpb_text_column wpb_content_element \" >\n\t\t<div class=\"wpb_wrapper\">\n\t\t\t<h4>_Markenpositionierung<br \/>\n_Zentrale Botschaften<br \/>\n_Websitekonzept<\/h4>\n\n\t\t<\/div>\n\t<\/div>\n<\/div><\/div><\/div><div class=\"wpb_column vc_column_container vc_col-sm-6\"><div class=\"vc_column-inner\"><div class=\"wpb_wrapper\">\n\t<div class=\"wpb_video_widget wpb_content_element vc_clearfix   vc_video-aspect-ratio-169 vc_video-el-width-100 vc_video-align-left\" >\n\t\t<div class=\"wpb_wrapper\">\n\t\t\t\n\t\t\t<div class=\"wpb_video_wrapper\"><iframe title=\"Rupp Geb\u00e4udedruck: Deutschlands erstes 3D Haus Bauunternehmen\" width=\"1220\" height=\"686\" src=\"https:\/\/www.youtube.com\/embed\/tkVCtrXIdts?feature=oembed\" frameborder=\"0\" allow=\"accelerometer; autoplay; clipboard-write; encrypted-media; gyroscope; picture-in-picture\" allowfullscreen><\/iframe><\/div>\n\t\t<\/div>\n\t<\/div>\n<\/div><\/div><\/div><\/div><div class=\"vc_row wpb_row vc_row-fluid\"><div class=\"wpb_column vc_column_container vc_col-sm-6\"><div class=\"vc_column-inner\"><div class=\"wpb_wrapper\">\n\t<div class=\"wpb_text_column wpb_content_element \" >\n\t\t<div class=\"wpb_wrapper\">\n\t\t\t<div class=\"wpb_text_column wpb_content_element vc_custom_1562313263235\">\n<div class=\"wpb_wrapper\">\n<h4>Hintergrund<\/h4>\n<p>Die Kunst H\u00e4user zu bauen, ist fast so alt wie die Menschheit. Dass dieses Handwerk jedoch alles andere als angestaubt und langweilig ist, beweisen zwei junge Unternehmer aus dem bayerischen Pfaffenhofen a. d. Roth mit einer ebenso innovativen wie revolution\u00e4ren Technologie. Die Br\u00fcder Fabian und Sebastian Rupp, beide seit mehreren Jahren im v\u00e4terlichen Betrieb, der Michael Rupp Bauunternehmung GmbH, setzen auf 3D-Betondruck. Das hei\u00dft: Sie drucken H\u00e4user.<\/p>\n<p><a href=\"https:\/\/rupp-geb\u00e4udedruck.de\/\">www.rupp-geb\u00e4udedruck.de<\/a><\/p>\n<h4>Aufgabe:<\/h4>\n<p>Um die Innovation auch kommunikativ fest zu verankern, braucht es eine klare Positionierung, klare Botschaften und eine definierte Tonality. Oder kurz: eine starke Marke.<\/p>\n<h4>Die L\u00f6sung:<\/h4>\n<p>Markenpositionierung in einem kompakten 1 Tagesworkshop.<br \/>\nMit Hilfe des ebene c Markenmodells und effektiven Kreativ-Techniken werden alle zentralen Elemente der neuen Marke entwickelt.<br \/>\n_Purpose<br \/>\n_Positionierung<br \/>\n_Tonality<br \/>\n_Kernthemen und Kernbotschaften. Zusammengefasst im neuen Claim: \u201eWir drucken Zukunft.\u201c<br \/>\n_Konzept f\u00fcr die relevanten Inhalte der Website<br \/>\nIm Anschluss entwickelt ebene c ein Creative Brief f\u00fcr die potenziellen Agenturpartner und stellt zus\u00e4tzlich die Verbindung zum Netzwerk her.<\/p>\n<\/div>\n<\/div>\n\n\t\t<\/div>\n\t<\/div>\n<\/div><\/div><\/div><div class=\"wpb_column vc_column_container vc_col-sm-6\"><div class=\"vc_column-inner\"><div class=\"wpb_wrapper\">\n\t<div class=\"wpb_text_column wpb_content_element \" >\n\t\t<div class=\"wpb_wrapper\">\n\t\t\t<div>\n<div>\n<h4><strong>Kundenstimmen<\/strong><\/h4>\n<\/div>\n<p><em>\u201eWir haben mit Arne Mack alles das definiert, das wir sp\u00e4ter f\u00fcr die Kommunikation gebraucht haben. Hat Spa\u00df gemacht \u2013 ein wirklich wichtiger Tag f\u00fcr Rupp Geb\u00e4udedruck.\u201c <\/em><\/p>\n<p>Fabian Rupp, Rupp Geb\u00e4udedruck<\/p>\n<p><em>&#8222;Die Resonanz in den Medien auf unser erstes gedrucktes Mehrfamilienhaus war sensationell. Der Workshop mit Arne, seine Erfahrung und sein Netzwerk haben den Grundstein dazu gelegt.\u201c <\/em><\/p>\n<p>Sebastian Rupp, Rupp Geb\u00e4udedruck<\/p>\n<\/div>\n\n\t\t<\/div>\n\t<\/div>\n\n\t<div  class=\"wpb_single_image wpb_content_element vc_align_left  vc_custom_1613722315251\">\n\t\t\n\t\t<figure class=\"wpb_wrapper vc_figure\">\n\t\t\t<div class=\"vc_single_image-wrapper   vc_box_border_grey\"><img class=\"vc_single_image-img \" src=\"https:\/\/www.ebene-c.de\/wp-content\/uploads\/2021\/02\/Bildschirmfoto-2021-02-19-um-09.00.45-550x300.png\" width=\"550\" height=\"300\" alt=\"ebene-c_rupp_geb\u00e4udedruck\" title=\"ebene-c_rupp_geb\u00e4udedruck\" \/><\/div>\n\t\t<\/figure>\n\t<\/div>\n<\/div><\/div><\/div><\/div><div class=\"vc_row wpb_row vc_row-fluid\"><div class=\"wpb_column vc_column_container vc_col-sm-12\"><div class=\"vc_column-inner\"><div class=\"wpb_wrapper\"><div class=\"vc_separator wpb_content_element vc_separator_align_center vc_sep_width_100 vc_sep_border_width_2 vc_sep_pos_align_center vc_separator_no_text vc_sep_color_black\" ><span class=\"vc_sep_holder vc_sep_holder_l\"><span  class=\"vc_sep_line\"><\/span><\/span><span class=\"vc_sep_holder vc_sep_holder_r\"><span  class=\"vc_sep_line\"><\/span><\/span>\n<\/div><\/div><\/div><\/div><\/div><div class=\"vc_row wpb_row vc_row-fluid\"><div class=\"wpb_column vc_column_container vc_col-sm-12\"><div class=\"vc_column-inner\"><div class=\"wpb_wrapper\"><\/div><\/div><\/div><\/div>\n","protected":false},"excerpt":{"rendered":"Rupp Geb\u00e4udedruck \/ Brand Buildung _Markenpositionierung _Zentrale Botschaften _Websitekonzept Hintergrund Die Kunst H\u00e4user zu bauen, ist fast so alt wie die Menschheit. Dass dieses Handwerk<span class=\"excerpt-hellip\"> [\u2026]<\/span>","protected":false},"author":1,"featured_media":0,"parent":0,"menu_order":0,"comment_status":"closed","ping_status":"closed","template":"","meta":[],"_links":{"self":[{"href":"https:\/\/www.ebene-c.de\/de_de\/wp-json\/wp\/v2\/pages\/2120"}],"collection":[{"href":"https:\/\/www.ebene-c.de\/de_de\/wp-json\/wp\/v2\/pages"}],"about":[{"href":"https:\/\/www.ebene-c.de\/de_de\/wp-json\/wp\/v2\/types\/page"}],"author":[{"embeddable":true,"href":"https:\/\/www.ebene-c.de\/de_de\/wp-json\/wp\/v2\/users\/1"}],"replies":[{"embeddable":true,"href":"https:\/\/www.ebene-c.de\/de_de\/wp-json\/wp\/v2\/comments?post=2120"}],"version-history":[{"count":8,"href":"https:\/\/www.ebene-c.de\/de_de\/wp-json\/wp\/v2\/pages\/2120\/revisions"}],"predecessor-version":[{"id":2130,"href":"https:\/\/www.ebene-c.de\/de_de\/wp-json\/wp\/v2\/pages\/2120\/revisions\/2130"}],"wp:attachment":[{"href":"https:\/\/www.ebene-c.de\/de_de\/wp-json\/wp\/v2\/media?parent=2120"}],"curies":[{"name":"wp","href":"https:\/\/api.w.org\/{rel}","templated":true}]}}