{"id":2141,"date":"2021-02-22T18:40:53","date_gmt":"2021-02-22T17:40:53","guid":{"rendered":"https:\/\/www.ebene-c.de\/?page_id=2141"},"modified":"2022-05-23T10:31:16","modified_gmt":"2022-05-23T08:31:16","slug":"natrue","status":"publish","type":"page","link":"https:\/\/www.ebene-c.de\/de_de\/natrue\/","title":{"rendered":"Natrue"},"content":{"rendered":"<div class=\"vc_row wpb_row vc_row-fluid\"><div class=\"wpb_column vc_column_container vc_col-sm-6\"><div class=\"vc_column-inner\"><div class=\"wpb_wrapper\">\n\t<div class=\"wpb_text_column wpb_content_element \" >\n\t\t<div class=\"wpb_wrapper\">\n\t\t\t<h2>NATRUE<br \/>\n\/<br \/>\nMarkenpositionierung<\/h2>\n\n\t\t<\/div>\n\t<\/div>\n\n\t<div class=\"wpb_text_column wpb_content_element \" >\n\t\t<div class=\"wpb_wrapper\">\n\t\t\t<h4><strong>_<\/strong>Markenberatung<br \/>\n_Workshop Reihe<br \/>\n_Coaching &amp; Sparring<\/h4>\n\n\t\t<\/div>\n\t<\/div>\n<\/div><\/div><\/div><div class=\"wpb_column vc_column_container vc_col-sm-6\"><div class=\"vc_column-inner\"><div class=\"wpb_wrapper\">\n\t<div class=\"wpb_video_widget wpb_content_element vc_clearfix   vc_video-aspect-ratio-169 vc_video-el-width-100 vc_video-align-left\" >\n\t\t<div class=\"wpb_wrapper\">\n\t\t\t\n\t\t\t<div class=\"wpb_video_wrapper\"><iframe title=\"Was ist NATRUE?\" width=\"1220\" height=\"686\" src=\"https:\/\/www.youtube.com\/embed\/4ElJmhIG3eI?feature=oembed\" frameborder=\"0\" allow=\"accelerometer; autoplay; clipboard-write; encrypted-media; gyroscope; picture-in-picture\" allowfullscreen><\/iframe><\/div>\n\t\t<\/div>\n\t<\/div>\n<\/div><\/div><\/div><\/div><div class=\"vc_row wpb_row vc_row-fluid\"><div class=\"wpb_column vc_column_container vc_col-sm-6\"><div class=\"vc_column-inner\"><div class=\"wpb_wrapper\">\n\t<div class=\"wpb_text_column wpb_content_element \" >\n\t\t<div class=\"wpb_wrapper\">\n\t\t\t<div class=\"wpb_text_column wpb_content_element vc_custom_1562313263235\">\n<div class=\"wpb_wrapper\">\n<h4>Hintergrund<\/h4>\n<p>In 2007 gegr\u00fcndet, war NATRUE f\u00fcr die Gr\u00fcndungsmitglieder Wala, Weleda, Laverana, Primavera, Logocos und Cep die L\u00f6sung f\u00fcr die fehlende internationale Definition f\u00fcr Natur- und Biokosmetik und Antwort auf die Erh\u00f6hung der Greenwashing Aktivit\u00e4ten in diesem Segment. Heute hat die Non-Profit Organisation mit Sitz in Br\u00fcssel seine Position als internationaler Vertreter f\u00fcr den Schutz und die F\u00f6rderung von Natur- und Biokosmetik weltweit gefestigt. Mit 7000 zertifizierten Produkten von \u00fcber 300 Marken, \u00fcber 500 zertifizierten, genehmigten Rohstoffen und weltweit \u00fcber 70 Mitgliedern ist NATRUE das vertrauensw\u00fcrdige Verbraucherlabel f\u00fcr authentische Natur- und Biokosmetikprodukte.<\/p>\n<p>&nbsp;<\/p>\n<\/div>\n<div class=\"wpb_wrapper\">\n<h4>Aufgabe<\/h4>\n<p>Begleitung des Board of Directors bei der Markenpositionierung, Zukunfts-ausrichtung und Definition von Redlines bzw. Rahmenbedingen, die allen beteiligten Mitgliedern Orientierung geben.<\/p>\n<p><a href=\"https:\/\/www.natrue.org\">www.natrue.org<\/a><\/p>\n<p>&nbsp;<\/p>\n<h4><strong>L\u00f6sung<\/strong><\/h4>\n<p>Internationale Workshops \u2013 pers\u00f6nlich und digital.<br \/>\nMit dem Board of Directors wurde mittels dem ebene c Markenmodell die Positionierung von NATRUE gesch\u00e4rft und die Themenschwerpunkte der Marke gemeinsam definiert und inhaltlich vertieft. Neben fachlichen Aspekten ging es auch um ein systemisches Zusammenspiel der Teilnehmer*innen. Hierzu wurde mittels Kreativszenarien ein bestm\u00f6gliches Miteinander entwickelt und in einer Charta geb\u00fcndelt und verabschiedet.<\/p>\n<p>&nbsp;<\/p>\n<\/div>\n<\/div>\n<p><!--more--><\/p>\n\n\t\t<\/div>\n\t<\/div>\n<\/div><\/div><\/div><div class=\"wpb_column vc_column_container vc_col-sm-6\"><div class=\"vc_column-inner\"><div class=\"wpb_wrapper\">\n\t<div class=\"wpb_text_column wpb_content_element \" >\n\t\t<div class=\"wpb_wrapper\">\n\t\t\t<div>\n<div>\n<h4>Kundenstimmen<\/h4>\n<\/div>\n<p><em>\u201eEine besondere Herausforderung bei NATRUE ist, dass es trotz eines gemeinsamen Zieles firmeneigene Themen gibt und die Mitglieder faktisch auch in einer Wettbewerbssituation am Markt agieren. Das macht es anspruchsvoll f\u00fcr alle Beteiligten. Mit seiner Erfahrung und seinem systemischen Ansatz und auch mit einer wohltuenden Mischung aus Methodik und Zeitdruck hat uns Stefan Bohrmann immer wieder auf den gemeinsamen Weg gef\u00fchrt.\u201c<\/em><\/p>\n<p>Dr. Bernhard Irrgang \/ Prof. Dr. Florian Stintzing,<br \/>\nPr\u00e4sidenten NATRUE<\/p>\n<\/div>\n\n\t\t<\/div>\n\t<\/div>\n\n\t<div  class=\"wpb_single_image wpb_content_element vc_align_left  vc_custom_1614015241203\">\n\t\t\n\t\t<figure class=\"wpb_wrapper vc_figure\">\n\t\t\t<div class=\"vc_single_image-wrapper   vc_box_border_grey\"><img class=\"vc_single_image-img \" src=\"https:\/\/www.ebene-c.de\/wp-content\/uploads\/2021\/02\/why-natrue-2-550x500.png\" width=\"550\" height=\"500\" alt=\"why-natrue-2\" title=\"why-natrue-2\" \/><\/div>\n\t\t<\/figure>\n\t<\/div>\n<\/div><\/div><\/div><\/div><div class=\"vc_row wpb_row vc_row-fluid\"><div class=\"wpb_column vc_column_container vc_col-sm-12\"><div class=\"vc_column-inner\"><div class=\"wpb_wrapper\"><div class=\"vc_separator wpb_content_element vc_separator_align_center vc_sep_width_100 vc_sep_border_width_2 vc_sep_pos_align_center vc_separator_no_text vc_sep_color_black\" ><span class=\"vc_sep_holder vc_sep_holder_l\"><span  class=\"vc_sep_line\"><\/span><\/span><span class=\"vc_sep_holder vc_sep_holder_r\"><span  class=\"vc_sep_line\"><\/span><\/span>\n<\/div><\/div><\/div><\/div><\/div><div class=\"vc_row wpb_row vc_row-fluid\"><div class=\"wpb_column vc_column_container vc_col-sm-12\"><div class=\"vc_column-inner\"><div class=\"wpb_wrapper\"><\/div><\/div><\/div><\/div>\n","protected":false},"excerpt":{"rendered":"<p>Hintergrund In 2007 gegr\u00fcndet, war NATRUE f\u00fcr die Gr\u00fcndungsmitglieder Wala, Weleda, Laverana, Primavera, Logocos und Cep die L\u00f6sung f\u00fcr die fehlende internationale Definition f\u00fcr Natur-<span class=\"excerpt-hellip\"> [\u2026]<\/span><\/p>\n","protected":false},"author":1,"featured_media":0,"parent":0,"menu_order":0,"comment_status":"closed","ping_status":"closed","template":"","meta":[],"_links":{"self":[{"href":"https:\/\/www.ebene-c.de\/de_de\/wp-json\/wp\/v2\/pages\/2141"}],"collection":[{"href":"https:\/\/www.ebene-c.de\/de_de\/wp-json\/wp\/v2\/pages"}],"about":[{"href":"https:\/\/www.ebene-c.de\/de_de\/wp-json\/wp\/v2\/types\/page"}],"author":[{"embeddable":true,"href":"https:\/\/www.ebene-c.de\/de_de\/wp-json\/wp\/v2\/users\/1"}],"replies":[{"embeddable":true,"href":"https:\/\/www.ebene-c.de\/de_de\/wp-json\/wp\/v2\/comments?post=2141"}],"version-history":[{"count":3,"href":"https:\/\/www.ebene-c.de\/de_de\/wp-json\/wp\/v2\/pages\/2141\/revisions"}],"predecessor-version":[{"id":2260,"href":"https:\/\/www.ebene-c.de\/de_de\/wp-json\/wp\/v2\/pages\/2141\/revisions\/2260"}],"wp:attachment":[{"href":"https:\/\/www.ebene-c.de\/de_de\/wp-json\/wp\/v2\/media?parent=2141"}],"curies":[{"name":"wp","href":"https:\/\/api.w.org\/{rel}","templated":true}]}}