{"id":2152,"date":"2021-03-18T18:17:20","date_gmt":"2021-03-18T17:17:20","guid":{"rendered":"https:\/\/www.ebene-c.de\/?page_id=2152"},"modified":"2021-03-19T08:39:17","modified_gmt":"2021-03-19T07:39:17","slug":"adesso","status":"publish","type":"page","link":"https:\/\/www.ebene-c.de\/de_de\/adesso\/","title":{"rendered":"adesso"},"content":{"rendered":"<div class=\"vc_row wpb_row vc_row-fluid\"><div class=\"wpb_column vc_column_container vc_col-sm-6\"><div class=\"vc_column-inner\"><div class=\"wpb_wrapper\">\n\t<div class=\"wpb_text_column wpb_content_element \" >\n\t\t<div class=\"wpb_wrapper\">\n\t\t\t<h2>adesso SE<br \/>\n\/<br \/>\nWorkshopreihe f\u00fcr \u201eadesso Elf\u201c<\/h2>\n\n\t\t<\/div>\n\t<\/div>\n\n\t<div class=\"wpb_text_column wpb_content_element \" >\n\t\t<div class=\"wpb_wrapper\">\n\t\t\t<h4>_Erarbeitung Identit\u00e4t<br \/>\n_Konkretisierung Kommunikation<br \/>\n_Begleitung und Beratung<\/h4>\n\n\t\t<\/div>\n\t<\/div>\n<\/div><\/div><\/div><div class=\"wpb_column vc_column_container vc_col-sm-6\"><div class=\"vc_column-inner\"><div class=\"wpb_wrapper\">\n\t<div  class=\"wpb_single_image wpb_content_element vc_align_left  vc_custom_1616087825785\">\n\t\t\n\t\t<figure class=\"wpb_wrapper vc_figure\">\n\t\t\t<div class=\"vc_single_image-wrapper   vc_box_border_grey\"><img class=\"vc_single_image-img \" src=\"https:\/\/www.ebene-c.de\/wp-content\/uploads\/2021\/03\/She-for-IT_adesso-elf-500x302.jpg\" width=\"500\" height=\"302\" alt=\"She-for-IT_adesso-elf\" title=\"She-for-IT_adesso-elf\" \/><\/div>\n\t\t<\/figure>\n\t<\/div>\n<\/div><\/div><\/div><\/div><div class=\"vc_row wpb_row vc_row-fluid\"><div class=\"wpb_column vc_column_container vc_col-sm-6\"><div class=\"vc_column-inner\"><div class=\"wpb_wrapper\">\n\t<div class=\"wpb_text_column wpb_content_element \" >\n\t\t<div class=\"wpb_wrapper\">\n\t\t\t<div class=\"wpb_text_column wpb_content_element vc_custom_1538133902006\">\n<div class=\"wpb_wrapper\">\n<h4>Hintergrund<\/h4>\n<p>adesso SE ist mit rund 4.500 Mitarbeitenden einer der f\u00fchrenden IT-Dienstleister im deutschsprachigen Raum und hat sich mit der Initiative \u201eShe for IT\u201c die St\u00e4rkung und F\u00f6rderung von Frauen in der IT-Branche zum Ziel gesetzt. Eines der internen Programme: Elf adesso-Frauen mit Vorbildfunktion werden im Rahmen eines zweij\u00e4hrigen Coachings dabei begleitet, ihre beruflichen und pers\u00f6nlichen F\u00e4higkeiten gezielt weiterzuentwickeln.<\/p>\n<p><a href=\"http:\/\/www.adesso.de\">www.adesso.de<\/a><\/p>\n<h4>Aufgabe<\/h4>\n<p>Regelm\u00e4\u00dfig stattfindende Workshops sollen Einheit und Vielfalt der \u201eadesso Elf\u201c st\u00e4rken sowie ihre kommunikative Rolle mitgestalten.<\/p>\n<h4>L\u00f6sung<\/h4>\n<p>Vier Workshops werden im Zeitraum eines Jahres konzipiert, moderiert und dokumentiert. Entscheidend dabei: Der laufende Abgleich mit Zielen und Inhalten des Gesamtprogramms sowie W\u00fcnschen und Bedarfen der Teilnehmerinnen. Pandemiebedingt ist f\u00fcr Abwechslung zwischen realen Workshops und Zoom-Meetings gesorgt. Der Bogen spannt sich von der Entwicklung der Markenpers\u00f6nlichkeit \u00fcber das gemeinsame Zielbild zu Werten und Grunds\u00e4tzen. Es wird sowohl konzeptionell an Zielgruppen-Personas und Kommunikationsma\u00dfnahmen als auch an Elevator Pitches und Trainings f\u00fcr konkrete Eins\u00e4tze und Social Media Posts gearbeitet. Raum f\u00fcr Austausch, Diskussion und Vereinbarung n\u00e4chster Schritte kommt dabei nicht zu kurz. Das Projekt wird im Auftrag und in enger Kooperation mit der Agentur follow red durchgef\u00fchrt.<\/p>\n<\/div>\n<\/div>\n\n\t\t<\/div>\n\t<\/div>\n<\/div><\/div><\/div><div class=\"wpb_column vc_column_container vc_col-sm-6\"><div class=\"vc_column-inner\"><div class=\"wpb_wrapper\">\n\t<div class=\"wpb_text_column wpb_content_element \" >\n\t\t<div class=\"wpb_wrapper\">\n\t\t\t<div>\n<div>\n<h4><strong>Kundenstimmen<\/strong><\/h4>\n<p>\u201e<em>Ralph hat es schon im ersten Workshop geschafft, von der adesso Elf als \u201aHead of Workshops\u2018 akzeptiert zu werden. Mit ganzheitlichem Blick, spannenden Methoden und gutem Gesp\u00fcr f\u00fcr das Eingehen auf die Gruppe, hat er uns seitdem erfolgreich begleitet und wichtige Ergebnisse transparent gemacht. Danke f\u00fcr diesen wertvollen Anteil an unserem gro\u00dfen Ziel, die IT weiblicher zu machen!\u201c <\/em><\/p>\n<p>Daniela Steins, Corporate Communications Manager, adesso SE<\/p>\n<p>&nbsp;<\/p>\n<p><em>\u201eDas Kommunikationskonzept \u201aShe for IT\u2018 ist in unserer Agentur entstanden und Ralph war von Anfang an als Stratege und Konzeptioner mit dabei. Da war es klar, dass er als systemischer Moderator unser Team perfekt erg\u00e4nzen w\u00fcrde. Mit den Workshops sind wir einen Schritt weitergekommen, um die Kommunikation zu forcieren.\u201c<\/em><\/p>\n<p>Markus Schaupp, Group Head PR, follow red<\/p>\n<\/div>\n<\/div>\n\n\t\t<\/div>\n\t<\/div>\n\n\t<div  class=\"wpb_single_image wpb_content_element vc_align_left  vc_custom_1616087837408\">\n\t\t\n\t\t<figure class=\"wpb_wrapper vc_figure\">\n\t\t\t<div class=\"vc_single_image-wrapper   vc_box_border_grey\"><img class=\"vc_single_image-img \" src=\"https:\/\/www.ebene-c.de\/wp-content\/uploads\/2021\/03\/she4it-logo-orange_W343xH231_CUTOUT-340x231.png\" width=\"340\" height=\"231\" alt=\"she4it-logo-orange_W343xH231_CUTOUT\" title=\"she4it-logo-orange_W343xH231_CUTOUT\" \/><\/div>\n\t\t<\/figure>\n\t<\/div>\n<\/div><\/div><\/div><\/div><div class=\"vc_row wpb_row vc_row-fluid\"><div class=\"wpb_column vc_column_container vc_col-sm-12\"><div class=\"vc_column-inner\"><div class=\"wpb_wrapper\"><div class=\"vc_separator wpb_content_element vc_separator_align_center vc_sep_width_100 vc_sep_border_width_2 vc_sep_pos_align_center vc_separator_no_text vc_sep_color_black\" ><span class=\"vc_sep_holder vc_sep_holder_l\"><span  class=\"vc_sep_line\"><\/span><\/span><span class=\"vc_sep_holder vc_sep_holder_r\"><span  class=\"vc_sep_line\"><\/span><\/span>\n<\/div><\/div><\/div><\/div><\/div>\n","protected":false},"excerpt":{"rendered":"adesso SE \/ Workshopreihe f\u00fcr \u201eadesso Elf\u201c _Erarbeitung Identit\u00e4t _Konkretisierung Kommunikation _Begleitung und Beratung Hintergrund adesso SE ist mit rund 4.500 Mitarbeitenden einer der f\u00fchrenden<span class=\"excerpt-hellip\"> [\u2026]<\/span>","protected":false},"author":1,"featured_media":0,"parent":0,"menu_order":0,"comment_status":"closed","ping_status":"closed","template":"","meta":[],"_links":{"self":[{"href":"https:\/\/www.ebene-c.de\/de_de\/wp-json\/wp\/v2\/pages\/2152"}],"collection":[{"href":"https:\/\/www.ebene-c.de\/de_de\/wp-json\/wp\/v2\/pages"}],"about":[{"href":"https:\/\/www.ebene-c.de\/de_de\/wp-json\/wp\/v2\/types\/page"}],"author":[{"embeddable":true,"href":"https:\/\/www.ebene-c.de\/de_de\/wp-json\/wp\/v2\/users\/1"}],"replies":[{"embeddable":true,"href":"https:\/\/www.ebene-c.de\/de_de\/wp-json\/wp\/v2\/comments?post=2152"}],"version-history":[{"count":4,"href":"https:\/\/www.ebene-c.de\/de_de\/wp-json\/wp\/v2\/pages\/2152\/revisions"}],"predecessor-version":[{"id":2161,"href":"https:\/\/www.ebene-c.de\/de_de\/wp-json\/wp\/v2\/pages\/2152\/revisions\/2161"}],"wp:attachment":[{"href":"https:\/\/www.ebene-c.de\/de_de\/wp-json\/wp\/v2\/media?parent=2152"}],"curies":[{"name":"wp","href":"https:\/\/api.w.org\/{rel}","templated":true}]}}