{"id":2192,"date":"2021-08-31T10:00:15","date_gmt":"2021-08-31T08:00:15","guid":{"rendered":"https:\/\/www.ebene-c.de\/?page_id=2192"},"modified":"2021-08-31T11:15:19","modified_gmt":"2021-08-31T09:15:19","slug":"st_josefshaus","status":"publish","type":"page","link":"https:\/\/www.ebene-c.de\/de_de\/st_josefshaus\/","title":{"rendered":"St_Josefshaus"},"content":{"rendered":"<div class=\"vc_row wpb_row vc_row-fluid\"><div class=\"wpb_column vc_column_container vc_col-sm-6\"><div class=\"vc_column-inner\"><div class=\"wpb_wrapper\">\n\t<div class=\"wpb_text_column wpb_content_element \" >\n\t\t<div class=\"wpb_wrapper\">\n\t\t\t<h2>St. Josefshaus<br \/>\n\/<br \/>\nQuartiersentwicklung Markhof<\/h2>\n<h2><\/h2>\n\n\t\t<\/div>\n\t<\/div>\n\n\t<div class=\"wpb_text_column wpb_content_element \" >\n\t\t<div class=\"wpb_wrapper\">\n\t\t\t<h4>_Workshop zur Markenpositionierung<br \/>\n_Workshop zur inhaltlichen Entwicklung<br \/>\n_Erarbeitung Kommunikationskonzept<\/h4>\n\n\t\t<\/div>\n\t<\/div>\n<\/div><\/div><\/div><div class=\"wpb_column vc_column_container vc_col-sm-6\"><div class=\"vc_column-inner\"><div class=\"wpb_wrapper\">\n\t<div  class=\"wpb_single_image wpb_content_element vc_align_left  vc_custom_1630401303620\">\n\t\t\n\t\t<figure class=\"wpb_wrapper vc_figure\">\n\t\t\t<div class=\"vc_single_image-wrapper   vc_box_border_grey\"><img class=\"vc_single_image-img \" src=\"https:\/\/www.ebene-c.de\/wp-content\/uploads\/2021\/08\/Markhof-500x302.jpg\" width=\"500\" height=\"302\" alt=\"Markhof\" title=\"Markhof\" \/><\/div>\n\t\t<\/figure>\n\t<\/div>\n<\/div><\/div><\/div><\/div><div class=\"vc_row wpb_row vc_row-fluid\"><div class=\"wpb_column vc_column_container vc_col-sm-6\"><div class=\"vc_column-inner\"><div class=\"wpb_wrapper\">\n\t<div class=\"wpb_text_column wpb_content_element \" >\n\t\t<div class=\"wpb_wrapper\">\n\t\t\t<div class=\"wpb_text_column wpb_content_element vc_custom_1538133902006\">\n<div class=\"wpb_wrapper\">\n<h4>Hintergrund<\/h4>\n<p>Das St. Josefshaus begleitet Menschen mit Behinderungen mit rund 1.500 Mitarbeitenden an 15 Standorten und blickt auf eine bald 150-j\u00e4hrige Historie zur\u00fcck. Seine Marktposition unterstreicht das St. Josefshaus in der Region L\u00f6rrach und Umgebung mit dem Zertifikat \u201eGreat Place to Work\u00ae\u201c. Am historisch gewachsenen Standort \u201eMarkhof\u201c betreibt es Wohnh\u00e4user, Werkst\u00e4tten und F\u00f6rderbereiche f\u00fcr 120 Menschen mit Behinderungen. Gleichzeitig bietet die landschaftliche Ausnahme-Lage auch attraktive Perspektiven f\u00fcr Tourismus, Freizeit und Erholung. Hinzu kommen Interessen der P\u00e4chter von landwirtschaftlichen Nutzfl\u00e4chen, wie z.B. Bioland-Bauern. Mit dem Start der st\u00e4dtebaulichen \u00dcberplanung stellt man die Zukunfts-Weichen, um den Markhof ganzheitlich zu einem inklusiven Ort voller Vielfalt umzugestalten.<\/p>\n<p><a href=\"http:\/\/www.sankt-josefshaus.de\" target=\"_blank\" rel=\"noopener noreferrer\">www.sankt-josefshaus.de<\/a><\/p>\n<h4>Aufgabe<\/h4>\n<p>Der Markhof braucht eine klare Positionierung sowie eine verbindende, alleinstellende Identit\u00e4t: Wof\u00fcr soll er als Marke bzw. als \u201eHeimat\u201c f\u00fcr alle Menschen vor Ort stehen? Wohin wollen ihn die Beteiligten gemeinsam \u2013 auch im Dialog mit den angrenzenden Gemeinden \u2013 weiterentwickeln, um alle Potenziale und Synergien zu nutzen und noch besser zu kommunizieren?<\/p>\n<h4>L\u00f6sung<\/h4>\n<p>Im ersten Workshop mit den Entscheidern*innen werden strategische Fragen zur Positionierung des Markhofs verdichtet. Im Folge-Workshop erarbeiten und diskutieren Vertreter*innen aller beteiligten Interessensgruppen inklusive der Gemeinden inhaltliche W\u00fcnsche, Ideen, Zukunftsbilder und konkrete Ma\u00dfnahmen hierzu. Das daraus resultierende Kommunikationskonzept von ebene c mit Zielen, Zielgruppen, Kernbotschaften sowie ersten Ma\u00dfnahmen bef\u00e4higt das Markhof Projektteam, die Quartiersentwicklung mit operativen Arbeitspaketen wie Pressearbeit, Image- und Infobrosch\u00fcre, Webseite etc. kommunikativ zu begleiten.<\/p>\n<\/div>\n<\/div>\n\n\t\t<\/div>\n\t<\/div>\n<\/div><\/div><\/div><div class=\"wpb_column vc_column_container vc_col-sm-6\"><div class=\"vc_column-inner\"><div class=\"wpb_wrapper\">\n\t<div class=\"wpb_text_column wpb_content_element \" >\n\t\t<div class=\"wpb_wrapper\">\n\t\t\t<div>\n<div>\n<h4><strong>Kundenstimmen<\/strong><\/h4>\n<p><em>\u201eObwohl noch so einiges in Planung und noch wenig konkret ist, helfen die Ergebnisse der Workshops, die Positionierung des zuk\u00fcnftigen Markhof greifbar zu machen! Denn die von ebene c moderierte und professionell angeleitete Verdichtung erm\u00f6glicht es allen Beteiligten, ein einheitliches Bild im Kopf und die richtigen Aussagen parat zu haben. Ganz herzlichen Dank f\u00fcr die Begleitung bis hierher. Wir sind motiviert, klar aufgestellt und bereit f\u00fcr die n\u00e4chsten Schritte!\u201c<\/em><\/p>\n<p>Ralf Zwettler-Modrok, Leitung Wohnverbund Markhof<\/p>\n<\/div>\n<\/div>\n\n\t\t<\/div>\n\t<\/div>\n\n\t<div  class=\"wpb_single_image wpb_content_element vc_align_left  vc_custom_1630401315493\">\n\t\t\n\t\t<figure class=\"wpb_wrapper vc_figure\">\n\t\t\t<div class=\"vc_single_image-wrapper   vc_box_border_grey\"><img class=\"vc_single_image-img \" src=\"https:\/\/www.ebene-c.de\/wp-content\/uploads\/2021\/08\/Markhof-rockt-500x302.jpg\" width=\"500\" height=\"302\" alt=\"Markhof rockt\" title=\"Markhof rockt\" \/><\/div>\n\t\t<\/figure>\n\t<\/div>\n<\/div><\/div><\/div><\/div><div class=\"vc_row wpb_row vc_row-fluid\"><div class=\"wpb_column vc_column_container vc_col-sm-12\"><div class=\"vc_column-inner\"><div class=\"wpb_wrapper\"><div class=\"vc_separator wpb_content_element vc_separator_align_center vc_sep_width_100 vc_sep_border_width_2 vc_sep_pos_align_center vc_separator_no_text vc_sep_color_black\" ><span class=\"vc_sep_holder vc_sep_holder_l\"><span  class=\"vc_sep_line\"><\/span><\/span><span class=\"vc_sep_holder vc_sep_holder_r\"><span  class=\"vc_sep_line\"><\/span><\/span>\n<\/div><\/div><\/div><\/div><\/div>\n","protected":false},"excerpt":{"rendered":"St. Josefshaus \/ Quartiersentwicklung Markhof _Workshop zur Markenpositionierung _Workshop zur inhaltlichen Entwicklung _Erarbeitung Kommunikationskonzept Hintergrund Das St. Josefshaus begleitet Menschen mit Behinderungen mit rund 1.500<span class=\"excerpt-hellip\"> [\u2026]<\/span>","protected":false},"author":1,"featured_media":0,"parent":0,"menu_order":0,"comment_status":"closed","ping_status":"closed","template":"","meta":[],"_links":{"self":[{"href":"https:\/\/www.ebene-c.de\/de_de\/wp-json\/wp\/v2\/pages\/2192"}],"collection":[{"href":"https:\/\/www.ebene-c.de\/de_de\/wp-json\/wp\/v2\/pages"}],"about":[{"href":"https:\/\/www.ebene-c.de\/de_de\/wp-json\/wp\/v2\/types\/page"}],"author":[{"embeddable":true,"href":"https:\/\/www.ebene-c.de\/de_de\/wp-json\/wp\/v2\/users\/1"}],"replies":[{"embeddable":true,"href":"https:\/\/www.ebene-c.de\/de_de\/wp-json\/wp\/v2\/comments?post=2192"}],"version-history":[{"count":8,"href":"https:\/\/www.ebene-c.de\/de_de\/wp-json\/wp\/v2\/pages\/2192\/revisions"}],"predecessor-version":[{"id":2207,"href":"https:\/\/www.ebene-c.de\/de_de\/wp-json\/wp\/v2\/pages\/2192\/revisions\/2207"}],"wp:attachment":[{"href":"https:\/\/www.ebene-c.de\/de_de\/wp-json\/wp\/v2\/media?parent=2192"}],"curies":[{"name":"wp","href":"https:\/\/api.w.org\/{rel}","templated":true}]}}