{"id":2210,"date":"2021-10-04T16:29:01","date_gmt":"2021-10-04T14:29:01","guid":{"rendered":"https:\/\/www.ebene-c.de\/?page_id=2210"},"modified":"2024-11-26T15:21:37","modified_gmt":"2024-11-26T14:21:37","slug":"diakoniestation_hn","status":"publish","type":"page","link":"https:\/\/www.ebene-c.de\/de_de\/diakoniestation_hn\/","title":{"rendered":"Diakoniestation Heilbronn"},"content":{"rendered":"<div class=\"vc_row wpb_row vc_row-fluid\"><div class=\"wpb_column vc_column_container vc_col-sm-6\"><div class=\"vc_column-inner\"><div class=\"wpb_wrapper\">\n\t<div class=\"wpb_text_column wpb_content_element \" >\n\t\t<div class=\"wpb_wrapper\">\n\t\t\t<h2>Diakoniestation Heilbronn e.V.<br \/>\n\/<br \/>\nOrganisationentwicklung<\/h2>\n<h2><\/h2>\n\n\t\t<\/div>\n\t<\/div>\n\n\t<div class=\"wpb_text_column wpb_content_element \" >\n\t\t<div class=\"wpb_wrapper\">\n\t\t\t<h4>_Markenberatung<br \/>\n_Leitbild-Entwicklung<br \/>\n_Team- und Einzelcoaching<\/h4>\n\n\t\t<\/div>\n\t<\/div>\n<\/div><\/div><\/div><div class=\"wpb_column vc_column_container vc_col-sm-6\"><div class=\"vc_column-inner\"><div class=\"wpb_wrapper\">\n\t<div  class=\"wpb_single_image wpb_content_element vc_align_left  vc_custom_1732630858235\">\n\t\t\n\t\t<figure class=\"wpb_wrapper vc_figure\">\n\t\t\t<a class=\"\" data-lightbox=\"lightbox[rel-2210-18040085]\" href=\"https:\/\/www.ebene-c.de\/wp-content\/uploads\/2021\/10\/Leitbild.jpg\" target=\"_self\" class=\"vc_single_image-wrapper   vc_box_border_grey\"><img class=\"vc_single_image-img \" src=\"https:\/\/www.ebene-c.de\/wp-content\/uploads\/2021\/10\/Leitbild-700x302.jpg\" width=\"700\" height=\"302\" alt=\"Leitbild\" title=\"Leitbild\" \/><\/a>\n\t\t<\/figure>\n\t<\/div>\n<\/div><\/div><\/div><\/div><div class=\"vc_row wpb_row vc_row-fluid\"><div class=\"wpb_column vc_column_container vc_col-sm-6\"><div class=\"vc_column-inner\"><div class=\"wpb_wrapper\">\n\t<div class=\"wpb_text_column wpb_content_element \" >\n\t\t<div class=\"wpb_wrapper\">\n\t\t\t<div class=\"wpb_text_column wpb_content_element vc_custom_1538133902006\">\n<div class=\"wpb_wrapper\">\n<h4>Hintergrund<\/h4>\n<p>Die Diakoniestation Heilbronn hat ihren Ursprung in dem 1869 gegr\u00fcndeten \u201eEvangelischen Verein f\u00fcr Krankenpflegerinnen in Heilbronn\u201c. Heute begleiten rund 140 Fachkr\u00e4fte verschiedener Qualifikationen Menschen in Heilbronn beratend, pflegerisch, betreuend und im Haushalt. In Zahlen bedeutet das: rund 15.000 Eins\u00e4tze pro Monat.<\/p>\n<\/div>\n<p><a href=\"https:\/\/www.diakoniestation-heilbronn.de\/website\/de\/heilbronn_ev\">www.diakoniestation-heilbronn.de<\/a><\/p>\n<div class=\"wpb_wrapper\">\n<h4>Aufgabe<\/h4>\n<p>Die Herausforderungen in der ambulanten Pflege und Begleitung sind vielf\u00e4ltig: Die richtigen Mitarbeiter:innen finden und langfristig binden, das Angebot und die Werte klar und verst\u00e4ndlich kommunizieren, das Team und die Strukturen weiterentwickeln und dabei alle mitnehmen \u2026<br \/>\nOder kurz: Die Diakoniestation Heilbronn auf ihrem Weg in die Zukunft bei der Organisations- und Markenentwicklung begleiten und kommunikativ zu unterst\u00fctzen.<\/p>\n<h4>L\u00f6sung<\/h4>\n<p>ebene c begleitet die Diakoniestation seit 2015 in einem kontinuierlichen Beratungsprozess. Die wichtigsten Schritte sind dabei:<\/p>\n<p><strong>Positionierung und Markenentwicklung<br \/>\n<\/strong>In einer Workshop-Reihe entstand entlang des ebene c Markenmodells eine eindeutige Positionierung der Diakoniestation als Basis f\u00fcr alle internen und externen Kommunikationsma\u00dfnahmen und die zuk\u00fcnftige Weiterentwicklung des Vereins.<\/p>\n<p><strong>Workshop-Reihe zur Leitbildentwicklung<br \/>\n<\/strong>In einem mehrstufigen Prozess wurde erst mit dem Leitungsteam, dann mit allen Mitarbeiter:innen ein Leitbild entwickelt das in der t\u00e4glichen Arbeit handlungsweisende Leitplanken bietet und vor allem neuen Mitarbeiter:innen hilft, die werteorientierte Kultur der Diakonie Station Heilbronn zu leben.<br \/>\nDas finale Leitbild wurde von Graphictelling Marie H\u00fcbner (<a href=\"https:\/\/www.mariehuebner.de\">https:\/\/www.mariehuebner.de<\/a>) aus Hamburg auf sympathische und anschauliche Art in ein echtes Leit-\u201eBild\u201c \u00fcbersetzt, das so als Blickfang im Geb\u00e4ude \u00fcr Besucher:innen vor allem aber Mitarbeiter:innen leicht verst\u00e4ndlich immer pr\u00e4sent ist.<\/p>\n<p><strong>Weiterentwicklung Kommunikationsauftritt<br \/>\n<\/strong>Die neue Positionierung und das Leitbild bilden die Basis f\u00fcr den neuen kommunikativen Auftritt der Diakoniestation mit klar definierten Zielgruppen, Ma\u00dfnahmenpaketen rund um den neuen, mit ebene c entwickelten Claim: \u201eWir begleiten Leben!\u201c<br \/>\nMit Erfolg: Die Diakoniestation pr\u00e4sentiert sich klar und einzigartig mit gro\u00dfem Wiedererkennungswert in Brosch\u00fcren, im Netz und im Stra\u00dfenbild von Heilbronn.<\/p>\n<p><strong>Teamentwicklung<br \/>\n<\/strong>Ein kollegiales Miteinander, die Motivation der Mitarbeiter:innen und die gemeinsame Werteorientierung sind die Grundlage f\u00fcr ein nachhaltiges, erfolgreiches Arbeiten im Sinne der Klient:innen.<br \/>\nDeshalb werden in einem kontinuierlichen systemischen Teamentwicklungsprozess regelm\u00e4\u00dfig Sichtweisen ausgetauscht, Potenziale weiterentwickelt und bei Bedarf auch Konflikte gel\u00f6st.<\/p>\n<\/div>\n<\/div>\n\n\t\t<\/div>\n\t<\/div>\n<\/div><\/div><\/div><div class=\"wpb_column vc_column_container vc_col-sm-6\"><div class=\"vc_column-inner\"><div class=\"wpb_wrapper\">\n\t<div class=\"wpb_text_column wpb_content_element \" >\n\t\t<div class=\"wpb_wrapper\">\n\t\t\t<div>\n<div>\n<h4><strong>Kundenstimmen<\/strong><\/h4>\n<p>\u201eDas Besondere in der Zusammenarbeit mit Stefan Bohrmann ist, dass er durch seine strukturierende und gleichzeitig einf\u00fchlsame Art die Inhalte und Botschaften, die in unseren K\u00f6pfen \u201eschlummern\u201c, besprechbar macht und dann auch greifbar aufs Papier bringt. Die Verbindung aus Marketing-Know-how und systemischem Coaching machen ihn zu einem sehr wertvollen Berater oder besser gesagt Sparrings-Partner bei der Leitung der Diakoniestation. Das PLUS ist neben dieser absolut exzellenten Fachlichkeit seine Empathie, Authentizit\u00e4t und MESCHLICHKEIT vom feinsten\u201c!<\/p>\n<p><em>Gerald B\u00fcrkert<\/em>, Gesch\u00e4ftsf\u00fchrer<\/p>\n<\/div>\n<\/div>\n\n\t\t<\/div>\n\t<\/div>\n\n\t<div  class=\"wpb_single_image wpb_content_element vc_align_left  vc_custom_1633357345161\">\n\t\t\n\t\t<figure class=\"wpb_wrapper vc_figure\">\n\t\t\t<div class=\"vc_single_image-wrapper   vc_box_border_grey\"><img class=\"vc_single_image-img \" src=\"https:\/\/www.ebene-c.de\/wp-content\/uploads\/2021\/10\/Menschen-500x302.jpg\" width=\"500\" height=\"302\" alt=\"Menschen\" title=\"Menschen\" \/><\/div>\n\t\t<\/figure>\n\t<\/div>\n<\/div><\/div><\/div><\/div><div class=\"vc_row wpb_row vc_row-fluid\"><div class=\"wpb_column vc_column_container vc_col-sm-12\"><div class=\"vc_column-inner\"><div class=\"wpb_wrapper\"><div class=\"vc_separator wpb_content_element vc_separator_align_center vc_sep_width_100 vc_sep_border_width_2 vc_sep_pos_align_center vc_separator_no_text vc_sep_color_black\" ><span class=\"vc_sep_holder vc_sep_holder_l\"><span  class=\"vc_sep_line\"><\/span><\/span><span class=\"vc_sep_holder vc_sep_holder_r\"><span  class=\"vc_sep_line\"><\/span><\/span>\n<\/div><\/div><\/div><\/div><\/div>\n","protected":false},"excerpt":{"rendered":"Diakoniestation Heilbronn e.V. \/ Organisationentwicklung _Markenberatung _Leitbild-Entwicklung _Team- und Einzelcoaching Hintergrund Die Diakoniestation Heilbronn hat ihren Ursprung in dem 1869 gegr\u00fcndeten \u201eEvangelischen Verein f\u00fcr Krankenpflegerinnen<span class=\"excerpt-hellip\"> [\u2026]<\/span>","protected":false},"author":1,"featured_media":0,"parent":0,"menu_order":0,"comment_status":"closed","ping_status":"closed","template":"","meta":[],"_links":{"self":[{"href":"https:\/\/www.ebene-c.de\/de_de\/wp-json\/wp\/v2\/pages\/2210"}],"collection":[{"href":"https:\/\/www.ebene-c.de\/de_de\/wp-json\/wp\/v2\/pages"}],"about":[{"href":"https:\/\/www.ebene-c.de\/de_de\/wp-json\/wp\/v2\/types\/page"}],"author":[{"embeddable":true,"href":"https:\/\/www.ebene-c.de\/de_de\/wp-json\/wp\/v2\/users\/1"}],"replies":[{"embeddable":true,"href":"https:\/\/www.ebene-c.de\/de_de\/wp-json\/wp\/v2\/comments?post=2210"}],"version-history":[{"count":8,"href":"https:\/\/www.ebene-c.de\/de_de\/wp-json\/wp\/v2\/pages\/2210\/revisions"}],"predecessor-version":[{"id":3272,"href":"https:\/\/www.ebene-c.de\/de_de\/wp-json\/wp\/v2\/pages\/2210\/revisions\/3272"}],"wp:attachment":[{"href":"https:\/\/www.ebene-c.de\/de_de\/wp-json\/wp\/v2\/media?parent=2210"}],"curies":[{"name":"wp","href":"https:\/\/api.w.org\/{rel}","templated":true}]}}