{"id":2257,"date":"2022-05-23T10:23:07","date_gmt":"2022-05-23T08:23:07","guid":{"rendered":"https:\/\/www.ebene-c.de\/?page_id=2257"},"modified":"2022-05-23T10:23:07","modified_gmt":"2022-05-23T08:23:07","slug":"primavera-3","status":"publish","type":"page","link":"https:\/\/www.ebene-c.de\/de_de\/primavera-3\/","title":{"rendered":"Primavera"},"content":{"rendered":"<div class=\"vc_row wpb_row vc_row-fluid\"><div class=\"wpb_column vc_column_container vc_col-sm-6\"><div class=\"vc_column-inner\"><div class=\"wpb_wrapper\">\n\t<div class=\"wpb_text_column wpb_content_element \" >\n\t\t<div class=\"wpb_wrapper\">\n\t\t\t<h2>Primavera<br \/>\n\/<\/h2>\n<h2>Entwicklung Unternehmensstrategie<\/h2>\n\n\t\t<\/div>\n\t<\/div>\n\n\t<div class=\"wpb_text_column wpb_content_element \" >\n\t\t<div class=\"wpb_wrapper\">\n\t\t\t<h4><strong>_Markenpositionierung<br \/>\n<\/strong><strong>_Strategiedimensionen<br \/>\n<\/strong><strong>_Zuk\u00fcnftige Ausrichtung<\/strong><\/h4>\n\n\t\t<\/div>\n\t<\/div>\n<\/div><\/div><\/div><div class=\"wpb_column vc_column_container vc_col-sm-6\"><div class=\"vc_column-inner\"><div class=\"wpb_wrapper\">\n\t<div  class=\"wpb_single_image wpb_content_element vc_align_left  vc_custom_1652706250665\">\n\t\t\n\t\t<figure class=\"wpb_wrapper vc_figure\">\n\t\t\t<div class=\"vc_single_image-wrapper   vc_box_border_grey\"><img class=\"vc_single_image-img \" src=\"https:\/\/www.ebene-c.de\/wp-content\/uploads\/2022\/05\/Primavera_Referenz_ebene_c-500x302.png\" width=\"500\" height=\"302\" alt=\"Primavera_Referenz_ebene_c\" title=\"Primavera_Referenz_ebene_c\" \/><\/div>\n\t\t<\/figure>\n\t<\/div>\n<\/div><\/div><\/div><\/div><div class=\"vc_row wpb_row vc_row-fluid\"><div class=\"wpb_column vc_column_container vc_col-sm-6\"><div class=\"vc_column-inner\"><div class=\"wpb_wrapper\">\n\t<div class=\"wpb_text_column wpb_content_element \" >\n\t\t<div class=\"wpb_wrapper\">\n\t\t\t<div class=\"wpb_text_column wpb_content_element vc_custom_1538133902006\">\n<div class=\"wpb_wrapper\">\n<h4>Hintergrund<\/h4>\n<p>Primavera ist die Pionierin der Armomatherapie und Pflanzenkr\u00e4fte. Als Markt- und Qualit\u00e4tsf\u00fchrer begeistert Primavera seine Kund*innen mit der nat\u00fcrlichen Heilkraft dank herrlich duftender Pflanzen\u00f6le. Im umfassenden Markenportfolio des Unternehmens befinden sich insgesamt 800 Artikel in den Bereichen Duft- , K\u00f6rperpflege- und Gesichtsprodukten basierend auf \u00e4therischen \u00d6len.<\/p>\n<p>Das 1986 gegr\u00fcndete Unternehmen genie\u00dft einen hochgeachteten Qualit\u00e4tsruf, der sich in der Vielzahl an Auszeichnungen widerspiegelt: New Ethics Award, Unternehmerin des Jahres f\u00fcr Ute Leube, die Mit-Gr\u00fcnderin, Green Brands G\u00fctesiegel und Primavera als Marke des Jahrhunderts in 2015. Das eigens gebaute Firmengeb\u00e4ude ist klimaneutral und lockt mit seinem duftenden Blumengarten, dem Naturparadies, j\u00e4hrlich ca. 50.000 Besucher*innen vor Ort an.<\/p>\n<p>Primavera wurde mit dem\u00a0Deutschen Nachhaltigkeitspreis 2022\u00a0in der Kategorie Unternehmen ausgezeichnet worden. Mit mehr als 1.000 Bewerbungen z\u00e4hlt der Wettbewerb, der zum 14. Mal durchgef\u00fchrt wurde, zu den gr\u00f6\u00dften seiner Art in Europa und unterstreicht die Bedeutung von nachhaltigem, fairem Handeln und Wirtschaften von Primavera seit Unternehmensgr\u00fcndung.<\/p>\n<p><a href=\"https:\/\/www.primaveralife.com\/\" target=\"_blank\" rel=\"noopener\">www.primaveralife.com<\/a><\/p>\n<h4>Aufgabe<\/h4>\n<p>Begleitung bei der Entwicklung der Gesamt-Unternehmensstrategie und der darin enthaltenen Ausrichtung f\u00fcr F&amp;E, Produktion, Marketing, Vertrieb sowie Nachhaltigkeit f\u00fcr die n\u00e4chsten drei Jahre.<\/p>\n<h4>L\u00f6sung<\/h4>\n<p>Workshopreihe mit der Gesch\u00e4ftsf\u00fchrung- und leitenden F\u00fchrungskr\u00e4ften sowie kontinuierliche Begleitung zu zentralen Marken- und Marketingfragen. Nach umfangreicher Analyse der Ist-Situation gliederte ebene c den Entwicklungsprozess in die Module:<\/p>\n<ol>\n<li><span style=\"color: #000000;\">Weiterentwicklung der Primavera Markenpositionierung<\/span><\/li>\n<li><span style=\"color: #000000;\">Definition der Strategies\u00e4ulen (wie z.B. Marketing, F&amp;E, Supply Chain etc.) inkl. operativer Ziele und entsprechender KPIs.<\/span><\/li>\n<li><span style=\"color: #000000;\">Entwicklung von Strategien zur Kommunikation der zuk\u00fcnftigen Ausrichtung von PVL f\u00fcr alle Stakeholder.<\/span><\/li>\n<\/ol>\n<p>Ergebnis: Klar organisiertes Vorgehen, nachvollziehbare Struktur der Inhalte mit eindeutigen Verantwortlichkeiten.<\/p>\n<\/div>\n<\/div>\n\n\t\t<\/div>\n\t<\/div>\n<\/div><\/div><\/div><div class=\"wpb_column vc_column_container vc_col-sm-6\"><div class=\"vc_column-inner\"><div class=\"wpb_wrapper\">\n\t<div class=\"wpb_text_column wpb_content_element \" >\n\t\t<div class=\"wpb_wrapper\">\n\t\t\t<div>\n<div>\n<h4><strong>Kundenstimmen<\/strong><\/h4>\n<p><em>\u201eWas ich an Stefan Bohrmann besonders sch\u00e4tze sind drei Dinge: Er hat mich als Gr\u00fcnder, Unternehmer und Vision\u00e4r verstanden. Er beh\u00e4lt immer den \u00dcberblick, auch wenn es komplex war und wir diskussionsfreudig den Zeitplan ins Wanken brachten. Und: Seine wertsch\u00e4tzende, respekt- und humorvolle sowie spielerische Art, die geholfen hat, unser Team zu den richtigen Ergebnissen zu f\u00fchren.\u201c <\/em><\/p>\n<p><strong>Kurt Ludwig N\u00fcbling<br \/>\n<\/strong>Gr\u00fcnder &amp; Eigent\u00fcmer, Primavera Life<\/p>\n<p>&nbsp;<\/p>\n<p><em>\u201eDie Arbeit mit Stefan Bohrmann ist ein wichtiger Beitrag dazu, dass wir uns weiter als Marktf\u00fchrer positionieren. Sein hoher Qualit\u00e4tsanspruch, die intelligente und kreative Art, uns als Gruppe zu begleiten, ist genau das, was die Marke PRIMAVERA jetzt braucht.\u201c <\/em><\/p>\n<p><strong>\u00a0<\/strong><strong>Martin Frevert<br \/>\n<\/strong>Gesch\u00e4ftsf\u00fchrer, Primavera Life<\/p>\n<p>&nbsp;<\/p>\n<\/div>\n<\/div>\n\n\t\t<\/div>\n\t<\/div>\n\n\t<div  class=\"wpb_single_image wpb_content_element vc_align_left  vc_custom_1652706306959\">\n\t\t\n\t\t<figure class=\"wpb_wrapper vc_figure\">\n\t\t\t<div class=\"vc_single_image-wrapper   vc_box_border_grey\"><img class=\"vc_single_image-img \" src=\"https:\/\/www.ebene-c.de\/wp-content\/uploads\/2022\/05\/Facebook-Titelbild_Bilder_node25_Primavera-Garten-crop-1-500x340.jpg\" width=\"500\" height=\"340\" alt=\"Facebook Titelbild_Bilder_node25_Primavera - Garten crop 1\" title=\"Facebook Titelbild_Bilder_node25_Primavera - Garten crop 1\" \/><\/div>\n\t\t<\/figure>\n\t<\/div>\n<\/div><\/div><\/div><\/div><div class=\"vc_row wpb_row vc_row-fluid\"><div class=\"wpb_column vc_column_container vc_col-sm-12\"><div class=\"vc_column-inner\"><div class=\"wpb_wrapper\"><div class=\"vc_separator wpb_content_element vc_separator_align_center vc_sep_width_100 vc_sep_border_width_2 vc_sep_pos_align_center vc_separator_no_text vc_sep_color_black\" ><span class=\"vc_sep_holder vc_sep_holder_l\"><span  class=\"vc_sep_line\"><\/span><\/span><span class=\"vc_sep_holder vc_sep_holder_r\"><span  class=\"vc_sep_line\"><\/span><\/span>\n<\/div><\/div><\/div><\/div><\/div>\n","protected":false},"excerpt":{"rendered":"Primavera \/ Entwicklung Unternehmensstrategie _Markenpositionierung _Strategiedimensionen _Zuk\u00fcnftige Ausrichtung Hintergrund Primavera ist die Pionierin der Armomatherapie und Pflanzenkr\u00e4fte. Als Markt- und Qualit\u00e4tsf\u00fchrer begeistert Primavera seine Kund*innen<span class=\"excerpt-hellip\"> [\u2026]<\/span>","protected":false},"author":1,"featured_media":0,"parent":0,"menu_order":0,"comment_status":"closed","ping_status":"closed","template":"","meta":[],"_links":{"self":[{"href":"https:\/\/www.ebene-c.de\/de_de\/wp-json\/wp\/v2\/pages\/2257"}],"collection":[{"href":"https:\/\/www.ebene-c.de\/de_de\/wp-json\/wp\/v2\/pages"}],"about":[{"href":"https:\/\/www.ebene-c.de\/de_de\/wp-json\/wp\/v2\/types\/page"}],"author":[{"embeddable":true,"href":"https:\/\/www.ebene-c.de\/de_de\/wp-json\/wp\/v2\/users\/1"}],"replies":[{"embeddable":true,"href":"https:\/\/www.ebene-c.de\/de_de\/wp-json\/wp\/v2\/comments?post=2257"}],"version-history":[{"count":1,"href":"https:\/\/www.ebene-c.de\/de_de\/wp-json\/wp\/v2\/pages\/2257\/revisions"}],"predecessor-version":[{"id":2258,"href":"https:\/\/www.ebene-c.de\/de_de\/wp-json\/wp\/v2\/pages\/2257\/revisions\/2258"}],"wp:attachment":[{"href":"https:\/\/www.ebene-c.de\/de_de\/wp-json\/wp\/v2\/media?parent=2257"}],"curies":[{"name":"wp","href":"https:\/\/api.w.org\/{rel}","templated":true}]}}