{"id":2268,"date":"2022-07-07T11:29:56","date_gmt":"2022-07-07T09:29:56","guid":{"rendered":"https:\/\/www.ebene-c.de\/?page_id=2268"},"modified":"2025-03-24T12:00:46","modified_gmt":"2025-03-24T11:00:46","slug":"leistungen-2","status":"publish","type":"page","link":"https:\/\/www.ebene-c.de\/de_de\/leistungen-2\/","title":{"rendered":"Leistungen_2022"},"content":{"rendered":"<div class=\"vc_row wpb_row vc_row-fluid vc_custom_1657110973093 vc_row-has-fill\"><div class=\"wpb_column vc_column_container vc_col-sm-12\"><div class=\"vc_column-inner\"><div class=\"wpb_wrapper\"><div class=\"vc_row wpb_row vc_inner vc_row-fluid\"><div class=\"wpb_column vc_column_container vc_col-sm-8\"><div class=\"vc_column-inner\"><div class=\"wpb_wrapper\">\n\t<div class=\"wpb_text_column wpb_content_element  vc_custom_1742814035692\" >\n\t\t<div class=\"wpb_wrapper\">\n\t\t\t<h1><strong>Change.<br \/>\nWir nennen es wirksame Weiter\u00adentwicklung.<\/strong><\/h1>\n\n\t\t<\/div>\n\t<\/div>\n<\/div><\/div><\/div><div class=\"wpb_column vc_column_container vc_col-sm-4\"><div class=\"vc_column-inner\"><div class=\"wpb_wrapper\"><\/div><\/div><\/div><\/div><div class=\"vc_row wpb_row vc_inner vc_row-fluid vc_custom_1676899294310\"><div class=\"wpb_column vc_column_container vc_col-sm-6\"><div class=\"vc_column-inner\"><div class=\"wpb_wrapper\">\n\t<div  class=\"wpb_single_image wpb_content_element vc_align_left\">\n\t\t\n\t\t<figure class=\"wpb_wrapper vc_figure\">\n\t\t\t<div class=\"vc_single_image-wrapper   vc_box_border_grey\"><img class=\"vc_single_image-img \" src=\"https:\/\/www.ebene-c.de\/wp-content\/uploads\/2022\/09\/wirksame_weiterentwicklung_ebene-c-600x500.png\" width=\"600\" height=\"500\" alt=\"wirksame_weiterentwicklung_ebene-c\" title=\"wirksame_weiterentwicklung_ebene-c\" \/><\/div>\n\t\t<\/figure>\n\t<\/div>\n<\/div><\/div><\/div><div class=\"wpb_column vc_column_container vc_col-sm-6\"><div class=\"vc_column-inner vc_custom_1662042211468\"><div class=\"wpb_wrapper\">\n\t<div class=\"wpb_text_column wpb_content_element  vc_custom_1662042351101\" >\n\t\t<div class=\"wpb_wrapper\">\n\t\t\t<p>Unsere Welt ver\u00e4ndert sich mit steigender Geschwindigkeit und damit auch Unternehmen und Organisationen. ebene c begleitet Marken und Menschen dabei, diese Ver\u00e4nderungen f\u00fcr ihre wirksame Weiterentwicklung zu nutzen: sp\u00fcrbar, messbar, lebendig und nachhaltig.<\/p>\n<p>&nbsp;<\/p>\n<p>Dabei wird das Zusammenspiel folgender Dimensionen betrachtet:<\/p>\n<p>_Klares Zukunftsbild<\/p>\n<p>_Bewusste Kommunikation<\/p>\n<p>_Kultur der Eigenverantwortung<\/p>\n\n\t\t<\/div>\n\t<\/div>\n<\/div><\/div><\/div><\/div><div class=\"vc_row wpb_row vc_inner vc_row-fluid vc_custom_1662041900418\"><div class=\"wpb_column vc_column_container vc_col-sm-8\"><div class=\"vc_column-inner\"><div class=\"wpb_wrapper\">\n\t<div class=\"wpb_text_column wpb_content_element  vc_custom_1676899237536\" >\n\t\t<div class=\"wpb_wrapper\">\n\t\t\t<h1><strong>Dimensionen der<\/strong><br \/>\n<strong>wirksamen Weiterentwicklung<\/strong><\/h1>\n\n\t\t<\/div>\n\t<\/div>\n<\/div><\/div><\/div><div class=\"wpb_column vc_column_container vc_col-sm-4\"><div class=\"vc_column-inner\"><div class=\"wpb_wrapper\"><\/div><\/div><\/div><\/div><div class=\"vc_row wpb_row vc_inner vc_row-fluid\"><div class=\"wpb_column vc_column_container vc_col-sm-4\"><div class=\"vc_column-inner\"><div class=\"wpb_wrapper\">\n\t<div  class=\"wpb_single_image wpb_content_element vc_align_left\">\n\t\t\n\t\t<figure class=\"wpb_wrapper vc_figure\">\n\t\t\t<div class=\"vc_single_image-wrapper   vc_box_border_grey\"><img class=\"vc_single_image-img \" src=\"https:\/\/www.ebene-c.de\/wp-content\/uploads\/2022\/07\/ebene-c_Weiterentwicklung_1-320x320.jpg\" width=\"320\" height=\"320\" alt=\"ebene-c_Weiterentwicklung_1\" title=\"ebene-c_Weiterentwicklung_1\" \/><\/div>\n\t\t<\/figure>\n\t<\/div>\n<\/div><\/div><\/div><div class=\"wpb_column vc_column_container vc_col-sm-8\"><div class=\"vc_column-inner\"><div class=\"wpb_wrapper\">\n\t<div class=\"wpb_text_column wpb_content_element  vc_custom_1662035963122\" >\n\t\t<div class=\"wpb_wrapper\">\n\t\t\t<h4><strong>Klares Zukunftsbild<\/strong><\/h4>\n<p>Ein gemeinsam entwickeltes Bild der Zukunft &#8211; ausgedr\u00fcckt durch Positionierung, Unternehmensstrategie und\/oder Purpose &#8211; geh\u00f6rt nicht in die Schublade, sondern als lebendige Orientierungshilfe in die t\u00e4gliche Arbeit.<\/p>\n<p><span style=\"color: #79a6bc;\">Typische Fragen:<\/span><\/p>\n<ul>\n<li><span style=\"color: #000000;\"><em>Wo stehen wir heute, wo wollen wir morgen sein? <\/em><\/span><\/li>\n<li><span style=\"color: #000000;\"><em>Wie k\u00f6nnen wir uns klarer am Markt positionieren und unser Unternehmen weiterentwickeln?<\/em><\/span><\/li>\n<li><span style=\"color: #000000;\"><em>Woran merken wir, dass wir auf dem richtigen Kurs sind?<\/em><\/span><\/li>\n<\/ul>\n<p><span style=\"color: #79a6bc;\">Schlagworte: <\/span><\/p>\n<p>Strategie Entwicklung, Purpose Driven Strategy, Leitbild, Vision, Mission, Philosophie<\/p>\n\n\t\t<\/div>\n\t<\/div>\n<\/div><\/div><\/div><\/div><div class=\"vc_row wpb_row vc_inner vc_row-fluid\"><div class=\"wpb_column vc_column_container vc_col-sm-4\"><div class=\"vc_column-inner\"><div class=\"wpb_wrapper\">\n\t<div  class=\"wpb_single_image wpb_content_element vc_align_left\">\n\t\t\n\t\t<figure class=\"wpb_wrapper vc_figure\">\n\t\t\t<div class=\"vc_single_image-wrapper   vc_box_border_grey\"><img class=\"vc_single_image-img \" src=\"https:\/\/www.ebene-c.de\/wp-content\/uploads\/2022\/08\/IMG_5421-320x320.jpg\" width=\"320\" height=\"320\" alt=\"IMG_5421\" title=\"IMG_5421\" \/><\/div>\n\t\t<\/figure>\n\t<\/div>\n<\/div><\/div><\/div><div class=\"wpb_column vc_column_container vc_col-sm-8\"><div class=\"vc_column-inner\"><div class=\"wpb_wrapper\">\n\t<div class=\"wpb_text_column wpb_content_element  vc_custom_1662036020621\" >\n\t\t<div class=\"wpb_wrapper\">\n\t\t\t<h4><strong>Bewusste Kommunikation<\/strong><\/h4>\n<p>Wertsch\u00e4tzung, Offenheit und Empathie schaffen neben klar definierten Rollen und Zielen die Basis f\u00fcr vertrauensvolle Kommunikation zwischen Mitarbeiter:innen, Partner:innen und Kund:innen.<\/p>\n<p><span style=\"color: #79a6bc;\">Typische Fragen:<\/span><\/p>\n<ul>\n<li><span style=\"color: #000000;\"><em>Wie schaffen wir eine Atmosph\u00e4re f\u00fcr Verst\u00e4ndnis und konstruktive Auseinandersetzung?<\/em><\/span><\/li>\n<li><span style=\"color: #000000;\"><em>Wie kommen unsere Botschaften besser bei unseren Kund:innen an?<\/em><\/span><\/li>\n<li><span style=\"color: #000000;\"><em>Wie gewinnen wir neue Mitarbeiter:innen und binden die bestehenden? <\/em><\/span><\/li>\n<\/ul>\n<p><span style=\"color: #79a6bc;\">Schlagworte:<\/span><\/p>\n<p>Kernbotschaften, Feedback, Einzel- und Teamcoaching, Employer Branding<\/p>\n\n\t\t<\/div>\n\t<\/div>\n<\/div><\/div><\/div><\/div><div class=\"vc_row wpb_row vc_inner vc_row-fluid\"><div class=\"wpb_column vc_column_container vc_col-sm-4\"><div class=\"vc_column-inner\"><div class=\"wpb_wrapper\">\n\t<div  class=\"wpb_single_image wpb_content_element vc_align_left\">\n\t\t\n\t\t<figure class=\"wpb_wrapper vc_figure\">\n\t\t\t<div class=\"vc_single_image-wrapper   vc_box_border_grey\"><img class=\"vc_single_image-img \" src=\"https:\/\/www.ebene-c.de\/wp-content\/uploads\/2022\/08\/IMG_5443-1-320x320.jpg\" width=\"320\" height=\"320\" alt=\"IMG_5443\" title=\"IMG_5443\" \/><\/div>\n\t\t<\/figure>\n\t<\/div>\n<\/div><\/div><\/div><div class=\"wpb_column vc_column_container vc_col-sm-8\"><div class=\"vc_column-inner\"><div class=\"wpb_wrapper\">\n\t<div class=\"wpb_text_column wpb_content_element  vc_custom_1666852331380\" >\n\t\t<div class=\"wpb_wrapper\">\n\t\t\t<h4><strong>Kultur der Eigenverantwortung<\/strong><\/h4>\n<p>Abgeben und \u00dcbernehmen von Verantwortung pr\u00e4gt eine Kultur des Miteinanders, in der sich Menschen und Teams nicht hinter Strukturen, Prozessen oder Hierarchien verstecken, sondern wirklich mitgestalten.<\/p>\n<p><span style=\"color: #79a6bc;\">Typische Fragen:<\/span><\/p>\n<ul>\n<li><em><span style=\"color: #000000;\">Welche F\u00fchrungs- oder Handlungsleitlinien k\u00f6nnen uns helfen?<\/span><\/em><\/li>\n<li><em><span style=\"color: #000000;\">Wie gut lernen wir gemeinsam aus Fehlern \/ Wie gut sind wir als lernendes System?<\/span><\/em><\/li>\n<li><em><span style=\"color: #000000;\">Welche Prozesse f\u00f6rdern oder behindern unsere Agilit\u00e4t?<\/span><\/em><\/li>\n<\/ul>\n<p><span style=\"color: #79a6bc;\">Schlagworte:<\/span><\/p>\n<p>Entscheidungsfindung, Vertrauen, Verantwortung, Ownership, Rollendefinition, Identit\u00e4t<\/p>\n\n\t\t<\/div>\n\t<\/div>\n<\/div><\/div><\/div><\/div><\/div><\/div><\/div><\/div><div class=\"vc_row wpb_row vc_row-fluid\"><div class=\"wpb_column vc_column_container vc_col-sm-12\"><div class=\"vc_column-inner\"><div class=\"wpb_wrapper\"><div class=\"vc_separator wpb_content_element vc_separator_align_center vc_sep_width_100 vc_sep_border_width_2 vc_sep_pos_align_center vc_separator_no_text vc_sep_color_black\" ><span class=\"vc_sep_holder vc_sep_holder_l\"><span  class=\"vc_sep_line\"><\/span><\/span><span class=\"vc_sep_holder vc_sep_holder_r\"><span  class=\"vc_sep_line\"><\/span><\/span>\n<\/div><\/div><\/div><\/div><\/div>\n","protected":false},"excerpt":{"rendered":"Change. Wir nennen es wirksame Weiter\u00adentwicklung. Unsere Welt ver\u00e4ndert sich mit steigender Geschwindigkeit und damit auch Unternehmen und Organisationen. ebene c begleitet Marken und Menschen<span class=\"excerpt-hellip\"> [\u2026]<\/span>","protected":false},"author":1,"featured_media":0,"parent":0,"menu_order":0,"comment_status":"closed","ping_status":"closed","template":"","meta":[],"_links":{"self":[{"href":"https:\/\/www.ebene-c.de\/de_de\/wp-json\/wp\/v2\/pages\/2268"}],"collection":[{"href":"https:\/\/www.ebene-c.de\/de_de\/wp-json\/wp\/v2\/pages"}],"about":[{"href":"https:\/\/www.ebene-c.de\/de_de\/wp-json\/wp\/v2\/types\/page"}],"author":[{"embeddable":true,"href":"https:\/\/www.ebene-c.de\/de_de\/wp-json\/wp\/v2\/users\/1"}],"replies":[{"embeddable":true,"href":"https:\/\/www.ebene-c.de\/de_de\/wp-json\/wp\/v2\/comments?post=2268"}],"version-history":[{"count":120,"href":"https:\/\/www.ebene-c.de\/de_de\/wp-json\/wp\/v2\/pages\/2268\/revisions"}],"predecessor-version":[{"id":3498,"href":"https:\/\/www.ebene-c.de\/de_de\/wp-json\/wp\/v2\/pages\/2268\/revisions\/3498"}],"wp:attachment":[{"href":"https:\/\/www.ebene-c.de\/de_de\/wp-json\/wp\/v2\/media?parent=2268"}],"curies":[{"name":"wp","href":"https:\/\/api.w.org\/{rel}","templated":true}]}}