{"id":2491,"date":"2022-11-13T10:48:50","date_gmt":"2022-11-13T09:48:50","guid":{"rendered":"https:\/\/www.ebene-c.de\/?page_id=2491"},"modified":"2022-11-14T13:29:52","modified_gmt":"2022-11-14T12:29:52","slug":"cbs","status":"publish","type":"page","link":"https:\/\/www.ebene-c.de\/de_de\/cbs\/","title":{"rendered":"CBS"},"content":{"rendered":"<div class=\"vc_row wpb_row vc_row-fluid\"><div class=\"wpb_column vc_column_container vc_col-sm-6\"><div class=\"vc_column-inner\"><div class=\"wpb_wrapper\">\n\t<div class=\"wpb_text_column wpb_content_element \" >\n\t\t<div class=\"wpb_wrapper\">\n\t\t\t<h2><strong>CBS International Business School<\/strong><\/h2>\n<h2>\/<\/h2>\n<h2><strong>Begleitung Integrationsprozess<\/strong><\/h2>\n\n\t\t<\/div>\n\t<\/div>\n\n\t<div class=\"wpb_text_column wpb_content_element \" >\n\t\t<div class=\"wpb_wrapper\">\n\t\t\t<h4><strong>_Strategische Beratung GF und Projektteam<br \/>\n<\/strong><strong>_Formate zur Mitarbeitenden-Integration<br \/>\n<\/strong><strong>_Moderation Workshops und Barcamps<\/strong><\/h4>\n<h4><strong>\u00a0<\/strong><\/h4>\n\n\t\t<\/div>\n\t<\/div>\n<\/div><\/div><\/div><div class=\"wpb_column vc_column_container vc_col-sm-6\"><div class=\"vc_column-inner\"><div class=\"wpb_wrapper\">\n\t<div  class=\"wpb_single_image wpb_content_element vc_align_left  vc_custom_1668428984329\">\n\t\t\n\t\t<figure class=\"wpb_wrapper vc_figure\">\n\t\t\t<div class=\"vc_single_image-wrapper   vc_box_border_grey\"><img class=\"vc_single_image-img \" src=\"https:\/\/www.ebene-c.de\/wp-content\/uploads\/2022\/11\/Interne-Kampagne_Mehr-Vielfalt-fu\u0308r-dich-e1668428655268-450x600.png\" width=\"450\" height=\"600\" alt=\"Interne Kampagne_Mehr Vielfalt fu\u0308r dich\" title=\"Interne Kampagne_Mehr Vielfalt fu\u0308r dich\" \/><\/div>\n\t\t<\/figure>\n\t<\/div>\n<\/div><\/div><\/div><\/div><div class=\"vc_row wpb_row vc_row-fluid\"><div class=\"wpb_column vc_column_container vc_col-sm-6\"><div class=\"vc_column-inner\"><div class=\"wpb_wrapper\">\n\t<div class=\"wpb_text_column wpb_content_element \" >\n\t\t<div class=\"wpb_wrapper\">\n\t\t\t<div class=\"wpb_text_column wpb_content_element vc_custom_1538133902006\">\n<div class=\"wpb_wrapper\">\n<h4>Hintergrund<\/h4>\n<p>Mit der Integration zweier erfolgreicher, der Klett Gruppe zugeh\u00f6riger Hochschulen, soll unter dem Dach der CBS International Business School eine gro\u00dfe Management-Hochschule mit \u00fcber 3.000 Studierenden und 250 Mitarbeitenden in Fakult\u00e4t und Verwaltung an 7 Standorten entstehen. Die in K\u00f6ln ans\u00e4ssige CBS ist eine international ausgerichtete private Wirtschaftshochschule, in die nun der Managementbereich der EUFH mit seinen dualen und berufsbegleitenden Studieng\u00e4ngen integriert wird. Die EUFH konzentriert sich zuk\u00fcnftig auf die Felder Gesundheit und Soziales. F\u00fcr das interne Projekt mit dem Titel \u201ezusammen.wachsen\u201c wird von der Verk\u00fcndung der Integration bis zum formalen \u00dcbergang Anfang 2022 ein Zeitraum von rund 7 Monaten angesetzt.<\/p>\n<p><a href=\"http:\/\/www.cbs.de\" target=\"_blank\" rel=\"noopener\">www.cbs.de<\/a><\/p>\n<h4>Aufgabe<\/h4>\n<p>Externe Prozessbegleitung und Moderation des \u201ezusammen.wachsen\u201c:<\/p>\n<p>_Integration der Mitarbeitenden bei der Konstitution einer neuen Aufbau- und Ablauforganisation<\/p>\n<p>_Zusammenf\u00fchrung und Weiterentwicklung des Produktportfolios<\/p>\n<p>_Ausrollen Gesamtstrategie durch die Durchf\u00fchrung zielgerichteter Arbeitsgruppen und Workshops<\/p>\n<p>_Abstimmung und Beratung Projektgruppe in w\u00f6chentlichen Jour-Fixen<\/p>\n<p>_Unterst\u00fctzung regelm\u00e4\u00dfige interne Kommunikation mit allen Mitarbeitenden<\/p>\n<p>&nbsp;<\/p>\n<h4>L\u00f6sung<\/h4>\n<p>Entwicklung und Durchf\u00fchrung partizipativer Formate entlang Roadmap (06\/21-01\/22):<\/p>\n<p>_Mitarbeiter-Barcamp 1 zur Frage \u201eWie wollen wir zuk\u00fcnftig gemeinsam sein?\u201c<\/p>\n<p>_14 Workshops (teils online, teils in Pr\u00e4senz) in den Themenbl\u00f6cken Fakult\u00e4t, Marketing &amp; Vertrieb, Hochschulmanagement und \u00fcbergeordnete Themen<\/p>\n<p>_Mitarbeiter-Barcamp 2 (\u201eHalbzeit\u201c) zur Vorstellung Organigramm, Status inhaltliche Integration und Sammlung Fragen und Meinungen<\/p>\n<p>_Virtual Welcome 2022: Einst\u00fcndige Talkrunde der GF zur Begr\u00fc\u00dfung aller Mitarbeitenden nach formalem \u00dcbergang<\/p>\n<p>&nbsp;<\/p>\n<p><strong>Ergebnis als anonymes Stimmungsbild unter Mitarbeitenden:<\/strong><\/p>\n<p>_ca. 75% stimmen zu: \u201eDas zusammen.wachsen gelingt aus meiner Sicht bisher optimal.\u201c (Kulturelle Integration)<\/p>\n<p>_ca. 84% stimmen zu: \u201eDie wichtigsten Themen sind erkannt und werden angegangen.\u201c (Inhaltliche Integration)<\/p>\n<p>_ca. 72% stimmen zu: \u201eIch finde mich in der Organisation wieder und f\u00fchle mich damit wohl.\u201c (Strukturelle Integration)<\/p>\n<\/div>\n<\/div>\n\n\t\t<\/div>\n\t<\/div>\n<\/div><\/div><\/div><div class=\"wpb_column vc_column_container vc_col-sm-6\"><div class=\"vc_column-inner\"><div class=\"wpb_wrapper\">\n\t<div class=\"wpb_text_column wpb_content_element \" >\n\t\t<div class=\"wpb_wrapper\">\n\t\t\t<div>\n<div>\n<h4><strong>Kundenstimme<\/strong><\/h4>\n<p><em>\u201eInsgesamt ist festzustellen, dass wir eine hohe Akzeptanz erreicht haben. Verglichen mit vielen anderen Change Projekten darf diese Leistung des Projektteams als herausragend bezeichnet werden. Wir sind mit unserer Weiterentwicklung noch lange nicht fertig, haben aber einige wichtige Meilensteine gesetzt. Ralph hat uns mit seinem konstruktiv kritischen Blick von au\u00dfen, seinen dramaturgisch immer passenden Drehb\u00fcchern und seiner perspektiven- und methodenreichern Moderation dabei sehr gut unterst\u00fctzt und begleitet.\u201c<\/em><\/p>\n<p>Prof. Dr. Uwe-Wilhelm Bloos, Managing Director CBS<\/p>\n<\/div>\n<\/div>\n\n\t\t<\/div>\n\t<\/div>\n\n\t<div  class=\"wpb_single_image wpb_content_element vc_align_left  vc_custom_1668332691050\">\n\t\t\n\t\t<figure class=\"wpb_wrapper vc_figure\">\n\t\t\t<div class=\"vc_single_image-wrapper   vc_box_border_grey\"><img class=\"vc_single_image-img \" src=\"https:\/\/www.ebene-c.de\/wp-content\/uploads\/2022\/11\/PM_Semesterero\u0308ffnung-Ko\u0308ln-500x340.jpg\" width=\"500\" height=\"340\" alt=\"PM_Semesterero\u0308ffnung Ko\u0308ln\" title=\"PM_Semesterero\u0308ffnung Ko\u0308ln\" \/><\/div>\n\t\t<\/figure>\n\t<\/div>\n<\/div><\/div><\/div><\/div><div class=\"vc_row wpb_row vc_row-fluid\"><div class=\"wpb_column vc_column_container vc_col-sm-12\"><div class=\"vc_column-inner\"><div class=\"wpb_wrapper\"><div class=\"vc_separator wpb_content_element vc_separator_align_center vc_sep_width_100 vc_sep_border_width_2 vc_sep_pos_align_center vc_separator_no_text vc_sep_color_black\" ><span class=\"vc_sep_holder vc_sep_holder_l\"><span  class=\"vc_sep_line\"><\/span><\/span><span class=\"vc_sep_holder vc_sep_holder_r\"><span  class=\"vc_sep_line\"><\/span><\/span>\n<\/div><\/div><\/div><\/div><\/div>\n","protected":false},"excerpt":{"rendered":"CBS International Business School \/ Begleitung Integrationsprozess _Strategische Beratung GF und Projektteam _Formate zur Mitarbeitenden-Integration _Moderation Workshops und Barcamps \u00a0 Hintergrund Mit der Integration zweier<span class=\"excerpt-hellip\"> [\u2026]<\/span>","protected":false},"author":1,"featured_media":0,"parent":0,"menu_order":0,"comment_status":"closed","ping_status":"closed","template":"","meta":[],"_links":{"self":[{"href":"https:\/\/www.ebene-c.de\/de_de\/wp-json\/wp\/v2\/pages\/2491"}],"collection":[{"href":"https:\/\/www.ebene-c.de\/de_de\/wp-json\/wp\/v2\/pages"}],"about":[{"href":"https:\/\/www.ebene-c.de\/de_de\/wp-json\/wp\/v2\/types\/page"}],"author":[{"embeddable":true,"href":"https:\/\/www.ebene-c.de\/de_de\/wp-json\/wp\/v2\/users\/1"}],"replies":[{"embeddable":true,"href":"https:\/\/www.ebene-c.de\/de_de\/wp-json\/wp\/v2\/comments?post=2491"}],"version-history":[{"count":21,"href":"https:\/\/www.ebene-c.de\/de_de\/wp-json\/wp\/v2\/pages\/2491\/revisions"}],"predecessor-version":[{"id":2525,"href":"https:\/\/www.ebene-c.de\/de_de\/wp-json\/wp\/v2\/pages\/2491\/revisions\/2525"}],"wp:attachment":[{"href":"https:\/\/www.ebene-c.de\/de_de\/wp-json\/wp\/v2\/media?parent=2491"}],"curies":[{"name":"wp","href":"https:\/\/api.w.org\/{rel}","templated":true}]}}