{"id":2529,"date":"2022-12-15T14:31:19","date_gmt":"2022-12-15T13:31:19","guid":{"rendered":"https:\/\/www.ebene-c.de\/?page_id=2529"},"modified":"2022-12-15T16:05:24","modified_gmt":"2022-12-15T15:05:24","slug":"nexensos","status":"publish","type":"page","link":"https:\/\/www.ebene-c.de\/de_de\/nexensos\/","title":{"rendered":"Nexensos"},"content":{"rendered":"<div class=\"vc_row wpb_row vc_row-fluid\"><div class=\"wpb_column vc_column_container vc_col-sm-6\"><div class=\"vc_column-inner\"><div class=\"wpb_wrapper\">\n\t<div class=\"wpb_text_column wpb_content_element \" >\n\t\t<div class=\"wpb_wrapper\">\n\t\t\t<h2><strong>Heraeus Nexensos<br \/>\n<\/strong>\/<br \/>\n<strong>Brand Buildung <\/strong><\/h2>\n\n\t\t<\/div>\n\t<\/div>\n\n\t<div class=\"wpb_text_column wpb_content_element \" >\n\t\t<div class=\"wpb_wrapper\">\n\t\t\t<h4>_Internationale Markenpositionierung<br \/>\n_Digital und partizipativ<br \/>\n_Purpose, Positioning, Tools, Roadmap<\/h4>\n<h4><strong>\u00a0<\/strong><\/h4>\n<h4><strong>\u00a0<\/strong><\/h4>\n\n\t\t<\/div>\n\t<\/div>\n<\/div><\/div><\/div><div class=\"wpb_column vc_column_container vc_col-sm-6\"><div class=\"vc_column-inner\"><div class=\"wpb_wrapper\">\n\t<div  class=\"wpb_single_image wpb_content_element vc_align_left  vc_custom_1671113282201\">\n\t\t\n\t\t<figure class=\"wpb_wrapper vc_figure\">\n\t\t\t<div class=\"vc_single_image-wrapper   vc_box_border_grey\"><img class=\"vc_single_image-img \" src=\"https:\/\/www.ebene-c.de\/wp-content\/uploads\/2022\/12\/Wired-Sensors-500x340.jpg\" width=\"500\" height=\"340\" alt=\"Wired-Sensors\" title=\"Wired-Sensors\" \/><\/div>\n\t\t<\/figure>\n\t<\/div>\n<\/div><\/div><\/div><\/div><div class=\"vc_row wpb_row vc_row-fluid\"><div class=\"wpb_column vc_column_container vc_col-sm-6\"><div class=\"vc_column-inner\"><div class=\"wpb_wrapper\">\n\t<div class=\"wpb_text_column wpb_content_element \" >\n\t\t<div class=\"wpb_wrapper\">\n\t\t\t<div class=\"wpb_text_column wpb_content_element vc_custom_1538133902006\">\n<div class=\"wpb_wrapper\">\n<h4>Hintergrund<\/h4>\n<p>Heraeus Nexensos ist ein Gesch\u00e4ftsbereich des deutschen Technologiekonzern Heraeus. Das Unternehmen wurde 1851 in Hanau gegr\u00fcndet und z\u00e4hlt nach Umsatz zu den gr\u00f6\u00dften Familienunternehmen in Deutschland. Heraus Nexensos geh\u00f6rt weltweit zu den Markt- und Technologief\u00fchrern f\u00fcr hochpr\u00e4zise Temperatursensortechnologie und ist Experte in der Herstellung von Platin-Temperatursensoren und -Heizern. Heraeus Nexensos hat ihren Sitz im deutschen Kleinostheim und Niederlassungen in USA, China, Taiwan, Japan, Korea und Malaysia.<\/p>\n<p><a href=\"https:\/\/www.heraeus.com\/de\/hne\/sensor_home\/sensor-home.html\" target=\"_blank\" rel=\"noopener\">&gt; Heraeus Nexensos<\/a><\/p>\n<h4>Aufgabe<\/h4>\n<p>Begleitung der Entwicklung einer differenzierenden und marktst\u00e4rkenden Positionierung f\u00fcr Heraeus Nexensos. Mit entsprechenden Botschaften f\u00fcr die zentralen Zielgruppen in einem internationalen, partizipativen Prozess. Das Ziel: pr\u00e4gnante und einheitliche Botschaften, mit denen jede\/r Mitarbeiter:in Heraeus Nexensos in einer kurzen, kundenrelevanten Value Proposition vorstellen kann.<\/p>\n<h4>L\u00f6sung<\/h4>\n<p>Im Sinne der Geheimhaltung m\u00f6chten und k\u00f6nnen wir hier nur das allgemeine Vorgehen skizzieren: Im Rahmen einer rein digitalen Workshop-Reihe entwickelte das Kernteam mit mit ebene c in 6 Modulen eine neue Markenpositionierung der Heraeus Nexensos mit klaren Botschaften zu Purpose, Positioning, Offer und Reason Why.<\/p>\n<p>Modul 1:<\/p>\n<p>Gemeinsame Definition des Prozesses mit dem Ziel, schlank und gleichzeitig m\u00f6glichst partizipativ zusammenzuarbeiten inkl. Vorgehen zum Projektreporting in Richtung Gesch\u00e4ftsleitung und Stakeholder.<\/p>\n<p>Modul 2:<\/p>\n<p>Kick-off mit Gesch\u00e4ftsleitung und Kernteam zur Analyse und Definition von strategischen und kommunikativen Zielen.<\/p>\n<p>Modul 3:<\/p>\n<p>Verdichtung der bisherigen Resultate sowie Erkenntnissen aus dem Workshop mit Hilfe des ebene c Markenmodells.<\/p>\n<p>Modul 4:<\/p>\n<p>In einem Make-it-better Prozess f\u00fchrte ebene c 15 Experteninterviews mit Vertretern aus allen relevanten M\u00e4rkten, d.h. Europa, USA, China, Japan und Korea durch. Hier wurden die Ergebnisse des Markenmodells vorgestellt, aus der jeweiligen Marktperspektive erg\u00e4nzt und gemeinsam gesch\u00e4rft.<\/p>\n<p>Modul 5:<\/p>\n<p>Positionierungsworkshop mit Gesch\u00e4ftsleitung und Kernteam. Vorstellung und Diskussion der Key-Learnings zur Marke und zur Kommunikation aus den Workshops. Pr\u00e4sentation des mit den Experten weiterentwickelten Markenmodells und gemeinsame Sch\u00e4rfung der Inhalte und Botschaften.<\/p>\n<p>Modul 6:<\/p>\n<p>Unterst\u00fctzung und Begleitung des Kernteams bei der Entwicklung einer strategischen Entscheidungsvorlage f\u00fcr die Gesch\u00e4ftsleitung.<\/p>\n<\/div>\n<\/div>\n\n\t\t<\/div>\n\t<\/div>\n<\/div><\/div><\/div><div class=\"wpb_column vc_column_container vc_col-sm-6\"><div class=\"vc_column-inner\"><div class=\"wpb_wrapper\">\n\t<div class=\"wpb_text_column wpb_content_element \" >\n\t\t<div class=\"wpb_wrapper\">\n\t\t\t<div>\n<div>\n<h4><strong>Kundenstimmen<\/strong><\/h4>\n<p><em>&#8222;ebene c hat uns sicher und nahezu spielerisch durch den Prozess gef\u00fchrt. Dank der intensiven Vorbereitung und der strukturierten Vorgehensweise konnten wir uns voll und ganz auf die Inhalte konzentrieren. Wichtig waren auch die Learnings aus den Experten-Interviews. Als Externe und Markenspezialisten konnten Stefan Bohrmann und Arne Mack andere Fragen stellen und so wertvolle Erkenntnisse f\u00fcr die Marke Heraeus Nexensos und die Kommunikation erarbeiten.\u201c<\/em><\/p>\n<p><strong>Lisa W\u00fcrke<br \/>\n<\/strong>Global Marketing Communication Manager<br \/>\nHeraeus Nexensos<\/p>\n<p>&nbsp;<\/p>\n<p><em>\u201eMit den Ergebnissen, die wir mit ebene c erarbeitet haben, hat sich Heraeus Nexensos nachhaltig weiterentwickelt. Damit sind wir f\u00fcr die Aufgaben in der Zukunft perfekt gewappnet.\u201c<\/em><\/p>\n<p>Andreas Schreiber<br \/>\nGlobal Head of Marketing<br \/>\nHeraeus Nexensos<\/p>\n<\/div>\n<\/div>\n\n\t\t<\/div>\n\t<\/div>\n\n\t<div  class=\"wpb_single_image wpb_content_element vc_align_left  vc_custom_1671111046269\">\n\t\t\n\t\t<figure class=\"wpb_wrapper vc_figure\">\n\t\t\t<div class=\"vc_single_image-wrapper   vc_box_border_grey\"><img class=\"vc_single_image-img \" src=\"https:\/\/www.ebene-c.de\/wp-content\/uploads\/2022\/12\/Nexensos_ebene_c-450x600.png\" width=\"450\" height=\"600\" alt=\"Nexensos_ebene_c\" title=\"Nexensos_ebene_c\" \/><\/div>\n\t\t<\/figure>\n\t<\/div>\n<\/div><\/div><\/div><\/div><div class=\"vc_row wpb_row vc_row-fluid\"><div class=\"wpb_column vc_column_container vc_col-sm-12\"><div class=\"vc_column-inner\"><div class=\"wpb_wrapper\"><div class=\"vc_separator wpb_content_element vc_separator_align_center vc_sep_width_100 vc_sep_border_width_2 vc_sep_pos_align_center vc_separator_no_text vc_sep_color_black\" ><span class=\"vc_sep_holder vc_sep_holder_l\"><span  class=\"vc_sep_line\"><\/span><\/span><span class=\"vc_sep_holder vc_sep_holder_r\"><span  class=\"vc_sep_line\"><\/span><\/span>\n<\/div><\/div><\/div><\/div><\/div>\n","protected":false},"excerpt":{"rendered":"Heraeus Nexensos \/ Brand Buildung _Internationale Markenpositionierung _Digital und partizipativ _Purpose, Positioning, Tools, Roadmap \u00a0 \u00a0 Hintergrund Heraeus Nexensos ist ein Gesch\u00e4ftsbereich des deutschen Technologiekonzern<span class=\"excerpt-hellip\"> [\u2026]<\/span>","protected":false},"author":1,"featured_media":0,"parent":0,"menu_order":0,"comment_status":"closed","ping_status":"closed","template":"","meta":[],"_links":{"self":[{"href":"https:\/\/www.ebene-c.de\/de_de\/wp-json\/wp\/v2\/pages\/2529"}],"collection":[{"href":"https:\/\/www.ebene-c.de\/de_de\/wp-json\/wp\/v2\/pages"}],"about":[{"href":"https:\/\/www.ebene-c.de\/de_de\/wp-json\/wp\/v2\/types\/page"}],"author":[{"embeddable":true,"href":"https:\/\/www.ebene-c.de\/de_de\/wp-json\/wp\/v2\/users\/1"}],"replies":[{"embeddable":true,"href":"https:\/\/www.ebene-c.de\/de_de\/wp-json\/wp\/v2\/comments?post=2529"}],"version-history":[{"count":7,"href":"https:\/\/www.ebene-c.de\/de_de\/wp-json\/wp\/v2\/pages\/2529\/revisions"}],"predecessor-version":[{"id":2545,"href":"https:\/\/www.ebene-c.de\/de_de\/wp-json\/wp\/v2\/pages\/2529\/revisions\/2545"}],"wp:attachment":[{"href":"https:\/\/www.ebene-c.de\/de_de\/wp-json\/wp\/v2\/media?parent=2529"}],"curies":[{"name":"wp","href":"https:\/\/api.w.org\/{rel}","templated":true}]}}