{"id":267,"date":"2019-12-01T15:05:55","date_gmt":"2019-12-01T14:05:55","guid":{"rendered":"https:\/\/dev.ebene-c.de\/?page_id=267"},"modified":"2023-02-27T07:30:27","modified_gmt":"2023-02-27T06:30:27","slug":"ralph-schneider","status":"publish","type":"page","link":"https:\/\/www.ebene-c.de\/de_de\/ralph-schneider\/","title":{"rendered":"Ralph Schneider"},"content":{"rendered":"<div class=\"vc_row wpb_row vc_row-fluid vc_custom_1575456178112 vc_row-has-fill\"><div class=\"wpb_column vc_column_container vc_col-sm-6\"><div class=\"vc_column-inner\"><div class=\"wpb_wrapper\">\n\t<div  class=\"wpb_single_image wpb_content_element vc_align_left\">\n\t\t\n\t\t<figure class=\"wpb_wrapper vc_figure\">\n\t\t\t<div class=\"vc_single_image-wrapper   vc_box_border_grey\"><img class=\"vc_single_image-img \" src=\"https:\/\/www.ebene-c.de\/wp-content\/uploads\/2023\/01\/ebene-c_ralph_schneider_2-e1676634883635-500x500.png\" width=\"500\" height=\"500\" alt=\"ebene-c_ralph_schneider_2\" title=\"ebene-c_ralph_schneider_2\" \/><\/div>\n\t\t<\/figure>\n\t<\/div>\n\n\t<div class=\"wpb_text_column wpb_content_element  vc_custom_1595408293536\" >\n\t\t<div class=\"wpb_wrapper\">\n\t\t\t<p><strong>Ralph Schneider<\/strong><br \/>\n+49 (0) 151 42525834<br \/>\nralph.schneider(at)ebene-c.de<\/p>\n\n\t\t<\/div>\n\t<\/div>\n<\/div><\/div><\/div><div class=\"wpb_column vc_column_container vc_col-sm-6\"><div class=\"vc_column-inner\"><div class=\"wpb_wrapper\"><\/div><\/div><\/div><\/div><div class=\"vc_row wpb_row vc_row-fluid\"><div class=\"wpb_column vc_column_container vc_col-sm-6\"><div class=\"vc_column-inner vc_custom_1575210924871\"><div class=\"wpb_wrapper\">\n\t<div class=\"wpb_text_column wpb_content_element  vc_custom_1580114776315\" >\n\t\t<div class=\"wpb_wrapper\">\n\t\t\t<h3><span style=\"color: #000000;\">Kunden sagen \u00fcber Ralph Schneider<\/span><\/h3>\n<p><span style=\"color: #000000;\">\u201eIch sch\u00e4tze vor allem seine ehrlichen,<\/span><br \/>\n<span style=\"color: #000000;\">kritischen Fragen und Anmerkungen, weil<\/span><br \/>\n<span style=\"color: #000000;\">ich ihm seine Leidenschaft fu\u0308r die L\u00f6sung<\/span><br \/>\n<span style=\"color: #000000;\">abnehme.\u201c<\/span><\/p>\n<p><span style=\"color: #000000;\">\u201eEr hat uns von der Strategie u\u0308ber die Leitidee<\/span><br \/>\n<span style=\"color: #000000;\">bis hin zu den Kreativma\u00dfnahmen konsequent<\/span><br \/>\n<span style=\"color: #000000;\">zum Gewinnerkonzept gefu\u0308hrt!\u201c<\/span><\/p>\n<p><span style=\"color: #000000;\">\u201eRalph war top vorbereitet, ist in seiner<\/span><br \/>\n<span style=\"color: #000000;\">Moderation flexibel auf uns eingegangen und<\/span><br \/>\n<span style=\"color: #000000;\">hat charmant jede\/n Workshop Teilnehmer\/in<\/span><br \/>\n<span style=\"color: #000000;\">mitgenommen.\u201c<\/span><\/p>\n<p>&nbsp;<\/p>\n<h3><span style=\"color: #000000;\">Lehre und Wissensvermittlung<\/span><\/h3>\n<p><span style=\"color: #000000;\">_Kreativit\u00e4ts- und Kommunikationstechniken<\/span><br \/>\n<span style=\"color: #000000;\">_Mentorenprogramm f\u00fcr junge Kreative<\/span><br \/>\n<span style=\"color: #000000;\">_ Seminar: Wie geht Workshop?<\/span><\/p>\n\n\t\t<\/div>\n\t<\/div>\n\n\t<div class=\"wpb_text_column wpb_content_element \" >\n\t\t<div class=\"wpb_wrapper\">\n\t\t\t<h3>Background<\/h3>\n<p>Die Grundlagen f\u00fcr Unternehmens- und Marketingkommunikation erwarb er im BWL-Studium. Danach folgte der PR-Einstieg in die Medienbranche beim neu gegr\u00fcndeten S\u00fcdwestrundfunk. Anschlie\u00dfend startete eine mehrj\u00e4hrige Laufbahn bei der Marketingagentur Roth &amp; Lorenz als Berater f\u00fcr ein breites Kundenspektrum: Von Non-Profit bis globalen Marken, Mittelstand bis Weltkonzern, Konsumg\u00fcterbranche bis Automobil. Als Creative Director Concept &amp; Strategy bei follow red erweiterte er seinen Erfahrungsschatz unter anderem um das Moderieren von Teamprozessen auf Kunden- und Agenturseite. 2018 machte er sich als Berater f\u00fcr Marken und Menschen selbst\u00e4ndig.<\/p>\n\n\t\t<\/div>\n\t<\/div>\n<\/div><\/div><\/div><\/div><div class=\"vc_row wpb_row vc_row-fluid\"><div class=\"wpb_column vc_column_container vc_col-sm-12\"><div class=\"vc_column-inner\"><div class=\"wpb_wrapper\"><div class=\"vc_separator wpb_content_element vc_separator_align_center vc_sep_width_100 vc_sep_border_width_2 vc_sep_pos_align_center vc_separator_no_text vc_sep_color_black\" ><span class=\"vc_sep_holder vc_sep_holder_l\"><span  class=\"vc_sep_line\"><\/span><\/span><span class=\"vc_sep_holder vc_sep_holder_r\"><span  class=\"vc_sep_line\"><\/span><\/span>\n<\/div><\/div><\/div><\/div><\/div>\n","protected":false},"excerpt":{"rendered":"Ralph Schneider +49 (0) 151 42525834 ralph.schneider(at)ebene-c.de Kunden sagen \u00fcber Ralph Schneider \u201eIch sch\u00e4tze vor allem seine ehrlichen, kritischen Fragen und Anmerkungen, weil ich ihm<span class=\"excerpt-hellip\"> [\u2026]<\/span>","protected":false},"author":1,"featured_media":0,"parent":0,"menu_order":0,"comment_status":"closed","ping_status":"closed","template":"","meta":[],"_links":{"self":[{"href":"https:\/\/www.ebene-c.de\/de_de\/wp-json\/wp\/v2\/pages\/267"}],"collection":[{"href":"https:\/\/www.ebene-c.de\/de_de\/wp-json\/wp\/v2\/pages"}],"about":[{"href":"https:\/\/www.ebene-c.de\/de_de\/wp-json\/wp\/v2\/types\/page"}],"author":[{"embeddable":true,"href":"https:\/\/www.ebene-c.de\/de_de\/wp-json\/wp\/v2\/users\/1"}],"replies":[{"embeddable":true,"href":"https:\/\/www.ebene-c.de\/de_de\/wp-json\/wp\/v2\/comments?post=267"}],"version-history":[{"count":30,"href":"https:\/\/www.ebene-c.de\/de_de\/wp-json\/wp\/v2\/pages\/267\/revisions"}],"predecessor-version":[{"id":2996,"href":"https:\/\/www.ebene-c.de\/de_de\/wp-json\/wp\/v2\/pages\/267\/revisions\/2996"}],"wp:attachment":[{"href":"https:\/\/www.ebene-c.de\/de_de\/wp-json\/wp\/v2\/media?parent=267"}],"curies":[{"name":"wp","href":"https:\/\/api.w.org\/{rel}","templated":true}]}}