{"id":288,"date":"2019-12-02T09:34:01","date_gmt":"2019-12-02T08:34:01","guid":{"rendered":"https:\/\/dev.ebene-c.de\/?page_id=288"},"modified":"2024-08-19T13:41:33","modified_gmt":"2024-08-19T11:41:33","slug":"stefan_bohrmann","status":"publish","type":"page","link":"https:\/\/www.ebene-c.de\/de_de\/stefan_bohrmann\/","title":{"rendered":"Stefan Bohrmann"},"content":{"rendered":"<div class=\"vc_row wpb_row vc_row-fluid vc_custom_1575456111457 vc_row-has-fill\"><div class=\"wpb_column vc_column_container vc_col-sm-6 vc_col-has-fill\"><div class=\"vc_column-inner vc_custom_1575276190575\"><div class=\"wpb_wrapper\">\n\t<div  class=\"wpb_single_image wpb_content_element vc_align_left  vc_custom_1677479455247\">\n\t\t\n\t\t<figure class=\"wpb_wrapper vc_figure\">\n\t\t\t<div class=\"vc_single_image-wrapper   vc_box_border_grey\"><img class=\"vc_single_image-img \" src=\"https:\/\/www.ebene-c.de\/wp-content\/uploads\/2023\/01\/ebene-c_stefan_borhmann2-e1674919254262-500x500.png\" width=\"500\" height=\"500\" alt=\"ebene-c_stefan_borhmann2\" title=\"ebene-c_stefan_borhmann2\" \/><\/div>\n\t\t<\/figure>\n\t<\/div>\n\n\t<div class=\"wpb_text_column wpb_content_element  vc_custom_1575988021688\" >\n\t\t<div class=\"wpb_wrapper\">\n\t\t\t<p><strong>Stefan Bohrmann<\/strong><br \/>\n+49 (0)152 22697289<br \/>\nstefan.bohrmann(at)ebene-c.de<\/p>\n\n\t\t<\/div>\n\t<\/div>\n<\/div><\/div><\/div><div class=\"wpb_column vc_column_container vc_col-sm-6\"><div class=\"vc_column-inner\"><div class=\"wpb_wrapper\"><\/div><\/div><\/div><\/div><div class=\"vc_row wpb_row vc_row-fluid\"><div class=\"wpb_column vc_column_container vc_col-sm-6\"><div class=\"vc_column-inner vc_custom_1575210924871\"><div class=\"wpb_wrapper\">\n\t<div class=\"wpb_text_column wpb_content_element  vc_custom_1724067689304\" >\n\t\t<div class=\"wpb_wrapper\">\n\t\t\t<div class=\"wpb_text_column wpb_content_element vc_custom_1542789685472\">\n<div class=\"wpb_wrapper\">\n<h3>Kunden sagen \u00fcber Stefan Bohrmann<\/h3>\n<p>\u201eEr hat mir als Entscheider sehr dabei geholfen die un\u00fcbersichtliche Situation zu strukturieren. Das brachte Klarheit und erm\u00f6glichte neue Wege und L\u00f6sungsans\u00e4tze.\u201c<\/p>\n<p>\u201eHerr Bohrmann ist Anwalt des Unternehmens und nicht von Personen, er thematisiert, was vorher unausgesprochen in der Luft lag. Die Situation war pl\u00f6tzlich greifbar und lie\u00df sich danach konkret besprechen und kl\u00e4ren\u201c.<\/p>\n<p>\u201eIn Bildern denken und dadurch Bestehendes infrage zu stellen, hat bei uns einen v\u00f6llig neue Blick auf die eigene Position erm\u00f6glicht.\u201c<\/p>\n<p>&nbsp;<\/p>\n<\/div>\n<\/div>\n<h3><span style=\"color: #000000;\">Lehre und Wissensvermittlung<\/span><\/h3>\n<div>\n<div>\n<p>_D<span style=\"color: #000000;\">ozent an der PopAkademie Baden-W\u00fcrttemberg, Masterstudiengang Creative Industries<br \/>\n<\/span><span style=\"color: #000000;\"> _Dozent an der Hochschule Weingarten, Sozialmarketing<\/span><br \/>\n<span style=\"color: #000000;\">_Gastdozent Kreativkader Stuttgart<br \/>\n_Dozent an der Staatlichen Akademie der bildenden K\u00fcnste Stuttgart<br \/>\n<\/span><\/p>\n<\/div>\n<\/div>\n\n\t\t<\/div>\n\t<\/div>\n\n\t<div class=\"wpb_text_column wpb_content_element \" >\n\t\t<div class=\"wpb_wrapper\">\n\t\t\t<h3><span style=\"color: #000000;\">Background<\/span><\/h3>\n<p><span style=\"color: #000000;\">Nach dem BWL-Studium wurde die fachliche Basis im Marketing gelegt als Produktmanager f\u00fcr Knorr bei Bestfoods\/Unilever in der Schweiz. Es folgten Stationen als Account Manager bei Publicis f\u00fcr die Kosmetik\u00admarke Garnier, Head of Planning und Mitglied der Gesch\u00e4ftsleitung f\u00fcr Betty Barclay, Stihl, Microsoft bei Stoll &amp; Fischbach und als Managing Partner bei der Stuttgarter Marketingagentur Roth &amp; Lorenz f\u00fcr Key Accounts wie P&amp;G, T-Systems sowie Deutscher Sparkassen und Giro Verband.<\/span><\/p>\n<div class=\"wpb_text_column wpb_content_element vc_custom_1533044478590\">\n<div class=\"wpb_wrapper\">\n<p><span style=\"color: #000000;\">In 2012 gr\u00fcndete er gemeinsam mit Arne Mack ebene c \/ Beratung f\u00fcr Marken und Menschen.<\/span><\/p>\n<\/div>\n<\/div>\n\n\t\t<\/div>\n\t<\/div>\n<\/div><\/div><\/div><\/div><div class=\"vc_row wpb_row vc_row-fluid\"><div class=\"wpb_column vc_column_container vc_col-sm-12\"><div class=\"vc_column-inner\"><div class=\"wpb_wrapper\"><div class=\"vc_separator wpb_content_element vc_separator_align_center vc_sep_width_100 vc_sep_border_width_2 vc_sep_pos_align_center vc_separator_no_text vc_sep_color_black\" ><span class=\"vc_sep_holder vc_sep_holder_l\"><span  class=\"vc_sep_line\"><\/span><\/span><span class=\"vc_sep_holder vc_sep_holder_r\"><span  class=\"vc_sep_line\"><\/span><\/span>\n<\/div><\/div><\/div><\/div><\/div>\n","protected":false},"excerpt":{"rendered":"Stefan Bohrmann +49 (0)152 22697289 stefan.bohrmann(at)ebene-c.de Kunden sagen \u00fcber Stefan Bohrmann \u201eEr hat mir als Entscheider sehr dabei geholfen die un\u00fcbersichtliche Situation zu strukturieren. Das<span class=\"excerpt-hellip\"> [\u2026]<\/span>","protected":false},"author":1,"featured_media":0,"parent":0,"menu_order":0,"comment_status":"closed","ping_status":"closed","template":"","meta":[],"_links":{"self":[{"href":"https:\/\/www.ebene-c.de\/de_de\/wp-json\/wp\/v2\/pages\/288"}],"collection":[{"href":"https:\/\/www.ebene-c.de\/de_de\/wp-json\/wp\/v2\/pages"}],"about":[{"href":"https:\/\/www.ebene-c.de\/de_de\/wp-json\/wp\/v2\/types\/page"}],"author":[{"embeddable":true,"href":"https:\/\/www.ebene-c.de\/de_de\/wp-json\/wp\/v2\/users\/1"}],"replies":[{"embeddable":true,"href":"https:\/\/www.ebene-c.de\/de_de\/wp-json\/wp\/v2\/comments?post=288"}],"version-history":[{"count":18,"href":"https:\/\/www.ebene-c.de\/de_de\/wp-json\/wp\/v2\/pages\/288\/revisions"}],"predecessor-version":[{"id":3250,"href":"https:\/\/www.ebene-c.de\/de_de\/wp-json\/wp\/v2\/pages\/288\/revisions\/3250"}],"wp:attachment":[{"href":"https:\/\/www.ebene-c.de\/de_de\/wp-json\/wp\/v2\/media?parent=288"}],"curies":[{"name":"wp","href":"https:\/\/api.w.org\/{rel}","templated":true}]}}