{"id":2949,"date":"2023-02-20T13:37:58","date_gmt":"2023-02-20T12:37:58","guid":{"rendered":"https:\/\/www.ebene-c.de\/?page_id=2949"},"modified":"2023-02-27T07:40:54","modified_gmt":"2023-02-27T06:40:54","slug":"team-2","status":"publish","type":"page","link":"https:\/\/www.ebene-c.de\/de_de\/team-2\/","title":{"rendered":"Team"},"content":{"rendered":"<div class=\"vc_row wpb_row vc_row-fluid vc_custom_1660217468662 vc_row-has-fill\"><div class=\"wpb_column vc_column_container vc_col-sm-12\"><div class=\"vc_column-inner\"><div class=\"wpb_wrapper\"><div class=\"vc_row wpb_row vc_inner vc_row-fluid\"><div class=\"wpb_column vc_column_container vc_col-sm-6\"><div class=\"vc_column-inner\"><div class=\"wpb_wrapper\">\n\t<div  class=\"wpb_single_image wpb_content_element vc_align_left  vc_custom_1677480016418\">\n\t\t\n\t\t<figure class=\"wpb_wrapper vc_figure\">\n\t\t\t<a href=\"https:\/\/www.ebene-c.de\/stefan_bohrmann\/\" target=\"_self\" class=\"vc_single_image-wrapper   vc_box_border_grey\"><img class=\"vc_single_image-img \" src=\"https:\/\/www.ebene-c.de\/wp-content\/uploads\/2023\/02\/ebene-c_Stefan_Bohrmann_2-e1676100084465-450x450.png\" width=\"450\" height=\"450\" alt=\"ebene-c_Stefan_Bohrmann_2\" title=\"ebene-c_Stefan_Bohrmann_2\" \/><\/a>\n\t\t<\/figure>\n\t<\/div>\n\n\t<div class=\"wpb_text_column wpb_content_element  vc_custom_1576610265289\" >\n\t\t<div class=\"wpb_wrapper\">\n\t\t\t<p><a href=\"https:\/\/ebene-c.de\/stefan_bohrmann\/\"><strong>Stefan Bohrmann.<\/strong><br \/>\nMarkenstrategie, Moderation,<br \/>\nEinzel- und Teamcoaching,<br \/>\nBegleitung von Ver\u00e4nderungsprozessen<\/a><\/p>\n\n\t\t<\/div>\n\t<\/div>\n<\/div><\/div><\/div><div class=\"wpb_column vc_column_container vc_col-sm-6\"><div class=\"vc_column-inner\"><div class=\"wpb_wrapper\">\n\t<div  class=\"wpb_single_image wpb_content_element vc_align_left  vc_custom_1677479960172\">\n\t\t\n\t\t<figure class=\"wpb_wrapper vc_figure\">\n\t\t\t<a href=\"https:\/\/www.ebene-c.de\/resa-hausner\/\" target=\"_self\" class=\"vc_single_image-wrapper   vc_box_border_grey\"><img class=\"vc_single_image-img \" src=\"https:\/\/www.ebene-c.de\/wp-content\/uploads\/2023\/01\/ebene-c_resa_hausner_2-e1674919355922-450x450.png\" width=\"450\" height=\"450\" alt=\"ebene-c_resa_hausner_2\" title=\"ebene-c_resa_hausner_2\" \/><\/a>\n\t\t<\/figure>\n\t<\/div>\n\n\t<div class=\"wpb_text_column wpb_content_element  vc_custom_1576610301687\" >\n\t\t<div class=\"wpb_wrapper\">\n\t\t\t<p><a href=\"https:\/\/ebene-c.de\/resa-hausner\/\"><strong>Stefanie Resa Hausner.<\/strong><br \/>\nRhetoriktraining, Einzelcoaching,<br \/>\nKonfliktmanagement, Teamentwicklung<\/a><\/p>\n\n\t\t<\/div>\n\t<\/div>\n<\/div><\/div><\/div><\/div><div class=\"vc_row wpb_row vc_inner vc_row-fluid\"><div class=\"wpb_column vc_column_container vc_col-sm-6\"><div class=\"vc_column-inner\"><div class=\"wpb_wrapper\">\n\t<div  class=\"wpb_single_image wpb_content_element vc_align_left  vc_custom_1677479926850\">\n\t\t\n\t\t<figure class=\"wpb_wrapper vc_figure\">\n\t\t\t<a href=\"https:\/\/www.ebene-c.de\/arne_mack\/\" target=\"_self\" class=\"vc_single_image-wrapper   vc_box_border_grey\"><img class=\"vc_single_image-img \" src=\"https:\/\/www.ebene-c.de\/wp-content\/uploads\/2023\/01\/Arne_-78FF-2-450x450.png\" width=\"450\" height=\"450\" alt=\"Arne_ 78FF 2\" title=\"Arne_ 78FF 2\" \/><\/a>\n\t\t<\/figure>\n\t<\/div>\n\n\t<div class=\"wpb_text_column wpb_content_element  vc_custom_1576610338455\" >\n\t\t<div class=\"wpb_wrapper\">\n\t\t\t<p><a href=\"https:\/\/ebene-c.de\/arne_mack\/\"><strong>A<\/strong><strong>rne Mack.<\/strong><br \/>\nBegleitung von Ver\u00e4nderungsprozessen,<br \/>\nEinzel- und Teamcoaching,<br \/>\nMarkenstrategie, Moderation<\/a><\/p>\n\n\t\t<\/div>\n\t<\/div>\n<\/div><\/div><\/div><div class=\"wpb_column vc_column_container vc_col-sm-6\"><div class=\"vc_column-inner\"><div class=\"wpb_wrapper\">\n\t<div  class=\"wpb_single_image wpb_content_element vc_align_left\">\n\t\t\n\t\t<figure class=\"wpb_wrapper vc_figure\">\n\t\t\t<a href=\"https:\/\/www.ebene-c.de\/ralph-schneider\/\" target=\"_self\" class=\"vc_single_image-wrapper   vc_box_border_grey\"><img class=\"vc_single_image-img \" src=\"https:\/\/www.ebene-c.de\/wp-content\/uploads\/2023\/01\/ebene_c_ralph_Schneider_1-1-450x450.png\" width=\"450\" height=\"450\" alt=\"ebene_c_ralph_Schneider_1\" title=\"ebene_c_ralph_Schneider_1\" \/><\/a>\n\t\t<\/figure>\n\t<\/div>\n\n\t<div class=\"wpb_text_column wpb_content_element  vc_custom_1576610414813\" >\n\t\t<div class=\"wpb_wrapper\">\n\t\t\t<p><a href=\"https:\/\/ebene-c.de\/ralph-schneider\/\"><strong>Ralph Schneider.<\/strong><br \/>\nMarkenberatung,<br \/>\nsystemische Moderation, Konzeption,<br \/>\nKommunikationsstrategie<\/a><\/p>\n\n\t\t<\/div>\n\t<\/div>\n<\/div><\/div><\/div><\/div><div class=\"vc_row wpb_row vc_inner vc_row-fluid\"><div class=\"wpb_column vc_column_container vc_col-sm-6\"><div class=\"vc_column-inner\"><div class=\"wpb_wrapper\">\n\t<div class=\"wpb_text_column wpb_content_element \" >\n\t\t<div class=\"wpb_wrapper\">\n\t\t\t<h3>Kooperationen<\/h3>\n\n\t\t<\/div>\n\t<\/div>\n<\/div><\/div><\/div><div class=\"wpb_column vc_column_container vc_col-sm-6\"><div class=\"vc_column-inner\"><div class=\"wpb_wrapper\"><\/div><\/div><\/div><\/div><div class=\"vc_row wpb_row vc_inner vc_row-fluid\"><div class=\"wpb_column vc_column_container vc_col-sm-3\"><div class=\"vc_column-inner\"><div class=\"wpb_wrapper\">\n\t<div class=\"wpb_text_column wpb_content_element  vc_custom_1660223070522\" >\n\t\t<div class=\"wpb_wrapper\">\n\t\t\t<h4><span style=\"color: #ffffff;\">WEITERBILDUNG &amp;<\/span><br \/>\n<span style=\"color: #ffffff;\">TRAINING VON F\u00dcHRUNGSKR\u00c4FTEN<\/span><\/h4>\n\n\t\t<\/div>\n\t<\/div>\n<\/div><\/div><\/div><div class=\"wpb_column vc_column_container vc_col-sm-9\"><div class=\"vc_column-inner\"><div class=\"wpb_wrapper\">\n\t<div class=\"wpb_text_column wpb_content_element  vc_custom_1660219376507\" >\n\t\t<div class=\"wpb_wrapper\">\n\t\t\t<p><strong>fortbildung1.de<\/strong><\/p>\n<p>Fach- und F\u00fchrungskr\u00e4ften aus dem psycho-sozialen Bereich und der freien Wirtschaft bietet fortbildung1.de seit \u00fcber 45 Jahren als engagierter und professioneller Wegbegleiter berufsbegleitende Fort- und Weiterbildungen an. Im Mittelpunkt steht dabei die Karrieref\u00f6rderung oder berufliche Neuorientierung in den Bereichen Therapie &amp; Beratung sowie Management &amp; Kommunikation.<\/p>\n<p><strong>Wir kooperieren in verschiedenen individuellen Beratungs- und Schulungsprojekten und als Dozenten.<\/strong><\/p>\n<p><a href=\"https:\/\/www.fortbildung1.de\/\" target=\"_blank\" rel=\"noopener\">www.fortbildung1.de<\/a><\/p>\n\n\t\t<\/div>\n\t<\/div>\n<\/div><\/div><\/div><\/div><div class=\"vc_row wpb_row vc_inner vc_row-fluid\"><div class=\"wpb_column vc_column_container vc_col-sm-3\"><div class=\"vc_column-inner\"><div class=\"wpb_wrapper\">\n\t<div class=\"wpb_text_column wpb_content_element  vc_custom_1660219878696\" >\n\t\t<div class=\"wpb_wrapper\">\n\t\t\t<h4><span style=\"color: #ffffff;\">OPTIMIERUNG<br \/>\nVERTRIEB<\/span><\/h4>\n<h4><span style=\"color: #ffffff;\">\u00a0<\/span><\/h4>\n\n\t\t<\/div>\n\t<\/div>\n<\/div><\/div><\/div><div class=\"wpb_column vc_column_container vc_col-sm-9\"><div class=\"vc_column-inner\"><div class=\"wpb_wrapper\">\n\t<div class=\"wpb_text_column wpb_content_element  vc_custom_1660219916564\" >\n\t\t<div class=\"wpb_wrapper\">\n\t\t\t<p><strong>Green Carpet<\/strong><\/p>\n<p>Green Carpet entwickelt individuelle Vertriebsl\u00f6sungen und nutzt dazu das Potenzial der Marke im geeigneten Vertriebsumfeld \u2013 so entsteht nachhaltiges Wachstum. Ob ein selektives Vertriebssystem zugeschnitten auf den Facheinzelhandel oder eine Omni-Channel-Strategie mit Schwerpunkt auf das B2C Online-Gesch\u00e4ft \u2013 Green Carpet identifiziert Chancen und entwickelt individualisierte Vertriebsl\u00f6sungen f\u00fcr Markenprodukte.<\/p>\n<p><strong>Wir kooperieren bei der Entwicklung und Implementierung von neuen Vertriebskonzepten als Moderatoren und Coaches f\u00fcr F\u00fchrungskr\u00e4fte.<\/strong><\/p>\n<p><a href=\"https:\/\/greencarpetconsulting.de\/\" target=\"_blank\" rel=\"noopener\">www.greencarpetconsulting.de<\/a><\/p>\n\n\t\t<\/div>\n\t<\/div>\n<\/div><\/div><\/div><\/div><div class=\"vc_row wpb_row vc_inner vc_row-fluid\"><div class=\"wpb_column vc_column_container vc_col-sm-3\"><div class=\"vc_column-inner\"><div class=\"wpb_wrapper\">\n\t<div class=\"wpb_text_column wpb_content_element  vc_custom_1660223131415\" >\n\t\t<div class=\"wpb_wrapper\">\n\t\t\t<h4><span style=\"color: #ffffff;\">PSYCHOLOGISCHE<\/span><br \/>\n<span style=\"color: #ffffff;\">MARKTFORSCHUNG<\/span><\/h4>\n<h4><\/h4>\n\n\t\t<\/div>\n\t<\/div>\n<\/div><\/div><\/div><div class=\"wpb_column vc_column_container vc_col-sm-9\"><div class=\"vc_column-inner\"><div class=\"wpb_wrapper\">\n\t<div class=\"wpb_text_column wpb_content_element  vc_custom_1660223159195\" >\n\t\t<div class=\"wpb_wrapper\">\n\t\t\t<p><strong>Creative analytic 3000<\/strong><\/p>\n<p>Creative analytic 3000 ist ein Insitut f\u00fcr psychologische Marketing- und Innovationsforschung. Seit \u00fcber 40 Jahren setzen wir mit fundierter Inspiration Ver\u00e4nderungsprozesse frei und schaffen so ein Sprungbrett f\u00fcr die Weiterentwicklung von Produkten, Marken oder Kommunikationskonzepten.<\/p>\n<p><strong>Wir kooperieren in Marktforschungsprojekten zur Generierung von Consumer oder Employer Insights. <\/strong><\/p>\n<p><a href=\"http:\/\/www.ca3000.de\">www.ca3000.de<\/a><\/p>\n\n\t\t<\/div>\n\t<\/div>\n<\/div><\/div><\/div><\/div><div class=\"vc_row wpb_row vc_inner vc_row-fluid\"><div class=\"wpb_column vc_column_container vc_col-sm-3\"><div class=\"vc_column-inner\"><div class=\"wpb_wrapper\">\n\t<div class=\"wpb_text_column wpb_content_element  vc_custom_1660223240726\" >\n\t\t<div class=\"wpb_wrapper\">\n\t\t\t<h4><span style=\"color: #ffffff;\">LEHRE<\/span><br \/>\n<span style=\"color: #ffffff;\">MARKETING-KOMMUNIKATION<\/span><\/h4>\n<h4><\/h4>\n<h4><\/h4>\n\n\t\t<\/div>\n\t<\/div>\n<\/div><\/div><\/div><div class=\"wpb_column vc_column_container vc_col-sm-9\"><div class=\"vc_column-inner\"><div class=\"wpb_wrapper\">\n\t<div class=\"wpb_text_column wpb_content_element  vc_custom_1660219961076\" >\n\t\t<div class=\"wpb_wrapper\">\n\t\t\t<p><strong>Popakademie Baden-W\u00fcrttemberg<\/strong><\/p>\n<p>Die Popakademie Baden-W\u00fcrttemberg mit Sitz in Mannheim ist die einzige staatliche Hochschul\u00adeinrichtung in Deutschland, die ihre Studieng\u00e4nge speziell auf den Bereich der Popul\u00e4ren Musik und Kreativwirtschaft fokussiert. Sie wurde 2003 vom Land Baden-W\u00fcrttemberg gegr\u00fcndet. Das Studienangebot umfasst drei Bachelor- und zwei Masterstudieng\u00e4nge.<\/p>\n<p><strong>Wir kooperieren als Dozenten f\u00fcr Marketing und in diversen Projektarbeiten f\u00fcr unsere Kunden.<\/strong><\/p>\n<p><a href=\"https:\/\/www.popakademie.de\/de\/\" target=\"_blank\" rel=\"noopener\">www.popakademie.de<\/a><\/p>\n\n\t\t<\/div>\n\t<\/div>\n<\/div><\/div><\/div><\/div><div class=\"vc_row wpb_row vc_inner vc_row-fluid\"><div class=\"wpb_column vc_column_container vc_col-sm-3\"><div class=\"vc_column-inner\"><div class=\"wpb_wrapper\">\n\t<div class=\"wpb_text_column wpb_content_element  vc_custom_1660219736121\" >\n\t\t<div class=\"wpb_wrapper\">\n\t\t\t<h4><span style=\"color: #ffffff;\">LEHRE<\/span><br \/>\n<span style=\"color: #ffffff;\">SOZIAL-MARKETING<\/span><\/h4>\n<h4><\/h4>\n<h4><\/h4>\n\n\t\t<\/div>\n\t<\/div>\n<\/div><\/div><\/div><div class=\"wpb_column vc_column_container vc_col-sm-9\"><div class=\"vc_column-inner\"><div class=\"wpb_wrapper\">\n\t<div class=\"wpb_text_column wpb_content_element  vc_custom_1661852274314\" >\n\t\t<div class=\"wpb_wrapper\">\n\t\t\t<p><strong>Hochschule Ravensburg-Weingarten (RWU)<br \/>\n<\/strong><\/p>\n<p>Das Studienangebot der Hochschule Ravensburg-Weingarten University of Applied Sciences umfasst \u00fcber 30 Bachelor- und Master-Studieng\u00e4nge in den Bereichen Technik, Wirtschaft und Sozialwesen.<\/p>\n<p><strong>Wir kooperieren auf vielen verschiedenen Ebenen unter anderem als Dozenten f\u00fcr Sozialmarketing im Masterstudiengang Management im Sozial- und Gesundheitswesen.<\/strong><\/p>\n<p><a href=\"https:\/\/www.rwu.de\/studieren\/studiengaenge\/management-im-sozial-und-gesundheitswesen\" target=\"_blank\" rel=\"noopener\">www.rwu.de<\/a><\/p>\n\n\t\t<\/div>\n\t<\/div>\n<\/div><\/div><\/div><\/div><\/div><\/div><\/div><\/div><div class=\"vc_row wpb_row vc_row-fluid\"><div class=\"wpb_column vc_column_container vc_col-sm-12\"><div class=\"vc_column-inner\"><div class=\"wpb_wrapper\"><div class=\"vc_separator wpb_content_element vc_separator_align_center vc_sep_width_100 vc_sep_border_width_2 vc_sep_pos_align_center vc_separator_no_text vc_sep_color_black\" ><span class=\"vc_sep_holder vc_sep_holder_l\"><span  class=\"vc_sep_line\"><\/span><\/span><span class=\"vc_sep_holder vc_sep_holder_r\"><span  class=\"vc_sep_line\"><\/span><\/span>\n<\/div><\/div><\/div><\/div><\/div>\n","protected":false},"excerpt":{"rendered":"Stefan Bohrmann. Markenstrategie, Moderation, Einzel- und Teamcoaching, Begleitung von Ver\u00e4nderungsprozessen Stefanie Resa Hausner. Rhetoriktraining, Einzelcoaching, Konfliktmanagement, Teamentwicklung Arne Mack. Begleitung von Ver\u00e4nderungsprozessen, Einzel- und Teamcoaching,<span class=\"excerpt-hellip\"> [\u2026]<\/span>","protected":false},"author":1,"featured_media":0,"parent":0,"menu_order":0,"comment_status":"closed","ping_status":"closed","template":"","meta":[],"_links":{"self":[{"href":"https:\/\/www.ebene-c.de\/de_de\/wp-json\/wp\/v2\/pages\/2949"}],"collection":[{"href":"https:\/\/www.ebene-c.de\/de_de\/wp-json\/wp\/v2\/pages"}],"about":[{"href":"https:\/\/www.ebene-c.de\/de_de\/wp-json\/wp\/v2\/types\/page"}],"author":[{"embeddable":true,"href":"https:\/\/www.ebene-c.de\/de_de\/wp-json\/wp\/v2\/users\/1"}],"replies":[{"embeddable":true,"href":"https:\/\/www.ebene-c.de\/de_de\/wp-json\/wp\/v2\/comments?post=2949"}],"version-history":[{"count":3,"href":"https:\/\/www.ebene-c.de\/de_de\/wp-json\/wp\/v2\/pages\/2949\/revisions"}],"predecessor-version":[{"id":2999,"href":"https:\/\/www.ebene-c.de\/de_de\/wp-json\/wp\/v2\/pages\/2949\/revisions\/2999"}],"wp:attachment":[{"href":"https:\/\/www.ebene-c.de\/de_de\/wp-json\/wp\/v2\/media?parent=2949"}],"curies":[{"name":"wp","href":"https:\/\/api.w.org\/{rel}","templated":true}]}}