{"id":3011,"date":"2023-06-22T12:38:43","date_gmt":"2023-06-22T10:38:43","guid":{"rendered":"https:\/\/www.ebene-c.de\/?page_id=3011"},"modified":"2023-06-22T14:43:40","modified_gmt":"2023-06-22T12:43:40","slug":"kaufland","status":"publish","type":"page","link":"https:\/\/www.ebene-c.de\/de_de\/kaufland\/","title":{"rendered":"Kaufland"},"content":{"rendered":"<div class=\"vc_row wpb_row vc_row-fluid\"><div class=\"wpb_column vc_column_container vc_col-sm-6\"><div class=\"vc_column-inner\"><div class=\"wpb_wrapper\">\n\t<div class=\"wpb_text_column wpb_content_element \" >\n\t\t<div class=\"wpb_wrapper\">\n\t\t\t<h2>Kaufland<br \/>\n\/<br \/>\nWeiterentwicklung FamilienMomente<\/h2>\n\n\t\t<\/div>\n\t<\/div>\n\n\t<div class=\"wpb_text_column wpb_content_element \" >\n\t\t<div class=\"wpb_wrapper\">\n\t\t\t<h4><strong>_Markenstrategische Beratung<\/strong><\/h4>\n<h4><strong>_Konzeption Kommunikationsleitfaden<\/strong><\/h4>\n<h4><strong>_Prozessbegleitung App-Einf\u00fchrung<\/strong><\/h4>\n\n\t\t<\/div>\n\t<\/div>\n<\/div><\/div><\/div><div class=\"wpb_column vc_column_container vc_col-sm-6\"><div class=\"vc_column-inner\"><div class=\"wpb_wrapper\">\n\t<div  class=\"wpb_single_image wpb_content_element vc_align_left  vc_custom_1687430840547\">\n\t\t\n\t\t<figure class=\"wpb_wrapper vc_figure\">\n\t\t\t<div class=\"vc_single_image-wrapper   vc_box_border_grey\"><img width=\"731\" height=\"518\" src=\"https:\/\/www.ebene-c.de\/wp-content\/uploads\/2023\/06\/Bild-2.png\" class=\"vc_single_image-img attachment-full\" alt=\"\" loading=\"lazy\" srcset=\"https:\/\/www.ebene-c.de\/wp-content\/uploads\/2023\/06\/Bild-2.png 731w, https:\/\/www.ebene-c.de\/wp-content\/uploads\/2023\/06\/Bild-2-300x213.png 300w, https:\/\/www.ebene-c.de\/wp-content\/uploads\/2023\/06\/Bild-2-18x12.png 18w, https:\/\/www.ebene-c.de\/wp-content\/uploads\/2023\/06\/Bild-2-206x146.png 206w, https:\/\/www.ebene-c.de\/wp-content\/uploads\/2023\/06\/Bild-2-50x35.png 50w, https:\/\/www.ebene-c.de\/wp-content\/uploads\/2023\/06\/Bild-2-106x75.png 106w\" sizes=\"(max-width: 731px) 100vw, 731px\" \/><\/div>\n\t\t<\/figure>\n\t<\/div>\n<\/div><\/div><\/div><\/div><div class=\"vc_row wpb_row vc_row-fluid\"><div class=\"wpb_column vc_column_container vc_col-sm-6\"><div class=\"vc_column-inner\"><div class=\"wpb_wrapper\">\n\t<div class=\"wpb_text_column wpb_content_element \" >\n\t\t<div class=\"wpb_wrapper\">\n\t\t\t<div class=\"wpb_text_column wpb_content_element vc_custom_1538133902006\">\n<div class=\"wpb_wrapper\">\n<h4>Hintergrund<\/h4>\n<p>Junge Familien an sich als erste Einkaufsst\u00e4tte zu binden, ist ein wichtiges strategisches Ziel des Vollsortimenters Kaufland. Hierf\u00fcr ist mit FamilienMomente ein Online-Portal plus Aktivierungsprogramm mit Geschenkboxen zu Geburt sowie ersten Geburtstagen geschaffen worden und in kurzer Zeit erfolgreich gewachsen. Durch den Ausbau der Ratgeberfunktion sowie vorrangig digitaler Kommunikationskan\u00e4le soll das Entwicklungspotential zuk\u00fcnftig noch st\u00e4rker ausgesch\u00f6pft und das Programm aus Zielgruppensicht insgesamt attraktiver gemacht werden.<\/p>\n<p><a href=\"http:\/\/www.kaufland.de\/familienmomente\" target=\"_blank\" rel=\"noopener\">www.kaufland.de\/familienmomente<\/a><\/p>\n<h4><strong>Aufgabe<\/strong><\/h4>\n<p>\u00dcberpr\u00fcfung und Sch\u00e4rfung der Positionierung von FamilienMomente im Markenkontext sowie im Vergleich mit Wettbewerbsangeboten. Der beratende Blick von au\u00dfen soll helfen, um sich intern und mit Werbeagenturen konzeptionell klar weiterzuentwickeln. Im n\u00e4chsten Schritt soll der Einf\u00fchrungsprozess der FamilienMomente App begleitet werden.<\/p>\n<\/div>\n<\/div>\n\n\t\t<\/div>\n\t<\/div>\n\n\t<div  class=\"wpb_single_image wpb_content_element vc_align_left  vc_custom_1687430867635\">\n\t\t\n\t\t<figure class=\"wpb_wrapper vc_figure\">\n\t\t\t<div class=\"vc_single_image-wrapper   vc_box_border_grey\"><img width=\"332\" height=\"434\" src=\"https:\/\/www.ebene-c.de\/wp-content\/uploads\/2023\/06\/Post-2.png\" class=\"vc_single_image-img attachment-full\" alt=\"\" loading=\"lazy\" srcset=\"https:\/\/www.ebene-c.de\/wp-content\/uploads\/2023\/06\/Post-2.png 332w, https:\/\/www.ebene-c.de\/wp-content\/uploads\/2023\/06\/Post-2-229x300.png 229w, https:\/\/www.ebene-c.de\/wp-content\/uploads\/2023\/06\/Post-2-9x12.png 9w, https:\/\/www.ebene-c.de\/wp-content\/uploads\/2023\/06\/Post-2-112x146.png 112w, https:\/\/www.ebene-c.de\/wp-content\/uploads\/2023\/06\/Post-2-38x50.png 38w, https:\/\/www.ebene-c.de\/wp-content\/uploads\/2023\/06\/Post-2-57x75.png 57w\" sizes=\"(max-width: 332px) 100vw, 332px\" \/><\/div>\n\t\t<\/figure>\n\t<\/div>\n<\/div><\/div><\/div><div class=\"wpb_column vc_column_container vc_col-sm-6\"><div class=\"vc_column-inner\"><div class=\"wpb_wrapper\">\n\t<div class=\"wpb_text_column wpb_content_element \" >\n\t\t<div class=\"wpb_wrapper\">\n\t\t\t<div>\n<div>\n<h4>L\u00f6sung<\/h4>\n<p>_Empfehlung strategischer Sto\u00dfrichtungen: SWOT- und Wettbewerbsanalyse, Zielgruppen und Insights, Markenhierarchie und -positionierung.<\/p>\n<p>_Ausarbeitung eines Kommunikationsleitfadens, der allen an und mit der Marke arbeitenden hilft, einheitlich und stringent zu kommunizieren.<\/p>\n<p>_Vorbereitung und Durchf\u00fchrung eines zielgerichteten Agentur-Pitchs f\u00fcr die App Launch-Kommunikation mit Agentur-Screening, Briefings, Agentursteuerung und Evaluation der Konzepte.<\/p>\n<p>_Entwicklung, Moderation und Dokumentation von Kick-Off- und Retro-Workshops zur Optimierung der Zusammenarbeit aller interner und externer Projektbeteiligten.<\/p>\n<\/div>\n<\/div>\n\n\t\t<\/div>\n\t<\/div>\n\n\t<div  class=\"wpb_single_image wpb_content_element vc_align_left  vc_custom_1687430279635\">\n\t\t\n\t\t<figure class=\"wpb_wrapper vc_figure\">\n\t\t\t<div class=\"vc_single_image-wrapper   vc_box_border_grey\"><img class=\"vc_single_image-img \" src=\"https:\/\/www.ebene-c.de\/wp-content\/uploads\/2023\/06\/Bild-1-340x302.jpg\" width=\"340\" height=\"302\" alt=\"Bild 1\" title=\"Bild 1\" \/><\/div>\n\t\t<\/figure>\n\t<\/div>\n<\/div><\/div><\/div><\/div><div class=\"vc_row wpb_row vc_row-fluid\"><div class=\"wpb_column vc_column_container vc_col-sm-12\"><div class=\"vc_column-inner\"><div class=\"wpb_wrapper\"><div class=\"vc_separator wpb_content_element vc_separator_align_center vc_sep_width_100 vc_sep_border_width_2 vc_sep_pos_align_center vc_separator_no_text vc_sep_color_black\" ><span class=\"vc_sep_holder vc_sep_holder_l\"><span  class=\"vc_sep_line\"><\/span><\/span><span class=\"vc_sep_holder vc_sep_holder_r\"><span  class=\"vc_sep_line\"><\/span><\/span>\n<\/div><\/div><\/div><\/div><\/div>\n","protected":false},"excerpt":{"rendered":"Kaufland \/ Weiterentwicklung FamilienMomente _Markenstrategische Beratung _Konzeption Kommunikationsleitfaden _Prozessbegleitung App-Einf\u00fchrung Hintergrund Junge Familien an sich als erste Einkaufsst\u00e4tte zu binden, ist ein wichtiges strategisches Ziel<span class=\"excerpt-hellip\"> [\u2026]<\/span>","protected":false},"author":1,"featured_media":0,"parent":0,"menu_order":0,"comment_status":"closed","ping_status":"closed","template":"","meta":[],"_links":{"self":[{"href":"https:\/\/www.ebene-c.de\/de_de\/wp-json\/wp\/v2\/pages\/3011"}],"collection":[{"href":"https:\/\/www.ebene-c.de\/de_de\/wp-json\/wp\/v2\/pages"}],"about":[{"href":"https:\/\/www.ebene-c.de\/de_de\/wp-json\/wp\/v2\/types\/page"}],"author":[{"embeddable":true,"href":"https:\/\/www.ebene-c.de\/de_de\/wp-json\/wp\/v2\/users\/1"}],"replies":[{"embeddable":true,"href":"https:\/\/www.ebene-c.de\/de_de\/wp-json\/wp\/v2\/comments?post=3011"}],"version-history":[{"count":6,"href":"https:\/\/www.ebene-c.de\/de_de\/wp-json\/wp\/v2\/pages\/3011\/revisions"}],"predecessor-version":[{"id":3024,"href":"https:\/\/www.ebene-c.de\/de_de\/wp-json\/wp\/v2\/pages\/3011\/revisions\/3024"}],"wp:attachment":[{"href":"https:\/\/www.ebene-c.de\/de_de\/wp-json\/wp\/v2\/media?parent=3011"}],"curies":[{"name":"wp","href":"https:\/\/api.w.org\/{rel}","templated":true}]}}