{"id":3033,"date":"2023-08-27T10:02:20","date_gmt":"2023-08-27T08:02:20","guid":{"rendered":"https:\/\/www.ebene-c.de\/?page_id=3033"},"modified":"2025-03-24T12:35:55","modified_gmt":"2025-03-24T11:35:55","slug":"mittelstand","status":"publish","type":"page","link":"https:\/\/www.ebene-c.de\/de_de\/mittelstand\/","title":{"rendered":"Angebot f\u00fcr den Mittelstand"},"content":{"rendered":"<div class=\"vc_row wpb_row vc_row-fluid vc_custom_1657110973093 vc_row-has-fill\"><div class=\"wpb_column vc_column_container vc_col-sm-12\"><div class=\"vc_column-inner\"><div class=\"wpb_wrapper\"><div class=\"vc_row wpb_row vc_inner vc_row-fluid\"><div class=\"wpb_column vc_column_container vc_col-sm-8\"><div class=\"vc_column-inner\"><div class=\"wpb_wrapper\">\n\t<div class=\"wpb_text_column wpb_content_element  vc_custom_1742816152753\" >\n\t\t<div class=\"wpb_wrapper\">\n\t\t\t<h1><strong>Organisations\u00adentwicklung. <\/strong><br \/>\n<strong>Wie Strategie und Kultur zusammen\u00adspielen.<\/strong><\/h1>\n\n\t\t<\/div>\n\t<\/div>\n<\/div><\/div><\/div><div class=\"wpb_column vc_column_container vc_col-sm-4\"><div class=\"vc_column-inner\"><div class=\"wpb_wrapper\"><\/div><\/div><\/div><\/div><div class=\"vc_row wpb_row vc_inner vc_row-fluid vc_custom_1676899294310\"><div class=\"wpb_column vc_column_container vc_col-sm-6\"><div class=\"vc_column-inner\"><div class=\"wpb_wrapper\">\n\t<div  class=\"wpb_single_image wpb_content_element vc_align_left\">\n\t\t\n\t\t<figure class=\"wpb_wrapper vc_figure\">\n\t\t\t<div class=\"vc_single_image-wrapper   vc_box_border_grey\"><img width=\"2560\" height=\"1440\" src=\"https:\/\/www.ebene-c.de\/wp-content\/uploads\/2023\/08\/mike-kononov-lFv0V3_2H6s-unsplash-scaled.jpg\" class=\"vc_single_image-img attachment-full\" alt=\"\" loading=\"lazy\" srcset=\"https:\/\/www.ebene-c.de\/wp-content\/uploads\/2023\/08\/mike-kononov-lFv0V3_2H6s-unsplash-scaled.jpg 2560w, https:\/\/www.ebene-c.de\/wp-content\/uploads\/2023\/08\/mike-kononov-lFv0V3_2H6s-unsplash-300x169.jpg 300w, https:\/\/www.ebene-c.de\/wp-content\/uploads\/2023\/08\/mike-kononov-lFv0V3_2H6s-unsplash-1024x576.jpg 1024w, https:\/\/www.ebene-c.de\/wp-content\/uploads\/2023\/08\/mike-kononov-lFv0V3_2H6s-unsplash-768x432.jpg 768w, https:\/\/www.ebene-c.de\/wp-content\/uploads\/2023\/08\/mike-kononov-lFv0V3_2H6s-unsplash-1536x864.jpg 1536w, https:\/\/www.ebene-c.de\/wp-content\/uploads\/2023\/08\/mike-kononov-lFv0V3_2H6s-unsplash-2048x1152.jpg 2048w, https:\/\/www.ebene-c.de\/wp-content\/uploads\/2023\/08\/mike-kononov-lFv0V3_2H6s-unsplash-18x10.jpg 18w, https:\/\/www.ebene-c.de\/wp-content\/uploads\/2023\/08\/mike-kononov-lFv0V3_2H6s-unsplash-260x146.jpg 260w, https:\/\/www.ebene-c.de\/wp-content\/uploads\/2023\/08\/mike-kononov-lFv0V3_2H6s-unsplash-50x28.jpg 50w, https:\/\/www.ebene-c.de\/wp-content\/uploads\/2023\/08\/mike-kononov-lFv0V3_2H6s-unsplash-133x75.jpg 133w, https:\/\/www.ebene-c.de\/wp-content\/uploads\/2023\/08\/mike-kononov-lFv0V3_2H6s-unsplash-1200x675.jpg 1200w\" sizes=\"(max-width: 2560px) 100vw, 2560px\" \/><\/div>\n\t\t<\/figure>\n\t<\/div>\n<\/div><\/div><\/div><div class=\"wpb_column vc_column_container vc_col-sm-6\"><div class=\"vc_column-inner\"><div class=\"wpb_wrapper\">\n\t<div class=\"wpb_text_column wpb_content_element  vc_custom_1700055654444\" >\n\t\t<div class=\"wpb_wrapper\">\n\t\t\t<p>Ob Sie es Change, Transformation oder Weiterentwicklung nennen \u2013 die steigende Komplexit\u00e4t der M\u00e4rkte, die geringere Planbarkeit, Generationswechsel und Fachkr\u00e4ftemangel machen unternehmerische Entscheidungen zu besonderen Herausforderungen. Und gleichzeitig zu Chancen f\u00fcr die Zukunftsgestaltung.<\/p>\n<p>Unsere langj\u00e4hrige Expertise als Berater von Marken und Menschen zeigt, dass nur im engen, internen Zusammenspiel der strategischen und kulturellen Handlungsfelder nachhaltiger Erfolg entsteht.<\/p>\n<p>So fliegt eine Vertriebsstrategie zum Beispiel erst dann, wenn die Mitarbeiter sie selbst leben und aktiv gestalten. Die Digitalisierung von Prozessen ben\u00f6tigt das Know-how und vor allem die Akzeptanz aller Beteiligten. Und f\u00fcr die Mitarbeiter-Gewinnung und -Bindung steigen die Chancen enorm, wenn die F\u00fchrungskr\u00e4fte glaubhaft f\u00fcr den Unternehmenszweck einstehen.<\/p>\n<p>Dieses Zusammenspiel der verschiedenen Handlungsfelder ist ein kontinuierlicher Prozess und in jedem Unternehmen unterschiedlich. Folgende sechs Schritte sind aus unserer Erfahrung idealtypisch:<\/p>\n\n\t\t<\/div>\n\t<\/div>\n<\/div><\/div><\/div><\/div><div class=\"vc_row wpb_row vc_inner vc_row-fluid\"><div class=\"wpb_column vc_column_container vc_col-sm-12\"><div class=\"vc_column-inner\"><div class=\"wpb_wrapper\">\n\t<div  class=\"wpb_single_image wpb_content_element vc_align_left  vc_custom_1732284901867\">\n\t\t\n\t\t<figure class=\"wpb_wrapper vc_figure\">\n\t\t\t<div class=\"vc_single_image-wrapper   vc_box_border_grey\"><img class=\"vc_single_image-img \" src=\"https:\/\/www.ebene-c.de\/wp-content\/uploads\/2024\/11\/ebene-c_Mittelstand_Prozess-1000x250.png\" width=\"1000\" height=\"250\" alt=\"ebene-c_Mittelstand_Prozess\" title=\"ebene-c_Mittelstand_Prozess\" \/><\/div>\n\t\t<\/figure>\n\t<\/div>\n<\/div><\/div><\/div><\/div><div class=\"vc_row wpb_row vc_inner vc_row-fluid\"><div class=\"wpb_column vc_column_container vc_col-sm-8\"><div class=\"vc_column-inner\"><div class=\"wpb_wrapper\">\n\t<div class=\"wpb_text_column wpb_content_element  vc_custom_1700060892567\" >\n\t\t<div class=\"wpb_wrapper\">\n\t\t\t<p><strong>Zentrale Fragen bei einem ersten Meeting sind:<\/strong><br \/>\n_Wo steht das Unternehmen in diesem Prozess?<br \/>\n_Wie klar sind die Handlungsfelder und deren Ziele definiert und kommuniziert?<br \/>\n_Wer sind die zentralen Treiber f\u00fcr die Entwicklung? Wer sind die wichtigsten Bremser? Beide sind wichtig!<\/p>\n<p>Die Zusammenarbeit orientiert sich an unserer ausgef\u00fcllten ebene c Canvas, die gleichzeitig der \u00dcbersicht und dem Monitoring dient:<\/p>\n\n\t\t<\/div>\n\t<\/div>\n<\/div><\/div><\/div><div class=\"wpb_column vc_column_container vc_col-sm-4\"><div class=\"vc_column-inner\"><div class=\"wpb_wrapper\"><\/div><\/div><\/div><\/div><div class=\"vc_row wpb_row vc_inner vc_row-fluid vc_custom_1693122650438 vc_row-has-fill\"><div class=\"wpb_column vc_column_container vc_col-sm-6\"><div class=\"vc_column-inner\"><div class=\"wpb_wrapper\">\n\t<div  class=\"wpb_single_image wpb_content_element vc_align_left\">\n\t\t\n\t\t<figure class=\"wpb_wrapper vc_figure\">\n\t\t\t<div class=\"vc_single_image-wrapper   vc_box_border_grey\"><img class=\"vc_single_image-img \" src=\"https:\/\/www.ebene-c.de\/wp-content\/uploads\/2023\/11\/EBENEC-2023-001-GFX-Unternehmensberatung_Bunt-1-700x950.png\" width=\"700\" height=\"950\" alt=\"EBENEC-2023-001-GFX-Unternehmensberatung_Bunt\" title=\"EBENEC-2023-001-GFX-Unternehmensberatung_Bunt\" \/><\/div>\n\t\t<\/figure>\n\t<\/div>\n<\/div><\/div><\/div><div class=\"wpb_column vc_column_container vc_col-sm-6\"><div class=\"vc_column-inner\"><div class=\"wpb_wrapper\">\n\t<div class=\"wpb_text_column wpb_content_element  vc_custom_1700056786726\" >\n\t\t<div class=\"wpb_wrapper\">\n\t\t\t<p><span style=\"color: #000000;\"><strong>Unser Angebot.<\/strong><\/span><br \/>\nFragen Sie uns nach einem Analyse-Workshop. Gemeinsam betrachten und diskutieren wir Ihre Handlungsfelder und werfen einen Blick auf einen m\u00f6glichen gemeinsamen Prozess.<\/p>\n<p><span style=\"color: #000000;\">Interesse? Dann freuen wir uns auf eine E-Mail unter info(at)ebene-c.de.<\/span><\/p>\n\n\t\t<\/div>\n\t<\/div>\n<\/div><\/div><\/div><\/div><\/div><\/div><\/div><\/div><div class=\"vc_row wpb_row vc_row-fluid\"><div class=\"wpb_column vc_column_container vc_col-sm-12\"><div class=\"vc_column-inner\"><div class=\"wpb_wrapper\"><div class=\"vc_separator wpb_content_element vc_separator_align_center vc_sep_width_100 vc_sep_border_width_2 vc_sep_pos_align_center vc_separator_no_text vc_sep_color_black\" ><span class=\"vc_sep_holder vc_sep_holder_l\"><span  class=\"vc_sep_line\"><\/span><\/span><span class=\"vc_sep_holder vc_sep_holder_r\"><span  class=\"vc_sep_line\"><\/span><\/span>\n<\/div><\/div><\/div><\/div><\/div>\n","protected":false},"excerpt":{"rendered":"Organisations\u00adentwicklung. Wie Strategie und Kultur zusammen\u00adspielen. Ob Sie es Change, Transformation oder Weiterentwicklung nennen \u2013 die steigende Komplexit\u00e4t der M\u00e4rkte, die geringere Planbarkeit, Generationswechsel und<span class=\"excerpt-hellip\"> [\u2026]<\/span>","protected":false},"author":1,"featured_media":0,"parent":0,"menu_order":0,"comment_status":"closed","ping_status":"closed","template":"","meta":[],"_links":{"self":[{"href":"https:\/\/www.ebene-c.de\/de_de\/wp-json\/wp\/v2\/pages\/3033"}],"collection":[{"href":"https:\/\/www.ebene-c.de\/de_de\/wp-json\/wp\/v2\/pages"}],"about":[{"href":"https:\/\/www.ebene-c.de\/de_de\/wp-json\/wp\/v2\/types\/page"}],"author":[{"embeddable":true,"href":"https:\/\/www.ebene-c.de\/de_de\/wp-json\/wp\/v2\/users\/1"}],"replies":[{"embeddable":true,"href":"https:\/\/www.ebene-c.de\/de_de\/wp-json\/wp\/v2\/comments?post=3033"}],"version-history":[{"count":71,"href":"https:\/\/www.ebene-c.de\/de_de\/wp-json\/wp\/v2\/pages\/3033\/revisions"}],"predecessor-version":[{"id":3518,"href":"https:\/\/www.ebene-c.de\/de_de\/wp-json\/wp\/v2\/pages\/3033\/revisions\/3518"}],"wp:attachment":[{"href":"https:\/\/www.ebene-c.de\/de_de\/wp-json\/wp\/v2\/media?parent=3033"}],"curies":[{"name":"wp","href":"https:\/\/api.w.org\/{rel}","templated":true}]}}