{"id":3132,"date":"2024-03-17T14:59:53","date_gmt":"2024-03-17T13:59:53","guid":{"rendered":"https:\/\/www.ebene-c.de\/?page_id=3132"},"modified":"2024-08-09T16:39:39","modified_gmt":"2024-08-09T14:39:39","slug":"markilux","status":"publish","type":"page","link":"https:\/\/www.ebene-c.de\/de_de\/markilux\/","title":{"rendered":"Markilux"},"content":{"rendered":"<div class=\"vc_row wpb_row vc_row-fluid\"><div class=\"wpb_column vc_column_container vc_col-sm-6\"><div class=\"vc_column-inner\"><div class=\"wpb_wrapper\">\n\t<div class=\"wpb_text_column wpb_content_element \" >\n\t\t<div class=\"wpb_wrapper\">\n\t\t\t<h2><strong>markilux<br \/>\n<\/strong>\/<br \/>\n<strong>Workshopreihe Qualit\u00e4tsvertrieb <\/strong><\/h2>\n\n\t\t<\/div>\n\t<\/div>\n\n\t<div class=\"wpb_text_column wpb_content_element \" >\n\t\t<div class=\"wpb_wrapper\">\n\t\t\t<h4><strong>_Markenentwicklung<br \/>\n<\/strong><strong>_Vertriebstraining<br \/>\n<\/strong><strong>_Strategische Ausrichtung <\/strong><\/h4>\n\n\t\t<\/div>\n\t<\/div>\n<\/div><\/div><\/div><div class=\"wpb_column vc_column_container vc_col-sm-6\"><div class=\"vc_column-inner\"><div class=\"wpb_wrapper\">\n\t<div  class=\"wpb_single_image wpb_content_element vc_align_left  vc_custom_1710841515648\">\n\t\t\n\t\t<figure class=\"wpb_wrapper vc_figure\">\n\t\t\t<div class=\"vc_single_image-wrapper   vc_box_border_grey\"><img class=\"vc_single_image-img \" src=\"https:\/\/www.ebene-c.de\/wp-content\/uploads\/2024\/03\/markilux-gebaude-von-aussen-in-emsdetten-500x302.jpg\" width=\"500\" height=\"302\" alt=\"markilux-gebaude-von-aussen-in-emsdetten\" title=\"markilux-gebaude-von-aussen-in-emsdetten\" \/><\/div>\n\t\t<\/figure>\n\t<\/div>\n<\/div><\/div><\/div><\/div><div class=\"vc_row wpb_row vc_row-fluid\"><div class=\"wpb_column vc_column_container vc_col-sm-6\"><div class=\"vc_column-inner\"><div class=\"wpb_wrapper\">\n\t<div class=\"wpb_text_column wpb_content_element \" >\n\t\t<div class=\"wpb_wrapper\">\n\t\t\t<div class=\"wpb_text_column wpb_content_element vc_custom_1538133902006\">\n<div class=\"wpb_wrapper\">\n<h4>Hintergrund<\/h4>\n<p>Seit \u00fcber 50 Jahren steht markilux f\u00fcr die Entwicklung und die Herstellung hochwertiger Sonnenschutz-L\u00f6sungen \u2013 Made in Germany. markilux Markisen zeichnen sich besonders aus durch ihre Qualit\u00e4t, vielfach pr\u00e4miertes Design und innovative Technik. Die Strahlkraft der Marke ist erlebbar in den Flagshipstores Berlin, Hamburg, K\u00f6ln, L\u00f6rrach und am Standort Emsdetten \/ M\u00fcnster und zeigt sich in diversen Markenawards u.a. The Major German Brands 2023, German Brand Award, German Innovation Award, den reddot Design Award sowie den iF Design Award 2024.<\/p>\n<p>markilux. Die Beste unter der Sonne. <a href=\"https:\/\/www.markilux.com\/\">www.markilux.com<\/a><\/p>\n<h4>Aufgabe<\/h4>\n<p>Aufbauend auf einer soliden Markenpositionierung und einer breit angelegten Marketingkampagne mit Online-, Print- und TV-Kommunikation sollte die gesamte Vertriebsmannschaft von markilux in der konsequenten Markenausrichtung geschult werden. Zentrales Element war dabei die Umstellung auf ein selektives Vertriebssystem, d.h. die Etablierung eines Qualit\u00e4tsvertriebs mit Fokus auf ausgew\u00e4hlte Fachhandelspartner. Dazu mussten rechtliche, markenspezifische und verkaufstechnische Aspekte in einer stufenweisen Workshop-Reihe vermittelt und trainiert werden. Dies erforderte geeignete und kreative Methoden, die durch Moderation alle Sichtweisen b\u00fcndeln, Fragen und auch wahrgenommene H\u00fcrden bzw. Herausforderungen thematisieren und die Inhalte f\u00fcr das gesamte Vertriebsteam interaktiv erlebbar und praktisch umsetzbar machen. Um den Anforderungen des Marktes und dem Qualit\u00e4tsverst\u00e4ndnis von markilux gerecht zu werden, wurde parallel die zuk\u00fcnftige Ausrichtung von Marketing und Vertrieb mit den Mitgliedern der Gesch\u00e4ftsleitung und dem F\u00fchrungskreis in Form eines Workshops erarbeitet.<\/p>\n<h4>L\u00f6sung<\/h4>\n<p>In Kooperation mit der Vertriebsberatung \u201eGreen Carpet\u201c wurde in einem mehrstufigen Prozess ein ganzheitliches Entwicklungs- und Trainingsprogramm definiert, um die Vertriebsmannschaft effektiv auf eine konsequente Markenausrichtung vorzubereiten und gleichzeitig die strategische Markenausrichtung von markilux abzubilden. Zentrales Ziel war es, bei allen Beteiligten ein neues Bewusstsein f\u00fcr die Bedeutung der Marke und ein neues, gemeinsames Verst\u00e4ndnis von Vertrieb und Marketing zu schaffen. Die verschiedenen Termine kombinierten rechtliche, markenspezifische und vertriebstechnische Themen. Regelm\u00e4\u00dfige Feedbackschleifen innerhalb der Workshopreihe und auch danach im vertriebsinternen Folgeprozess f\u00fchrten zu einer Verbesserung des Qualit\u00e4tsvertriebs und einer St\u00e4rkung der Markenpositionierung von markilux bei den Fachhandelspartnern.<\/p>\n<p><strong>\u00a0<\/strong><\/p>\n<\/div>\n<\/div>\n\n\t\t<\/div>\n\t<\/div>\n<\/div><\/div><\/div><div class=\"wpb_column vc_column_container vc_col-sm-6\"><div class=\"vc_column-inner\"><div class=\"wpb_wrapper\">\n\t<div class=\"wpb_text_column wpb_content_element \" >\n\t\t<div class=\"wpb_wrapper\">\n\t\t\t<div>\n<div>\n<h4><strong>Kundenstimmen<\/strong><\/h4>\n<p><em>&#8222;Stefan Bohrmann hat die Vielschichtigkeit unserer Workshop-Inhalte gut aufgegriffen und sie durch eine lebendige, methodisch intelligente und abwechslungsreiche Aufbereitung f\u00fcr alle Teilnehmenden greifbar gemacht. Damit ist die Basis f\u00fcr eine noch engere Verzahnung von Vertrieb und Marketing gelegt, was uns in der sehr dynamischen Marktlandschaft unerl\u00e4sslich ist. Mit seiner Unterst\u00fctzung ist markilux bestens aufgestellt, um auch in bewegten Zeiten den eingeschlagenen Kurs erfolgreich beizubehalten.\u201c<\/em><\/p>\n<p>Christiane Berning<br \/>\nLeitung \/ Manager &#8211; Marketing &amp; Business Development<\/p>\n<p>&nbsp;<\/p>\n<p><em>\u201eDie Umstellung auf ein selektives Vertriebssystem war ein hochstrategischer und wichtiger Schritt, um markilux in einem wettbewerbsintensiven Umfeld stark und konkurrenzf\u00e4hig zu halten. Dazu bedurfte es neben den rechtlichen und strukturellen Rahmenbedingungen auch des inhaltlichen und motivierenden \u201eMitnehmens\u201c der Vertriebsmannschaft via Austausch, Reflexion und pers\u00f6nlichem Involvement.<\/em><br \/>\n<em>Stefan Bohrmann hat dies fachlich und mit seiner ganz eigenen Handschrift hervorragend begleitet und damit einen wertvollen Baustein zum Ganzen beigetragen.\u201c<\/em><\/p>\n<p>Klaus Wuchner<br \/>\nGesch\u00e4ftsf\u00fchrer Vertrieb &amp; Marketing<\/p>\n<p>&nbsp;<\/p>\n<\/div>\n<\/div>\n\n\t\t<\/div>\n\t<\/div>\n\n\t<div  class=\"wpb_single_image wpb_content_element vc_align_left  vc_custom_1710841566399\">\n\t\t\n\t\t<figure class=\"wpb_wrapper vc_figure\">\n\t\t\t<div class=\"vc_single_image-wrapper   vc_box_border_grey\"><img class=\"vc_single_image-img \" src=\"https:\/\/www.ebene-c.de\/wp-content\/uploads\/2024\/03\/mx-pergola-style-kubus-image-tag-202310-500x302.jpg\" width=\"500\" height=\"302\" alt=\"mx-pergola-style-kubus-image-tag-202310\" title=\"mx-pergola-style-kubus-image-tag-202310\" \/><\/div>\n\t\t<\/figure>\n\t<\/div>\n<\/div><\/div><\/div><\/div><div class=\"vc_row wpb_row vc_row-fluid\"><div class=\"wpb_column vc_column_container vc_col-sm-12\"><div class=\"vc_column-inner\"><div class=\"wpb_wrapper\"><div class=\"vc_separator wpb_content_element vc_separator_align_center vc_sep_width_100 vc_sep_border_width_2 vc_sep_pos_align_center vc_separator_no_text vc_sep_color_black\" ><span class=\"vc_sep_holder vc_sep_holder_l\"><span  class=\"vc_sep_line\"><\/span><\/span><span class=\"vc_sep_holder vc_sep_holder_r\"><span  class=\"vc_sep_line\"><\/span><\/span>\n<\/div><\/div><\/div><\/div><\/div>\n","protected":false},"excerpt":{"rendered":"markilux \/ Workshopreihe Qualit\u00e4tsvertrieb _Markenentwicklung _Vertriebstraining _Strategische Ausrichtung Hintergrund Seit \u00fcber 50 Jahren steht markilux f\u00fcr die Entwicklung und die Herstellung hochwertiger Sonnenschutz-L\u00f6sungen \u2013 Made<span class=\"excerpt-hellip\"> [\u2026]<\/span>","protected":false},"author":1,"featured_media":0,"parent":0,"menu_order":0,"comment_status":"closed","ping_status":"closed","template":"","meta":[],"_links":{"self":[{"href":"https:\/\/www.ebene-c.de\/de_de\/wp-json\/wp\/v2\/pages\/3132"}],"collection":[{"href":"https:\/\/www.ebene-c.de\/de_de\/wp-json\/wp\/v2\/pages"}],"about":[{"href":"https:\/\/www.ebene-c.de\/de_de\/wp-json\/wp\/v2\/types\/page"}],"author":[{"embeddable":true,"href":"https:\/\/www.ebene-c.de\/de_de\/wp-json\/wp\/v2\/users\/1"}],"replies":[{"embeddable":true,"href":"https:\/\/www.ebene-c.de\/de_de\/wp-json\/wp\/v2\/comments?post=3132"}],"version-history":[{"count":10,"href":"https:\/\/www.ebene-c.de\/de_de\/wp-json\/wp\/v2\/pages\/3132\/revisions"}],"predecessor-version":[{"id":3247,"href":"https:\/\/www.ebene-c.de\/de_de\/wp-json\/wp\/v2\/pages\/3132\/revisions\/3247"}],"wp:attachment":[{"href":"https:\/\/www.ebene-c.de\/de_de\/wp-json\/wp\/v2\/media?parent=3132"}],"curies":[{"name":"wp","href":"https:\/\/api.w.org\/{rel}","templated":true}]}}