{"id":3206,"date":"2024-07-01T14:34:20","date_gmt":"2024-07-01T12:34:20","guid":{"rendered":"https:\/\/www.ebene-c.de\/?page_id=3206"},"modified":"2024-07-01T16:24:39","modified_gmt":"2024-07-01T14:24:39","slug":"beratung1-2","status":"publish","type":"page","link":"https:\/\/www.ebene-c.de\/de_de\/beratung1-2\/","title":{"rendered":"beratung1"},"content":{"rendered":"<div class=\"vc_row wpb_row vc_row-fluid\"><div class=\"wpb_column vc_column_container vc_col-sm-6\"><div class=\"vc_column-inner\"><div class=\"wpb_wrapper\">\n\t<div class=\"wpb_text_column wpb_content_element \" >\n\t\t<div class=\"wpb_wrapper\">\n\t\t\t<h2>beratung1<br \/>\n\/<\/h2>\n<h2>Interimsleitung<\/h2>\n<h4>_Leitung Beratungsstelle<\/h4>\n<h4>_Recruiting<\/h4>\n<h4>_Verwaltung &amp; Lobby-Arbeit<\/h4>\n\n\t\t<\/div>\n\t<\/div>\n<\/div><\/div><\/div><div class=\"wpb_column vc_column_container vc_col-sm-6\"><div class=\"vc_column-inner\"><div class=\"wpb_wrapper\">\n\t<div  class=\"wpb_single_image wpb_content_element vc_align_center  vc_custom_1719842443528\">\n\t\t\n\t\t<figure class=\"wpb_wrapper vc_figure\">\n\t\t\t<div class=\"vc_single_image-wrapper   vc_box_border_grey\"><img width=\"3918\" height=\"2475\" src=\"https:\/\/www.ebene-c.de\/wp-content\/uploads\/2024\/07\/b1_grafik.png\" class=\"vc_single_image-img attachment-full\" alt=\"\" loading=\"lazy\" srcset=\"https:\/\/www.ebene-c.de\/wp-content\/uploads\/2024\/07\/b1_grafik.png 3918w, https:\/\/www.ebene-c.de\/wp-content\/uploads\/2024\/07\/b1_grafik-300x190.png 300w, https:\/\/www.ebene-c.de\/wp-content\/uploads\/2024\/07\/b1_grafik-1024x647.png 1024w, https:\/\/www.ebene-c.de\/wp-content\/uploads\/2024\/07\/b1_grafik-768x485.png 768w, https:\/\/www.ebene-c.de\/wp-content\/uploads\/2024\/07\/b1_grafik-1536x970.png 1536w, https:\/\/www.ebene-c.de\/wp-content\/uploads\/2024\/07\/b1_grafik-2048x1294.png 2048w, https:\/\/www.ebene-c.de\/wp-content\/uploads\/2024\/07\/b1_grafik-18x12.png 18w, https:\/\/www.ebene-c.de\/wp-content\/uploads\/2024\/07\/b1_grafik-231x146.png 231w, https:\/\/www.ebene-c.de\/wp-content\/uploads\/2024\/07\/b1_grafik-50x32.png 50w, https:\/\/www.ebene-c.de\/wp-content\/uploads\/2024\/07\/b1_grafik-119x75.png 119w\" sizes=\"(max-width: 3918px) 100vw, 3918px\" \/><\/div>\n\t\t<\/figure>\n\t<\/div>\n<\/div><\/div><\/div><\/div><div class=\"vc_row wpb_row vc_row-fluid\"><div class=\"wpb_column vc_column_container vc_col-sm-6\"><div class=\"vc_column-inner\"><div class=\"wpb_wrapper\">\n\t<div class=\"wpb_text_column wpb_content_element \" >\n\t\t<div class=\"wpb_wrapper\">\n\t\t\t<div class=\"wpb_text_column wpb_content_element vc_custom_1562313263235\">\n<div class=\"wpb_wrapper\">\n<h4><span style=\"color: #000000;\"><strong>Hintergrund<\/strong><\/span><\/h4>\n<p>beratung1 wurde bereits 1977 als Familienberatungs- und Behandlungsstelle er\u00f6ffnet und war damit eine der ersten familientherapeutisch ausgerichteten Beratungsstellen in Deutschland.<\/p>\n<p>Das Angebot richtet sich an Familiensysteme und Paare, um schwer zu l\u00f6sende Themen gemeinsam und ressourcen-orientiert anzugehen. Das Angebot wird von der Stadt Stuttgart finanziell gef\u00f6rdert.<\/p>\n<p>Tr\u00e4ger von beratung1\u00a0 ist das Psychotherapeutische Zentrum e.V., ein gemeinn\u00fctziger, konfessionell und politisch unabh\u00e4ngiger privater Verein, der neben beratung1 auch die Weiterbildungseinrichtung fortbildung1 in Stuttgart-Sonnenberg betreibt.<\/p>\n<p><a href=\"https:\/\/www.beratung1.de\/\">www.beratung1.de<\/a><\/p>\n<h4><span style=\"color: #000000;\"><strong>Aufgabe<\/strong><\/span><\/h4>\n<p>Interimsleitung der Beratungsstelle auf allen organisatorischen Ebenen: Personal, Verwaltung, Budgetierung, Netzwerken.<\/p>\n<h4><strong>L\u00f6sung<\/strong><\/h4>\n<p>Kurzfristige \u00dcbernahme der Leitung der Einrichtung f\u00fcr 7 Monate<\/p>\n<p>In enger Zusammenarbeit mit dem Team und dem Vorstand waren die wichtigsten Aufgaben:<\/p>\n<ul>\n<li><span style=\"color: #000000;\">Regelm\u00e4\u00dfiger Austausch mit den Mitarbeiter:innen, Leitung der w\u00f6chentlich Team-Meetings<\/span><\/li>\n<li><span style=\"color: #000000;\">Regelkommunikation mit dem Vorstand<\/span><\/li>\n<li><span style=\"color: #000000;\">Recruiting: Steuerung des Bewerbungsprozesses \u2013 Einstellung der neuen Leitung und einer Therapeutin, Einarbeitung und \u00dcbergabe<\/span><\/li>\n<li><span style=\"color: #000000;\">Verwaltung: Budgetverwaltung, Stellen von F\u00f6rderantr\u00e4gen, Controlling, Weiterentwicklung von eigenen Formularen<\/span><\/li>\n<li><span style=\"color: #000000;\">Organisation: Abstimmung mit Telefon- und Softwareanbietern, Architektin, Partnern sowie Hausmeister, Handwerkern \u2026<\/span><\/li>\n<li><span style=\"color: #000000;\">Gremien-und Lobby-Arbeit: Teilnahme an verschieden Arbeitskreisen und Branchentreffen, Argumentation der F\u00f6rderantr\u00e4ge bei den wichtigsten Parteien des Stuttgarter Gemeinderates<\/span><\/li>\n<\/ul>\n<\/div>\n<\/div>\n\n\t\t<\/div>\n\t<\/div>\n<\/div><\/div><\/div><div class=\"wpb_column vc_column_container vc_col-sm-6\"><div class=\"vc_column-inner\"><div class=\"wpb_wrapper\">\n\t<div class=\"wpb_text_column wpb_content_element \" >\n\t\t<div class=\"wpb_wrapper\">\n\t\t\t<div>\n<div>\n<h4><strong>Kundenstimmen<\/strong><\/h4>\n<\/div>\n<p>\u201e<em>Arne Mack war f\u00fcr den \u00dcbergang genau der richtige: hocheffizienter \u00a0Coach, Projektleiter, Netzwerker und Sozialarbeiter. In kurzer Zeit identifizierte er die entscheidenden Handlungsfelder und entwickelte L\u00f6sungsans\u00e4tze, ohne der zuk\u00fcnftigen Leitung vorzugreifen. Er hat das Team in schwierigen Umbruchszeiten hervorragend begleitet, zusammengef\u00fchrt und gest\u00e4rkt. Wir freuen uns auf weitere gemeinsame Projekte und sind froh, dass wir auch in Zukunft auf seine Unterst\u00fctzung bauen k\u00f6nnen. <\/em><\/p>\n<p>Susanne Heckel \/ 1.Vorsitzende \/ Psychotherapeutisches Zentrum e.V.<\/p>\n<p>&nbsp;<\/p>\n<p>\u201e<em>Wir sind froh, dass wir Arne Mack f\u00fcr die Interimsleitung gewinnen konnten; ich habe ihn Freitagabend angerufen, am Montag f\u00fchrte er schon das erste Bewerbungsgespr\u00e4ch. In einer Zeit, die f\u00fcr die Beratungsstelle nicht einfach war, hat er mit seiner strukturierten, professionellen Arbeitsweise und seiner positiven Art alle Beteiligten mitgenommen und L\u00f6sungen entwickelt.\u201c<\/em><\/p>\n<p>Sabine Wittmann \/ Vorstand \/ Psychotherapeutisches Zentrum e.V.<\/p>\n<p>&nbsp;<\/p>\n<\/div>\n\n\t\t<\/div>\n\t<\/div>\n<\/div><\/div><\/div><\/div><div class=\"vc_row wpb_row vc_row-fluid\"><div class=\"wpb_column vc_column_container vc_col-sm-12\"><div class=\"vc_column-inner\"><div class=\"wpb_wrapper\"><div class=\"vc_separator wpb_content_element vc_separator_align_center vc_sep_width_100 vc_sep_border_width_2 vc_sep_pos_align_center vc_separator_no_text vc_sep_color_black\" ><span class=\"vc_sep_holder vc_sep_holder_l\"><span  class=\"vc_sep_line\"><\/span><\/span><span class=\"vc_sep_holder vc_sep_holder_r\"><span  class=\"vc_sep_line\"><\/span><\/span>\n<\/div><\/div><\/div><\/div><\/div><div class=\"vc_row wpb_row vc_row-fluid\"><div class=\"wpb_column vc_column_container vc_col-sm-12\"><div class=\"vc_column-inner\"><div class=\"wpb_wrapper\"><\/div><\/div><\/div><\/div>\n","protected":false},"excerpt":{"rendered":"beratung1 \/ Interimsleitung _Leitung Beratungsstelle _Recruiting _Verwaltung &amp; Lobby-Arbeit Hintergrund beratung1 wurde bereits 1977 als Familienberatungs- und Behandlungsstelle er\u00f6ffnet und war damit eine der ersten<span class=\"excerpt-hellip\"> [\u2026]<\/span>","protected":false},"author":1,"featured_media":0,"parent":0,"menu_order":0,"comment_status":"closed","ping_status":"closed","template":"","meta":[],"_links":{"self":[{"href":"https:\/\/www.ebene-c.de\/de_de\/wp-json\/wp\/v2\/pages\/3206"}],"collection":[{"href":"https:\/\/www.ebene-c.de\/de_de\/wp-json\/wp\/v2\/pages"}],"about":[{"href":"https:\/\/www.ebene-c.de\/de_de\/wp-json\/wp\/v2\/types\/page"}],"author":[{"embeddable":true,"href":"https:\/\/www.ebene-c.de\/de_de\/wp-json\/wp\/v2\/users\/1"}],"replies":[{"embeddable":true,"href":"https:\/\/www.ebene-c.de\/de_de\/wp-json\/wp\/v2\/comments?post=3206"}],"version-history":[{"count":14,"href":"https:\/\/www.ebene-c.de\/de_de\/wp-json\/wp\/v2\/pages\/3206\/revisions"}],"predecessor-version":[{"id":3229,"href":"https:\/\/www.ebene-c.de\/de_de\/wp-json\/wp\/v2\/pages\/3206\/revisions\/3229"}],"wp:attachment":[{"href":"https:\/\/www.ebene-c.de\/de_de\/wp-json\/wp\/v2\/media?parent=3206"}],"curies":[{"name":"wp","href":"https:\/\/api.w.org\/{rel}","templated":true}]}}