{"id":3302,"date":"2024-12-16T13:05:28","date_gmt":"2024-12-16T12:05:28","guid":{"rendered":"https:\/\/www.ebene-c.de\/?page_id=3302"},"modified":"2025-03-24T12:15:07","modified_gmt":"2025-03-24T11:15:07","slug":"coaching_mentoring_supervision","status":"publish","type":"page","link":"https:\/\/www.ebene-c.de\/de_de\/coaching_mentoring_supervision\/","title":{"rendered":"Coaching, Mentoring, Supervision"},"content":{"rendered":"<div class=\"vc_row wpb_row vc_row-fluid vc_custom_1657110973093 vc_row-has-fill\"><div class=\"wpb_column vc_column_container vc_col-sm-12\"><div class=\"vc_column-inner\"><div class=\"wpb_wrapper\"><div class=\"vc_row wpb_row vc_inner vc_row-fluid\"><div class=\"wpb_column vc_column_container vc_col-sm-8\"><div class=\"vc_column-inner\"><div class=\"wpb_wrapper\">\n\t<div class=\"wpb_text_column wpb_content_element  vc_custom_1742814898773\" >\n\t\t<div class=\"wpb_wrapper\">\n\t\t\t<h1><strong>Coaching, Mentoring und Supervision. Wir begleiten Sie bei Ihrer Entwicklung.<\/strong><\/h1>\n\n\t\t<\/div>\n\t<\/div>\n<\/div><\/div><\/div><div class=\"wpb_column vc_column_container vc_col-sm-4\"><div class=\"vc_column-inner\"><div class=\"wpb_wrapper\"><\/div><\/div><\/div><\/div><div class=\"vc_row wpb_row vc_inner vc_row-fluid\"><div class=\"wpb_column vc_column_container vc_col-sm-4\"><div class=\"vc_column-inner\"><div class=\"wpb_wrapper\">\n\t<div  class=\"wpb_single_image wpb_content_element vc_align_left\">\n\t\t\n\t\t<figure class=\"wpb_wrapper vc_figure\">\n\t\t\t<div class=\"vc_single_image-wrapper   vc_box_border_grey\"><img class=\"vc_single_image-img \" src=\"https:\/\/www.ebene-c.de\/wp-content\/uploads\/2024\/12\/photo-1548438294-1ad5d5f4f063-e1734341647790-320x320.jpg\" width=\"320\" height=\"320\" alt=\"photo-1548438294-1ad5d5f4f063\" title=\"photo-1548438294-1ad5d5f4f063\" \/><\/div>\n\t\t<\/figure>\n\t<\/div>\n<\/div><\/div><\/div><div class=\"wpb_column vc_column_container vc_col-sm-8\"><div class=\"vc_column-inner\"><div class=\"wpb_wrapper\">\n\t<div class=\"wpb_text_column wpb_content_element  vc_custom_1742734540482\" >\n\t\t<div class=\"wpb_wrapper\">\n\t\t\t<p>Manchmal braucht es einen frischen Blick, ein kl\u00e4rendes Gespr\u00e4ch oder einfach den richtigen Impuls, um den n\u00e4chsten Schritt zu machen. Wir bieten Ihnen professionelle Begleitung durch erfahrene Coaches, die Sie bei Ihrer pers\u00f6nlichen und beruflichen Entwicklung unterst\u00fctzen \u2013 immer individuell, l\u00f6sungsorientiert und auf Augenh\u00f6he.<\/p>\n<p>Unsere Coaches vereinen systemische Ausbildung, langj\u00e4hrige Erfahrung im Bereich Marketing und Kommunikation sowie umfassende Lebenserfahrung. Diese Kombination erm\u00f6glicht es uns, Sie kompetent, empathisch und praxisnah zu begleiten. Dabei legen wir Wert auf individuelle L\u00f6sungen, die zu Ihnen und Ihrem Kontext passen.<\/p>\n\n\t\t<\/div>\n\t<\/div>\n<\/div><\/div><\/div><\/div><div class=\"vc_row wpb_row vc_inner vc_row-fluid\"><div class=\"wpb_column vc_column_container vc_col-sm-4\"><div class=\"vc_column-inner\"><div class=\"wpb_wrapper\">\n\t<div  class=\"wpb_single_image wpb_content_element vc_align_left\">\n\t\t\n\t\t<figure class=\"wpb_wrapper vc_figure\">\n\t\t\t<div class=\"vc_single_image-wrapper   vc_box_border_grey\"><img class=\"vc_single_image-img \" src=\"https:\/\/www.ebene-c.de\/wp-content\/uploads\/2024\/12\/photo-1552664688-cf412ec27db2-320x320.jpg\" width=\"320\" height=\"320\" alt=\"photo-1552664688-cf412ec27db2\" title=\"photo-1552664688-cf412ec27db2\" \/><\/div>\n\t\t<\/figure>\n\t<\/div>\n<\/div><\/div><\/div><div class=\"wpb_column vc_column_container vc_col-sm-8\"><div class=\"vc_column-inner\"><div class=\"wpb_wrapper\">\n\t<div class=\"wpb_text_column wpb_content_element  vc_custom_1739366344493\" >\n\t\t<div class=\"wpb_wrapper\">\n\t\t\t<h3><strong>Systemisches Coaching<\/strong><\/h3>\n<p>Im systemischen Coaching stehen Sie und Ihre Anliegen im Mittelpunkt. Wir unterst\u00fctzen Sie dabei, Herausforderungen zu reflektieren, neue Perspektiven zu entdecken und nachhaltige L\u00f6sungen zu entwickeln. Ob Karriereplanung, Konfliktbew\u00e4ltigung oder pers\u00f6nliche Weiterentwicklung \u2013 unser Coaching hilft Ihnen, Klarheit zu gewinnen und Ihre Ziele zu erreichen.<\/p>\n<p><strong>M\u00f6gliche Themen f\u00fcr Einzel- oder Team-Coachings:<\/strong><br \/>\n_Neu in F\u00fchrung<br \/>\n_Konfliktkompetenz erh\u00f6hen<br \/>\n_Zusammenarbeit zwischen zwei Abteilungen verbessern<\/p>\n\n\t\t<\/div>\n\t<\/div>\n<\/div><\/div><\/div><\/div><div class=\"vc_row wpb_row vc_inner vc_row-fluid\"><div class=\"wpb_column vc_column_container vc_col-sm-4\"><div class=\"vc_column-inner\"><div class=\"wpb_wrapper\">\n\t<div  class=\"wpb_single_image wpb_content_element vc_align_left\">\n\t\t\n\t\t<figure class=\"wpb_wrapper vc_figure\">\n\t\t\t<div class=\"vc_single_image-wrapper   vc_box_border_grey\"><img class=\"vc_single_image-img \" src=\"https:\/\/www.ebene-c.de\/wp-content\/uploads\/2024\/12\/photo-1532622785990-d2c36a76f5a6-scaled-320x320.jpg\" width=\"320\" height=\"320\" alt=\"photo-1532622785990-d2c36a76f5a6\" title=\"photo-1532622785990-d2c36a76f5a6\" \/><\/div>\n\t\t<\/figure>\n\t<\/div>\n<\/div><\/div><\/div><div class=\"wpb_column vc_column_container vc_col-sm-8\"><div class=\"vc_column-inner\"><div class=\"wpb_wrapper\">\n\t<div class=\"wpb_text_column wpb_content_element  vc_custom_1734419920725\" >\n\t\t<div class=\"wpb_wrapper\">\n\t\t\t<h3><strong>Mentoring<\/strong><\/h3>\n<p>Mentoring orientiert sich an Ihrem individuellen Entwicklungsprozess, bei dem wir unsere Erfahrung und unser Wissen aus Marketing und Change und und der langj\u00e4hrigen Arbeit in der Kommikationsbranche mit Ihnen teilen. Ob Sie am Anfang Ihrer Karriere stehen oder sich in einer \u00dcbergangsphase befinden \u2013 durch gezielte Unterst\u00fctzung und praxisorientierte Beratung begleiten wir Sie auf Ihrem Weg, st\u00e4rken Ihr Potenzial und f\u00f6rdern Ihre berufliche sowie pers\u00f6nliche Weiterentwicklung.<\/p>\n<p><strong>M\u00f6gliche Themen f\u00fcr das Mentoring:<\/strong><br \/>\n_Entwicklung zur F\u00fchrungspers\u00f6nlichkeit<br \/>\n_Marketingkonzepte entwickeln und intern verkaufen<br \/>\n_Begleitung bei Entscheidungen in der t\u00e4glichen Arbeit<\/p>\n\n\t\t<\/div>\n\t<\/div>\n<\/div><\/div><\/div><\/div><div class=\"vc_row wpb_row vc_inner vc_row-fluid\"><div class=\"wpb_column vc_column_container vc_col-sm-4\"><div class=\"vc_column-inner\"><div class=\"wpb_wrapper\">\n\t<div  class=\"wpb_single_image wpb_content_element vc_align_left\">\n\t\t\n\t\t<figure class=\"wpb_wrapper vc_figure\">\n\t\t\t<div class=\"vc_single_image-wrapper   vc_box_border_grey\"><img class=\"vc_single_image-img \" src=\"https:\/\/www.ebene-c.de\/wp-content\/uploads\/2024\/12\/IMG_2737-scaled-320x320.jpg\" width=\"320\" height=\"320\" alt=\"IMG_2737\" title=\"IMG_2737\" \/><\/div>\n\t\t<\/figure>\n\t<\/div>\n<\/div><\/div><\/div><div class=\"wpb_column vc_column_container vc_col-sm-8\"><div class=\"vc_column-inner\"><div class=\"wpb_wrapper\">\n\t<div class=\"wpb_text_column wpb_content_element  vc_custom_1734419933486\" >\n\t\t<div class=\"wpb_wrapper\">\n\t\t\t<h3><strong>Team-Supervision<\/strong><\/h3>\n<p>Supervision bietet Teams Raum f\u00fcr Reflexion und Weiterentwicklung. Egal, ob es um inhaltliche Themen oder Teamdynamiken Ihrer Arbeit geht \u2013 wir schaffen einen sicheren Rahmen, in dem Sie Ihre Themen bearbeiten und neue Strategien entwickeln k\u00f6nnen. Ziel ist es, Ihre Handlungskompetenz und Zufriedenheit nachhaltig zu steigern.<\/p>\n<p><strong>M\u00f6gliche Themen f\u00fcr die Team-Supervision:<\/strong><br \/>\n_Kommunikationsst\u00f6rungen identifizieren und l\u00f6sen<br \/>\n_Gemeinsame Fehlerkultur entwickeln<br \/>\n_Kl\u00e4rung von Rollen, Aufgaben und gemeinsamen Zielen<\/p>\n\n\t\t<\/div>\n\t<\/div>\n<\/div><\/div><\/div><\/div><\/div><\/div><\/div><\/div><div class=\"vc_row wpb_row vc_row-fluid\"><div class=\"wpb_column vc_column_container vc_col-sm-12\"><div class=\"vc_column-inner\"><div class=\"wpb_wrapper\"><div class=\"vc_separator wpb_content_element vc_separator_align_center vc_sep_width_100 vc_sep_border_width_2 vc_sep_pos_align_center vc_separator_no_text vc_sep_color_black\" ><span class=\"vc_sep_holder vc_sep_holder_l\"><span  class=\"vc_sep_line\"><\/span><\/span><span class=\"vc_sep_holder vc_sep_holder_r\"><span  class=\"vc_sep_line\"><\/span><\/span>\n<\/div><\/div><\/div><\/div><\/div>\n","protected":false},"excerpt":{"rendered":"Coaching, Mentoring und Supervision. Wir begleiten Sie bei Ihrer Entwicklung. Manchmal braucht es einen frischen Blick, ein kl\u00e4rendes Gespr\u00e4ch oder einfach den richtigen Impuls, um<span class=\"excerpt-hellip\"> [\u2026]<\/span>","protected":false},"author":1,"featured_media":0,"parent":0,"menu_order":0,"comment_status":"closed","ping_status":"closed","template":"","meta":[],"_links":{"self":[{"href":"https:\/\/www.ebene-c.de\/de_de\/wp-json\/wp\/v2\/pages\/3302"}],"collection":[{"href":"https:\/\/www.ebene-c.de\/de_de\/wp-json\/wp\/v2\/pages"}],"about":[{"href":"https:\/\/www.ebene-c.de\/de_de\/wp-json\/wp\/v2\/types\/page"}],"author":[{"embeddable":true,"href":"https:\/\/www.ebene-c.de\/de_de\/wp-json\/wp\/v2\/users\/1"}],"replies":[{"embeddable":true,"href":"https:\/\/www.ebene-c.de\/de_de\/wp-json\/wp\/v2\/comments?post=3302"}],"version-history":[{"count":26,"href":"https:\/\/www.ebene-c.de\/de_de\/wp-json\/wp\/v2\/pages\/3302\/revisions"}],"predecessor-version":[{"id":3507,"href":"https:\/\/www.ebene-c.de\/de_de\/wp-json\/wp\/v2\/pages\/3302\/revisions\/3507"}],"wp:attachment":[{"href":"https:\/\/www.ebene-c.de\/de_de\/wp-json\/wp\/v2\/media?parent=3302"}],"curies":[{"name":"wp","href":"https:\/\/api.w.org\/{rel}","templated":true}]}}