{"id":3326,"date":"2024-12-16T13:03:03","date_gmt":"2024-12-16T12:03:03","guid":{"rendered":"https:\/\/www.ebene-c.de\/?page_id=3326"},"modified":"2025-03-25T09:27:52","modified_gmt":"2025-03-25T08:27:52","slug":"mediation","status":"publish","type":"page","link":"https:\/\/www.ebene-c.de\/de_de\/mediation\/","title":{"rendered":"Mediation"},"content":{"rendered":"<div class=\"vc_row wpb_row vc_row-fluid vc_custom_1657110973093 vc_row-has-fill\"><div class=\"wpb_column vc_column_container vc_col-sm-12\"><div class=\"vc_column-inner\"><div class=\"wpb_wrapper\"><div class=\"vc_row wpb_row vc_inner vc_row-fluid\"><div class=\"wpb_column vc_column_container vc_col-sm-8\"><div class=\"vc_column-inner\"><div class=\"wpb_wrapper\">\n\t<div class=\"wpb_text_column wpb_content_element  vc_custom_1734350960440\" >\n\t\t<div class=\"wpb_wrapper\">\n\t\t\t<h1><strong>Mediation.<br \/>\nDer strukturierte Weg f\u00fcr Ihren Konflikt.\u00a0 <\/strong><\/h1>\n\n\t\t<\/div>\n\t<\/div>\n<\/div><\/div><\/div><div class=\"wpb_column vc_column_container vc_col-sm-4\"><div class=\"vc_column-inner\"><div class=\"wpb_wrapper\"><\/div><\/div><\/div><\/div><div class=\"vc_row wpb_row vc_inner vc_row-fluid\"><div class=\"wpb_column vc_column_container vc_col-sm-4\"><div class=\"vc_column-inner\"><div class=\"wpb_wrapper\">\n\t<div  class=\"wpb_single_image wpb_content_element vc_align_left\">\n\t\t\n\t\t<figure class=\"wpb_wrapper vc_figure\">\n\t\t\t<div class=\"vc_single_image-wrapper   vc_box_border_grey\"><img class=\"vc_single_image-img \" src=\"https:\/\/www.ebene-c.de\/wp-content\/uploads\/2024\/12\/photo-1604881991405-b273c7a4386a-scaled-320x320.jpg\" width=\"320\" height=\"320\" alt=\"photo-1604881991405-b273c7a4386a\" title=\"photo-1604881991405-b273c7a4386a\" \/><\/div>\n\t\t<\/figure>\n\t<\/div>\n<\/div><\/div><\/div><div class=\"wpb_column vc_column_container vc_col-sm-8\"><div class=\"vc_column-inner\"><div class=\"wpb_wrapper\">\n\t<div class=\"wpb_text_column wpb_content_element  vc_custom_1738149018894\" >\n\t\t<div class=\"wpb_wrapper\">\n\t\t\t<h4><strong>Mediation \u2013 Gemeinsam L\u00f6sungen finden<\/strong><\/h4>\n<p>Mediation ist ein strukturiertes und freiwilliges Verfahren zur Konfliktl\u00f6sung. Dabei unterst\u00fctzt eine neutrale Mediatorin oder ein Mediator die Beteiligten dabei, eigenverantwortlich eine f\u00fcr alle akzeptable L\u00f6sung zu erarbeiten. Urspr\u00fcnglich als Alternative f\u00fcr gerichtliche Auseinandersetzungen entwickelt, eignet sich Mediation f\u00fcr private, wirtschaftliche und berufliche Konflikte sowie f\u00fcr Streitigkeiten in Familien, Nachbarschaften oder Organisationen. Im Fokus stehen nicht die Vergangenheit und Schuldzuweisungen, sondern konstruktive L\u00f6sungen f\u00fcr die Zukunft. Mediation schafft Raum f\u00fcr einen respektvollen Dialog, f\u00f6rdert gegenseitiges Verst\u00e4ndnis und erm\u00f6glicht nachhaltige Vereinbarungen.<\/p>\n\n\t\t<\/div>\n\t<\/div>\n<\/div><\/div><\/div><\/div><div class=\"vc_row wpb_row vc_inner vc_row-fluid\"><div class=\"wpb_column vc_column_container vc_col-sm-4\"><div class=\"vc_column-inner\"><div class=\"wpb_wrapper\">\n\t<div  class=\"wpb_single_image wpb_content_element vc_align_left\">\n\t\t\n\t\t<figure class=\"wpb_wrapper vc_figure\">\n\t\t\t<a class=\"\" data-lightbox=\"lightbox[rel-3326-2308065797]\" href=\"https:\/\/www.ebene-c.de\/wp-content\/uploads\/2025\/01\/Phasen-Mediation-1024x588.png\" target=\"_self\" class=\"vc_single_image-wrapper   vc_box_border_grey\"><img width=\"3712\" height=\"2131\" src=\"https:\/\/www.ebene-c.de\/wp-content\/uploads\/2025\/01\/Phasen-Mediation.png\" class=\"vc_single_image-img attachment-full\" alt=\"\" loading=\"lazy\" srcset=\"https:\/\/www.ebene-c.de\/wp-content\/uploads\/2025\/01\/Phasen-Mediation.png 3712w, https:\/\/www.ebene-c.de\/wp-content\/uploads\/2025\/01\/Phasen-Mediation-300x172.png 300w, https:\/\/www.ebene-c.de\/wp-content\/uploads\/2025\/01\/Phasen-Mediation-1024x588.png 1024w, https:\/\/www.ebene-c.de\/wp-content\/uploads\/2025\/01\/Phasen-Mediation-768x441.png 768w, https:\/\/www.ebene-c.de\/wp-content\/uploads\/2025\/01\/Phasen-Mediation-1536x882.png 1536w, https:\/\/www.ebene-c.de\/wp-content\/uploads\/2025\/01\/Phasen-Mediation-2048x1176.png 2048w, https:\/\/www.ebene-c.de\/wp-content\/uploads\/2025\/01\/Phasen-Mediation-18x10.png 18w, https:\/\/www.ebene-c.de\/wp-content\/uploads\/2025\/01\/Phasen-Mediation-254x146.png 254w, https:\/\/www.ebene-c.de\/wp-content\/uploads\/2025\/01\/Phasen-Mediation-50x29.png 50w, https:\/\/www.ebene-c.de\/wp-content\/uploads\/2025\/01\/Phasen-Mediation-131x75.png 131w\" sizes=\"(max-width: 3712px) 100vw, 3712px\" \/><\/a>\n\t\t<\/figure>\n\t<\/div>\n<\/div><\/div><\/div><div class=\"wpb_column vc_column_container vc_col-sm-8\"><div class=\"vc_column-inner\"><div class=\"wpb_wrapper\">\n\t<div class=\"wpb_text_column wpb_content_element  vc_custom_1742891269692\" >\n\t\t<div class=\"wpb_wrapper\">\n\t\t\t<h4><span style=\"color: #000000;\">Die 5 Phasen der Mediation<\/span><\/h4>\n<ol>\n<li><span style=\"color: #000000;\"><strong>Auftragskl\u00e4rung<\/strong> \u2013 Die Mediatorin oder der Mediator erkl\u00e4rt den Ablauf, die Regeln und das Ziel der Mediation.<\/span><\/li>\n<li><span style=\"color: #000000;\"><strong>Themensammlung<\/strong> \u2013 Alle Konfliktparteien benennen ihre Anliegen und Themen.<\/span><\/li>\n<li><span style=\"color: #000000;\"><strong>Interessenkl\u00e4rung<\/strong> \u2013 Hintergr\u00fcnde, Emotionen und Bed\u00fcrfnisse werden herausgearbeitet und gegenseitiges Verst\u00e4ndnis gef\u00f6rdert.<\/span><\/li>\n<li><span style=\"color: #000000;\"><strong>L\u00f6sungsfindung<\/strong> \u2013 Kreative L\u00f6sungsoptionen werden entwickelt und bewertet.<\/span><\/li>\n<li><span style=\"color: #000000;\"><strong>Vereinbarung<\/strong> \u2013 Eine einvernehmliche L\u00f6sung wird schriftlich festgehalten<\/span><\/li>\n<\/ol>\n\n\t\t<\/div>\n\t<\/div>\n<\/div><\/div><\/div><\/div><div class=\"vc_row wpb_row vc_inner vc_row-fluid\"><div class=\"wpb_column vc_column_container vc_col-sm-12\"><div class=\"vc_column-inner\"><div class=\"wpb_wrapper\">\n\t<div class=\"wpb_text_column wpb_content_element  vc_custom_1738149288546\" >\n\t\t<div class=\"wpb_wrapper\">\n\t\t\t<h4><span style=\"color: #000000;\"><strong>Prinzipien der Mediation<\/strong><\/span><\/h4>\n<ol>\n<li><span style=\"color: #000000;\"><strong>Freiwilligkeit<\/strong><\/span><br \/>\n<span style=\"color: #000000;\">Alle Beteiligten nehmen aus freiem Willen an der Mediation teil und k\u00f6nnen diese jederzeit beenden.<\/span><\/li>\n<li><span style=\"color: #000000;\"><strong>Allparteilichkeit<\/strong><\/span><br \/>\n<span style=\"color: #000000;\">Die Mediatorin oder der Mediator ist neutral und sorgt daf\u00fcr, dass alle Perspektiven gleicherma\u00dfen geh\u00f6rt und ber\u00fccksichtigt werden.<\/span><\/li>\n<li><span style=\"color: #000000;\"><strong>Eigenverantwortung<\/strong><\/span><br \/>\n<span style=\"color: #000000;\">Die Parteien selbst erarbeiten die L\u00f6sungen. Der Mediator unterst\u00fctzt den Prozess, trifft jedoch keine Entscheidungen.<\/span><\/li>\n<li><span style=\"color: #000000;\"><strong>Vertraulichkeit<\/strong><\/span><br \/>\n<span style=\"color: #000000;\">Alles, was w\u00e4hrend der Mediation besprochen wird, bleibt vertraulich und wird nicht nach au\u00dfen getragen.<\/span><\/li>\n<li><span style=\"color: #000000;\"><strong>Ergebnisoffenheit<\/strong><\/span><br \/>\n<span style=\"color: #000000;\">Ziel der Mediation ist eine L\u00f6sung, die f\u00fcr alle Parteien akzeptabel ist. Der Ausgang ist nicht vorab festgelegt.<\/span><\/li>\n<li><span style=\"color: #000000;\"><strong>Zukunftsorientierung<\/strong><\/span><br \/>\n<span style=\"color: #000000;\">Der Fokus liegt darauf, gemeinsam tragf\u00e4hige und praktikable L\u00f6sungen f\u00fcr die Zukunft zu entwickeln.<\/span><\/li>\n<\/ol>\n\n\t\t<\/div>\n\t<\/div>\n\n\t<div class=\"wpb_text_column wpb_content_element \" >\n\t\t<div class=\"wpb_wrapper\">\n\t\t\t\n\t\t<\/div>\n\t<\/div>\n<\/div><\/div><\/div><\/div>\n\t<div class=\"wpb_text_column wpb_content_element  vc_custom_1738149694913\" >\n\t\t<div class=\"wpb_wrapper\">\n\t\t\t<p><span style=\"color: #000000;\">M\u00f6chten Sie mehr erfahren? <a style=\"color: #000000;\" href=\"https:\/\/www.ebene-c.de\/arne_mack\/\">Kontaktieren Sie uns gerne f\u00fcr ein unverbindliches Beratungsgespr\u00e4ch!<\/a><\/span><\/p>\n\n\t\t<\/div>\n\t<\/div>\n<\/div><\/div><\/div><\/div><div class=\"vc_row wpb_row vc_row-fluid\"><div class=\"wpb_column vc_column_container vc_col-sm-12\"><div class=\"vc_column-inner\"><div class=\"wpb_wrapper\"><div class=\"vc_separator wpb_content_element vc_separator_align_center vc_sep_width_100 vc_sep_border_width_2 vc_sep_pos_align_center vc_separator_no_text vc_sep_color_black\" ><span class=\"vc_sep_holder vc_sep_holder_l\"><span  class=\"vc_sep_line\"><\/span><\/span><span class=\"vc_sep_holder vc_sep_holder_r\"><span  class=\"vc_sep_line\"><\/span><\/span>\n<\/div><\/div><\/div><\/div><\/div>\n","protected":false},"excerpt":{"rendered":"Mediation. Der strukturierte Weg f\u00fcr Ihren Konflikt.\u00a0 Mediation \u2013 Gemeinsam L\u00f6sungen finden Mediation ist ein strukturiertes und freiwilliges Verfahren zur Konfliktl\u00f6sung. Dabei unterst\u00fctzt eine neutrale<span class=\"excerpt-hellip\"> [\u2026]<\/span>","protected":false},"author":1,"featured_media":0,"parent":0,"menu_order":0,"comment_status":"closed","ping_status":"closed","template":"","meta":[],"_links":{"self":[{"href":"https:\/\/www.ebene-c.de\/de_de\/wp-json\/wp\/v2\/pages\/3326"}],"collection":[{"href":"https:\/\/www.ebene-c.de\/de_de\/wp-json\/wp\/v2\/pages"}],"about":[{"href":"https:\/\/www.ebene-c.de\/de_de\/wp-json\/wp\/v2\/types\/page"}],"author":[{"embeddable":true,"href":"https:\/\/www.ebene-c.de\/de_de\/wp-json\/wp\/v2\/users\/1"}],"replies":[{"embeddable":true,"href":"https:\/\/www.ebene-c.de\/de_de\/wp-json\/wp\/v2\/comments?post=3326"}],"version-history":[{"count":18,"href":"https:\/\/www.ebene-c.de\/de_de\/wp-json\/wp\/v2\/pages\/3326\/revisions"}],"predecessor-version":[{"id":3525,"href":"https:\/\/www.ebene-c.de\/de_de\/wp-json\/wp\/v2\/pages\/3326\/revisions\/3525"}],"wp:attachment":[{"href":"https:\/\/www.ebene-c.de\/de_de\/wp-json\/wp\/v2\/media?parent=3326"}],"curies":[{"name":"wp","href":"https:\/\/api.w.org\/{rel}","templated":true}]}}