{"id":3364,"date":"2025-01-28T14:57:35","date_gmt":"2025-01-28T13:57:35","guid":{"rendered":"https:\/\/www.ebene-c.de\/?page_id=3364"},"modified":"2025-11-07T17:30:40","modified_gmt":"2025-11-07T16:30:40","slug":"loba","status":"publish","type":"page","link":"https:\/\/www.ebene-c.de\/de_de\/loba\/","title":{"rendered":"Loba"},"content":{"rendered":"<div class=\"vc_row wpb_row vc_row-fluid\"><div class=\"wpb_column vc_column_container vc_col-sm-6\"><div class=\"vc_column-inner\"><div class=\"wpb_wrapper\">\n\t<div class=\"wpb_text_column wpb_content_element \" >\n\t\t<div class=\"wpb_wrapper\">\n\t\t\t<h2>LOBA<br \/>\n\/<br \/>\nEntwicklung Unternehmensstrategie 2030<\/h2>\n\n\t\t<\/div>\n\t<\/div>\n\n\t<div class=\"wpb_text_column wpb_content_element \" >\n\t\t<div class=\"wpb_wrapper\">\n\t\t\t<h4>_Begleitung Gesch\u00e4ftsf\u00fchrungswechsel<br \/>\n_Prozess mit Managementkreis zur Zukunftsausrichtung<br \/>\n_Erarbeitung Handlungsleitlinien und strategische Themenfelder<\/h4>\n\n\t\t<\/div>\n\t<\/div>\n<\/div><\/div><\/div><div class=\"wpb_column vc_column_container vc_col-sm-6\"><div class=\"vc_column-inner\"><div class=\"wpb_wrapper\">\n\t<div  class=\"wpb_single_image wpb_content_element vc_align_left  vc_custom_1738072085561\">\n\t\t\n\t\t<figure class=\"wpb_wrapper vc_figure\">\n\t\t\t<div class=\"vc_single_image-wrapper   vc_box_border_grey\"><img class=\"vc_single_image-img \" src=\"https:\/\/www.ebene-c.de\/wp-content\/uploads\/2025\/01\/Bild-Produkt-340x302.png\" width=\"340\" height=\"302\" alt=\"Bild Produkt\" title=\"Bild Produkt\" \/><\/div>\n\t\t<\/figure>\n\t<\/div>\n<\/div><\/div><\/div><\/div><div class=\"vc_row wpb_row vc_row-fluid\"><div class=\"wpb_column vc_column_container vc_col-sm-6\"><div class=\"vc_column-inner\"><div class=\"wpb_wrapper\">\n\t<div class=\"wpb_text_column wpb_content_element \" >\n\t\t<div class=\"wpb_wrapper\">\n\t\t\t<div class=\"wpb_text_column wpb_content_element vc_custom_1538133902006\">\n<div class=\"wpb_wrapper\">\n<h4>Hintergrund<\/h4>\n<p>Die Veredelung, Reinigung und Pflege von Parkett- und Holzfu\u00dfb\u00f6den bilden seit \u00fcber 100 Jahren das Kerngesch\u00e4ft von LOBA. Am Hauptsitz in Ditzingen sind rund 110 Mitarbeitende besch\u00e4ftigt, hinzu kommen Tochtergesellschaften in Brasilien und China sowie Joint Ventures mit Wakol in Polen und Nordamerika. LOBA geh\u00f6rt seit 2018 zur internationalen ARDEX Gruppe mit \u00fcber 4.000 Mitarbeitern und bietet Kunden in \u00fcber 60 L\u00e4ndern technische Exzellenz, qualitativ hochwertige Produkte und ein einzigartiges Serviceerlebnis. Im Jahr 2021 beginnt ein bedeutender Generationswechsel: Der gesch\u00e4ftsf\u00fchrende Gesellschafter und Gr\u00fcndersohn Michael Fischer \u00fcbergibt die Leitung an die beiden neuen Gesch\u00e4ftsf\u00fchrer Alfred Melka und Mario Probst.<\/p>\n<p><a href=\"http:\/\/www.loba.de\" target=\"_blank\" rel=\"noopener\">www.loba.de<\/a><\/p>\n<\/div>\n<\/div>\n\n\t\t<\/div>\n\t<\/div>\n\n\t<div  class=\"wpb_single_image wpb_content_element vc_align_left  vc_custom_1738072074347\">\n\t\t\n\t\t<figure class=\"wpb_wrapper vc_figure\">\n\t\t\t<div class=\"vc_single_image-wrapper   vc_box_border_grey\"><img class=\"vc_single_image-img \" src=\"https:\/\/www.ebene-c.de\/wp-content\/uploads\/2025\/01\/Bild-GF-340x302.jpg\" width=\"340\" height=\"302\" alt=\"Bild GF\" title=\"Bild GF\" \/><\/div>\n\t\t<\/figure>\n\t<\/div>\n\n\t<div class=\"wpb_text_column wpb_content_element \" >\n\t\t<div class=\"wpb_wrapper\">\n\t\t\t<h4>Aufgabe<\/h4>\n<p>Was bleibt? Was \u00e4ndert sich? Was wollen wir beginnen? Diese Leitfragen besch\u00e4ftigen die beiden neuen Gesch\u00e4ftsf\u00fchrer mit Blick auf das angebrochene Jahrzehnt, gleichzeitig mit der stolzen Historie eines hundertj\u00e4hrigen Familienunternehmens im R\u00fccken. Zu entwickeln und erarbeiten ist die richtige \u201eFlugh\u00f6he\u201c einer Unternehmensstrategie f\u00fcr die erfolgreiche Steuerung und inhaltliche Fokussierung im Einklang mit der Unternehmenskultur. Die weiteren Mitglieder des Managementkreises sollen im Transformationsprozess eng und eigenverantwortlich eingebunden werden.<\/p>\n\n\t\t<\/div>\n\t<\/div>\n<\/div><\/div><\/div><div class=\"wpb_column vc_column_container vc_col-sm-6\"><div class=\"vc_column-inner\"><div class=\"wpb_wrapper\">\n\t<div class=\"wpb_text_column wpb_content_element \" >\n\t\t<div class=\"wpb_wrapper\">\n\t\t\t<h4><span style=\"color: #000000;\"><strong>L\u00f6sung<\/strong><\/span><\/h4>\n<p><span style=\"color: #000000;\">Bei der Konzeption des Prozesses wird auf ausreichend Raum f\u00fcr Austausch, Diskussion, Vertiefung, Reibung, L\u00f6sungsfindung und Entscheidungen geachtet. Die gezielt eingesetzten und aufeinander aufbauenden Workshops tragen zur wirksamen Weiterentwicklung bei:<\/span><\/p>\n<ol>\n<li><span style=\"color: #000000;\">Auftaktmeeting mit allen 3 Gesch\u00e4ftsf\u00fchrern: Aufnehmen der Unternehmens-DNA und Auftragskl\u00e4rung<\/span><\/li>\n<li><span style=\"color: #000000;\">Ganzt\u00e4giger Workshop mit neuem GF-Duo zur Sammlung und Entwicklung der inhaltlichen Basis f\u00fcr die Unternehmensstrategie<\/span><\/li>\n<li><span style=\"color: #000000;\">Halbt\u00e4giger Workshop mit neuem GF-Duo zur Einbindung der Strategie in die ARDEX-Gruppe und Entscheidung der Vorgehensweise<\/span><\/li>\n<li><span style=\"color: #000000;\">Zweit\u00e4giger Workshop mit Managementkreis: Finalisierung von vier Handlungsleitlinien und Bearbeitung von acht strategischen Themenfeldern als Paten-Gruppen, die anschlie\u00dfend deren inhaltliche Vertiefung \u00fcbernehmen<\/span><\/li>\n<li><span style=\"color: #000000;\">Zweit\u00e4tiger Workshop mit Managementkreis: Verdichtung und Finalisierung der acht Themenfelder mit Perspektive 2030, Ableitung einer Roadmap mit konkreten Zielen, Bef\u00e4higung zur eigenst\u00e4ndigen Steuerung und Umsetzung<\/span><\/li>\n<\/ol>\n\n\t\t<\/div>\n\t<\/div>\n\n\t<div class=\"wpb_text_column wpb_content_element \" >\n\t\t<div class=\"wpb_wrapper\">\n\t\t\t<div>\n<div>\n<h4><strong>Kundenstimmen<\/strong><\/h4>\n<p><em>\u201eWir haben mit ebene c bis zum Ende unseres Jubil\u00e4umsjahr 2022 eine sehr gute Grundlage f\u00fcr unsere Strategie geschaffen. Das Ergebnis haben wir dann mit unserem Team feingeschliffen und im Jahr 2024 perfekt in den Kontext der ARDEX-Gruppe integriert. Vielen Dank daf\u00fcr!\u201c<\/em><\/p>\n<p>Mario Probst, Gesch\u00e4ftsf\u00fchrer LOBA GmbH &amp; Co. KG<\/p>\n<p>&nbsp;<\/p>\n<p><em>\u201eIn einer komplexen Situation und herausfordernden Zeiten haben uns Stefan, Arne und Ralph mit strategischem Verst\u00e4ndnis und hoher Empathie gechallenged und wirklich weitergebracht. Unsere Strategie LOBA 2030 lebt und zahlt voll auf unser Motto ,On Top!\u2018 ein.\u201c<\/em><\/p>\n<p>Alfred Melka, Gesch\u00e4ftsf\u00fchrer LOBA GmbH &amp; Co. KG<\/p>\n<\/div>\n<\/div>\n\n\t\t<\/div>\n\t<\/div>\n\n\t<div  class=\"wpb_single_image wpb_content_element vc_align_left  vc_custom_1738072425661\">\n\t\t\n\t\t<figure class=\"wpb_wrapper vc_figure\">\n\t\t\t<div class=\"vc_single_image-wrapper   vc_box_border_grey\"><img width=\"1024\" height=\"722\" src=\"https:\/\/www.ebene-c.de\/wp-content\/uploads\/2025\/01\/Bild-100-Jahre-1024x722.jpg\" class=\"vc_single_image-img attachment-large\" alt=\"\" loading=\"lazy\" srcset=\"https:\/\/www.ebene-c.de\/wp-content\/uploads\/2025\/01\/Bild-100-Jahre-1024x722.jpg 1024w, https:\/\/www.ebene-c.de\/wp-content\/uploads\/2025\/01\/Bild-100-Jahre-300x211.jpg 300w, https:\/\/www.ebene-c.de\/wp-content\/uploads\/2025\/01\/Bild-100-Jahre-768x541.jpg 768w, https:\/\/www.ebene-c.de\/wp-content\/uploads\/2025\/01\/Bild-100-Jahre-18x12.jpg 18w, https:\/\/www.ebene-c.de\/wp-content\/uploads\/2025\/01\/Bild-100-Jahre-207x146.jpg 207w, https:\/\/www.ebene-c.de\/wp-content\/uploads\/2025\/01\/Bild-100-Jahre-50x35.jpg 50w, https:\/\/www.ebene-c.de\/wp-content\/uploads\/2025\/01\/Bild-100-Jahre-106x75.jpg 106w, https:\/\/www.ebene-c.de\/wp-content\/uploads\/2025\/01\/Bild-100-Jahre.jpg 1240w\" sizes=\"(max-width: 1024px) 100vw, 1024px\" \/><\/div>\n\t\t<\/figure>\n\t<\/div>\n<\/div><\/div><\/div><\/div><div class=\"vc_row wpb_row vc_row-fluid\"><div class=\"wpb_column vc_column_container vc_col-sm-12\"><div class=\"vc_column-inner\"><div class=\"wpb_wrapper\"><div class=\"vc_separator wpb_content_element vc_separator_align_center vc_sep_width_100 vc_sep_border_width_2 vc_sep_pos_align_center vc_separator_no_text vc_sep_color_black\" ><span class=\"vc_sep_holder vc_sep_holder_l\"><span  class=\"vc_sep_line\"><\/span><\/span><span class=\"vc_sep_holder vc_sep_holder_r\"><span  class=\"vc_sep_line\"><\/span><\/span>\n<\/div><\/div><\/div><\/div><\/div>\n","protected":false},"excerpt":{"rendered":"LOBA \/ Entwicklung Unternehmensstrategie 2030 _Begleitung Gesch\u00e4ftsf\u00fchrungswechsel _Prozess mit Managementkreis zur Zukunftsausrichtung _Erarbeitung Handlungsleitlinien und strategische Themenfelder Hintergrund Die Veredelung, Reinigung und Pflege von Parkett-<span class=\"excerpt-hellip\"> [\u2026]<\/span>","protected":false},"author":1,"featured_media":0,"parent":0,"menu_order":0,"comment_status":"closed","ping_status":"closed","template":"","meta":[],"_links":{"self":[{"href":"https:\/\/www.ebene-c.de\/de_de\/wp-json\/wp\/v2\/pages\/3364"}],"collection":[{"href":"https:\/\/www.ebene-c.de\/de_de\/wp-json\/wp\/v2\/pages"}],"about":[{"href":"https:\/\/www.ebene-c.de\/de_de\/wp-json\/wp\/v2\/types\/page"}],"author":[{"embeddable":true,"href":"https:\/\/www.ebene-c.de\/de_de\/wp-json\/wp\/v2\/users\/1"}],"replies":[{"embeddable":true,"href":"https:\/\/www.ebene-c.de\/de_de\/wp-json\/wp\/v2\/comments?post=3364"}],"version-history":[{"count":16,"href":"https:\/\/www.ebene-c.de\/de_de\/wp-json\/wp\/v2\/pages\/3364\/revisions"}],"predecessor-version":[{"id":3590,"href":"https:\/\/www.ebene-c.de\/de_de\/wp-json\/wp\/v2\/pages\/3364\/revisions\/3590"}],"wp:attachment":[{"href":"https:\/\/www.ebene-c.de\/de_de\/wp-json\/wp\/v2\/media?parent=3364"}],"curies":[{"name":"wp","href":"https:\/\/api.w.org\/{rel}","templated":true}]}}