{"id":3399,"date":"2025-01-29T12:42:20","date_gmt":"2025-01-29T11:42:20","guid":{"rendered":"https:\/\/www.ebene-c.de\/?page_id=3399"},"modified":"2025-03-24T20:33:46","modified_gmt":"2025-03-24T19:33:46","slug":"zukunftswerkstatt-3","status":"publish","type":"page","link":"https:\/\/www.ebene-c.de\/de_de\/zukunftswerkstatt-3\/","title":{"rendered":"Zukunftswerkstatt"},"content":{"rendered":"<div class=\"vc_row wpb_row vc_row-fluid vc_custom_1657110973093 vc_row-has-fill\"><div class=\"wpb_column vc_column_container vc_col-sm-12\"><div class=\"vc_column-inner\"><div class=\"wpb_wrapper\"><div class=\"vc_row wpb_row vc_inner vc_row-fluid\"><div class=\"wpb_column vc_column_container vc_col-sm-8\"><div class=\"vc_column-inner\"><div class=\"wpb_wrapper\">\n\t<div class=\"wpb_text_column wpb_content_element  vc_custom_1742815634498\" >\n\t\t<div class=\"wpb_wrapper\">\n\t\t\t<h1><strong>Cooperation Next Generation.<br \/>\nDie Zukunfts\u00adwerkstatt f\u00fcr Unternehmen.<\/strong><\/h1>\n\n\t\t<\/div>\n\t<\/div>\n<\/div><\/div><\/div><div class=\"wpb_column vc_column_container vc_col-sm-4\"><div class=\"vc_column-inner\"><div class=\"wpb_wrapper\"><\/div><\/div><\/div><\/div><div class=\"vc_row wpb_row vc_inner vc_row-fluid\"><div class=\"wpb_column vc_column_container vc_col-sm-4\"><div class=\"vc_column-inner\"><div class=\"wpb_wrapper\">\n\t<div  class=\"wpb_single_image wpb_content_element vc_align_left\">\n\t\t\n\t\t<figure class=\"wpb_wrapper vc_figure\">\n\t\t\t<div class=\"vc_single_image-wrapper   vc_box_border_grey\"><img class=\"vc_single_image-img \" src=\"https:\/\/www.ebene-c.de\/wp-content\/uploads\/2025\/01\/IMG_2313-scaled-320x320.jpg\" width=\"320\" height=\"320\" alt=\"IMG_2313\" title=\"IMG_2313\" \/><\/div>\n\t\t<\/figure>\n\t<\/div>\n<\/div><\/div><\/div><div class=\"wpb_column vc_column_container vc_col-sm-8\"><div class=\"vc_column-inner\"><div class=\"wpb_wrapper\">\n\t<div class=\"wpb_text_column wpb_content_element  vc_custom_1742844095334\" >\n\t\t<div class=\"wpb_wrapper\">\n\t\t\t<h4><span style=\"color: #000000;\"><strong>Junge Ideen. Klare Antworten. Neue Perspektiven.<\/strong><\/span><\/h4>\n<p><span style=\"color: #000000;\">In einer Zeit, in der sich M\u00e4rkte rasant ver\u00e4ndern und Innovation der Schl\u00fcssel zum Erfolg ist, reicht es nicht mehr, bei altbew\u00e4hrten Strategien zu bleiben. Was es braucht, sind\u00a0echte Impulse, die Ihr Unternehmen vorantreiben \u2013 direkt aus der Denkweise und Sicht der jungen Generation. Genau hier setzt unsere Zukunftswerkstatt an.<\/span><\/p>\n<p><span style=\"color: #000000;\"><strong>Warum die Zukunftswerkstatt Ihr Unternehmen nach vorne bringt:<\/strong><\/span><\/p>\n<ul>\n<li><span style=\"color: #000000;\"><strong>Direkter Dialog mit der n\u00e4chsten Generation:<\/strong>\u00a0Tauchen Sie ein in die Denkweise von Nachwuchstalenten, jungen Mitarbeiter:innen oder engagierten Ehrenamtlichen. Erfahren Sie, was sie antreibt und welche Werte, Kommunikation und Leistungen in Form von Produkten oder Services sie von modernen Unternehmen erwarten.<\/span><\/li>\n<li><span style=\"color: #000000;\"><strong>Innovative Denkr\u00e4ume:<\/strong>\u00a0Wir schaffen interaktive Workshops, die nicht nur zum Nachdenken anregen, sondern bestehende Strukturen infrage stellen, aufbrechen und dadurch praxisnahe L\u00f6sungsans\u00e4tze hervorbringen.<\/span><\/li>\n<li><span style=\"color: #000000;\"><strong>Frische Insights f\u00fcr nachhaltige Entscheidungen:<\/strong>\u00a0Die Ergebnisse unserer Zukunftswerkstatt liefern Ihnen konkrete Erkenntnisse, die Sie direkt in die Strategie und konkrete Umsetzung einflie\u00dfen lassen k\u00f6nnen.<\/span><\/li>\n<\/ul>\n\n\t\t<\/div>\n\t<\/div>\n<\/div><\/div><\/div><\/div><div class=\"vc_row wpb_row vc_inner vc_row-fluid\"><div class=\"wpb_column vc_column_container vc_col-sm-4\"><div class=\"vc_column-inner\"><div class=\"wpb_wrapper\">\n\t<div  class=\"wpb_single_image wpb_content_element vc_align_left\">\n\t\t\n\t\t<figure class=\"wpb_wrapper vc_figure\">\n\t\t\t<div class=\"vc_single_image-wrapper   vc_box_border_grey\"><img class=\"vc_single_image-img \" src=\"https:\/\/www.ebene-c.de\/wp-content\/uploads\/2024\/12\/premium_photo-1728244328486-b528578d6072-scaled-320x320.jpg\" width=\"320\" height=\"320\" alt=\"premium_photo-1728244328486-b528578d6072\" title=\"premium_photo-1728244328486-b528578d6072\" \/><\/div>\n\t\t<\/figure>\n\t<\/div>\n<\/div><\/div><\/div><div class=\"wpb_column vc_column_container vc_col-sm-8\"><div class=\"vc_column-inner\"><div class=\"wpb_wrapper\">\n\t<div class=\"wpb_text_column wpb_content_element  vc_custom_1742734501776\" >\n\t\t<div class=\"wpb_wrapper\">\n\t\t\t<h4><strong>So funktioniert\u2019s:<\/strong><\/h4>\n<ol>\n<li><span style=\"color: #000000;\"><strong>Gemeinsamer Start:<\/strong>\u00a0In einem Kick-off-Meeting entwickeln wir zusammen mit Ihnen die wichtigsten Fragen und definieren die Zielgruppen, die wir in den Workshop integrieren wollen.<\/span><\/li>\n<li><span style=\"color: #000000;\"><strong>Zugang zu jungen Talenten:<\/strong>\u00a0Durch unsere Zusammenarbeit mit dem Masterstudiengang Creative Industries der\u00a0Popakademie Baden-W\u00fcrttemberg und der\u00a0RWU Ravensburg Weingarten\u00a0haben wir direkten Kontakt zu motivierten Studierenden und Nachwuchskr\u00e4ften.<\/span><\/li>\n<li><span style=\"color: #000000;\"><strong>Ein oder zwei Tage voller Dynamik:<\/strong>\u00a0In interaktiven Sessions entstehen neue Ideen, klare Handlungsempfehlungen und ein Verst\u00e4ndnis f\u00fcr die Werte und Erwartungen der jungen Generation. Die Atmosph\u00e4re: kreativ, motivierend und gepr\u00e4gt von einer echten Aufbruchsstimmung.<\/span><\/li>\n<\/ol>\n\n\t\t<\/div>\n\t<\/div>\n<\/div><\/div><\/div><\/div><div class=\"vc_row wpb_row vc_inner vc_row-fluid\"><div class=\"wpb_column vc_column_container vc_col-sm-4\"><div class=\"vc_column-inner\"><div class=\"wpb_wrapper\">\n\t<div  class=\"wpb_single_image wpb_content_element vc_align_left\">\n\t\t\n\t\t<figure class=\"wpb_wrapper vc_figure\">\n\t\t\t<div class=\"vc_single_image-wrapper   vc_box_border_grey\"><img class=\"vc_single_image-img \" src=\"https:\/\/www.ebene-c.de\/wp-content\/uploads\/2025\/03\/IMG_5073-scaled-320x320.jpeg\" width=\"320\" height=\"320\" alt=\"IMG_5073\" title=\"IMG_5073\" \/><\/div>\n\t\t<\/figure>\n\t<\/div>\n<\/div><\/div><\/div><div class=\"wpb_column vc_column_container vc_col-sm-8\"><div class=\"vc_column-inner\"><div class=\"wpb_wrapper\">\n\t<div class=\"wpb_text_column wpb_content_element  vc_custom_1739367177703\" >\n\t\t<div class=\"wpb_wrapper\">\n\t\t\t<h4><span style=\"color: #000000;\"><strong>Neue Perspektiven entdecken: Die Vorteile auf einen Blick<\/strong><\/span><\/h4>\n<p><span style=\"color: #000000;\">Lassen Sie sich von den frischen Denkweisen, kreativen Ans\u00e4tzen und Visionen der jungen Generation inspirieren \u2013 und finden Sie L\u00f6sungen, die \u00fcber den Tellerrand hinausgehen.<\/span><\/p>\n<p><span style=\"color: #000000;\"><strong>Innovationskraft freisetzen<\/strong><\/span><br \/>\n<span style=\"color: #000000;\">Nutzen Sie die Energie und Ideenvielfalt junger und angehender Markingprofis, um echte Innovationsimpulse zu setzen und frischen Wind in Ihre strategischen Prozesse zu bringen.<\/span><\/p>\n<p><span style=\"color: #000000;\"><strong>Ihr Employer Branding auf das n\u00e4chste Level heben<\/strong><\/span><br \/>\n<span style=\"color: #000000;\">Begeistern Sie junge Talente, indem Sie sie aktiv in Entscheidungsprozesse einbeziehen \u2013 und zeigen Sie sich als moderne, attraktive Arbeitgebermarke.<\/span><\/p>\n<p><span style=\"color: #000000;\"><strong>Relevante Insights, die wirklich z\u00e4hlen<\/strong><\/span><br \/>\n<span style=\"color: #000000;\">Verstehen Sie genau, was junge Zielgruppen bewegt, welche Werte und Erwartungen sie haben \u2013 und wie Sie diese erfolgreich ansprechen.<\/span><\/p>\n<p><span style=\"color: #000000;\"><strong>Generationen verbinden \u2013 Dialog, der T\u00fcren \u00f6ffnet<\/strong><\/span><br \/>\n<span style=\"color: #000000;\">F\u00f6rdern Sie den offenen Austausch zwischen den Generationen und st\u00e4rken Sie eine Unternehmenskultur, die durch Verst\u00e4ndnis und zukunftsorientiertes Handeln gepr\u00e4gt ist und vor allem die Entwicklung konkreter Angebote erm\u00f6glicht. Kommunikativ oder in Form von Produkten oder Services.<\/span><\/p>\n\n\t\t<\/div>\n\t<\/div>\n<\/div><\/div><\/div><\/div><\/div><\/div><\/div><\/div><div class=\"vc_row wpb_row vc_row-fluid\"><div class=\"wpb_column vc_column_container vc_col-sm-12\"><div class=\"vc_column-inner\"><div class=\"wpb_wrapper\"><div class=\"vc_separator wpb_content_element vc_separator_align_center vc_sep_width_100 vc_sep_border_width_2 vc_sep_pos_align_center vc_separator_no_text vc_sep_color_black\" ><span class=\"vc_sep_holder vc_sep_holder_l\"><span  class=\"vc_sep_line\"><\/span><\/span><span class=\"vc_sep_holder vc_sep_holder_r\"><span  class=\"vc_sep_line\"><\/span><\/span>\n<\/div><\/div><\/div><\/div><\/div>\n","protected":false},"excerpt":{"rendered":"Cooperation Next Generation. Die Zukunfts\u00adwerkstatt f\u00fcr Unternehmen. Junge Ideen. Klare Antworten. Neue Perspektiven. In einer Zeit, in der sich M\u00e4rkte rasant ver\u00e4ndern und Innovation der<span class=\"excerpt-hellip\"> [\u2026]<\/span>","protected":false},"author":1,"featured_media":0,"parent":0,"menu_order":0,"comment_status":"closed","ping_status":"closed","template":"","meta":[],"_links":{"self":[{"href":"https:\/\/www.ebene-c.de\/de_de\/wp-json\/wp\/v2\/pages\/3399"}],"collection":[{"href":"https:\/\/www.ebene-c.de\/de_de\/wp-json\/wp\/v2\/pages"}],"about":[{"href":"https:\/\/www.ebene-c.de\/de_de\/wp-json\/wp\/v2\/types\/page"}],"author":[{"embeddable":true,"href":"https:\/\/www.ebene-c.de\/de_de\/wp-json\/wp\/v2\/users\/1"}],"replies":[{"embeddable":true,"href":"https:\/\/www.ebene-c.de\/de_de\/wp-json\/wp\/v2\/comments?post=3399"}],"version-history":[{"count":14,"href":"https:\/\/www.ebene-c.de\/de_de\/wp-json\/wp\/v2\/pages\/3399\/revisions"}],"predecessor-version":[{"id":3524,"href":"https:\/\/www.ebene-c.de\/de_de\/wp-json\/wp\/v2\/pages\/3399\/revisions\/3524"}],"wp:attachment":[{"href":"https:\/\/www.ebene-c.de\/de_de\/wp-json\/wp\/v2\/media?parent=3399"}],"curies":[{"name":"wp","href":"https:\/\/api.w.org\/{rel}","templated":true}]}}