{"id":3430,"date":"2025-03-17T16:45:07","date_gmt":"2025-03-17T15:45:07","guid":{"rendered":"https:\/\/www.ebene-c.de\/?page_id=3430"},"modified":"2025-03-24T15:57:56","modified_gmt":"2025-03-24T14:57:56","slug":"academy-2","status":"publish","type":"page","link":"https:\/\/www.ebene-c.de\/de_de\/academy-2\/","title":{"rendered":"ebene c Academy"},"content":{"rendered":"<div class=\"vc_row wpb_row vc_row-fluid vc_custom_1657110973093 vc_row-has-fill\"><div class=\"wpb_column vc_column_container vc_col-sm-12\"><div class=\"vc_column-inner\"><div class=\"wpb_wrapper\"><div class=\"vc_row wpb_row vc_inner vc_row-fluid\"><div class=\"wpb_column vc_column_container vc_col-sm-8\"><div class=\"vc_column-inner\"><div class=\"wpb_wrapper\">\n\t<div class=\"wpb_text_column wpb_content_element  vc_custom_1742815913503\" >\n\t\t<div class=\"wpb_wrapper\">\n\t\t\t<h1><strong>Mitarbeitenden\u00adentwicklung.<\/strong><br \/>\n<strong>Ihre eigene, praxisnahe Academy.<\/strong><\/h1>\n<div><\/div>\n\n\t\t<\/div>\n\t<\/div>\n<\/div><\/div><\/div><div class=\"wpb_column vc_column_container vc_col-sm-4\"><div class=\"vc_column-inner\"><div class=\"wpb_wrapper\"><\/div><\/div><\/div><\/div><div class=\"vc_row wpb_row vc_inner vc_row-fluid\"><div class=\"wpb_column vc_column_container vc_col-sm-4\"><div class=\"vc_column-inner\"><div class=\"wpb_wrapper\">\n\t<div  class=\"wpb_single_image wpb_content_element vc_align_left\">\n\t\t\n\t\t<figure class=\"wpb_wrapper vc_figure\">\n\t\t\t<div class=\"vc_single_image-wrapper   vc_box_border_grey\"><img class=\"vc_single_image-img \" src=\"https:\/\/www.ebene-c.de\/wp-content\/uploads\/2025\/03\/ebene-c_academy-e1742735359218-320x320.png\" width=\"320\" height=\"320\" alt=\"ebene-c_academy\" title=\"ebene-c_academy\" \/><\/div>\n\t\t<\/figure>\n\t<\/div>\n<\/div><\/div><\/div><div class=\"wpb_column vc_column_container vc_col-sm-8\"><div class=\"vc_column-inner\"><div class=\"wpb_wrapper\">\n\t<div class=\"wpb_text_column wpb_content_element  vc_custom_1742733955531\" >\n\t\t<div class=\"wpb_wrapper\">\n\t\t\t<h4>Weiter bilden und enger binden.<\/h4>\n<p><span class=\"\">Der Erfolg eines Unternehmens h\u00e4ngt ma\u00dfgeblich von seinen Mitarbeiter:innen ab. Deren Entwicklungspotenzial bei <\/span><span class=\"\">Selbstorganisation, Entscheidungsfindung, Teamkommunikation und -dynamik bleibt jedoch im operativen Tagesgesch\u00e4ft h\u00e4ufig ungenutzt.<\/span><\/p>\n<p>Wie k\u00f6nnen Mitarbeiter:innen gezielt gef\u00f6rdert werden? Welche Unterst\u00fctzung hilft am besten, um Potenziale zu entfalten und sowohl die Mitarbeiter:innen als auch das Unternehmen optimal auf zuk\u00fcnftige Herausforderungen vorzubereiten?<\/p>\n<div class=\"\">Wir von ebene c haben Ihr passendes Academy-Format parat:\u00a0<span class=\"\">ma\u00dfgeschneiderte Weiterbildungsprogramme und praxisnahe Lernr\u00e4ume, die in individuellen Mitarbeitendenentwicklungsgespr\u00e4chen identifizierte Bedarfe adressieren.<\/span><\/div>\n\n\t\t<\/div>\n\t<\/div>\n<\/div><\/div><\/div><\/div><div class=\"vc_row wpb_row vc_inner vc_row-fluid\"><div class=\"wpb_column vc_column_container vc_col-sm-4\"><div class=\"vc_column-inner\"><div class=\"wpb_wrapper\">\n\t<div  class=\"wpb_single_image wpb_content_element vc_align_left\">\n\t\t\n\t\t<figure class=\"wpb_wrapper vc_figure\">\n\t\t\t<div class=\"vc_single_image-wrapper   vc_box_border_grey\"><img class=\"vc_single_image-img \" src=\"https:\/\/www.ebene-c.de\/wp-content\/uploads\/2025\/03\/ebene-c_academy_2-e1742735449776-320x320.png\" width=\"320\" height=\"320\" alt=\"ebene-c_academy_2\" title=\"ebene-c_academy_2\" \/><\/div>\n\t\t<\/figure>\n\t<\/div>\n<\/div><\/div><\/div><div class=\"wpb_column vc_column_container vc_col-sm-8\"><div class=\"vc_column-inner\"><div class=\"wpb_wrapper\">\n\t<div class=\"wpb_text_column wpb_content_element  vc_custom_1742828274364\" >\n\t\t<div class=\"wpb_wrapper\">\n\t\t\t<h4><span style=\"color: #000000;\"><strong>Lernen neu gedacht \u2013 praxisnah, vernetzt, inspirierend.<\/strong><\/span><\/h4>\n<p>Die ebene c Academy ist kein klassisches Schulungsprogramm, sondern ein innovatives Lernangebot im Workshop-Format. Statt externer Trainings oder reiner Pr\u00e4sentationen setzen wir auf den Austausch innerhalb der Gruppe, reflektieren gemeinsam Erfahrungen und machen verborgene Zusammenh\u00e4nge bewusst. Erg\u00e4nzt wird dies durch gezielte, wohldosierte Wissensimpulse. So ist jedes Academy-Modul durch die Pr\u00e4gung der Gruppe stets anders und neu.<\/p>\n<p>Essenziell dabei: Die Umsetzung und Verstetigung des Gelernten im Job und das Wachsen in der Rolle. Um dies nachhaltig sicherzustellen, sind inhaltlich und zeitlich vernetzte Follow-Ups f\u00fcr die Gruppe sowie <a href=\"https:\/\/www.ebene-c.de\/coaching_mentoring_supervision\/\">individuelle Coachings oder Mentorings<\/a> Teil des Programms.<\/p>\n<h4><\/h4>\n<h4><span class=\"\"><span class=\"\" style=\"font-family: Poppins, Helvetica, Arial, sans-serif;\">Drei Erfolgsgaranten f\u00fcr\u00a0Ihre Academy:<\/span><\/span><\/h4>\n<div class=\"\">\n<ul class=\"\">\n<li class=\"\"><span class=\"\" style=\"color: #000000;\"><strong class=\"\">Praxis trifft Theorie<\/strong>\u00a0\u2013 Erfahrungen aus dem Arbeitsalltag werden gezielt reflektiert und durch fundierte Theorie-Inputs erg\u00e4nzt.<\/span><\/li>\n<li class=\"\"><span class=\"\" style=\"color: #000000;\"><strong class=\"\">Dynamische Formate<\/strong>\u00a0\u2013 Statt Frontalunterricht setzen wir auf interaktive Workshops mit vielen \u00dcbungs- und Reflexionsphasen.<\/span><\/li>\n<li class=\"\"><span class=\"\" style=\"color: #000000;\"><strong class=\"\">Raus aus dem Silo<\/strong> \u2013 Durch den Austausch mit anderen gewinnen die Teilnehmenden Best\u00e4tigung und Anregungen zu mehr Vernetzung.<\/span><\/li>\n<\/ul>\n<\/div>\n\n\t\t<\/div>\n\t<\/div>\n<\/div><\/div><\/div><\/div><div class=\"vc_row wpb_row vc_inner vc_row-fluid\"><div class=\"wpb_column vc_column_container vc_col-sm-4\"><div class=\"vc_column-inner\"><div class=\"wpb_wrapper\">\n\t<div  class=\"wpb_single_image wpb_content_element vc_align_left\">\n\t\t\n\t\t<figure class=\"wpb_wrapper vc_figure\">\n\t\t\t<div class=\"vc_single_image-wrapper   vc_box_border_grey\"><img class=\"vc_single_image-img \" src=\"https:\/\/www.ebene-c.de\/wp-content\/uploads\/2025\/03\/IMG_5361-scaled-320x320.jpeg\" width=\"320\" height=\"320\" alt=\"IMG_5361\" title=\"IMG_5361\" \/><\/div>\n\t\t<\/figure>\n\t<\/div>\n<\/div><\/div><\/div><div class=\"wpb_column vc_column_container vc_col-sm-8\"><div class=\"vc_column-inner\"><div class=\"wpb_wrapper\">\n\t<div class=\"wpb_text_column wpb_content_element  vc_custom_1742735180105\" >\n\t\t<div class=\"wpb_wrapper\">\n\t\t\t<h4><span style=\"color: #000000;\"><strong>Zusammen mit Ihnen entwickeln wir individuelle Academy Angebote f\u00fcr Ihre Mitarbeiter:innen &#8211; m\u00f6gliche Themen:<br \/>\n<\/strong><\/span><\/h4>\n<ul>\n<li><span style=\"color: #000000;\"><strong>Bewusst kommunizieren<\/strong> \u2013 Klarheit und Empathie in der beruflichen Kommunikation.<\/span><\/li>\n<li><span style=\"color: #000000;\"><strong>Selbstmanagement<\/strong> \u2013 Zeit und Energie effizient nutzen, um nachhaltig leistungsf\u00e4hig zu bleiben.<\/span><\/li>\n<li><span style=\"color: #000000;\"><strong>Neu in F\u00fchrung<\/strong> \u2013 Die ersten Schritte als F\u00fchrungskraft souver\u00e4n meistern.<\/span><\/li>\n<li><span style=\"color: #000000;\"><strong>Moderation von Workshops und Meetings<\/strong> \u2013 Gruppenprozesse erfolgreich und ressourcenschonend steuern.<\/span><\/li>\n<li><span style=\"color: #000000;\"><strong>Erfolgreich pr\u00e4sentieren<\/strong> \u2013 Selbstbewusst auftreten und \u00fcberzeugen.<\/span><\/li>\n<li><span style=\"color: #000000;\"><strong>Projektmanagement<\/strong> \u2013 Strukturen schaffen, effizient planen und Projekte zum Erfolg f\u00fchren.<\/span><\/li>\n<\/ul>\n\n\t\t<\/div>\n\t<\/div>\n<\/div><\/div><\/div><\/div><\/div><\/div><\/div><\/div><div class=\"vc_row wpb_row vc_row-fluid\"><div class=\"wpb_column vc_column_container vc_col-sm-12\"><div class=\"vc_column-inner\"><div class=\"wpb_wrapper\"><div class=\"vc_separator wpb_content_element vc_separator_align_center vc_sep_width_100 vc_sep_border_width_2 vc_sep_pos_align_center vc_separator_no_text vc_sep_color_black\" ><span class=\"vc_sep_holder vc_sep_holder_l\"><span  class=\"vc_sep_line\"><\/span><\/span><span class=\"vc_sep_holder vc_sep_holder_r\"><span  class=\"vc_sep_line\"><\/span><\/span>\n<\/div><\/div><\/div><\/div><\/div>\n","protected":false},"excerpt":{"rendered":"Mitarbeitenden\u00adentwicklung. Ihre eigene, praxisnahe Academy. Weiter bilden und enger binden. Der Erfolg eines Unternehmens h\u00e4ngt ma\u00dfgeblich von seinen Mitarbeiter:innen ab. Deren Entwicklungspotenzial bei Selbstorganisation, Entscheidungsfindung,<span class=\"excerpt-hellip\"> [\u2026]<\/span>","protected":false},"author":1,"featured_media":0,"parent":0,"menu_order":0,"comment_status":"closed","ping_status":"closed","template":"","meta":[],"_links":{"self":[{"href":"https:\/\/www.ebene-c.de\/de_de\/wp-json\/wp\/v2\/pages\/3430"}],"collection":[{"href":"https:\/\/www.ebene-c.de\/de_de\/wp-json\/wp\/v2\/pages"}],"about":[{"href":"https:\/\/www.ebene-c.de\/de_de\/wp-json\/wp\/v2\/types\/page"}],"author":[{"embeddable":true,"href":"https:\/\/www.ebene-c.de\/de_de\/wp-json\/wp\/v2\/users\/1"}],"replies":[{"embeddable":true,"href":"https:\/\/www.ebene-c.de\/de_de\/wp-json\/wp\/v2\/comments?post=3430"}],"version-history":[{"count":12,"href":"https:\/\/www.ebene-c.de\/de_de\/wp-json\/wp\/v2\/pages\/3430\/revisions"}],"predecessor-version":[{"id":3522,"href":"https:\/\/www.ebene-c.de\/de_de\/wp-json\/wp\/v2\/pages\/3430\/revisions\/3522"}],"wp:attachment":[{"href":"https:\/\/www.ebene-c.de\/de_de\/wp-json\/wp\/v2\/media?parent=3430"}],"curies":[{"name":"wp","href":"https:\/\/api.w.org\/{rel}","templated":true}]}}