{"id":3436,"date":"2025-03-18T08:41:14","date_gmt":"2025-03-18T07:41:14","guid":{"rendered":"https:\/\/www.ebene-c.de\/?page_id=3436"},"modified":"2025-11-07T17:29:52","modified_gmt":"2025-11-07T16:29:52","slug":"voglauer","status":"publish","type":"page","link":"https:\/\/www.ebene-c.de\/de_de\/voglauer\/","title":{"rendered":"Voglauer"},"content":{"rendered":"<div class=\"vc_row wpb_row vc_row-fluid\"><div class=\"wpb_column vc_column_container vc_col-sm-6\"><div class=\"vc_column-inner\"><div class=\"wpb_wrapper\">\n\t<div class=\"wpb_text_column wpb_content_element \" >\n\t\t<div class=\"wpb_wrapper\">\n\t\t\t<h2>Voglauer<br \/>\n\/<br \/>\nSt\u00e4rkung Markenkommunikation<\/h2>\n\n\t\t<\/div>\n\t<\/div>\n\n\t<div class=\"wpb_text_column wpb_content_element \" >\n\t\t<div class=\"wpb_wrapper\">\n\t\t\t<h4>_Markenpositionierung<br \/>\n_Kernbotschaften<br \/>\n_Neues Kommunikationskonzept<\/h4>\n\n\t\t<\/div>\n\t<\/div>\n<\/div><\/div><\/div><div class=\"wpb_column vc_column_container vc_col-sm-6\"><div class=\"vc_column-inner\"><div class=\"wpb_wrapper\">\n\t<div  class=\"wpb_single_image wpb_content_element vc_align_left  vc_custom_1742283517060\">\n\t\t\n\t\t<figure class=\"wpb_wrapper vc_figure\">\n\t\t\t<div class=\"vc_single_image-wrapper   vc_box_border_grey\"><img class=\"vc_single_image-img \" src=\"https:\/\/www.ebene-c.de\/wp-content\/uploads\/2025\/03\/Bildschirmfoto-2025-02-24-um-20.18.38-500x302.png\" width=\"500\" height=\"302\" alt=\"Bildschirmfoto 2025-02-24 um 20.18.38\" title=\"Bildschirmfoto 2025-02-24 um 20.18.38\" \/><\/div>\n\t\t<\/figure>\n\t<\/div>\n<\/div><\/div><\/div><\/div><div class=\"vc_row wpb_row vc_row-fluid\"><div class=\"wpb_column vc_column_container vc_col-sm-6\"><div class=\"vc_column-inner\"><div class=\"wpb_wrapper\">\n\t<div class=\"wpb_text_column wpb_content_element \" >\n\t\t<div class=\"wpb_wrapper\">\n\t\t\t<div class=\"wpb_text_column wpb_content_element vc_custom_1538133902006\">\n<div class=\"wpb_wrapper\">\n<h4>Hintergrund<\/h4>\n<p>Voglauer ist ein traditionsreiches \u00f6sterreichisches Familienunternehmen mit Sitz in Abtenau im Salzburger Land. In den Gesch\u00e4ftsfeldern Hotelausstattung und der Herstellung von hochwertigsten Naturholzm\u00f6beln im Living- &amp; Designbereich besch\u00e4ftigt das Unternehmen rund 350 Mitarbeiter:innen.<\/p>\n<p>Voglauer verwendet ausschlie\u00dflich H\u00f6lzer und Holzwerkstoffe aus nachhaltiger Forstwirtschaft. Die Marke steht f\u00fcr Nachhaltigkeit, Umweltfreundlichkeit und die einzigartige Kombination aus traditionellen Elementen der Natur und Kultur mit h\u00f6chstem Designanspruch.<\/p>\n<p><a href=\"http:\/\/www.voglauer.com\">www.voglauer.com<\/a><\/p>\n<\/div>\n<\/div>\n\n\t\t<\/div>\n\t<\/div>\n\n\t<div  class=\"wpb_single_image wpb_content_element vc_align_left  vc_custom_1742305733532\">\n\t\t\n\t\t<figure class=\"wpb_wrapper vc_figure\">\n\t\t\t<div class=\"vc_single_image-wrapper   vc_box_border_grey\"><img class=\"vc_single_image-img \" src=\"https:\/\/www.ebene-c.de\/wp-content\/uploads\/2025\/03\/Bildschirmfoto-2025-03-18-um-11.53.15-500x302.png\" width=\"500\" height=\"302\" alt=\"Bildschirmfoto 2025-03-18 um 11.53.15\" title=\"Bildschirmfoto 2025-03-18 um 11.53.15\" \/><\/div>\n\t\t<\/figure>\n\t<\/div>\n\n\t<div class=\"wpb_text_column wpb_content_element \" >\n\t\t<div class=\"wpb_wrapper\">\n\t\t\t<h4>Aufgabe<\/h4>\n<p>Voglauer steht vor der Herausforderung, seine Markenidentit\u00e4t, angesichts ver\u00e4nderter Marktanforderungen, zu sch\u00e4rfen, um so eine stringentere und modernisierte Kommunikation zu etablieren. Zudem soll die Fachhandelskommunikation gest\u00e4rkt werden, um die Partner im station\u00e4ren Vertrieb zu unterst\u00fctzen. Marke und Unternehmen sind von einem \u201ealpinen Lifestyle\u201c gepr\u00e4gt, die Chance f\u00fcr eine Markenpositionierung, die ihre Einzigartigkeit gegen\u00fcber traditionellen wie auch modernen Zielgruppen in einem wettbewerbsintensiven Umfeld noch deutlicher vermittelt.<\/p>\n\n\t\t<\/div>\n\t<\/div>\n<\/div><\/div><\/div><div class=\"wpb_column vc_column_container vc_col-sm-6\"><div class=\"vc_column-inner\"><div class=\"wpb_wrapper\">\n\t<div class=\"wpb_text_column wpb_content_element \" >\n\t\t<div class=\"wpb_wrapper\">\n\t\t\t<h4>L\u00f6sung<\/h4>\n<p>Zentrales Element waren lebendige, ehrlich gef\u00fchrte und team-bildende Workshops mit der gesamten Gesch\u00e4ftsf\u00fchrung. Hier wurden die zentralen Markenwerte angepasst, justiert und in einer Markenpositionierung mit klar definiertem Markenkern verdichtet. Inhaltlich aufgewertet, tr\u00e4gt der Markenclaim jetzt mehr Wirkversprechen, mehr Thema: echt. alpin. design.<\/p>\n<p>Nach der Analyse der Zielgruppensegmente lie\u00dfen sich die Ergebnisse konsequent in den Konzeptionsprozess \u00fcberf\u00fchren. Das Ergebnis: Ein konsistentes Kommunikationskonzept und ein neu definiertes Corporate Design.<\/p>\n<p><strong>Ergebnis<\/strong><\/p>\n<p>Die Markenidentit\u00e4t von Voglauer wurde durch die klare Differenzierung des \u201ealpinen Markenkerns\u201c gest\u00e4rkt, so dass sich Voglauer klarer gegen\u00fcber Wettbewerbern unterscheiden kann. Die definierten Zielgruppensegmente f\u00fchren zu einem erweiterten Kundenpotenzial und erm\u00f6glichen so die kommunikative Ansprache insbesondere j\u00fcngerer Zielgruppen. Das in Kooperation mit dem Konzeptioner und Gestalter Alex Stehle (ehemals Jung von Matt) entwickelte Kommunikationskonzept sorgt f\u00fcr eine signifikant erh\u00f6hte Sicht- wie Merkbarkeit der Marke.<\/p>\n\n\t\t<\/div>\n\t<\/div>\n\n\t<div  class=\"wpb_single_image wpb_content_element vc_align_left  vc_custom_1742305797929\">\n\t\t\n\t\t<figure class=\"wpb_wrapper vc_figure\">\n\t\t\t<div class=\"vc_single_image-wrapper   vc_box_border_grey\"><img class=\"vc_single_image-img \" src=\"https:\/\/www.ebene-c.de\/wp-content\/uploads\/2025\/03\/Bildschirmfoto-2025-03-18-um-11.54.07-500x302.png\" width=\"500\" height=\"302\" alt=\"Bildschirmfoto 2025-03-18 um 11.54.07\" title=\"Bildschirmfoto 2025-03-18 um 11.54.07\" \/><\/div>\n\t\t<\/figure>\n\t<\/div>\n\n\t<div class=\"wpb_text_column wpb_content_element \" >\n\t\t<div class=\"wpb_wrapper\">\n\t\t\t<div>\n<div>\n<h4><strong>Kundenstimmen<\/strong><\/h4>\n<p><em>&#8222;Durch die Zusammenarbeit mit Herrn Bohrmann konnten wir unseren Markenauftritt sp\u00fcrbar optimieren. Die Sch\u00e4rfung unserer Markenidentit\u00e4t in Richtung alpiner Wurzeln und Design helfen uns etablierte und auch neue Zielgruppen anzusprechen. Herr Bohrmann agiert als feinf\u00fchliger Berater mit Methoden, die es uns erm\u00f6glichen den eigenen Ideen mehr Klarheit zu geben. Wir freuen uns auf die weitere Zusammenarbeit.\u201c<\/em><\/p>\n<p><strong>Josef Zwilling<\/strong>, Leiter Produktmanagement und Marketing<\/p>\n<p>&nbsp;<\/p>\n<p>&#8222;<em>Die Umsetzung der neuen Kommunikationsstrategie hat die Sichtbarkeit und Aktualit\u00e4t der Marke Voglauer deutlich verbessert. Herr Bohrmann verstand es, pragmatisch und spielerisch mit uns Ideen zu entwickeln und diese anschlie\u00dfend gemeinsam mit dem Konzeptioner und Gestalter Alex Stehle \u00fcberzeugend umzusetzen. Wir f\u00fchlen uns mit unserem neuen Markenauftritt gut f\u00fcr die Zukunft aufgestellt.<\/em>\u201c<\/p>\n<p><strong>Peter Gr\u00fcnwald<\/strong>, Gesch\u00e4ftsf\u00fchrer von Voglauer<\/p>\n<\/div>\n<\/div>\n\n\t\t<\/div>\n\t<\/div>\n<\/div><\/div><\/div><\/div><div class=\"vc_row wpb_row vc_row-fluid\"><div class=\"wpb_column vc_column_container vc_col-sm-12\"><div class=\"vc_column-inner\"><div class=\"wpb_wrapper\"><div class=\"vc_separator wpb_content_element vc_separator_align_center vc_sep_width_100 vc_sep_border_width_2 vc_sep_pos_align_center vc_separator_no_text vc_sep_color_black\" ><span class=\"vc_sep_holder vc_sep_holder_l\"><span  class=\"vc_sep_line\"><\/span><\/span><span class=\"vc_sep_holder vc_sep_holder_r\"><span  class=\"vc_sep_line\"><\/span><\/span>\n<\/div><\/div><\/div><\/div><\/div>\n","protected":false},"excerpt":{"rendered":"Voglauer \/ St\u00e4rkung Markenkommunikation _Markenpositionierung _Kernbotschaften _Neues Kommunikationskonzept Hintergrund Voglauer ist ein traditionsreiches \u00f6sterreichisches Familienunternehmen mit Sitz in Abtenau im Salzburger Land. In den Gesch\u00e4ftsfeldern<span class=\"excerpt-hellip\"> [\u2026]<\/span>","protected":false},"author":1,"featured_media":0,"parent":0,"menu_order":0,"comment_status":"closed","ping_status":"closed","template":"","meta":[],"_links":{"self":[{"href":"https:\/\/www.ebene-c.de\/de_de\/wp-json\/wp\/v2\/pages\/3436"}],"collection":[{"href":"https:\/\/www.ebene-c.de\/de_de\/wp-json\/wp\/v2\/pages"}],"about":[{"href":"https:\/\/www.ebene-c.de\/de_de\/wp-json\/wp\/v2\/types\/page"}],"author":[{"embeddable":true,"href":"https:\/\/www.ebene-c.de\/de_de\/wp-json\/wp\/v2\/users\/1"}],"replies":[{"embeddable":true,"href":"https:\/\/www.ebene-c.de\/de_de\/wp-json\/wp\/v2\/comments?post=3436"}],"version-history":[{"count":12,"href":"https:\/\/www.ebene-c.de\/de_de\/wp-json\/wp\/v2\/pages\/3436\/revisions"}],"predecessor-version":[{"id":3589,"href":"https:\/\/www.ebene-c.de\/de_de\/wp-json\/wp\/v2\/pages\/3436\/revisions\/3589"}],"wp:attachment":[{"href":"https:\/\/www.ebene-c.de\/de_de\/wp-json\/wp\/v2\/media?parent=3436"}],"curies":[{"name":"wp","href":"https:\/\/api.w.org\/{rel}","templated":true}]}}