{"id":3528,"date":"2025-08-01T08:45:30","date_gmt":"2025-08-01T06:45:30","guid":{"rendered":"https:\/\/www.ebene-c.de\/?page_id=3528"},"modified":"2025-11-07T17:28:21","modified_gmt":"2025-11-07T16:28:21","slug":"eichbaum","status":"publish","type":"page","link":"https:\/\/www.ebene-c.de\/de_de\/eichbaum\/","title":{"rendered":"Eichbaum"},"content":{"rendered":"<div class=\"vc_row wpb_row vc_row-fluid\"><div class=\"wpb_column vc_column_container vc_col-sm-6\"><div class=\"vc_column-inner\"><div class=\"wpb_wrapper\">\n\t<div class=\"wpb_text_column wpb_content_element \" >\n\t\t<div class=\"wpb_wrapper\">\n\t\t\t<h2>Eichbaum<br \/>\n\/<br \/>\nMarkenf\u00fchrung weiterdenken \u2013 junge Zielgruppen gewinnen<\/h2>\n\n\t\t<\/div>\n\t<\/div>\n\n\t<div class=\"wpb_text_column wpb_content_element \" >\n\t\t<div class=\"wpb_wrapper\">\n\t\t\t<h4>_Co-Creation mit jungen Talenten \/ Zukunftswerkstatt<br \/>\n_Zukunftsorientierte Markenentwicklung<br \/>\n_Zielgruppenansprache neu definieren<\/h4>\n\n\t\t<\/div>\n\t<\/div>\n<\/div><\/div><\/div><div class=\"wpb_column vc_column_container vc_col-sm-6\"><div class=\"vc_column-inner\"><div class=\"wpb_wrapper\">\n\t<div  class=\"wpb_single_image wpb_content_element vc_align_left  vc_custom_1754295340773\">\n\t\t\n\t\t<figure class=\"wpb_wrapper vc_figure\">\n\t\t\t<div class=\"vc_single_image-wrapper   vc_box_border_grey\"><img class=\"vc_single_image-img \" src=\"https:\/\/www.ebene-c.de\/wp-content\/uploads\/2025\/08\/IMG_1980-500x302.jpg\" width=\"500\" height=\"302\" alt=\"IMG_1980\" title=\"IMG_1980\" \/><\/div>\n\t\t<\/figure>\n\t<\/div>\n<\/div><\/div><\/div><\/div><div class=\"vc_row wpb_row vc_row-fluid\"><div class=\"wpb_column vc_column_container vc_col-sm-6\"><div class=\"vc_column-inner\"><div class=\"wpb_wrapper\">\n\t<div class=\"wpb_text_column wpb_content_element \" >\n\t\t<div class=\"wpb_wrapper\">\n\t\t\t<div class=\"wpb_text_column wpb_content_element vc_custom_1538133902006\">\n<div class=\"wpb_wrapper\">\n<h4>Hintergrund<\/h4>\n<p>Eichbaum ist eine der traditionsreichsten Brauereien in Baden-W\u00fcrttemberg und steht zugleich f\u00fcr Offenheit und stete Weiterentwicklung. In einer Zeit, in der sich Kommunikationskulturen und Konsumverhalten junger Menschen rasant ver\u00e4ndern, gen\u00fcgt es nicht, auf bew\u00e4hrte Bekanntheit zu setzen. Unter dem Dach der Marke Eichbaum fehlte gegen\u00fcber der jungen, zuk\u00fcnftigen Zielgruppe an verbindenden Botschaften und einer klaren Haltung und der \u00dcbersetzung der Markenidentit\u00e4t in zeitgem\u00e4\u00dfe Touchpoints. Es ging daher um die grundlegende Frage: Wie kann Eichbaum auch in Zukunft besonders f\u00fcr junge Zielgruppen relevant, nahbar und glaubw\u00fcrdig bleiben?<\/p>\n<p><a href=\"https:\/\/eichbaum.de\/\" target=\"_blank\" rel=\"noopener\">www.eichbaum.de\u00a0<\/a><\/p>\n<\/div>\n<\/div>\n\n\t\t<\/div>\n\t<\/div>\n\n\t<div  class=\"wpb_single_image wpb_content_element vc_align_left  vc_custom_1754300907153\">\n\t\t\n\t\t<figure class=\"wpb_wrapper vc_figure\">\n\t\t\t<div class=\"vc_single_image-wrapper   vc_box_border_grey\"><img class=\"vc_single_image-img \" src=\"https:\/\/www.ebene-c.de\/wp-content\/uploads\/2025\/08\/UREICH_Kronkorken_2024_RGB-1-e1739359565875-500x302.jpg\" width=\"500\" height=\"302\" alt=\"UREICH_Kronkorken_2024_RGB-1-e1739359565875\" title=\"UREICH_Kronkorken_2024_RGB-1-e1739359565875\" \/><\/div>\n\t\t<\/figure>\n\t<\/div>\n\n\t<div class=\"wpb_text_column wpb_content_element \" >\n\t\t<div class=\"wpb_wrapper\">\n\t\t\t<h4>Aufgabe<\/h4>\n<p>ebene c wurde beauftragt, ein Format zu entwickeln, das es erlaubt, die Markenf\u00fchrung von Eichbaum, insbesondere im Hinblick auf junge Zielgruppen, strategisch weiterzudenken.<br \/>\nZiel war es, Impulse f\u00fcr eine zukunftsf\u00e4hige Markenkommunikation zu schaffen, ohne die DNA der Mannheimer Traditionsmarke zu verw\u00e4ssern. Dabei ging es nicht um kurzfristige Kampagnen, sondern um ein strukturiertes Weiterentwickeln von Haltung, Sprache und Pr\u00e4senz. Nach au\u00dfen in Richtung Markt, aber auch als Signal nach innen f\u00fcr eine Kultur der Ver\u00e4nderungsbereitschaft und Gemeinschaft.<\/p>\n\n\t\t<\/div>\n\t<\/div>\n<\/div><\/div><\/div><div class=\"wpb_column vc_column_container vc_col-sm-6\"><div class=\"vc_column-inner\"><div class=\"wpb_wrapper\">\n\t<div class=\"wpb_text_column wpb_content_element \" >\n\t\t<div class=\"wpb_wrapper\">\n\t\t\t<h4>L\u00f6sung<\/h4>\n<p>In einem mehrstufigen Workshop und kreativen Prozess brachte ebene c junge Marketing-Talente aus dem Studiengang Creative Industries der Popakademie Baden-W\u00fcrttemberg mit erfahrenen Marketing- und Vertriebs-Mitarbeitenden von Eichbaum zusammen.<\/p>\n<p>Es entstand ein Dialog auf Augenh\u00f6he, der konkrete Perspektiven f\u00fcr die Weiterentwicklung der Dachmarke er\u00f6ffnete. Grundlage bildeten vorbereitete Kommunikationsans\u00e4tze, die gemeinsam weiterentwickelt und hinsichtlich Tonalit\u00e4t, Touchpoints und narrativen Zug\u00e4ngen gesch\u00e4rft wurden \u2013 von lokalen Events \u00fcber Social Media bis zur sichtbaren Verankerung am Standort Mannheim. Das Vorgehen war bewusst offen angelegt und als Co-Creation konzipiert: Markenentwicklung als gemeinsamer Prozess, mutig, empathisch und mit Blick auf die zuk\u00fcnftigen Konsument:innen.<\/p>\n\n\t\t<\/div>\n\t<\/div>\n\n\t<div class=\"wpb_text_column wpb_content_element \" >\n\t\t<div class=\"wpb_wrapper\">\n\t\t\t<div>\n<div>\n<h4><strong>Kundenstimmen<\/strong><\/h4>\n<p><em>\u201eDie Zusammenarbeit mit ebene hat uns die Augen ge\u00f6ffnet. Wir haben jetzt einen neuen, offeneren Blick, auf die M\u00f6glichkeiten unserer Marke und unsere Kommunikation in Richtung junge Verwender:innen. Neben der guten Begleitung und dem stringenten Prozess ist das vielleicht ihr wichtigster Beitrag f\u00fcr die Weiterentwicklung von Eichbaum: Mehr Mut. Mehr Offenheit. Mehr direkter Austausch mit der Zielgruppe.\u201c<\/em><\/p>\n<p><em>Uwe Aichele, Mitglied der Gesch\u00e4ftsleitung der Eichbaum GmbH<\/em><\/p>\n<\/div>\n<\/div>\n\n\t\t<\/div>\n\t<\/div>\n\n\t<div  class=\"wpb_single_image wpb_content_element vc_align_left  vc_custom_1754295484062\">\n\t\t\n\t\t<figure class=\"wpb_wrapper vc_figure\">\n\t\t\t<div class=\"vc_single_image-wrapper   vc_box_border_grey\"><img class=\"vc_single_image-img \" src=\"https:\/\/www.ebene-c.de\/wp-content\/uploads\/2025\/08\/IMG_8069-scaled-e1754295426527-520x302.jpg\" width=\"520\" height=\"302\" alt=\"IMG_8069\" title=\"IMG_8069\" \/><\/div>\n\t\t<\/figure>\n\t<\/div>\n<\/div><\/div><\/div><\/div><div class=\"vc_row wpb_row vc_row-fluid\"><div class=\"wpb_column vc_column_container vc_col-sm-12\"><div class=\"vc_column-inner\"><div class=\"wpb_wrapper\"><div class=\"vc_separator wpb_content_element vc_separator_align_center vc_sep_width_100 vc_sep_border_width_2 vc_sep_pos_align_center vc_separator_no_text vc_sep_color_black\" ><span class=\"vc_sep_holder vc_sep_holder_l\"><span  class=\"vc_sep_line\"><\/span><\/span><span class=\"vc_sep_holder vc_sep_holder_r\"><span  class=\"vc_sep_line\"><\/span><\/span>\n<\/div><\/div><\/div><\/div><\/div>\n","protected":false},"excerpt":{"rendered":"Eichbaum \/ Markenf\u00fchrung weiterdenken \u2013 junge Zielgruppen gewinnen _Co-Creation mit jungen Talenten \/ Zukunftswerkstatt _Zukunftsorientierte Markenentwicklung _Zielgruppenansprache neu definieren Hintergrund Eichbaum ist eine der traditionsreichsten<span class=\"excerpt-hellip\"> [\u2026]<\/span>","protected":false},"author":1,"featured_media":0,"parent":0,"menu_order":0,"comment_status":"closed","ping_status":"closed","template":"","meta":[],"_links":{"self":[{"href":"https:\/\/www.ebene-c.de\/de_de\/wp-json\/wp\/v2\/pages\/3528"}],"collection":[{"href":"https:\/\/www.ebene-c.de\/de_de\/wp-json\/wp\/v2\/pages"}],"about":[{"href":"https:\/\/www.ebene-c.de\/de_de\/wp-json\/wp\/v2\/types\/page"}],"author":[{"embeddable":true,"href":"https:\/\/www.ebene-c.de\/de_de\/wp-json\/wp\/v2\/users\/1"}],"replies":[{"embeddable":true,"href":"https:\/\/www.ebene-c.de\/de_de\/wp-json\/wp\/v2\/comments?post=3528"}],"version-history":[{"count":7,"href":"https:\/\/www.ebene-c.de\/de_de\/wp-json\/wp\/v2\/pages\/3528\/revisions"}],"predecessor-version":[{"id":3587,"href":"https:\/\/www.ebene-c.de\/de_de\/wp-json\/wp\/v2\/pages\/3528\/revisions\/3587"}],"wp:attachment":[{"href":"https:\/\/www.ebene-c.de\/de_de\/wp-json\/wp\/v2\/media?parent=3528"}],"curies":[{"name":"wp","href":"https:\/\/api.w.org\/{rel}","templated":true}]}}