{"id":3531,"date":"2025-08-01T09:02:27","date_gmt":"2025-08-01T07:02:27","guid":{"rendered":"https:\/\/www.ebene-c.de\/?page_id=3531"},"modified":"2025-11-07T17:29:09","modified_gmt":"2025-11-07T16:29:09","slug":"simmler","status":"publish","type":"page","link":"https:\/\/www.ebene-c.de\/de_de\/simmler\/","title":{"rendered":"Simmler"},"content":{"rendered":"<div class=\"vc_row wpb_row vc_row-fluid\"><div class=\"wpb_column vc_column_container vc_col-sm-6\"><div class=\"vc_column-inner\"><div class=\"wpb_wrapper\">\n\t<div class=\"wpb_text_column wpb_content_element \" >\n\t\t<div class=\"wpb_wrapper\">\n\t\t\t<h2>Simmler<br \/>\n\/<br \/>\nBegleitung Markeninnovation<\/h2>\n\n\t\t<\/div>\n\t<\/div>\n\n\t<div class=\"wpb_text_column wpb_content_element \" >\n\t\t<div class=\"wpb_wrapper\">\n\t\t\t<h4>_Innovationsworkshop f\u00fcr neuen Produktbereich<br \/>\n_Markenpositionierung<br \/>\n_Strategische und kreative Begleitung<\/h4>\n\n\t\t<\/div>\n\t<\/div>\n<\/div><\/div><\/div><div class=\"wpb_column vc_column_container vc_col-sm-6\"><div class=\"vc_column-inner\"><div class=\"wpb_wrapper\">\n\t<div  class=\"wpb_single_image wpb_content_element vc_align_left  vc_custom_1754469510416\">\n\t\t\n\t\t<figure class=\"wpb_wrapper vc_figure\">\n\t\t\t<div class=\"vc_single_image-wrapper   vc_box_border_grey\"><img class=\"vc_single_image-img \" src=\"https:\/\/www.ebene-c.de\/wp-content\/uploads\/2025\/08\/Smart_Innovation_Simmler-Tante-Franzi-500x300.jpg\" width=\"500\" height=\"300\" alt=\"Smart_Innovation_Simmler-Tante-Franzi\" title=\"Smart_Innovation_Simmler-Tante-Franzi\" \/><\/div>\n\t\t<\/figure>\n\t<\/div>\n<\/div><\/div><\/div><\/div><div class=\"vc_row wpb_row vc_row-fluid\"><div class=\"wpb_column vc_column_container vc_col-sm-6\"><div class=\"vc_column-inner\"><div class=\"wpb_wrapper\">\n\t<div class=\"wpb_text_column wpb_content_element \" >\n\t\t<div class=\"wpb_wrapper\">\n\t\t\t<div class=\"wpb_text_column wpb_content_element vc_custom_1538133902006\">\n<div class=\"wpb_wrapper\">\n<h4>Hintergrund<\/h4>\n<p>Die Franz Simmler GmbH + Co KG steht seit Generationen f\u00fcr k\u00f6stlich fruchtige Aufstriche mit Qualit\u00e4tserlebnis: traditionell im Schwarzwald gefertigt, regional verwurzelt und kompromisslos in Qualit\u00e4t und Nachhaltigkeit. Doch M\u00e4rkte ver\u00e4ndern sich und mit ihnen die Geschmacksvorlieben. Besonders j\u00fcngere Zielgruppen suchen neue Reize. Immer \u00f6fter geht es um proteinreiche und fleischlose Ern\u00e4hrung, mehr \u00dcberraschung, mehr Vielfalt passend zu den Konsumsituationen.<\/p>\n<p><a href=\"https:\/\/simmler.de\/\" target=\"_blank\" rel=\"noopener\">www.simmler.de<\/a><\/p>\n<\/div>\n<\/div>\n\n\t\t<\/div>\n\t<\/div>\n\n\t<div  class=\"wpb_single_image wpb_content_element vc_align_left  vc_custom_1754469331226\">\n\t\t\n\t\t<figure class=\"wpb_wrapper vc_figure\">\n\t\t\t<a class=\"\" data-lightbox=\"lightbox[rel-3531-2700870963]\" href=\"https:\/\/www.ebene-c.de\/wp-content\/uploads\/2025\/08\/IMG_2098-768x1024.jpg\" target=\"_self\" class=\"vc_single_image-wrapper   vc_box_border_grey\"><img class=\"vc_single_image-img \" src=\"https:\/\/www.ebene-c.de\/wp-content\/uploads\/2025\/08\/IMG_2098-scaled-500x302.jpg\" width=\"500\" height=\"302\" alt=\"IMG_2098\" title=\"IMG_2098\" \/><\/a>\n\t\t<\/figure>\n\t<\/div>\n\n\t<div class=\"wpb_text_column wpb_content_element \" >\n\t\t<div class=\"wpb_wrapper\">\n\t\t\t<h4>Aufgabe<\/h4>\n<p>Strategische und kommunikative Begleitung eines breit angelegten Innovationsprozesses. Ziel war es, Ideen f\u00fcr Produktinnovationen zu entwickeln, die sich bewusst von der Dachmarke abgrenzen und gleichzeitig deren Werte weitertragen. Im Fokus stand die Entwicklung eines neuen Produktkonzepts, der Aufbau einer tragf\u00e4higen Markenstory und die beratende Begleitung zum Launch.<\/p>\n\n\t\t<\/div>\n\t<\/div>\n<\/div><\/div><\/div><div class=\"wpb_column vc_column_container vc_col-sm-6\"><div class=\"vc_column-inner\"><div class=\"wpb_wrapper\">\n\t<div class=\"wpb_text_column wpb_content_element \" >\n\t\t<div class=\"wpb_wrapper\">\n\t\t\t<h4>L\u00f6sung<\/h4>\n<p>In kreativen Workshopformaten wurden Zielgruppenbed\u00fcrfnisse und Konsumanl\u00e4sse analysiert. Die Ergebnisse flossen in eine Markenstrategie ein, die nicht nur auf Geschmack setzt, sondern auch auf Charakter und Kontext.<\/p>\n<p>Im weiteren Vorgehen entwickelte das Simmler Projektteam daraus das Narrativ f\u00fcr die Figur \u201eTante Franzi\u201c. Diese steht f\u00fcr Experimentierfreude mit eigener Haltung und die gleichzeitig der Tradition verpflichtet ist.<\/p>\n<p>Mit \u201eTante Franzi\u201c wurde eine innovative Produktlinie geschaffen, die bewusst mit Erwartungen bricht: herzhafte Aufstriche, in denen Gem\u00fcse auf Frucht trifft, \u00fcberraschend, ausgewogen und 100\u202f% vegan. Sorten wie\u00a0Karotte-Ingwer-Aprikose,\u00a0Erbse-Quitte,\u00a0Tomate-H\u00f6ri B\u00fclle-Hagebutte\u00a0oder\u00a0Rote Beete-Alblinse-Schwarzkirsche\u00a0er\u00f6ffnen neue Einsatzm\u00f6glichkeiten: als Begleiter zu Snacks und K\u00e4se, als feine Komponente in vielen Kochrezepten oder als kreatives Topping f\u00fcr Brot und Bowls.<\/p>\n\n\t\t<\/div>\n\t<\/div>\n\n\t<div class=\"wpb_text_column wpb_content_element \" >\n\t\t<div class=\"wpb_wrapper\">\n\t\t\t<div>\n<div>\n<h4><strong>Kundenstimmen<\/strong><\/h4>\n<p><em>\u201eMit &#8218;Tante Franzi&#8216; haben wir ein neues Kapitel aufgeschlagen. Die Zusammenarbeit mit ebene c hat uns geholfen, unsere Innovationskraft zu b\u00fcndeln und gleichzeitig zu unseren Wurzeln zu stehen.\u201c<\/em><\/p>\n<p>Dr. Uta Simmler, gesch\u00e4ftsf\u00fchrende Gesellschafterin, Franz Simmler GmbH + Co. KG<\/p>\n<p><em>\u201eIn dem Kreativworkshop mit ebene c haben wir neben &#8218;Tante Franzi&#8216; noch einige weitere Innovationen entwickelt, die uns f\u00fcr die Zukunft weitere Potenziale er\u00f6ffnen.\u201c<\/em><\/p>\n<p>Norbert M\u00fcnch, Gesch\u00e4ftsf\u00fchrer Franz Simmler GmbH + Co. KG<\/p>\n<p><em>\u00a0<\/em><\/p>\n<p><em>\u00a0<\/em><\/p>\n<\/div>\n<\/div>\n\n\t\t<\/div>\n\t<\/div>\n<\/div><\/div><\/div><\/div><div class=\"vc_row wpb_row vc_row-fluid\"><div class=\"wpb_column vc_column_container vc_col-sm-12\"><div class=\"vc_column-inner\"><div class=\"wpb_wrapper\"><div class=\"vc_separator wpb_content_element vc_separator_align_center vc_sep_width_100 vc_sep_border_width_2 vc_sep_pos_align_center vc_separator_no_text vc_sep_color_black\" ><span class=\"vc_sep_holder vc_sep_holder_l\"><span  class=\"vc_sep_line\"><\/span><\/span><span class=\"vc_sep_holder vc_sep_holder_r\"><span  class=\"vc_sep_line\"><\/span><\/span>\n<\/div><\/div><\/div><\/div><\/div>\n","protected":false},"excerpt":{"rendered":"Simmler \/ Begleitung Markeninnovation _Innovationsworkshop f\u00fcr neuen Produktbereich _Markenpositionierung _Strategische und kreative Begleitung Hintergrund Die Franz Simmler GmbH + Co KG steht seit Generationen f\u00fcr<span class=\"excerpt-hellip\"> [\u2026]<\/span>","protected":false},"author":1,"featured_media":0,"parent":0,"menu_order":0,"comment_status":"closed","ping_status":"closed","template":"","meta":[],"_links":{"self":[{"href":"https:\/\/www.ebene-c.de\/de_de\/wp-json\/wp\/v2\/pages\/3531"}],"collection":[{"href":"https:\/\/www.ebene-c.de\/de_de\/wp-json\/wp\/v2\/pages"}],"about":[{"href":"https:\/\/www.ebene-c.de\/de_de\/wp-json\/wp\/v2\/types\/page"}],"author":[{"embeddable":true,"href":"https:\/\/www.ebene-c.de\/de_de\/wp-json\/wp\/v2\/users\/1"}],"replies":[{"embeddable":true,"href":"https:\/\/www.ebene-c.de\/de_de\/wp-json\/wp\/v2\/comments?post=3531"}],"version-history":[{"count":10,"href":"https:\/\/www.ebene-c.de\/de_de\/wp-json\/wp\/v2\/pages\/3531\/revisions"}],"predecessor-version":[{"id":3588,"href":"https:\/\/www.ebene-c.de\/de_de\/wp-json\/wp\/v2\/pages\/3531\/revisions\/3588"}],"wp:attachment":[{"href":"https:\/\/www.ebene-c.de\/de_de\/wp-json\/wp\/v2\/media?parent=3531"}],"curies":[{"name":"wp","href":"https:\/\/api.w.org\/{rel}","templated":true}]}}