{"id":3577,"date":"2025-11-07T17:13:03","date_gmt":"2025-11-07T16:13:03","guid":{"rendered":"https:\/\/www.ebene-c.de\/?page_id=3577"},"modified":"2025-11-10T17:34:03","modified_gmt":"2025-11-10T16:34:03","slug":"emfaktor","status":"publish","type":"page","link":"https:\/\/www.ebene-c.de\/de_de\/emfaktor\/","title":{"rendered":"emfaktor"},"content":{"rendered":"<div class=\"vc_row wpb_row vc_row-fluid\"><div class=\"wpb_column vc_column_container vc_col-sm-6\"><div class=\"vc_column-inner\"><div class=\"wpb_wrapper\">\n\t<div class=\"wpb_text_column wpb_content_element \" >\n\t\t<div class=\"wpb_wrapper\">\n\t\t\t<h2>emfaktor<br \/>\n\/<br \/>\nBegleitung Agenturausrichtung<\/h2>\n\n\t\t<\/div>\n\t<\/div>\n\n\t<div class=\"wpb_text_column wpb_content_element \" >\n\t\t<div class=\"wpb_wrapper\">\n\t\t\t<h4>_Sch\u00e4rfung Markenidentit\u00e4t als interner \/ externer Orientierungsgeber<br \/>\n_Organisationsentwicklung hin zu agilen Rollen und Kreisen<br \/>\n_Beratung Gesch\u00e4ftsf\u00fchrung und Mentoring Agenturteam<\/h4>\n\n\t\t<\/div>\n\t<\/div>\n<\/div><\/div><\/div><div class=\"wpb_column vc_column_container vc_col-sm-6\"><div class=\"vc_column-inner\"><div class=\"wpb_wrapper\">\n\t<div  class=\"wpb_single_image wpb_content_element vc_align_left  vc_custom_1762532784324\">\n\t\t\n\t\t<figure class=\"wpb_wrapper vc_figure\">\n\t\t\t<div class=\"vc_single_image-wrapper   vc_box_border_grey\"><img width=\"1440\" height=\"900\" src=\"https:\/\/www.ebene-c.de\/wp-content\/uploads\/2025\/11\/Bild1.png\" class=\"vc_single_image-img attachment-full\" alt=\"\" loading=\"lazy\" srcset=\"https:\/\/www.ebene-c.de\/wp-content\/uploads\/2025\/11\/Bild1.png 1440w, https:\/\/www.ebene-c.de\/wp-content\/uploads\/2025\/11\/Bild1-300x188.png 300w, https:\/\/www.ebene-c.de\/wp-content\/uploads\/2025\/11\/Bild1-1024x640.png 1024w, https:\/\/www.ebene-c.de\/wp-content\/uploads\/2025\/11\/Bild1-768x480.png 768w, https:\/\/www.ebene-c.de\/wp-content\/uploads\/2025\/11\/Bild1-18x12.png 18w, https:\/\/www.ebene-c.de\/wp-content\/uploads\/2025\/11\/Bild1-234x146.png 234w, https:\/\/www.ebene-c.de\/wp-content\/uploads\/2025\/11\/Bild1-50x31.png 50w, https:\/\/www.ebene-c.de\/wp-content\/uploads\/2025\/11\/Bild1-120x75.png 120w\" sizes=\"(max-width: 1440px) 100vw, 1440px\" \/><\/div>\n\t\t<\/figure>\n\t<\/div>\n<\/div><\/div><\/div><\/div><div class=\"vc_row wpb_row vc_row-fluid\"><div class=\"wpb_column vc_column_container vc_col-sm-6\"><div class=\"vc_column-inner\"><div class=\"wpb_wrapper\">\n\t<div class=\"wpb_text_column wpb_content_element \" >\n\t\t<div class=\"wpb_wrapper\">\n\t\t\t<div class=\"wpb_text_column wpb_content_element vc_custom_1538133902006\">\n<div class=\"wpb_wrapper\">\n<h4>Hintergrund<\/h4>\n<p>emfaktor hat sich seit der Gr\u00fcndung 2002 als \u201eSocial Profit Agentur\u201c und Gemeinwohl-\u00d6konomie Pionier etabliert. Das Team besteht aus 14 teils sehr langj\u00e4hrigen Mitarbeitenden, die \u00fcber Arbeitszeit und -ort \u00fcberwiegend selbst bestimmen. Die rasanten Marktentwicklungen der letzten Jahre f\u00f6rderten gleichzeitig den Handlungsbedarf, die Agenturausrichtung ganzheitlich zu hinterfragen. So ist beispielsweise Nachhaltigkeit als Agentur-DNA zum Zeitgeist-Aspekt geworden, andere Agenturen sind auf den Zug aufgesprungen. Zudem will Gr\u00fcnder und Gesch\u00e4ftsf\u00fchrer Dr. Oliver Viest den stark partizipativ gepr\u00e4gten Wir-Spirit nutzen, um strategische, strukturelle und kulturelle Weichen in die Zukunft zu stellen.<\/p>\n<p><a href=\"http:\/\/www.emfaktor.de\">www.emfaktor.de<\/a><\/p>\n<h4>Aufgabe<\/h4>\n<p>Wof\u00fcr stehen wir wirklich? Was sind unsere St\u00e4rken und Schw\u00e4chen? Und wohin will sich jede\/r einzeln\/e von uns entwickeln? Fragen wie diese besch\u00e4ftigen und sollen in einem zielgerichteten, effizienten Prozess m\u00fcnden. Startend in einem Workshop im Dezember 2023 sind Ver\u00e4nderungsbedarfe und -w\u00fcnsche zu sammeln, diskutieren und anzugehen. Nach dem Prinzip \u201edie Marke schreitet voran\u201c folgen iterative Entwicklungsschritte, die sich \u00fcber das gesamte Folgejahr und fortfolgend ziehen: Neuer Markenauftritt mit Logo, Claim sowie Webseite. Kl\u00e4rung Kernprodukte, Beratungs- und Vertriebsprozesse. Nicht zuletzt die Transformation der Organisation von festen Positionen zu flexibleren Rollen und von Units zu selbstorganisierten Themen-Kreisen. ebene c wird f\u00fcr die Prozessbegleitung sowie Konzeption und Moderation der Workshops ins Boot geholt.<\/p>\n<\/div>\n<\/div>\n\n\t\t<\/div>\n\t<\/div>\n\n\t<div  class=\"wpb_single_image wpb_content_element vc_align_center  vc_custom_1762792206949\">\n\t\t\n\t\t<figure class=\"wpb_wrapper vc_figure\">\n\t\t\t<div class=\"vc_single_image-wrapper   vc_box_border_grey\"><img class=\"vc_single_image-img \" src=\"https:\/\/www.ebene-c.de\/wp-content\/uploads\/2025\/11\/Bild2-300x300.png\" width=\"300\" height=\"300\" alt=\"Bild2\" title=\"Bild2\" \/><\/div>\n\t\t<\/figure>\n\t<\/div>\n\n\t<div class=\"wpb_text_column wpb_content_element \" >\n\t\t<div class=\"wpb_wrapper\">\n\t\t\t<div class=\"wpb_text_column wpb_content_element vc_custom_1538133902006\">\n<div class=\"wpb_wrapper\">\n<h4>L\u00f6sung<\/h4>\n<ul>\n<li><span style=\"color: #000000;\">Regelm\u00e4\u00dfige Einzelsessions mit dem Gesch\u00e4ftsf\u00fchrer als Vision\u00e4r und Impulsgeber: Erarbeitung Vorschl\u00e4ge (Markenidentit\u00e4t, Unternehmensziele, Rollen -und Kreisstruktur), Reviews und Ausblicke der Optimierungsschritte, Sparring und Coaching zur Einsortierung aktueller interner und externer Entwicklungen (Mitarbeiterwechsel, Kundensituation etc.)<\/span><\/li>\n<li><span style=\"color: #000000;\">F\u00fchrungskreis-Workshops zur Reflexion und Weiterentwicklung der GF-Vorschl\u00e4ge: Markenidentit\u00e4t und Markenpositionierung, Marketingstrategie (Ziel-Kunden, Projekte, Leistungen), Beratungs- und Vertriebsarbeit entlang Wertsch\u00f6pfungskette, strukturelle Transformation zur Aufl\u00f6sung von Units und Unit-Leitungen<\/span><\/li>\n<li><span style=\"color: #000000;\">Halbj\u00e4hrliche Workshops mit dem gesamten Team f\u00fcr Austausch und Vertiefung: Sammlung von Ver\u00e4nderungsbedarfen (Kraftfeldanalyse), Vergemeinschaftung und Reflexion strategischer Entscheidungen, Erarbeitung Wunsch-Rollen (AKV-Prinzip) und Zuteilung zu Themen-Kreisen, Kulturbeitrag (transparente interne Kommunikation und Motivation)<\/span><\/li>\n<li><span style=\"color: #000000;\">Unterst\u00fctzung Kreation (Creative Brief, Claim-Entwicklung) sowie Mentoring (Kreation, F\u00fchrung, Beratung, New Business etc.)<\/span><\/li>\n<\/ul>\n<\/div>\n<\/div>\n\n\t\t<\/div>\n\t<\/div>\n<\/div><\/div><\/div><div class=\"wpb_column vc_column_container vc_col-sm-6\"><div class=\"vc_column-inner\"><div class=\"wpb_wrapper\">\n\t<div class=\"wpb_text_column wpb_content_element \" >\n\t\t<div class=\"wpb_wrapper\">\n\t\t\t<div>\n<div>\n<h4><strong>Kundenstimme<\/strong><\/h4>\n<p><em>\u201eRalph hat mir mit seiner Agenturerfahrung, systemischen Denke und offenen Art sehr geholfen, den Blick auf uns selbst und auf den Markt zu sch\u00e4rfen und Zukunftschancen zu nutzen. In Summe ist es unglaublich, was wir in so kurzer Zeit alles ver\u00e4ndert haben. Es ging ein Ruck durchs Team, wir haben uns einerseits dank Ralphs kritischer Fragen und Ermutigungen auf unseren Markenkern und Ursprung besonnen und diesen andererseits stark aufladen und modernisieren k\u00f6nnen. Das ist bereits in der Kundenkommunikation und im Neugesch\u00e4ft zu sp\u00fcren. Gleichzeitig entlastet mich die gest\u00e4rkte Marke und die organisatorische Ver\u00e4nderung zu einem eigenverantwortlicheren Team in der F\u00fchrung. Oder wie es unser neuer Claim ausdr\u00fcckt: ,Nachhaltig denken. Mehr bewirken.\u2018\u201c<\/em><\/p>\n<p>Dr. Oliver Viest, Gesch\u00e4ftsf\u00fchrer emfaktor<\/p>\n<\/div>\n<\/div>\n\n\t\t<\/div>\n\t<\/div>\n\n\t<div  class=\"wpb_single_image wpb_content_element vc_align_left  vc_custom_1762531976428\">\n\t\t\n\t\t<figure class=\"wpb_wrapper vc_figure\">\n\t\t\t<div class=\"vc_single_image-wrapper   vc_box_border_grey\"><img width=\"1440\" height=\"900\" src=\"https:\/\/www.ebene-c.de\/wp-content\/uploads\/2025\/11\/Bild3.png\" class=\"vc_single_image-img attachment-full\" alt=\"\" loading=\"lazy\" srcset=\"https:\/\/www.ebene-c.de\/wp-content\/uploads\/2025\/11\/Bild3.png 1440w, https:\/\/www.ebene-c.de\/wp-content\/uploads\/2025\/11\/Bild3-300x188.png 300w, https:\/\/www.ebene-c.de\/wp-content\/uploads\/2025\/11\/Bild3-1024x640.png 1024w, https:\/\/www.ebene-c.de\/wp-content\/uploads\/2025\/11\/Bild3-768x480.png 768w, https:\/\/www.ebene-c.de\/wp-content\/uploads\/2025\/11\/Bild3-18x12.png 18w, https:\/\/www.ebene-c.de\/wp-content\/uploads\/2025\/11\/Bild3-234x146.png 234w, https:\/\/www.ebene-c.de\/wp-content\/uploads\/2025\/11\/Bild3-50x31.png 50w, https:\/\/www.ebene-c.de\/wp-content\/uploads\/2025\/11\/Bild3-120x75.png 120w\" sizes=\"(max-width: 1440px) 100vw, 1440px\" \/><\/div>\n\t\t<\/figure>\n\t<\/div>\n<\/div><\/div><\/div><\/div><div class=\"vc_row wpb_row vc_row-fluid\"><div class=\"wpb_column vc_column_container vc_col-sm-12\"><div class=\"vc_column-inner\"><div class=\"wpb_wrapper\"><div class=\"vc_separator wpb_content_element vc_separator_align_center vc_sep_width_100 vc_sep_border_width_2 vc_sep_pos_align_center vc_separator_no_text vc_sep_color_black\" ><span class=\"vc_sep_holder vc_sep_holder_l\"><span  class=\"vc_sep_line\"><\/span><\/span><span class=\"vc_sep_holder vc_sep_holder_r\"><span  class=\"vc_sep_line\"><\/span><\/span>\n<\/div><\/div><\/div><\/div><\/div>\n","protected":false},"excerpt":{"rendered":"emfaktor \/ Begleitung Agenturausrichtung _Sch\u00e4rfung Markenidentit\u00e4t als interner \/ externer Orientierungsgeber _Organisationsentwicklung hin zu agilen Rollen und Kreisen _Beratung Gesch\u00e4ftsf\u00fchrung und Mentoring Agenturteam Hintergrund emfaktor<span class=\"excerpt-hellip\"> [\u2026]<\/span>","protected":false},"author":1,"featured_media":0,"parent":0,"menu_order":0,"comment_status":"closed","ping_status":"closed","template":"","meta":[],"_links":{"self":[{"href":"https:\/\/www.ebene-c.de\/de_de\/wp-json\/wp\/v2\/pages\/3577"}],"collection":[{"href":"https:\/\/www.ebene-c.de\/de_de\/wp-json\/wp\/v2\/pages"}],"about":[{"href":"https:\/\/www.ebene-c.de\/de_de\/wp-json\/wp\/v2\/types\/page"}],"author":[{"embeddable":true,"href":"https:\/\/www.ebene-c.de\/de_de\/wp-json\/wp\/v2\/users\/1"}],"replies":[{"embeddable":true,"href":"https:\/\/www.ebene-c.de\/de_de\/wp-json\/wp\/v2\/comments?post=3577"}],"version-history":[{"count":9,"href":"https:\/\/www.ebene-c.de\/de_de\/wp-json\/wp\/v2\/pages\/3577\/revisions"}],"predecessor-version":[{"id":3595,"href":"https:\/\/www.ebene-c.de\/de_de\/wp-json\/wp\/v2\/pages\/3577\/revisions\/3595"}],"wp:attachment":[{"href":"https:\/\/www.ebene-c.de\/de_de\/wp-json\/wp\/v2\/media?parent=3577"}],"curies":[{"name":"wp","href":"https:\/\/api.w.org\/{rel}","templated":true}]}}