{"id":3643,"date":"2026-03-16T08:23:17","date_gmt":"2026-03-16T07:23:17","guid":{"rendered":"https:\/\/www.ebene-c.de\/?page_id=3643"},"modified":"2026-03-16T10:10:29","modified_gmt":"2026-03-16T09:10:29","slug":"dafuer","status":"publish","type":"page","link":"https:\/\/www.ebene-c.de\/de_de\/dafuer\/","title":{"rendered":"daf\u00fcr"},"content":{"rendered":"<div class=\"vc_row wpb_row vc_row-fluid\"><div class=\"wpb_column vc_column_container vc_col-sm-6\"><div class=\"vc_column-inner\"><div class=\"wpb_wrapper\">\n\t<div class=\"wpb_text_column wpb_content_element \" >\n\t\t<div class=\"wpb_wrapper\">\n\t\t\t<h2>daf\u00fcr<br \/>\n\/<br \/>\nBegleitung Weiterentwicklung<\/h2>\n\n\t\t<\/div>\n\t<\/div>\n\n\t<div class=\"wpb_text_column wpb_content_element \" >\n\t\t<div class=\"wpb_wrapper\">\n\t\t\t<h4>_Sparring Gesch\u00e4ftsleitung<br \/>\n_Teamsupervision<br \/>\n_Konzeption und Moderation von Abteilungsworkshops<\/h4>\n\n\t\t<\/div>\n\t<\/div>\n<\/div><\/div><\/div><div class=\"wpb_column vc_column_container vc_col-sm-6\"><div class=\"vc_column-inner\"><div class=\"wpb_wrapper\">\n\t<div  class=\"wpb_single_image wpb_content_element vc_align_left  vc_custom_1773645695845\">\n\t\t\n\t\t<figure class=\"wpb_wrapper vc_figure\">\n\t\t\t<div class=\"vc_single_image-wrapper   vc_box_border_grey\"><img class=\"vc_single_image-img \" src=\"https:\/\/www.ebene-c.de\/wp-content\/uploads\/2026\/03\/IMG_3905-scaled-520x302.jpg\" width=\"520\" height=\"302\" alt=\"IMG_3905\" title=\"IMG_3905\" \/><\/div>\n\t\t<\/figure>\n\t<\/div>\n<\/div><\/div><\/div><\/div><div class=\"vc_row wpb_row vc_row-fluid\"><div class=\"wpb_column vc_column_container vc_col-sm-6\"><div class=\"vc_column-inner\"><div class=\"wpb_wrapper\">\n\t<div class=\"wpb_text_column wpb_content_element \" >\n\t\t<div class=\"wpb_wrapper\">\n\t\t\t<div class=\"wpb_text_column wpb_content_element vc_custom_1538133902006\">\n<div class=\"wpb_wrapper\">\n<h4>Hintergrund<\/h4>\n<p>daf\u00fcr begleitet Menschen mit Beeintr\u00e4chtigung in Vorarlberg (\u00d6sterreich) auf ihrem Weg in ein selbstbestimmtes Berufsleben \u2013 vom Ende der Pflichtschule bis zur Pensionierung. Die Organisation bietet professionelle Beratung und individuelle Unterst\u00fctzung f\u00fcr Jugendliche, Erwachsene sowie Arbeitgeber. Zum Angebot z\u00e4hlen unter anderem Jugendcoaching, Arbeitsassistenz und Jobcoaching. Ziel ist es, berufliche Perspektiven zu er\u00f6ffnen, Menschen nachhaltig im Arbeitsmarkt zu integrieren und Betriebe bei der inklusiven Besch\u00e4ftigung zu begleiten.<\/p>\n<p><a href=\"http:\/\/www.dafuer.at\">www.daf\u00fcr.at<\/a><\/p>\n<\/div>\n<\/div>\n\n\t\t<\/div>\n\t<\/div>\n\n\t<div  class=\"wpb_single_image wpb_content_element vc_align_left  vc_custom_1773645671904\">\n\t\t\n\t\t<figure class=\"wpb_wrapper vc_figure\">\n\t\t\t<div class=\"vc_single_image-wrapper   vc_box_border_grey\"><img class=\"vc_single_image-img \" src=\"https:\/\/www.ebene-c.de\/wp-content\/uploads\/2026\/03\/IMG_4233-2-scaled-500x302.jpg\" width=\"500\" height=\"302\" alt=\"IMG_4233 2\" title=\"IMG_4233 2\" \/><\/div>\n\t\t<\/figure>\n\t<\/div>\n\n\t<div class=\"wpb_text_column wpb_content_element \" >\n\t\t<div class=\"wpb_wrapper\">\n\t\t\t<h4>Aufgabe<\/h4>\n<p>Neue Gesch\u00e4ftsleitung, neue Abteilungsleitungen, Einsparungen \u2013 daf\u00fcr befindet sich in einer entscheidenden Phase in ihrer \u00fcber 15-j\u00e4hrigen Geschichte. Die Aufgabe besteht darin, diese Ver\u00e4nderungen als Chance zu nutzen und die Weiterentwicklung der Organisation mit einer externen Perspektive zu begleiten.<\/p>\n\n\t\t<\/div>\n\t<\/div>\n<\/div><\/div><\/div><div class=\"wpb_column vc_column_container vc_col-sm-6\"><div class=\"vc_column-inner\"><div class=\"wpb_wrapper\">\n\t<div class=\"wpb_text_column wpb_content_element \" >\n\t\t<div class=\"wpb_wrapper\">\n\t\t\t<h4>L\u00f6sung<\/h4>\n<p>Die Begleitung erfolgt auf verschiedenen Ebenen der Organisation und richtet sich sowohl an die F\u00fchrungsebene als auch an die Teams. Neben einem regelm\u00e4\u00dfigen Sparring mit der Gesch\u00e4ftsleitung, in dem strategische Fragestellungen reflektiert und weiterentwickelt werden, umfasst die Zusammenarbeit auch die Moderation von Supervisionssitzungen mit dem gesamten Team. Dar\u00fcber hinaus geh\u00f6ren die Konzeption, Strukturierung und Durchf\u00fchrung partizipativer Abteilungsmeetings zum Leistungsumfang. Ziel ist es, Raum f\u00fcr Austausch, gemeinsame Reflexion und die Weiterentwicklung der Zusammenarbeit innerhalb der Organisation zu schaffen \u2013 und gleichzeitig das Zusammenwachsen im Team sowie die St\u00e4rkung der gemeinsamen Teamidentit\u00e4t zu f\u00f6rdern.<\/p>\n\n\t\t<\/div>\n\t<\/div>\n\n\t<div class=\"wpb_text_column wpb_content_element \" >\n\t\t<div class=\"wpb_wrapper\">\n\t\t\t<div>\n<div>\n<h4><strong>Kundenstimme<\/strong><\/h4>\n<p><em>\u201eDie externe Begleitung tut mir und unserem Team sehr gut: klare Struktur, wertvolle Impulse und Raum f\u00fcr echten Austausch. Das hat unsere Zusammenarbeit sp\u00fcrbar gest\u00e4rkt.\u201c<\/em><\/p>\n<p>Dipl. Soz. Arb. Sebastian R\u00f6sch, Gesch\u00e4ftsf\u00fchrung<\/p>\n<\/div>\n<\/div>\n\n\t\t<\/div>\n\t<\/div>\n<\/div><\/div><\/div><\/div><div class=\"vc_row wpb_row vc_row-fluid\"><div class=\"wpb_column vc_column_container vc_col-sm-12\"><div class=\"vc_column-inner\"><div class=\"wpb_wrapper\"><div class=\"vc_separator wpb_content_element vc_separator_align_center vc_sep_width_100 vc_sep_border_width_2 vc_sep_pos_align_center vc_separator_no_text vc_sep_color_black\" ><span class=\"vc_sep_holder vc_sep_holder_l\"><span  class=\"vc_sep_line\"><\/span><\/span><span class=\"vc_sep_holder vc_sep_holder_r\"><span  class=\"vc_sep_line\"><\/span><\/span>\n<\/div><\/div><\/div><\/div><\/div>\n","protected":false},"excerpt":{"rendered":"daf\u00fcr \/ Begleitung Weiterentwicklung _Sparring Gesch\u00e4ftsleitung _Teamsupervision _Konzeption und Moderation von Abteilungsworkshops Hintergrund daf\u00fcr begleitet Menschen mit Beeintr\u00e4chtigung in Vorarlberg (\u00d6sterreich) auf ihrem Weg in<span class=\"excerpt-hellip\"> [\u2026]<\/span>","protected":false},"author":1,"featured_media":0,"parent":0,"menu_order":0,"comment_status":"closed","ping_status":"closed","template":"","meta":[],"_links":{"self":[{"href":"https:\/\/www.ebene-c.de\/de_de\/wp-json\/wp\/v2\/pages\/3643"}],"collection":[{"href":"https:\/\/www.ebene-c.de\/de_de\/wp-json\/wp\/v2\/pages"}],"about":[{"href":"https:\/\/www.ebene-c.de\/de_de\/wp-json\/wp\/v2\/types\/page"}],"author":[{"embeddable":true,"href":"https:\/\/www.ebene-c.de\/de_de\/wp-json\/wp\/v2\/users\/1"}],"replies":[{"embeddable":true,"href":"https:\/\/www.ebene-c.de\/de_de\/wp-json\/wp\/v2\/comments?post=3643"}],"version-history":[{"count":5,"href":"https:\/\/www.ebene-c.de\/de_de\/wp-json\/wp\/v2\/pages\/3643\/revisions"}],"predecessor-version":[{"id":3651,"href":"https:\/\/www.ebene-c.de\/de_de\/wp-json\/wp\/v2\/pages\/3643\/revisions\/3651"}],"wp:attachment":[{"href":"https:\/\/www.ebene-c.de\/de_de\/wp-json\/wp\/v2\/media?parent=3643"}],"curies":[{"name":"wp","href":"https:\/\/api.w.org\/{rel}","templated":true}]}}