{"id":402,"date":"2019-12-04T09:57:45","date_gmt":"2019-12-04T08:57:45","guid":{"rendered":"https:\/\/dev.ebene-c.de\/?page_id=402"},"modified":"2021-12-20T14:30:29","modified_gmt":"2021-12-20T13:30:29","slug":"impressum-2","status":"publish","type":"page","link":"https:\/\/www.ebene-c.de\/de_de\/impressum-2\/","title":{"rendered":"Impressum"},"content":{"rendered":"<div class=\"vc_row wpb_row vc_row-fluid\"><div class=\"wpb_column vc_column_container vc_col-sm-8\"><div class=\"vc_column-inner\"><div class=\"wpb_wrapper\">\n\t<div class=\"wpb_text_column wpb_content_element \" >\n\t\t<div class=\"wpb_wrapper\">\n\t\t\t<h2>Impressum<\/h2>\n<h3>Angaben gem\u00e4\u00df \u00a7 5 TMG<\/h3>\n<p>Arne Mack<br \/>\nebene c \/ Beratung f\u00fcr Marken und Menschen<br \/>\nWaldburgstra\u00dfe 17-19<br \/>\n70563 Stuttgart<\/p>\n<h3>Kontakt<\/h3>\n<p>Telefon: +49-(0)173-7018550<br \/>\nE-Mail: arne.mack(at)ebene-c.de<\/p>\n<h3>Redaktionell verantwortlich<\/h3>\n<p>Stefan Bohrmann und Arne Mack<\/p>\n<h3>Verbraucher\u00adstreit\u00adbeilegung\/Universal\u00adschlichtungs\u00adstelle<\/h3>\n<p>Wir sind nicht bereit oder verpflichtet, an Streitbeilegungsverfahren vor einer Verbraucherschlichtungsstelle teilzunehmen.<\/p>\n<h3>Haftung f\u00fcr Inhalte<\/h3>\n<p>Die Inhalte dieser Seiten wurden mit gr\u00f6\u00dfter Sorgfalt erstellt, jedoch k\u00f6nnen wir f\u00fcr Richtigkeit, Aktualit\u00e4t und Vollst\u00e4ndigkeit der Inhalte keine Gew\u00e4hr \u00fcbernehmen. Als Diensteanbieter sind wir gem\u00e4\u00df \u00a7 7 Abs.1 TMG f\u00fcr die eigenen Inhalte dieser Seiten nach den allgemeinen Gesetzen verantwortlich. Nach \u00a7\u00a7 8 bis 10 TMG sind wir als Diensteanbieter jedoch nicht verpflichtet, \u00fcbermittelte oder gespeicherte Fremd-Informationen zu \u00fcberwachen oder nach Umst\u00e4nden zu forschen, die auf rechtswidrige T\u00e4tigkeiten hinweisen. Hiervon unber\u00fchrt sind Verpflichtungen zur Entfernung und\/oder Sperrung der Nutzung von Informationen nach den allgemeinen Gesetzen. Eine diesbez\u00fcgliche Haftung ist erst ab dem Zeitpunkt der Kenntnis einer konkreten Rechtsverletzung m\u00f6glich. Bei Bekanntwerden entsprechender Rechtsverletzungen werden wir diese Inhalte umgehend entfernen. Wir pr\u00fcfen und aktualisieren die Informationen auf unserer Webseite st\u00e4ndig. Trotz aller Sorgfalt k\u00f6nnen sich die Angaben inzwischen ver\u00e4ndert haben. Eine Haftung oder Garantie f\u00fcr die Aktualit\u00e4t, Richtigkeit und Vollst\u00e4ndigkeit der zur Verf\u00fcgung gestellten Informationen kann deshalb nicht \u00fcbernommen werden. ebene c und die einzelnen Personengesellschaften sind auch nicht f\u00fcr den Inhalt und die Darstellung von Webseiten Dritter verantwortlich, die einen Hyperlink auf unsere Webseite enthalten oder auf die unsere Webseite mittels Hyperlink verweisen.<\/p>\n<p>Urheberrechte und andere Schutzrechte \u2028Inhalt, Zusammenstellung, Struktur und Pr\u00e4sentation der ebene c Website k\u00f6nnen urheberrechtlich oder in sonstiger Weise rechtlich gesch\u00fctzt sein. Die Vervielf\u00e4ltigung und Verbreitung von Informationen und Bildmaterialien (Daten, Text, Bild, Grafik, Ton, Video oder Animationsdateien) ohne vorherige schriftliche Zustimmung der ebene c ist untersagt. Dies gilt auch f\u00fcr die auszugsweise Vervielf\u00e4ltigung und Verbreitung.<\/p>\n\n\t\t<\/div>\n\t<\/div>\n<\/div><\/div><\/div><div class=\"wpb_column vc_column_container vc_col-sm-4\"><div class=\"vc_column-inner\"><div class=\"wpb_wrapper\"><\/div><\/div><\/div><\/div><div class=\"vc_row wpb_row vc_row-fluid\"><div class=\"wpb_column vc_column_container vc_col-sm-12\"><div class=\"vc_column-inner\"><div class=\"wpb_wrapper\"><div class=\"vc_separator wpb_content_element vc_separator_align_center vc_sep_width_100 vc_sep_border_width_2 vc_sep_pos_align_center vc_separator_no_text vc_sep_color_black\" ><span class=\"vc_sep_holder vc_sep_holder_l\"><span  class=\"vc_sep_line\"><\/span><\/span><span class=\"vc_sep_holder vc_sep_holder_r\"><span  class=\"vc_sep_line\"><\/span><\/span>\n<\/div><\/div><\/div><\/div><\/div>\n","protected":false},"excerpt":{"rendered":"Impressum Angaben gem\u00e4\u00df \u00a7 5 TMG Arne Mack ebene c \/ Beratung f\u00fcr Marken und Menschen Waldburgstra\u00dfe 17-19 70563 Stuttgart Kontakt Telefon: +49-(0)173-7018550 E-Mail: arne.mack(at)ebene-c.de<span class=\"excerpt-hellip\"> [\u2026]<\/span>","protected":false},"author":1,"featured_media":0,"parent":0,"menu_order":0,"comment_status":"closed","ping_status":"closed","template":"","meta":[],"_links":{"self":[{"href":"https:\/\/www.ebene-c.de\/de_de\/wp-json\/wp\/v2\/pages\/402"}],"collection":[{"href":"https:\/\/www.ebene-c.de\/de_de\/wp-json\/wp\/v2\/pages"}],"about":[{"href":"https:\/\/www.ebene-c.de\/de_de\/wp-json\/wp\/v2\/types\/page"}],"author":[{"embeddable":true,"href":"https:\/\/www.ebene-c.de\/de_de\/wp-json\/wp\/v2\/users\/1"}],"replies":[{"embeddable":true,"href":"https:\/\/www.ebene-c.de\/de_de\/wp-json\/wp\/v2\/comments?post=402"}],"version-history":[{"count":11,"href":"https:\/\/www.ebene-c.de\/de_de\/wp-json\/wp\/v2\/pages\/402\/revisions"}],"predecessor-version":[{"id":2231,"href":"https:\/\/www.ebene-c.de\/de_de\/wp-json\/wp\/v2\/pages\/402\/revisions\/2231"}],"wp:attachment":[{"href":"https:\/\/www.ebene-c.de\/de_de\/wp-json\/wp\/v2\/media?parent=402"}],"curies":[{"name":"wp","href":"https:\/\/api.w.org\/{rel}","templated":true}]}}