{"id":510,"date":"2019-12-07T13:47:31","date_gmt":"2019-12-07T12:47:31","guid":{"rendered":"https:\/\/dev.ebene-c.de\/?page_id=510"},"modified":"2025-08-06T08:42:40","modified_gmt":"2025-08-06T06:42:40","slug":"arne_mack","status":"publish","type":"page","link":"https:\/\/www.ebene-c.de\/de_de\/arne_mack\/","title":{"rendered":"Arne Mack"},"content":{"rendered":"<div class=\"vc_row wpb_row vc_row-fluid vc_custom_1575456178112 vc_row-has-fill\"><div class=\"wpb_column vc_column_container vc_col-sm-6\"><div class=\"vc_column-inner\"><div class=\"wpb_wrapper\">\n\t<div  class=\"wpb_single_image wpb_content_element vc_align_left  vc_custom_1676896954042\">\n\t\t\n\t\t<figure class=\"wpb_wrapper vc_figure\">\n\t\t\t<div class=\"vc_single_image-wrapper   vc_box_border_grey\"><img class=\"vc_single_image-img \" src=\"https:\/\/www.ebene-c.de\/wp-content\/uploads\/2023\/01\/ebene-c_Arne_Mack-500x500.png\" width=\"500\" height=\"500\" alt=\"ebene-c_Arne_Mack\" title=\"ebene-c_Arne_Mack\" \/><\/div>\n\t\t<\/figure>\n\t<\/div>\n\n\t<div class=\"wpb_text_column wpb_content_element  vc_custom_1575987461670\" >\n\t\t<div class=\"wpb_wrapper\">\n\t\t\t<p><strong>Arne Mack<\/strong><br \/>\n+49(0)173 7018550<br \/>\narne.mack(at)ebene-c.de<\/p>\n\n\t\t<\/div>\n\t<\/div>\n<\/div><\/div><\/div><div class=\"wpb_column vc_column_container vc_col-sm-6\"><div class=\"vc_column-inner\"><div class=\"wpb_wrapper\"><\/div><\/div><\/div><\/div><div class=\"vc_row wpb_row vc_row-fluid\"><div class=\"wpb_column vc_column_container vc_col-sm-6\"><div class=\"vc_column-inner vc_custom_1575210924871\"><div class=\"wpb_wrapper\">\n\t<div class=\"wpb_text_column wpb_content_element  vc_custom_1754462554473\" >\n\t\t<div class=\"wpb_wrapper\">\n\t\t\t<h3>Kunden sagen \u00fcber Arne Mack<\/h3>\n<p>\u201eSeine St\u00e4rke ist, meine F\u00fchrungskr\u00e4fte dabei zu unterst\u00fctzen, Ihre St\u00e4rken zu erkennen und kreativ zu nutzen.\u201c<\/p>\n<p>\u201eEr hat mich mit Fragen konfrontiert, die ich mir noch nicht gestellt habe. Das hat mich extrem weitergebracht.\u201c<\/p>\n<p>\u201eF\u00fcr das, was wir in drei Sitzungen erarbeitet haben, h\u00e4tten wir ohne Arne Mack sicher ein halbes Jahr gebraucht.\u201c<\/p>\n<p>&nbsp;<\/p>\n<h3>Lehre und Wissensvermittlung<\/h3>\n<p>_Dozent f\u00fcr Sozial-Marketing und Change an der Fachhochschule Ravensburg-Weingarten<br \/>\n_Dozent f\u00fcr diverse Kommunikationstrainings bei fortbildung1, Stuttgart<br \/>\n_Dozent f\u00fcr Ideenmanagement am KreativKader Stuttgart<br \/>\n_Dozent f\u00fcr Corporate Identity und Corporate Image an der ISM Stuttgart<br \/>\n_Eigene Kreativit\u00e4ts- und Kommunikationsseminare<\/p>\n\n\t\t<\/div>\n\t<\/div>\n\n\t<div class=\"wpb_text_column wpb_content_element \" >\n\t\t<div class=\"wpb_wrapper\">\n\t\t\t<h3>Background<\/h3>\n<p>In seinem \u201eersten Leben\u201c arbeitete Arne Mack als Sozialp\u00e4dagoge in der station\u00e4ren Jugendhilfe und wechselte dann in die Kreativ-Wirtschaft. Dort begleitete er als Texter und Creative Director Marken wie afri-cola, bruno banani und Stihl in namhaften Agenturen. Als Creative Consultant arbeitete er f\u00fcr Daimler, die Stuttgarter Stra\u00dfenbahnen und die Road &amp; Transport Authority, Dubai.<\/p>\n<p>In 2012 gr\u00fcndete er gemeinsam mit Stefan Bohrmann ebene c \/ Beratung f\u00fcr Marken und Menschen.<\/p>\n<p>Arne Mack ist als systemischer Coach und als Mediator ausgebildet.<\/p>\n\n\t\t<\/div>\n\t<\/div>\n<\/div><\/div><\/div><\/div><div class=\"vc_row wpb_row vc_row-fluid\"><div class=\"wpb_column vc_column_container vc_col-sm-12\"><div class=\"vc_column-inner\"><div class=\"wpb_wrapper\"><div class=\"vc_separator wpb_content_element vc_separator_align_center vc_sep_width_100 vc_sep_border_width_2 vc_sep_pos_align_center vc_separator_no_text vc_sep_color_black\" ><span class=\"vc_sep_holder vc_sep_holder_l\"><span  class=\"vc_sep_line\"><\/span><\/span><span class=\"vc_sep_holder vc_sep_holder_r\"><span  class=\"vc_sep_line\"><\/span><\/span>\n<\/div><\/div><\/div><\/div><\/div>\n","protected":false},"excerpt":{"rendered":"Arne Mack +49(0)173 7018550 arne.mack(at)ebene-c.de Kunden sagen \u00fcber Arne Mack \u201eSeine St\u00e4rke ist, meine F\u00fchrungskr\u00e4fte dabei zu unterst\u00fctzen, Ihre St\u00e4rken zu erkennen und kreativ zu<span class=\"excerpt-hellip\"> [\u2026]<\/span>","protected":false},"author":1,"featured_media":0,"parent":0,"menu_order":0,"comment_status":"closed","ping_status":"closed","template":"","meta":[],"_links":{"self":[{"href":"https:\/\/www.ebene-c.de\/de_de\/wp-json\/wp\/v2\/pages\/510"}],"collection":[{"href":"https:\/\/www.ebene-c.de\/de_de\/wp-json\/wp\/v2\/pages"}],"about":[{"href":"https:\/\/www.ebene-c.de\/de_de\/wp-json\/wp\/v2\/types\/page"}],"author":[{"embeddable":true,"href":"https:\/\/www.ebene-c.de\/de_de\/wp-json\/wp\/v2\/users\/1"}],"replies":[{"embeddable":true,"href":"https:\/\/www.ebene-c.de\/de_de\/wp-json\/wp\/v2\/comments?post=510"}],"version-history":[{"count":18,"href":"https:\/\/www.ebene-c.de\/de_de\/wp-json\/wp\/v2\/pages\/510\/revisions"}],"predecessor-version":[{"id":3557,"href":"https:\/\/www.ebene-c.de\/de_de\/wp-json\/wp\/v2\/pages\/510\/revisions\/3557"}],"wp:attachment":[{"href":"https:\/\/www.ebene-c.de\/de_de\/wp-json\/wp\/v2\/media?parent=510"}],"curies":[{"name":"wp","href":"https:\/\/api.w.org\/{rel}","templated":true}]}}