{"id":518,"date":"2019-12-07T14:02:13","date_gmt":"2019-12-07T13:02:13","guid":{"rendered":"https:\/\/dev.ebene-c.de\/?page_id=518"},"modified":"2023-02-27T07:32:05","modified_gmt":"2023-02-27T06:32:05","slug":"resa-hausner","status":"publish","type":"page","link":"https:\/\/www.ebene-c.de\/de_de\/resa-hausner\/","title":{"rendered":"Resa Hausner"},"content":{"rendered":"<div class=\"vc_row wpb_row vc_row-fluid vc_custom_1575456178112 vc_row-has-fill\"><div class=\"wpb_column vc_column_container vc_col-sm-6\"><div class=\"vc_column-inner\"><div class=\"wpb_wrapper\">\n\t<div  class=\"wpb_single_image wpb_content_element vc_align_left  vc_custom_1677479520107\">\n\t\t\n\t\t<figure class=\"wpb_wrapper vc_figure\">\n\t\t\t<div class=\"vc_single_image-wrapper   vc_box_border_grey\"><img class=\"vc_single_image-img \" src=\"https:\/\/www.ebene-c.de\/wp-content\/uploads\/2023\/01\/ebene-c_resa_hausner_1-1-500x500.png\" width=\"500\" height=\"500\" alt=\"ebene-c_resa_hausner_1\" title=\"ebene-c_resa_hausner_1\" \/><\/div>\n\t\t<\/figure>\n\t<\/div>\n\n\t<div class=\"wpb_text_column wpb_content_element  vc_custom_1575988188593\" >\n\t\t<div class=\"wpb_wrapper\">\n\t\t\t<p class=\"vc_custom_heading vc_custom_1531494471472\"><strong>Stefanie Resa Hausner<\/strong><br \/>\n+49 (0)157 52861350<br \/>\nresa.hausner(at)ebene-c.de<\/p>\n\n\t\t<\/div>\n\t<\/div>\n<\/div><\/div><\/div><div class=\"wpb_column vc_column_container vc_col-sm-6\"><div class=\"vc_column-inner\"><div class=\"wpb_wrapper\"><\/div><\/div><\/div><\/div><div class=\"vc_row wpb_row vc_row-fluid\"><div class=\"wpb_column vc_column_container vc_col-sm-6\"><div class=\"vc_column-inner vc_custom_1575210924871\"><div class=\"wpb_wrapper\">\n\t<div class=\"wpb_text_column wpb_content_element  vc_custom_1580114707146\" >\n\t\t<div class=\"wpb_wrapper\">\n\t\t\t<h3><span style=\"color: #000000;\">Kunden sagen \u00fcber Stefanie Resa Hausner<\/span><\/h3>\n<p><span style=\"color: #000000;\">\u201eResa Hausner schafft eine offene Gespr\u00e4chsatmosph\u00e4re auf Augenh\u00f6he, die einen echten Austausch unter den Teilnehmern erm\u00f6glicht. Ich habe sehr von den neuen Impulsen im Bereich Konfliktmanagement profitiert!\u201c<\/span><\/p>\n<p><span style=\"color: #000000;\">\u201eStrukturiertes und kl\u00e4rendes Coaching. Frau Hausner h\u00f6rt aufmerksam zu, brachte mich zum \u00dcberdenken meiner alten Muster und hat mir dadurch neue Sichtweisen erm\u00f6glicht.<\/span><\/p>\n<p><span style=\"color: #000000;\">\u201eIndividuelles, sehr gut vorbereitetes Training. Frau Hausners Sicht auf Probleme ist kreativ und l\u00f6sungsorientiert. Dadurch hat sie mir Mut gemacht, Schwierigkeiten anzupacken und Schritt f\u00fcr Schritt aus der Welt zu schaffen.\u201c<\/span><\/p>\n<p>&nbsp;<\/p>\n<h3><span style=\"color: #000000;\">Lehre und Wissensvermittlung<\/span><\/h3>\n<div class=\"wpb_text_column wpb_content_element vc_custom_1531494760028\">\n<div class=\"wpb_wrapper\">\n<p><span style=\"color: #000000;\">_Dozentin f\u00fcr strategische Kommunikation und Konfliktmanagement bei der DHBW<\/span><br \/>\n<span style=\"color: #000000;\">_Dozentin f\u00fcr Rhetorik bei fortbildung1.de<\/span><br \/>\n<span style=\"color: #000000;\">_Kommunikations- und Rhetoriktraining<\/span><\/p>\n<\/div>\n<\/div>\n\n\t\t<\/div>\n\t<\/div>\n\n\t<div class=\"wpb_text_column wpb_content_element \" >\n\t\t<div class=\"wpb_wrapper\">\n\t\t\t<h3>Background<\/h3>\n<p>Nach dem Studium der Allgemeinen Rhetorik M.A. in T\u00fcbingen folgten erste Lehrauftr\u00e4ge f\u00fcr das Leibniz Kolleg T\u00fcbingen und die Duale Hochschule Stuttgart. Die Dozentent\u00e4tigkeit wird erweitert durch mehrj\u00e4hrige Trainingserfahrung in den Bereichen strategische Kommunikation, Rhetorik und Konfliktmanagement. Parallel schloss sie eine zweij\u00e4hrige Weiterbildung als systemische Beraterin ab. Die systemische Methode wird sowohl im Bereich Teamentwicklung als auch bei Einzelcoachings angewandt. Als Beraterin und Trainerin u.a. bei der Auto Bebion Gruppe, dem Diakonischen Werk W\u00fcrttemberg und der Universit\u00e4t T\u00fcbingen.<\/p>\n\n\t\t<\/div>\n\t<\/div>\n<\/div><\/div><\/div><\/div><div class=\"vc_row wpb_row vc_row-fluid\"><div class=\"wpb_column vc_column_container vc_col-sm-12\"><div class=\"vc_column-inner\"><div class=\"wpb_wrapper\"><div class=\"vc_separator wpb_content_element vc_separator_align_center vc_sep_width_100 vc_sep_border_width_2 vc_sep_pos_align_center vc_separator_no_text vc_sep_color_black\" ><span class=\"vc_sep_holder vc_sep_holder_l\"><span  class=\"vc_sep_line\"><\/span><\/span><span class=\"vc_sep_holder vc_sep_holder_r\"><span  class=\"vc_sep_line\"><\/span><\/span>\n<\/div><\/div><\/div><\/div><\/div>\n","protected":false},"excerpt":{"rendered":"Stefanie Resa Hausner +49 (0)157 52861350 resa.hausner(at)ebene-c.de Kunden sagen \u00fcber Stefanie Resa Hausner \u201eResa Hausner schafft eine offene Gespr\u00e4chsatmosph\u00e4re auf Augenh\u00f6he, die einen echten Austausch<span class=\"excerpt-hellip\"> [\u2026]<\/span>","protected":false},"author":1,"featured_media":0,"parent":0,"menu_order":0,"comment_status":"closed","ping_status":"closed","template":"","meta":[],"_links":{"self":[{"href":"https:\/\/www.ebene-c.de\/de_de\/wp-json\/wp\/v2\/pages\/518"}],"collection":[{"href":"https:\/\/www.ebene-c.de\/de_de\/wp-json\/wp\/v2\/pages"}],"about":[{"href":"https:\/\/www.ebene-c.de\/de_de\/wp-json\/wp\/v2\/types\/page"}],"author":[{"embeddable":true,"href":"https:\/\/www.ebene-c.de\/de_de\/wp-json\/wp\/v2\/users\/1"}],"replies":[{"embeddable":true,"href":"https:\/\/www.ebene-c.de\/de_de\/wp-json\/wp\/v2\/comments?post=518"}],"version-history":[{"count":14,"href":"https:\/\/www.ebene-c.de\/de_de\/wp-json\/wp\/v2\/pages\/518\/revisions"}],"predecessor-version":[{"id":753,"href":"https:\/\/www.ebene-c.de\/de_de\/wp-json\/wp\/v2\/pages\/518\/revisions\/753"}],"wp:attachment":[{"href":"https:\/\/www.ebene-c.de\/de_de\/wp-json\/wp\/v2\/media?parent=518"}],"curies":[{"name":"wp","href":"https:\/\/api.w.org\/{rel}","templated":true}]}}