{"id":531,"date":"2019-12-07T14:31:44","date_gmt":"2019-12-07T13:31:44","guid":{"rendered":"https:\/\/dev.ebene-c.de\/?page_id=531"},"modified":"2019-12-17T13:51:36","modified_gmt":"2019-12-17T12:51:36","slug":"why_ebene-c","status":"publish","type":"page","link":"https:\/\/www.ebene-c.de\/de_de\/why_ebene-c\/","title":{"rendered":"why_ebene-c"},"content":{"rendered":"<div class=\"vc_row wpb_row vc_row-fluid\"><div class=\"wpb_column vc_column_container vc_col-sm-6\"><div class=\"vc_column-inner\"><div class=\"wpb_wrapper\">\n\t<div class=\"wpb_text_column wpb_content_element \" >\n\t\t<div class=\"wpb_wrapper\">\n\t\t\t<h3>1. Effiziente Verbindung aus Marketing Know-how und systemischer Begleitung<br class=\"\" \/>2. Maximale L\u00f6sungsorientierung und Klarheit<br class=\"\" \/>3. Neugier als Haltung, Empathie als Werkzeug<br class=\"\" \/>4. Zuversichtlich, ehrlich, inspirierend und vertrauensvoll<br class=\"\" \/>5. Beratung auf Augenh\u00f6he mit Entscheidern<\/h3>\n\n\t\t<\/div>\n\t<\/div>\n<\/div><\/div><\/div><div class=\"wpb_column vc_column_container vc_col-sm-6\"><div class=\"vc_column-inner\"><div class=\"wpb_wrapper\">\n\t<div  class=\"wpb_single_image wpb_content_element vc_align_center\">\n\t\t\n\t\t<figure class=\"wpb_wrapper vc_figure\">\n\t\t\t<div class=\"vc_single_image-wrapper   vc_box_border_grey\"><img class=\"vc_single_image-img \" src=\"https:\/\/www.ebene-c.de\/wp-content\/uploads\/2019\/12\/Kultur-e1575726404361-500x500.png\" width=\"500\" height=\"500\" alt=\"Kultur\" title=\"Kultur\" \/><\/div>\n\t\t<\/figure>\n\t<\/div>\n<\/div><\/div><\/div><\/div><div class=\"vc_row wpb_row vc_row-fluid vc_custom_1576389283398\"><div class=\"wpb_column vc_column_container vc_col-sm-6\"><div class=\"vc_column-inner\"><div class=\"wpb_wrapper\">\n\t<div class=\"wpb_text_column wpb_content_element  vc_custom_1576392301505\" >\n\t\t<div class=\"wpb_wrapper\">\n\t\t\t<h3>Ausgew\u00e4hlte Empfehlungen<\/h3>\n<p>\u201eBei gro\u00dfen Ver\u00e4nderungen und Entwicklungsprozessen ist es gut einen Partner an der Seite zu haben, der die Sicht der Stakeholder mitdenkt. Die Marke Bioland lebt von den Menschen \u2013 sie machen die Marke aus. Stefan und Arne haben als Sparringspartner immer wieder f\u00fcr Klarheit gesorgt. Danke f\u00fcrs Inspirieren, Diskutieren und schnell-pragmatisch L\u00f6sungen finden!\u201c<\/p>\n<p><strong>Regina M\u00fcller, Leitung Marketing, Bioland e.V.<\/strong><\/p>\n<p>&nbsp;<\/p>\n<p>\u201eEuch nochmals besten Dank f\u00fcr die tolle Arbeit; sie hat uns wirklich entscheidend geholfen, hier den ersten Schritt zu machen.\u201c<\/p>\n<p><strong>Dr. Andy Suter, Head of Product Development and Medicine, A.Vogel Bioforce AG<\/strong><\/p>\n<p>&nbsp;<\/p>\n<p>Die Zusammenarbeit mit ebene c hat uns geholfen, unser Markenprofil zu sch\u00e4rfen und der Kommunikation eine neue Tonalit\u00e4t zu verleihen. Wir treten jetzt klarer, am Markt auf. Kurz: hohe Fachkompetenz, Umsetzungsst\u00e4rke und sie waren schnell Teil der Mannschaft.\u201c<\/p>\n<p><strong>Babak Norooz, Gesch\u00e4ftsf\u00fchrer, NOWASTE<\/strong><\/p>\n<p>&nbsp;<\/p>\n<p>\u201eebene c hat einen wichtigen Anteil an der Professionalisierung der Kommunikation von Bioland. Mit ihrer Mischung aus emotionalen Antennen und Marketing Know-how haben Sie uns sehr dabei unterst\u00fctzt, uns in diesem emotionalen Themenfeld auf die zentralen Botschaften und wichtigen Schritte zu konzentrieren. Klasse, dass Stefan Bohrmann und Arne Mack uns auch in Zukunft weiter begleiten.\u201c<\/p>\n<p><strong>Jan Plagge, Pr\u00e4sident, Bioland e.V.<\/strong><\/p>\n<p>&nbsp;<\/p>\n<p>\u201eStefan Bohrmann \u00fcberzeugt durch eine hervorragende Mischung an Flexibilit\u00e4t, Gesp\u00fcr f\u00fcr Menschen und Interaktion im Team, gepaart mit fachlichem Know-how. Die Strategietagung war ein wichtiger Schritt nach vorne. Die Ausrichtung von GARMIN ist damit um einiges klarer als vorher. Gerne wieder!\u201c<\/p>\n<p><strong>Simone Weber, Manager Marketing DACH,GARMIN<\/strong><\/p>\n\n\t\t<\/div>\n\t<\/div>\n<\/div><\/div><\/div><div class=\"wpb_column vc_column_container vc_col-sm-6\"><div class=\"vc_column-inner\"><div class=\"wpb_wrapper\"><\/div><\/div><\/div><\/div><div class=\"vc_row wpb_row vc_row-fluid\"><div class=\"wpb_column vc_column_container vc_col-sm-12\"><div class=\"vc_column-inner\"><div class=\"wpb_wrapper\"><div class=\"vc_separator wpb_content_element vc_separator_align_center vc_sep_width_100 vc_sep_border_width_2 vc_sep_pos_align_center vc_separator_no_text vc_sep_color_black\" ><span class=\"vc_sep_holder vc_sep_holder_l\"><span  class=\"vc_sep_line\"><\/span><\/span><span class=\"vc_sep_holder vc_sep_holder_r\"><span  class=\"vc_sep_line\"><\/span><\/span>\n<\/div><\/div><\/div><\/div><\/div>\n","protected":false},"excerpt":{"rendered":"1. Effiziente Verbindung aus Marketing Know-how und systemischer Begleitung2. Maximale L\u00f6sungsorientierung und Klarheit3. Neugier als Haltung, Empathie als Werkzeug4. Zuversichtlich, ehrlich, inspirierend und vertrauensvoll5. Beratung<span class=\"excerpt-hellip\"> [\u2026]<\/span>","protected":false},"author":1,"featured_media":0,"parent":0,"menu_order":0,"comment_status":"closed","ping_status":"closed","template":"","meta":[],"_links":{"self":[{"href":"https:\/\/www.ebene-c.de\/de_de\/wp-json\/wp\/v2\/pages\/531"}],"collection":[{"href":"https:\/\/www.ebene-c.de\/de_de\/wp-json\/wp\/v2\/pages"}],"about":[{"href":"https:\/\/www.ebene-c.de\/de_de\/wp-json\/wp\/v2\/types\/page"}],"author":[{"embeddable":true,"href":"https:\/\/www.ebene-c.de\/de_de\/wp-json\/wp\/v2\/users\/1"}],"replies":[{"embeddable":true,"href":"https:\/\/www.ebene-c.de\/de_de\/wp-json\/wp\/v2\/comments?post=531"}],"version-history":[{"count":26,"href":"https:\/\/www.ebene-c.de\/de_de\/wp-json\/wp\/v2\/pages\/531\/revisions"}],"predecessor-version":[{"id":1011,"href":"https:\/\/www.ebene-c.de\/de_de\/wp-json\/wp\/v2\/pages\/531\/revisions\/1011"}],"wp:attachment":[{"href":"https:\/\/www.ebene-c.de\/de_de\/wp-json\/wp\/v2\/media?parent=531"}],"curies":[{"name":"wp","href":"https:\/\/api.w.org\/{rel}","templated":true}]}}