{"id":549,"date":"2019-12-07T16:55:48","date_gmt":"2019-12-07T15:55:48","guid":{"rendered":"https:\/\/dev.ebene-c.de\/?page_id=549"},"modified":"2020-10-12T15:57:20","modified_gmt":"2020-10-12T13:57:20","slug":"garmin","status":"publish","type":"page","link":"https:\/\/www.ebene-c.de\/de_de\/garmin\/","title":{"rendered":"Garmin"},"content":{"rendered":"<div class=\"vc_row wpb_row vc_row-fluid\"><div class=\"wpb_column vc_column_container vc_col-sm-6\"><div class=\"vc_column-inner\"><div class=\"wpb_wrapper\">\n\t<div class=\"wpb_text_column wpb_content_element \" >\n\t\t<div class=\"wpb_wrapper\">\n\t\t\t<h2>Garmin<br \/>\n\/<br \/>\nModeration Marketing-Tagung<\/h2>\n\n\t\t<\/div>\n\t<\/div>\n\n\t<div class=\"wpb_text_column wpb_content_element \" >\n\t\t<div class=\"wpb_wrapper\">\n\t\t\t<h4>_Erarbeitung Marketingaktivit\u00e4ten<br \/>\n_Konkrete Ma\u00dfnahmenplanung<br \/>\n_Teamvorgehen<\/h4>\n\n\t\t<\/div>\n\t<\/div>\n<\/div><\/div><\/div><div class=\"wpb_column vc_column_container vc_col-sm-6\"><div class=\"vc_column-inner\"><div class=\"wpb_wrapper\">\n\t<div  class=\"wpb_single_image wpb_content_element vc_align_left  vc_custom_1579706431405\">\n\t\t\n\t\t<figure class=\"wpb_wrapper vc_figure\">\n\t\t\t<div class=\"vc_single_image-wrapper   vc_box_border_grey\"><img class=\"vc_single_image-img \" src=\"https:\/\/www.ebene-c.de\/wp-content\/uploads\/2019\/12\/Garmin_Schweinsteiger_Kampagnenmotiv-2-scaled-300x400.jpg\" width=\"300\" height=\"400\" alt=\"Garmin_Schweinsteiger_Kampagnenmotiv (2)\" title=\"Garmin_Schweinsteiger_Kampagnenmotiv (2)\" \/><\/div>\n\t\t<\/figure>\n\t<\/div>\n<\/div><\/div><\/div><\/div><div class=\"vc_row wpb_row vc_row-fluid\"><div class=\"wpb_column vc_column_container vc_col-sm-6\"><div class=\"vc_column-inner\"><div class=\"wpb_wrapper\">\n\t<div class=\"wpb_text_column wpb_content_element \" >\n\t\t<div class=\"wpb_wrapper\">\n\t\t\t<h4>Hintergrund<\/h4>\n<p>GARMIN entwickelt seit 30 Jahren innovative Produkte f\u00fcr Piloten, Segler, Autofahrer, Golfspieler, L\u00e4ufer, Fahrradfahrer, Bergsteiger, Schwimmer und f\u00fcr viele weitere aktive Menschen. Garmin ist es sehr wichtig, seine Kunden ganz nach dem Motto #BeatYesterday dabei zu unterst\u00fctzen ges\u00fcnder zu leben, sich mehr zu bewegen, wohler zu f\u00fchlen, oder einfach Neues zu entdecken.<\/p>\n<p><a href=\"https:\/\/www.garmin.com\" target=\"_blank\" rel=\"noopener noreferrer\">www.garmin.com<\/a><\/p>\n<h4>Aufgabe<\/h4>\n<p>Schnelle technische Entwicklungen und sich rasant wandelnde Marktentwicklungen machen ein optimales Zusammenspiel des Marketingf\u00fchrungskreises von GARMIN unerl\u00e4sslich. In einer zweit\u00e4gigen Klausurtagung sollten die wichtigsten Weichenstellungen f\u00fcr die Marke und auch das Team definiert werden und erste Ma\u00dfnahmen zur Umsetzung verabschiedet sein.<\/p>\n<h4>L\u00f6sung<\/h4>\n<p>Nach einer gr\u00fcndlichen Auftragskl\u00e4rung gliederte ebene c den Strategieentwicklungsprozess in 3 Phasen. 1) Reflexion der Chancen und Herausforderungen aus Perspektive des Leitungskreises in Einzelinterviews 2) Entwicklung eines Marken-Szenarios inklusiver neuer Ans\u00e4tze f\u00fcr das Zusammenspiel als Team und dann 3) \u00dcberf\u00fchrung der Konzepte in eine konkrete Marketingplanung inklusive Ma\u00dfnahmen, Verantwortlichkeiten und Zeitplan. Erste Ergebnisse zeigen sich ganz konkret in der passgenauen Testimonial-Partnerschaft mit Bastian Schweinsteiger, einem eigenen GARMIN Outlet im Zentrum von M\u00fcnchen und einem Premium Magazin f\u00fcr Endkunden.<\/p>\n\n\t\t<\/div>\n\t<\/div>\n<\/div><\/div><\/div><div class=\"wpb_column vc_column_container vc_col-sm-6\"><div class=\"vc_column-inner\"><div class=\"wpb_wrapper\">\n\t<div class=\"wpb_text_column wpb_content_element \" >\n\t\t<div class=\"wpb_wrapper\">\n\t\t\t<div>\n<div>\n<h4><strong>Kundenstimmen<\/strong><\/h4>\n<p><em>&#8222;Stefan Bohrmann \u00fcberzeugt durch eine hervorragende Mischung an Flexibilit\u00e4t, Gesp\u00fcr f\u00fcr Menschen und Interaktion im Team, gepaart mit fachlichem Know-how. Die Strategietagung war ein wichtiger Schritt nach vorne. Die Ausrichtung von GARMIN ist damit um einiges klarer als vorher. Gerne wieder!\u201c<\/em><\/p>\n<p>Simone Weber, Manager Marketing DACH<\/p>\n<\/div>\n<\/div>\n\n\t\t<\/div>\n\t<\/div>\n\n\t<div  class=\"wpb_single_image wpb_content_element vc_align_left  vc_custom_1579706485578\">\n\t\t\n\t\t<figure class=\"wpb_wrapper vc_figure\">\n\t\t\t<div class=\"vc_single_image-wrapper   vc_box_border_grey\"><img class=\"vc_single_image-img \" src=\"https:\/\/www.ebene-c.de\/wp-content\/uploads\/2019\/12\/Garmin_vivoactive3_Lifestyle-\u00a9Garmin-Deutschland-GmbH-2-300x300.jpg\" width=\"300\" height=\"300\" alt=\"Garmin_vivoactive3_Lifestyle \u00a9Garmin Deutschland GmbH (2)\" title=\"Garmin_vivoactive3_Lifestyle \u00a9Garmin Deutschland GmbH (2)\" \/><\/div>\n\t\t<\/figure>\n\t<\/div>\n<\/div><\/div><\/div><\/div><div class=\"vc_row wpb_row vc_row-fluid\"><div class=\"wpb_column vc_column_container vc_col-sm-12\"><div class=\"vc_column-inner\"><div class=\"wpb_wrapper\"><div class=\"vc_separator wpb_content_element vc_separator_align_center vc_sep_width_100 vc_sep_border_width_2 vc_sep_pos_align_center vc_separator_no_text vc_sep_color_black\" ><span class=\"vc_sep_holder vc_sep_holder_l\"><span  class=\"vc_sep_line\"><\/span><\/span><span class=\"vc_sep_holder vc_sep_holder_r\"><span  class=\"vc_sep_line\"><\/span><\/span>\n<\/div><\/div><\/div><\/div><\/div>\n","protected":false},"excerpt":{"rendered":"Garmin \/ Moderation Marketing-Tagung _Erarbeitung Marketingaktivit\u00e4ten _Konkrete Ma\u00dfnahmenplanung _Teamvorgehen Hintergrund GARMIN entwickelt seit 30 Jahren innovative Produkte f\u00fcr Piloten, Segler, Autofahrer, Golfspieler, L\u00e4ufer, Fahrradfahrer, Bergsteiger,<span class=\"excerpt-hellip\"> [\u2026]<\/span>","protected":false},"author":1,"featured_media":0,"parent":0,"menu_order":0,"comment_status":"closed","ping_status":"closed","template":"","meta":[],"_links":{"self":[{"href":"https:\/\/www.ebene-c.de\/de_de\/wp-json\/wp\/v2\/pages\/549"}],"collection":[{"href":"https:\/\/www.ebene-c.de\/de_de\/wp-json\/wp\/v2\/pages"}],"about":[{"href":"https:\/\/www.ebene-c.de\/de_de\/wp-json\/wp\/v2\/types\/page"}],"author":[{"embeddable":true,"href":"https:\/\/www.ebene-c.de\/de_de\/wp-json\/wp\/v2\/users\/1"}],"replies":[{"embeddable":true,"href":"https:\/\/www.ebene-c.de\/de_de\/wp-json\/wp\/v2\/comments?post=549"}],"version-history":[{"count":16,"href":"https:\/\/www.ebene-c.de\/de_de\/wp-json\/wp\/v2\/pages\/549\/revisions"}],"predecessor-version":[{"id":1724,"href":"https:\/\/www.ebene-c.de\/de_de\/wp-json\/wp\/v2\/pages\/549\/revisions\/1724"}],"wp:attachment":[{"href":"https:\/\/www.ebene-c.de\/de_de\/wp-json\/wp\/v2\/media?parent=549"}],"curies":[{"name":"wp","href":"https:\/\/api.w.org\/{rel}","templated":true}]}}