{"id":563,"date":"2019-12-07T17:19:59","date_gmt":"2019-12-07T16:19:59","guid":{"rendered":"https:\/\/dev.ebene-c.de\/?page_id=563"},"modified":"2020-07-22T10:09:13","modified_gmt":"2020-07-22T08:09:13","slug":"film_und_medienfestival","status":"publish","type":"page","link":"https:\/\/www.ebene-c.de\/de_de\/film_und_medienfestival\/","title":{"rendered":"Film_und_Medienfestival"},"content":{"rendered":"<div class=\"vc_row wpb_row vc_row-fluid\"><div class=\"wpb_column vc_column_container vc_col-sm-6\"><div class=\"vc_column-inner\"><div class=\"wpb_wrapper\">\n\t<div class=\"wpb_text_column wpb_content_element \" >\n\t\t<div class=\"wpb_wrapper\">\n\t\t\t<h2>Film- und Medienfestival<br \/>\n\/<br \/>\nSt\u00e4rkung Identit\u00e4t<\/h2>\n\n\t\t<\/div>\n\t<\/div>\n\n\t<div class=\"wpb_text_column wpb_content_element \" >\n\t\t<div class=\"wpb_wrapper\">\n\t\t\t<h4>_J\u00e4hrlicher Strategietag<br \/>\n_Entwicklung gemeinsames Zielbild<br \/>\n_Positionierungsworkshop<\/h4>\n\n\t\t<\/div>\n\t<\/div>\n<\/div><\/div><\/div><div class=\"wpb_column vc_column_container vc_col-sm-6\"><div class=\"vc_column-inner\"><div class=\"wpb_wrapper\">\n\t<div  class=\"wpb_single_image wpb_content_element vc_align_left  vc_custom_1579707614201\">\n\t\t\n\t\t<figure class=\"wpb_wrapper vc_figure\">\n\t\t\t<div class=\"vc_single_image-wrapper   vc_box_border_grey\"><img class=\"vc_single_image-img \" src=\"https:\/\/www.ebene-c.de\/wp-content\/uploads\/2019\/12\/RP03134_2-1024x682-340x302.jpg\" width=\"340\" height=\"302\" alt=\"RP03134_2-1024x682\" title=\"RP03134_2-1024x682\" \/><\/div>\n\t\t<\/figure>\n\t<\/div>\n<\/div><\/div><\/div><\/div><div class=\"vc_row wpb_row vc_row-fluid\"><div class=\"wpb_column vc_column_container vc_col-sm-6\"><div class=\"vc_column-inner\"><div class=\"wpb_wrapper\">\n\t<div class=\"wpb_text_column wpb_content_element \" >\n\t\t<div class=\"wpb_wrapper\">\n\t\t\t<div>\n<div>\n<div>\n<h4>Hintergrund<\/h4>\n<p>Internationales Trickfilm-Festival Stuttgart (ITFS), Animation Production Days (APDs) oder Raumwelten \u2013 Plattform f\u00fcr Szenografie, Architektur und Medien sind erfolgreiche Veranstaltungen zur St\u00e4rkung der Medienregion Stuttgart. Absender dieser und weiterer kreativer Formate ist die im Jahr 2000 gegr\u00fcndete Film- und Medienfestival gGmbH (FMF) mit rund 20 Mitarbeiter*innen in den Bereichen Programm, Organisation, Fundraising\/Sponsoring, Presse- und \u00d6ffentlichkeitsarbeit und Administration\/Verwaltung.<\/p>\n<p><a href=\"https:\/\/www.festival-gmbh.de\" target=\"_blank\" rel=\"noopener noreferrer\">www.festival-gmbh.de<\/a><\/p>\n<h4>Aufgabe<\/h4>\n<\/div>\n<\/div>\n<\/div>\n<div>\n<div>\n<p>Nach gr\u00f6\u00dferen personellen Wechseln \u2013 u.a. auch in der Gesch\u00e4ftsf\u00fchrung \u2013 will die FMF strategisch wichtige Themen auch gemeinsam mit der Belegschaft gestalten und ihre Identit\u00e4t st\u00e4rken.<\/p>\n<p>&nbsp;<\/p>\n<h4>L\u00f6sung<\/h4>\n<p>Eine einfache Formel: Gemeinsame Zeit + wichtige Inhalte + konstruktive Reibung. Kurz: Ein Ateliertag f\u00fcr alle Mitarbeiter*innen, um kreativ und inspirierend an und mit der eigenen Identit\u00e4t zu arbeiten. Durch vielf\u00e4ltige Perspektivenwechsel lernt man sich neu oder besser kennen, mischt sich in Kleingruppen und arbeitet an einem gemeinsamen Zukunftsbild. Als nachhaltig wirkende L\u00f6sungen werden Arbeitspakete mit Verantwortlichkeiten im Alltag geschn\u00fcrt. Eines m\u00fcndet im nachfolgenden Positionierungsworkshop f\u00fcr den F\u00fchrungskreis, um das Rollenverst\u00e4ndnis zwischen Unternehmen und Veranstaltungsformaten zu kl\u00e4ren. Die Basis ist geschaffen und weitere Entwicklungsschritte werden folgen.<\/p>\n<\/div>\n<\/div>\n\n\t\t<\/div>\n\t<\/div>\n<\/div><\/div><\/div><div class=\"wpb_column vc_column_container vc_col-sm-6\"><div class=\"vc_column-inner\"><div class=\"wpb_wrapper\">\n\t<div class=\"wpb_text_column wpb_content_element \" >\n\t\t<div class=\"wpb_wrapper\">\n\t\t\t<div>\n<div>\n<h4><strong>Kundenstimmen<\/strong><\/h4>\n<p><em>\u201eRalph hat es uns leicht gemacht. Entwaffnende Fragen, die wir uns bisher nicht gestellt haben, effektive Methoden und immer wieder der Hinweis, nicht den Fokus zu verlieren. Was will man von einem Berater mehr. Danke!\u201c<\/em><\/p>\n<p>Prof. Ulrich Wegenast, Gesch\u00e4ftsf\u00fchrer Programm<\/p>\n<p><em>\u201eEin derartiger Changeprozess, der dar\u00fcber hinaus auch zu mehr Partizipation f\u00fchren soll, was letztlich nur mit mehr Transparenz realisierbar ist, geht nicht ohne Unterst\u00fctzung von au\u00dfen. Ralph gab uns diese Unterst\u00fctzung. Mit ganz schneller Einf\u00fchlung in die Kultur unserer internen Zusammenarbeit hat er sofort die richtigen, zielgerichteten Fragen gestellt. Mit gutem Gef\u00fchl f\u00fcr Zeiteffizienz und immer empathischer Wahrnehmung, um alle Beteiligten im Gestaltungs- und Kommunikationsprozess zu halten, war er genau der richtige Partner f\u00fcr uns und unsere Anforderungen.\u201c<\/em><\/p>\n<p>Dieter Krau\u00df, Gesch\u00e4ftsf\u00fchrer Organisation und Finanzen<\/p>\n<\/div>\n<\/div>\n\n\t\t<\/div>\n\t<\/div>\n\n\t<div  class=\"wpb_single_image wpb_content_element vc_align_left  vc_custom_1579707582857\">\n\t\t\n\t\t<figure class=\"wpb_wrapper vc_figure\">\n\t\t\t<div class=\"vc_single_image-wrapper   vc_box_border_grey\"><img class=\"vc_single_image-img \" src=\"https:\/\/www.ebene-c.de\/wp-content\/uploads\/2019\/12\/RP02958-1024x682-340x302.jpg\" width=\"340\" height=\"302\" alt=\"RP02958-1024x682\" title=\"RP02958-1024x682\" \/><\/div>\n\t\t<\/figure>\n\t<\/div>\n<\/div><\/div><\/div><\/div><div class=\"vc_row wpb_row vc_row-fluid\"><div class=\"wpb_column vc_column_container vc_col-sm-12\"><div class=\"vc_column-inner\"><div class=\"wpb_wrapper\"><div class=\"vc_separator wpb_content_element vc_separator_align_center vc_sep_width_100 vc_sep_border_width_2 vc_sep_pos_align_center vc_separator_no_text vc_sep_color_black\" ><span class=\"vc_sep_holder vc_sep_holder_l\"><span  class=\"vc_sep_line\"><\/span><\/span><span class=\"vc_sep_holder vc_sep_holder_r\"><span  class=\"vc_sep_line\"><\/span><\/span>\n<\/div><\/div><\/div><\/div><\/div>\n","protected":false},"excerpt":{"rendered":"Film- und Medienfestival \/ St\u00e4rkung Identit\u00e4t _J\u00e4hrlicher Strategietag _Entwicklung gemeinsames Zielbild _Positionierungsworkshop Hintergrund Internationales Trickfilm-Festival Stuttgart (ITFS), Animation Production Days (APDs) oder Raumwelten \u2013 Plattform<span class=\"excerpt-hellip\"> [\u2026]<\/span>","protected":false},"author":1,"featured_media":0,"parent":0,"menu_order":0,"comment_status":"closed","ping_status":"closed","template":"","meta":[],"_links":{"self":[{"href":"https:\/\/www.ebene-c.de\/de_de\/wp-json\/wp\/v2\/pages\/563"}],"collection":[{"href":"https:\/\/www.ebene-c.de\/de_de\/wp-json\/wp\/v2\/pages"}],"about":[{"href":"https:\/\/www.ebene-c.de\/de_de\/wp-json\/wp\/v2\/types\/page"}],"author":[{"embeddable":true,"href":"https:\/\/www.ebene-c.de\/de_de\/wp-json\/wp\/v2\/users\/1"}],"replies":[{"embeddable":true,"href":"https:\/\/www.ebene-c.de\/de_de\/wp-json\/wp\/v2\/comments?post=563"}],"version-history":[{"count":15,"href":"https:\/\/www.ebene-c.de\/de_de\/wp-json\/wp\/v2\/pages\/563\/revisions"}],"predecessor-version":[{"id":1658,"href":"https:\/\/www.ebene-c.de\/de_de\/wp-json\/wp\/v2\/pages\/563\/revisions\/1658"}],"wp:attachment":[{"href":"https:\/\/www.ebene-c.de\/de_de\/wp-json\/wp\/v2\/media?parent=563"}],"curies":[{"name":"wp","href":"https:\/\/api.w.org\/{rel}","templated":true}]}}