{"id":585,"date":"2019-12-07T19:10:17","date_gmt":"2019-12-07T18:10:17","guid":{"rendered":"https:\/\/dev.ebene-c.de\/?page_id=585"},"modified":"2020-06-29T11:17:48","modified_gmt":"2020-06-29T09:17:48","slug":"nowaste","status":"publish","type":"page","link":"https:\/\/www.ebene-c.de\/de_de\/nowaste\/","title":{"rendered":"Nowaste"},"content":{"rendered":"<div class=\"vc_row wpb_row vc_row-fluid\"><div class=\"wpb_column vc_column_container vc_col-sm-6\"><div class=\"vc_column-inner\"><div class=\"wpb_wrapper\">\n\t<div class=\"wpb_text_column wpb_content_element \" >\n\t\t<div class=\"wpb_wrapper\">\n\t\t\t<h2>NOWASTE<br \/>\n\/<br \/>\nMIT SCHARFER POSITIONIERUNG ZUM ERFOLG<\/h2>\n<h2><\/h2>\n\n\t\t<\/div>\n\t<\/div>\n\n\t<div class=\"wpb_text_column wpb_content_element \" >\n\t\t<div class=\"wpb_wrapper\">\n\t\t\t<h4>_Strategische und kreative Markenberatung<br \/>\n_Entwicklung Markenpositionierung<br \/>\n_Konkrete Ma\u00dfnahmenplanung und Websitekonzeption<\/h4>\n\n\t\t<\/div>\n\t<\/div>\n<\/div><\/div><\/div><div class=\"wpb_column vc_column_container vc_col-sm-6\"><div class=\"vc_column-inner\"><div class=\"wpb_wrapper\">\n\t<div  class=\"wpb_single_image wpb_content_element vc_align_left  vc_custom_1579707301961\">\n\t\t\n\t\t<figure class=\"wpb_wrapper vc_figure\">\n\t\t\t<div class=\"vc_single_image-wrapper   vc_box_border_grey\"><img class=\"vc_single_image-img \" src=\"https:\/\/www.ebene-c.de\/wp-content\/uploads\/2019\/12\/5-scaled-340x302.jpg\" width=\"340\" height=\"302\" alt=\"5\" title=\"5\" \/><\/div>\n\t\t<\/figure>\n\t<\/div>\n<\/div><\/div><\/div><\/div><div class=\"vc_row wpb_row vc_row-fluid\"><div class=\"wpb_column vc_column_container vc_col-sm-6\"><div class=\"vc_column-inner\"><div class=\"wpb_wrapper\">\n\t<div class=\"wpb_text_column wpb_content_element \" >\n\t\t<div class=\"wpb_wrapper\">\n\t\t\t<div class=\"wpb_text_column wpb_content_element vc_custom_1538133902006\">\n<div class=\"wpb_wrapper\">\n<h4>Hintergrund<\/h4>\n<p>Jeder will seinen Beitrag zum Umweltschutz leisten und weniger verschwenden. Das genau ist die Idee hinter NOWASTE, einem f\u00fchrendern Hersteller von Produktl\u00f6sungen aus nat\u00fcrlichen Rohstoffen. Mit Erfolg. So konnten zum Beispiel durch den \u00aetreecup, einem Mehrwegbecher, der bei Unternehmern wie adidas, google, Alnatura, im Deutschen Bundestag oder beim DFB im Einsatz ist, allein in Jahr 2016 20 Millionen Becher eingespart werden. Wenn man alle diese Becher nebeneinander stellen w\u00fcrde, entspr\u00e4che das einer Strecke von 2.000 Kilometern.<\/p>\n<p><a href=\"http:\/\/www.nowaste.eu\">www.nowaste.eu<\/a><\/p>\n<h4>Aufgabe<\/h4>\n<p>Strategische und kreative Beratung bei der kommunikativen Neuorientierung. Von der klaren Positionierung der Marke bis zur Entwicklung eines nachhaltigen Kommunikationskonzeptes.<\/p>\n<h4>L\u00f6sung<\/h4>\n<p>Am Anfang steht die Marke. Im Rahmen von mehreren Workshops wurde die Marke detailliert betrachtet und gesch\u00e4rft. Markenpositionierung, Elevator Statement und gemeinsam erarbeitetes Qualit\u00e4tsversprechen bilden die Basis f\u00fcr alle kommenden Kommunikationsma\u00dfnahmen und die neue vertriebliche Ausrichtung. Im Anschluss wurden ganz pragmatisch am Beispiel der neuen Website die zentralen Botschaften definiert und getextet. In Form von zielgruppenspezifischen Textbausteinen k\u00f6nnen diese jetzt f\u00fcr viele Kommunikationsmittel genutzt werden.<\/p>\n<\/div>\n<\/div>\n\n\t\t<\/div>\n\t<\/div>\n<\/div><\/div><\/div><div class=\"wpb_column vc_column_container vc_col-sm-6\"><div class=\"vc_column-inner\"><div class=\"wpb_wrapper\">\n\t<div class=\"wpb_text_column wpb_content_element \" >\n\t\t<div class=\"wpb_wrapper\">\n\t\t\t<div>\n<div>\n<h4><strong>Kundenstimmen<\/strong><\/h4>\n<p><em>&#8222;Die Zusammenarbeit mit ebene c hat uns geholfen, unser Markenprofil zu sch\u00e4rfen und der Kommunikation eine neue Tonalit\u00e4t zu verleihen. Wir treten jetzt klarer, am Markt auf. Kurz: hohe Fachkompetenz, Umsetzungsst\u00e4rke und sie waren schnell Teil der Mannschaft.\u201c<\/em><\/p>\n<p>Babak Norooz, Gesch\u00e4ftsf\u00fchrer<\/p>\n<\/div>\n<\/div>\n\n\t\t<\/div>\n\t<\/div>\n\n\t<div  class=\"wpb_single_image wpb_content_element vc_align_left  vc_custom_1579707314959\">\n\t\t\n\t\t<figure class=\"wpb_wrapper vc_figure\">\n\t\t\t<div class=\"vc_single_image-wrapper   vc_box_border_grey\"><img class=\"vc_single_image-img \" src=\"https:\/\/www.ebene-c.de\/wp-content\/uploads\/2019\/12\/2-340x302.jpg\" width=\"340\" height=\"302\" alt=\"2\" title=\"2\" \/><\/div>\n\t\t<\/figure>\n\t<\/div>\n<\/div><\/div><\/div><\/div><div class=\"vc_row wpb_row vc_row-fluid\"><div class=\"wpb_column vc_column_container vc_col-sm-12\"><div class=\"vc_column-inner\"><div class=\"wpb_wrapper\"><div class=\"vc_separator wpb_content_element vc_separator_align_center vc_sep_width_100 vc_sep_border_width_2 vc_sep_pos_align_center vc_separator_no_text vc_sep_color_black\" ><span class=\"vc_sep_holder vc_sep_holder_l\"><span  class=\"vc_sep_line\"><\/span><\/span><span class=\"vc_sep_holder vc_sep_holder_r\"><span  class=\"vc_sep_line\"><\/span><\/span>\n<\/div><\/div><\/div><\/div><\/div>\n","protected":false},"excerpt":{"rendered":"NOWASTE \/ MIT SCHARFER POSITIONIERUNG ZUM ERFOLG _Strategische und kreative Markenberatung _Entwicklung Markenpositionierung _Konkrete Ma\u00dfnahmenplanung und Websitekonzeption Hintergrund Jeder will seinen Beitrag zum Umweltschutz leisten<span class=\"excerpt-hellip\"> [\u2026]<\/span>","protected":false},"author":1,"featured_media":0,"parent":0,"menu_order":0,"comment_status":"closed","ping_status":"closed","template":"","meta":[],"_links":{"self":[{"href":"https:\/\/www.ebene-c.de\/de_de\/wp-json\/wp\/v2\/pages\/585"}],"collection":[{"href":"https:\/\/www.ebene-c.de\/de_de\/wp-json\/wp\/v2\/pages"}],"about":[{"href":"https:\/\/www.ebene-c.de\/de_de\/wp-json\/wp\/v2\/types\/page"}],"author":[{"embeddable":true,"href":"https:\/\/www.ebene-c.de\/de_de\/wp-json\/wp\/v2\/users\/1"}],"replies":[{"embeddable":true,"href":"https:\/\/www.ebene-c.de\/de_de\/wp-json\/wp\/v2\/comments?post=585"}],"version-history":[{"count":11,"href":"https:\/\/www.ebene-c.de\/de_de\/wp-json\/wp\/v2\/pages\/585\/revisions"}],"predecessor-version":[{"id":1517,"href":"https:\/\/www.ebene-c.de\/de_de\/wp-json\/wp\/v2\/pages\/585\/revisions\/1517"}],"wp:attachment":[{"href":"https:\/\/www.ebene-c.de\/de_de\/wp-json\/wp\/v2\/media?parent=585"}],"curies":[{"name":"wp","href":"https:\/\/api.w.org\/{rel}","templated":true}]}}