{"id":590,"date":"2019-12-07T19:22:19","date_gmt":"2019-12-07T18:22:19","guid":{"rendered":"https:\/\/dev.ebene-c.de\/?page_id=590"},"modified":"2021-06-11T16:16:48","modified_gmt":"2021-06-11T14:16:48","slug":"a-vogel","status":"publish","type":"page","link":"https:\/\/www.ebene-c.de\/de_de\/a-vogel\/","title":{"rendered":"A.Vogel"},"content":{"rendered":"<div class=\"vc_row wpb_row vc_row-fluid\"><div class=\"wpb_column vc_column_container vc_col-sm-6\"><div class=\"vc_column-inner\"><div class=\"wpb_wrapper\">\n\t<div class=\"wpb_text_column wpb_content_element \" >\n\t\t<div class=\"wpb_wrapper\">\n\t\t\t<h2>A.Vogel<br \/>\n\/<br \/>\nAgiler Innovationsprozess<\/h2>\n\n\t\t<\/div>\n\t<\/div>\n\n\t<div class=\"wpb_text_column wpb_content_element \" >\n\t\t<div class=\"wpb_wrapper\">\n\t\t\t<h4>_Internationale Innovationsworkshops<br \/>\n_Creative Collaboration Techniken<br \/>\n_Hybride Weiterentwicklung<\/h4>\n\n\t\t<\/div>\n\t<\/div>\n<\/div><\/div><\/div><div class=\"wpb_column vc_column_container vc_col-sm-6\"><div class=\"vc_column-inner\"><div class=\"wpb_wrapper\">\n\t<div  class=\"wpb_single_image wpb_content_element vc_align_left  vc_custom_1612877835668\">\n\t\t\n\t\t<figure class=\"wpb_wrapper vc_figure\">\n\t\t\t<div class=\"vc_single_image-wrapper   vc_box_border_grey\"><img class=\"vc_single_image-img \" src=\"https:\/\/www.ebene-c.de\/wp-content\/uploads\/2021\/02\/IMG_3285-scaled-500x302.jpg\" width=\"500\" height=\"302\" alt=\"IMG_3285\" title=\"IMG_3285\" \/><\/div>\n\t\t<\/figure>\n\t<\/div>\n<\/div><\/div><\/div><\/div><div class=\"vc_row wpb_row vc_row-fluid\"><div class=\"wpb_column vc_column_container vc_col-sm-6\"><div class=\"vc_column-inner\"><div class=\"wpb_wrapper\">\n\t<div class=\"wpb_text_column wpb_content_element \" >\n\t\t<div class=\"wpb_wrapper\">\n\t\t\t<div class=\"wpb_text_column wpb_content_element vc_custom_1538133902006\">\n<div class=\"wpb_wrapper\">\n<h4>Hintergrund<\/h4>\n<p>A. Vogel ist heute der gr\u00f6\u00dfte Hersteller von Phytotherapeutika und gesunden Ern\u00e4hrungsprodukten auf dem Schweizer Markt. Die A.Vogel Produkte sind in \u00fcber 25 L\u00e4ndern erh\u00e4ltlich. Der Gr\u00fcnder Alfred Vogel war ein bekannter Schweizer Naturheilkunde-Pionier. Zeitlebens setzte er sich f\u00fcr die Verwendung der Natur- und Pflanzenheilkunde ein. Sein Wirken hat ma\u00dfgeblich zur Anerkennung der besonderen Rolle der pflanzlichen Arzneimittel in der modernen Welt beigetragen. So hat beispielsweise die immunst\u00e4rkende Wirkung von Echinaforce in der Pandemie-Zeit einen neuen Stellenwert erlangt.<\/p>\n<p><a href=\"https:\/\/www.avogel.ch\">www.avogel.ch<\/a><\/p>\n<p>&nbsp;<\/p>\n<h4><\/h4>\n<h4>Aufgabe<\/h4>\n<p>Konzeptionelle und moderierende Begleitung bei der Definition einer neuen Sortimentsstrategie und bei der der Entwicklung von Produktinnovationen in einem kreativen, kollaborativen Prozess.<\/p>\n<h4>L\u00f6sung<\/h4>\n<p>Ein agiles Vorgehen mit 7 Modulen f\u00fcr das internationale Team mit unterschiedlichen kollaborativen Elementen: Kreativ-Workshops, Strategie-Empfehlung, Rapid Prototyping und Marktforschung.<\/p>\n<p>_Modul 1 \/ <strong>Market Research<\/strong>: Inhouse Marktforschung zu Wettbewerbsprodukten und Potenzialen in allen relevanten M\u00e4rkten.<\/p>\n<p>_Modul 2 \/ <strong>Creativity Rules<\/strong>: In einem gezielt moderierten Kreativ-Prozess entwickeln R&amp;D Mitarbeiter*innen aus 7 verschiedenen L\u00e4ndergesellschaften an einem Tag Produktideen f\u00fcr ausgew\u00e4hlte Zielgruppen bzw. definierte Symptome.<\/p>\n<p>_Modul 3 \/ <strong>Concept Phase<\/strong>: ebene c entwickelt aus den Ideen Produkt-Konzepte und deren Visualisierung durch eine Graphic Recorderin.<\/p>\n<p>_Modul 4 \/ <strong>Make it Better<\/strong>: In einem 1-t\u00e4gigen Workshop mit den Gesch\u00e4ftsf\u00fchrer*innen aller international relevanten M\u00e4rkte werden aus Ideen marktf\u00e4hige Produkt-Konzepte mit m\u00f6glichst hohen Synergien f\u00fcr den weltweiten Vertrieb.<\/p>\n<p>_Modul 5 \/ <strong>Rapid Prototyping<\/strong>: Auf der Basis der Strategie-Empfehlung entwickelt die R&amp;D Abteilung erste Produkt-Konzepte.<\/p>\n<p><strong>\u00a0<\/strong>_Modul 6 \/ <strong>Marktforschung:<\/strong> Marketing, R&amp;D und ebene c entwickeln gemeinsam Konzepte, die im Rahmen einer internationalen Markforschung getestet werden.<\/p>\n<p>_Modul 7 <strong>\/ Optimierung der Konzepte<\/strong>: durch Marketing, R&amp;D und ebene c. Details der weiteren Schritte k\u00f6nnen hier aus Gr\u00fcnden der Geheimhaltung nicht ver\u00f6ffentlicht werden.<\/p>\n<\/div>\n<\/div>\n\n\t\t<\/div>\n\t<\/div>\n<\/div><\/div><\/div><div class=\"wpb_column vc_column_container vc_col-sm-6\"><div class=\"vc_column-inner\"><div class=\"wpb_wrapper\">\n\t<div class=\"wpb_text_column wpb_content_element \" >\n\t\t<div class=\"wpb_wrapper\">\n\t\t\t<div>\n<div>\n<h4><strong>Kundenstimmen<\/strong><\/h4>\n<p><em>&#8222;Mit dem agilen Produktentwicklungsprozess gehen wir einen neuen zeitgem\u00e4\u00dfen Weg: Internationale Zusammenarbeit von R&amp;D, Marketing und Gesch\u00e4ftsleitung auf Augenh\u00f6he. ebene c hat uns in diesem Prozess von Anfang an begleitet: <\/em><em>Mit dem Gesamtkonzept und ihrer Moderation schaffen es Stefan Bohrmann und Arne Mack, Potenziale in uns zu wecken, die wir selbst nicht kannten. Sie schaffen eine kreative, wertsch\u00e4tzende Atmosph\u00e4re mit ungewohnten Methoden als Erfolgsrezept, in der hervorragende Arbeitsergebnisse entstehen, die sich gar nicht nach Arbeit anf\u00fchlen.\u201c<\/em><\/p>\n<p>Dr. Andy Suter, CEO<br \/>\nA.Vogel Bioforce AG<\/p>\n<\/div>\n<\/div>\n\n\t\t<\/div>\n\t<\/div>\n\n\t<div  class=\"wpb_single_image wpb_content_element vc_align_left  vc_custom_1612857685937\">\n\t\t\n\t\t<figure class=\"wpb_wrapper vc_figure\">\n\t\t\t<div class=\"vc_single_image-wrapper   vc_box_border_grey\"><img class=\"vc_single_image-img \" src=\"https:\/\/www.ebene-c.de\/wp-content\/uploads\/2021\/02\/IMG_3280-scaled-340x302.jpg\" width=\"340\" height=\"302\" alt=\"IMG_3280\" title=\"IMG_3280\" \/><\/div>\n\t\t<\/figure>\n\t<\/div>\n<\/div><\/div><\/div><\/div><div class=\"vc_row wpb_row vc_row-fluid\"><div class=\"wpb_column vc_column_container vc_col-sm-12\"><div class=\"vc_column-inner\"><div class=\"wpb_wrapper\"><div class=\"vc_separator wpb_content_element vc_separator_align_center vc_sep_width_100 vc_sep_border_width_2 vc_sep_pos_align_center vc_separator_no_text vc_sep_color_black\" ><span class=\"vc_sep_holder vc_sep_holder_l\"><span  class=\"vc_sep_line\"><\/span><\/span><span class=\"vc_sep_holder vc_sep_holder_r\"><span  class=\"vc_sep_line\"><\/span><\/span>\n<\/div><\/div><\/div><\/div><\/div>\n","protected":false},"excerpt":{"rendered":"A.Vogel \/ Agiler Innovationsprozess _Internationale Innovationsworkshops _Creative Collaboration Techniken _Hybride Weiterentwicklung Hintergrund A. Vogel ist heute der gr\u00f6\u00dfte Hersteller von Phytotherapeutika und gesunden Ern\u00e4hrungsprodukten auf<span class=\"excerpt-hellip\"> [\u2026]<\/span>","protected":false},"author":1,"featured_media":0,"parent":0,"menu_order":0,"comment_status":"closed","ping_status":"closed","template":"","meta":[],"_links":{"self":[{"href":"https:\/\/www.ebene-c.de\/de_de\/wp-json\/wp\/v2\/pages\/590"}],"collection":[{"href":"https:\/\/www.ebene-c.de\/de_de\/wp-json\/wp\/v2\/pages"}],"about":[{"href":"https:\/\/www.ebene-c.de\/de_de\/wp-json\/wp\/v2\/types\/page"}],"author":[{"embeddable":true,"href":"https:\/\/www.ebene-c.de\/de_de\/wp-json\/wp\/v2\/users\/1"}],"replies":[{"embeddable":true,"href":"https:\/\/www.ebene-c.de\/de_de\/wp-json\/wp\/v2\/comments?post=590"}],"version-history":[{"count":25,"href":"https:\/\/www.ebene-c.de\/de_de\/wp-json\/wp\/v2\/pages\/590\/revisions"}],"predecessor-version":[{"id":2168,"href":"https:\/\/www.ebene-c.de\/de_de\/wp-json\/wp\/v2\/pages\/590\/revisions\/2168"}],"wp:attachment":[{"href":"https:\/\/www.ebene-c.de\/de_de\/wp-json\/wp\/v2\/media?parent=590"}],"curies":[{"name":"wp","href":"https:\/\/api.w.org\/{rel}","templated":true}]}}