{"id":599,"date":"2019-12-07T19:28:10","date_gmt":"2019-12-07T18:28:10","guid":{"rendered":"https:\/\/dev.ebene-c.de\/?page_id=599"},"modified":"2020-06-29T11:17:13","modified_gmt":"2020-06-29T09:17:13","slug":"wko","status":"publish","type":"page","link":"https:\/\/www.ebene-c.de\/de_de\/wko\/","title":{"rendered":"WKO"},"content":{"rendered":"<div class=\"vc_row wpb_row vc_row-fluid\"><div class=\"wpb_column vc_column_container vc_col-sm-6\"><div class=\"vc_column-inner\"><div class=\"wpb_wrapper\">\n\t<div class=\"wpb_text_column wpb_content_element \" >\n\t\t<div class=\"wpb_wrapper\">\n\t\t\t<h2>WKO &#8211; W\u00fcrttembergisches Kammerorchester<br \/>\n\/<br \/>\nEinzigartige Positionierung<\/h2>\n\n\t\t<\/div>\n\t<\/div>\n\n\t<div class=\"wpb_text_column wpb_content_element \" >\n\t\t<div class=\"wpb_wrapper\">\n\t\t\t<h4>_Workshopreihe mit Musikern und Stakeholdern<br \/>\n_Verdichtung der Ergebnisse in einzigartige Positionierung<br \/>\n_Begleitung bei der Entwicklung einer Kommunikationsstrategie<\/h4>\n\n\t\t<\/div>\n\t<\/div>\n<\/div><\/div><\/div><div class=\"wpb_column vc_column_container vc_col-sm-6 vc_col-has-fill\"><div class=\"vc_column-inner vc_custom_1579701368359\"><div class=\"wpb_wrapper\">\n\t<div  class=\"wpb_single_image wpb_content_element vc_align_left  vc_custom_1579700738219\">\n\t\t\n\t\t<figure class=\"wpb_wrapper vc_figure\">\n\t\t\t<div class=\"vc_single_image-wrapper   vc_box_border_grey\"><img class=\"vc_single_image-img \" src=\"https:\/\/www.ebene-c.de\/wp-content\/uploads\/2019\/12\/wko-heilbronn_voller-klang_vollbild_2500px_case-scaglione_adrian-borda-1-768x512-340x302.jpg\" width=\"340\" height=\"302\" alt=\"wko-heilbronn_voller-klang_vollbild_2500px_case-scaglione_adrian-borda-1-768x512\" title=\"wko-heilbronn_voller-klang_vollbild_2500px_case-scaglione_adrian-borda-1-768x512\" \/><\/div>\n\t\t<\/figure>\n\t<\/div>\n<\/div><\/div><\/div><\/div><div class=\"vc_row wpb_row vc_row-fluid\"><div class=\"wpb_column vc_column_container vc_col-sm-6\"><div class=\"vc_column-inner\"><div class=\"wpb_wrapper\">\n\t<div class=\"wpb_text_column wpb_content_element \" >\n\t\t<div class=\"wpb_wrapper\">\n\t\t\t<div class=\"wpb_text_column wpb_content_element vc_custom_1538133902006\">\n<div class=\"wpb_wrapper\">\n<div class=\"wpb_text_column wpb_content_element vc_custom_1538132645187\">\n<div class=\"wpb_wrapper\">\n<h4>Hintergrund<\/h4>\n<p>Das W\u00fcrttembergische Kammerorchester Heilbronn (WKO) z\u00e4hlt zu den international renommierten deutschen Kammerorchestern. Seine Klangkultur lebt das WKO mit namhaften Solisten wie z.B. Sharon Kam, Frank Peter Zimmermann, Daniel M\u00fcller-Schott und Herbert Schuch in die renommierten Konzerth\u00e4user im In- und Ausland.<\/p>\n<p><a href=\"https:\/\/www.wko-heilbronn.de\/\">www.wko-heilbronn.de<\/a><\/p>\n<h4><\/h4>\n<h4>Aufgabe<\/h4>\n<p>Entwicklung einer differenzierenden Positionierung und eines entsprechend konsequenten Kommunikationskonzeptes.<\/p>\n<h4><\/h4>\n<h4>L\u00f6sung<\/h4>\n<p>ebene c begleitet das WKO bei der Positionierung und seiner kommunikativen Weiterentwicklung. Auf Basis einer Workshop-Reihe mit Musikern, Stakeholdern und Branchen-Spezialisten wurden unterschiedliche Perspektiven entwickelt. Als Ergebnis dieser Gespr\u00e4che entstand das Konzept der Klangmanufaktur, welches die Basis f\u00fcr eine neue Marktausrichtung definiert und das Sprungbrett f\u00fcr die Weiterentwicklung der Kommunikationsmittel darstellt.<\/p>\n<\/div>\n<\/div>\n<\/div>\n<\/div>\n\n\t\t<\/div>\n\t<\/div>\n<\/div><\/div><\/div><div class=\"wpb_column vc_column_container vc_col-sm-6\"><div class=\"vc_column-inner\"><div class=\"wpb_wrapper\">\n\t<div class=\"wpb_text_column wpb_content_element \" >\n\t\t<div class=\"wpb_wrapper\">\n\t\t\t<div>\n<div>\n<h4><strong>Kundenstimmen<\/strong><\/h4>\n<p><em>&#8222;Das gro\u00dfe Plus in der Arbeit mit ebene c sind die ungew\u00f6hnlichen Perspektiven und deren konsequente Ausarbeitung. Die Verbindung von Au\u00dfenperspektive und hohem Gesp\u00fcr f\u00fcr das Thema Klassische Musik sind bereichernd und anregend zugleich.\u201c<\/em><\/p>\n<p>Madeleine Landlinger, Gesch\u00e4ftsf\u00fchrende Intendantin<\/p>\n<\/div>\n<\/div>\n\n\t\t<\/div>\n\t<\/div>\n\n\t<div  class=\"wpb_single_image wpb_content_element vc_align_left  vc_custom_1579707423827\">\n\t\t\n\t\t<figure class=\"wpb_wrapper vc_figure\">\n\t\t\t<div class=\"vc_single_image-wrapper   vc_box_border_grey\"><img class=\"vc_single_image-img \" src=\"https:\/\/www.ebene-c.de\/wp-content\/uploads\/2019\/12\/providence-doucet-81314-unsplash-scaled-340x302.jpg\" width=\"340\" height=\"302\" alt=\"providence-doucet-81314-unsplash\" title=\"providence-doucet-81314-unsplash\" \/><\/div>\n\t\t<\/figure>\n\t<\/div>\n<\/div><\/div><\/div><\/div><div class=\"vc_row wpb_row vc_row-fluid\"><div class=\"wpb_column vc_column_container vc_col-sm-12\"><div class=\"vc_column-inner\"><div class=\"wpb_wrapper\"><div class=\"vc_separator wpb_content_element vc_separator_align_center vc_sep_width_100 vc_sep_border_width_2 vc_sep_pos_align_center vc_separator_no_text vc_sep_color_black\" ><span class=\"vc_sep_holder vc_sep_holder_l\"><span  class=\"vc_sep_line\"><\/span><\/span><span class=\"vc_sep_holder vc_sep_holder_r\"><span  class=\"vc_sep_line\"><\/span><\/span>\n<\/div><\/div><\/div><\/div><\/div>\n","protected":false},"excerpt":{"rendered":"WKO - W\u00fcrttembergisches Kammerorchester \/ Einzigartige Positionierung _Workshopreihe mit Musikern und Stakeholdern _Verdichtung der Ergebnisse in einzigartige Positionierung _Begleitung bei der Entwicklung einer Kommunikationsstrategie Hintergrund<span class=\"excerpt-hellip\"> [\u2026]<\/span>","protected":false},"author":1,"featured_media":0,"parent":0,"menu_order":0,"comment_status":"closed","ping_status":"closed","template":"","meta":[],"_links":{"self":[{"href":"https:\/\/www.ebene-c.de\/de_de\/wp-json\/wp\/v2\/pages\/599"}],"collection":[{"href":"https:\/\/www.ebene-c.de\/de_de\/wp-json\/wp\/v2\/pages"}],"about":[{"href":"https:\/\/www.ebene-c.de\/de_de\/wp-json\/wp\/v2\/types\/page"}],"author":[{"embeddable":true,"href":"https:\/\/www.ebene-c.de\/de_de\/wp-json\/wp\/v2\/users\/1"}],"replies":[{"embeddable":true,"href":"https:\/\/www.ebene-c.de\/de_de\/wp-json\/wp\/v2\/comments?post=599"}],"version-history":[{"count":14,"href":"https:\/\/www.ebene-c.de\/de_de\/wp-json\/wp\/v2\/pages\/599\/revisions"}],"predecessor-version":[{"id":1516,"href":"https:\/\/www.ebene-c.de\/de_de\/wp-json\/wp\/v2\/pages\/599\/revisions\/1516"}],"wp:attachment":[{"href":"https:\/\/www.ebene-c.de\/de_de\/wp-json\/wp\/v2\/media?parent=599"}],"curies":[{"name":"wp","href":"https:\/\/api.w.org\/{rel}","templated":true}]}}