{"id":615,"date":"2019-12-07T19:56:34","date_gmt":"2019-12-07T18:56:34","guid":{"rendered":"https:\/\/dev.ebene-c.de\/?page_id=615"},"modified":"2020-06-29T11:20:36","modified_gmt":"2020-06-29T09:20:36","slug":"dr-hauschka","status":"publish","type":"page","link":"https:\/\/www.ebene-c.de\/de_de\/dr-hauschka\/","title":{"rendered":"Dr. Hauschka"},"content":{"rendered":"<div class=\"vc_row wpb_row vc_row-fluid\"><div class=\"wpb_column vc_column_container vc_col-sm-6\"><div class=\"vc_column-inner\"><div class=\"wpb_wrapper\">\n\t<div class=\"wpb_text_column wpb_content_element \" >\n\t\t<div class=\"wpb_wrapper\">\n\t\t\t<h2>Dr. Hauschka Naturkosmetik<br \/>\n<strong>\/<br \/>\n<\/strong>Zukunftslabor &#8211; der Fachhandel von morgen<\/h2>\n\n\t\t<\/div>\n\t<\/div>\n\n\t<div class=\"wpb_text_column wpb_content_element \" >\n\t\t<div class=\"wpb_wrapper\">\n\t\t\t<h4>_Zukunftswerkstatt mit zuk\u00fcnftigen Zielgruppen<br \/>\n_Perspektiven Wechsel<br \/>\n_Offener Austausch und gro\u00dfes Lernpotenzial<\/h4>\n\n\t\t<\/div>\n\t<\/div>\n<\/div><\/div><\/div><div class=\"wpb_column vc_column_container vc_col-sm-6\"><div class=\"vc_column-inner\"><div class=\"wpb_wrapper\">\n\t<div  class=\"wpb_single_image wpb_content_element vc_align_left  vc_custom_1579707849571\">\n\t\t\n\t\t<figure class=\"wpb_wrapper vc_figure\">\n\t\t\t<div class=\"vc_single_image-wrapper   vc_box_border_grey\"><img class=\"vc_single_image-img \" src=\"https:\/\/www.ebene-c.de\/wp-content\/uploads\/2019\/12\/ebene-c_DRH2-1-340x302.jpeg\" width=\"340\" height=\"302\" alt=\"ebene-c_DRH2\" title=\"ebene-c_DRH2\" \/><\/div>\n\t\t<\/figure>\n\t<\/div>\n<\/div><\/div><\/div><\/div><div class=\"vc_row wpb_row vc_row-fluid\"><div class=\"wpb_column vc_column_container vc_col-sm-6\"><div class=\"vc_column-inner\"><div class=\"wpb_wrapper\">\n\t<div class=\"wpb_text_column wpb_content_element \" >\n\t\t<div class=\"wpb_wrapper\">\n\t\t\t<div class=\"wpb_text_column wpb_content_element vc_custom_1538133902006\">\n<div class=\"wpb_wrapper\">\n<div class=\"wpb_text_column wpb_content_element vc_custom_1539000998259\">\n<div class=\"wpb_wrapper\">\n<h4>Hintergrund<\/h4>\n<p>Dr. Hauschka steht f\u00fcr Kosmetikkultur und ist eine der f\u00fchrenden Naturkosmetikmarken in Deutschland mit einem Sortiment von mehr als 130 Pr\u00e4paraten in den Bereichen Gesichts- bzw. K\u00f6rperpflege und dekorativer Kosmetik.<\/p>\n<p><a href=\"https:\/\/www.drhauschka.de\/\">www.drhauschka.com<\/a><\/p>\n<h4>Aufgabe<\/h4>\n<p>Entwicklung von neuen Ans\u00e4tzen, die Dr. Hauschka zusammen mit dem Fachhandel helfen, sich am Markt noch besser zu differenzieren. Dabei sollen aktuelle Marktentwicklungen und insbesondere das Thema der Digitalisierung ber\u00fccksichtigt werden.<\/p>\n<h4>L\u00f6sung<\/h4>\n<p>Mit einem Workshop im Format einer \u201eZukunftswerkstatt\u201c begleitet ebene c den Vertrieb In- und Ausland von Dr. Hauschka bei der Entwicklung neuer L\u00f6sungen. Hier wurden Masterstudenten*Innen vom Studiengang Creative Industries beteiligt, was v\u00f6llig neue Sichtweisen erm\u00f6glicht hat.<\/p>\n<\/div>\n<\/div>\n<div class=\"wpb_single_image wpb_content_element vc_align_left vc_custom_1541412672343\">\n<figure class=\"wpb_wrapper vc_figure\">\n<div class=\"vc_single_image-wrapper vc_box_border_grey\"><\/div>\n<\/figure>\n<\/div>\n<\/div>\n<\/div>\n\n\t\t<\/div>\n\t<\/div>\n<\/div><\/div><\/div><div class=\"wpb_column vc_column_container vc_col-sm-6\"><div class=\"vc_column-inner\"><div class=\"wpb_wrapper\">\n\t<div class=\"wpb_text_column wpb_content_element \" >\n\t\t<div class=\"wpb_wrapper\">\n\t\t\t<div>\n<div>\n<h4><strong>Kundenstimmen<\/strong><\/h4>\n<p><em>\u201eDie Zukunftswerkstatt mit ebene c f\u00fchrte zu sehr wertvollen Ideen, welche immer die Realit\u00e4t im Fachhandel und das Dr. Hauschka Tagesgesch\u00e4ft im Blick behalten. Mit seinen Ideen und Impulsen f\u00fcr Auftraggeber und Teilnehmer*innen hat Stefan Bohrmann es wieder verstanden, genau die richtige Balance zwischen professioneller Theorie und praxisbezogener Umsetzung zu entwickeln. Vielen Dank!\u201c<\/em><\/p>\n<p>Maren Speckmann-Munz, Dr. Hauschka Kosmetik, Leitung \u2013 Vertrieb Deutschland<\/p>\n<\/div>\n<\/div>\n\n\t\t<\/div>\n\t<\/div>\n\n\t<div  class=\"wpb_single_image wpb_content_element vc_align_left  vc_custom_1579707861274\">\n\t\t\n\t\t<figure class=\"wpb_wrapper vc_figure\">\n\t\t\t<div class=\"vc_single_image-wrapper   vc_box_border_grey\"><img class=\"vc_single_image-img \" src=\"https:\/\/www.ebene-c.de\/wp-content\/uploads\/2019\/12\/ebene-c_DRH1-1-340x302.jpeg\" width=\"340\" height=\"302\" alt=\"ebene-c_DRH1\" title=\"ebene-c_DRH1\" \/><\/div>\n\t\t<\/figure>\n\t<\/div>\n<\/div><\/div><\/div><\/div><div class=\"vc_row wpb_row vc_row-fluid\"><div class=\"wpb_column vc_column_container vc_col-sm-12\"><div class=\"vc_column-inner\"><div class=\"wpb_wrapper\"><div class=\"vc_separator wpb_content_element vc_separator_align_center vc_sep_width_100 vc_sep_border_width_2 vc_sep_pos_align_center vc_separator_no_text vc_sep_color_black\" ><span class=\"vc_sep_holder vc_sep_holder_l\"><span  class=\"vc_sep_line\"><\/span><\/span><span class=\"vc_sep_holder vc_sep_holder_r\"><span  class=\"vc_sep_line\"><\/span><\/span>\n<\/div><\/div><\/div><\/div><\/div>\n","protected":false},"excerpt":{"rendered":"Dr. Hauschka Naturkosmetik \/ Zukunftslabor - der Fachhandel von morgen _Zukunftswerkstatt mit zuk\u00fcnftigen Zielgruppen _Perspektiven Wechsel _Offener Austausch und gro\u00dfes Lernpotenzial Hintergrund Dr. Hauschka steht<span class=\"excerpt-hellip\"> [\u2026]<\/span>","protected":false},"author":1,"featured_media":0,"parent":0,"menu_order":0,"comment_status":"closed","ping_status":"closed","template":"","meta":[],"_links":{"self":[{"href":"https:\/\/www.ebene-c.de\/de_de\/wp-json\/wp\/v2\/pages\/615"}],"collection":[{"href":"https:\/\/www.ebene-c.de\/de_de\/wp-json\/wp\/v2\/pages"}],"about":[{"href":"https:\/\/www.ebene-c.de\/de_de\/wp-json\/wp\/v2\/types\/page"}],"author":[{"embeddable":true,"href":"https:\/\/www.ebene-c.de\/de_de\/wp-json\/wp\/v2\/users\/1"}],"replies":[{"embeddable":true,"href":"https:\/\/www.ebene-c.de\/de_de\/wp-json\/wp\/v2\/comments?post=615"}],"version-history":[{"count":9,"href":"https:\/\/www.ebene-c.de\/de_de\/wp-json\/wp\/v2\/pages\/615\/revisions"}],"predecessor-version":[{"id":1521,"href":"https:\/\/www.ebene-c.de\/de_de\/wp-json\/wp\/v2\/pages\/615\/revisions\/1521"}],"wp:attachment":[{"href":"https:\/\/www.ebene-c.de\/de_de\/wp-json\/wp\/v2\/media?parent=615"}],"curies":[{"name":"wp","href":"https:\/\/api.w.org\/{rel}","templated":true}]}}