{"id":621,"date":"2019-12-07T20:01:47","date_gmt":"2019-12-07T19:01:47","guid":{"rendered":"https:\/\/dev.ebene-c.de\/?page_id=621"},"modified":"2020-01-22T16:50:31","modified_gmt":"2020-01-22T15:50:31","slug":"stiftung-haus-lindenhof","status":"publish","type":"page","link":"https:\/\/www.ebene-c.de\/de_de\/stiftung-haus-lindenhof\/","title":{"rendered":"Stiftung Haus Lindenhof"},"content":{"rendered":"<div class=\"vc_row wpb_row vc_row-fluid\"><div class=\"wpb_column vc_column_container vc_col-sm-6\"><div class=\"vc_column-inner\"><div class=\"wpb_wrapper\">\n\t<div class=\"wpb_text_column wpb_content_element \" >\n\t\t<div class=\"wpb_wrapper\">\n\t\t\t<h2>Stiftung Haus Lindenhof<br \/>\n<strong>\/<br \/>\n<\/strong>Moderation Strategiekonferenzen<\/h2>\n\n\t\t<\/div>\n\t<\/div>\n\n\t<div class=\"wpb_text_column wpb_content_element \" >\n\t\t<div class=\"wpb_wrapper\">\n\t\t\t<h4>Vorbereitung Konferenz<br \/>\nModeration<br \/>\nManagement Summary und strategische Empfehlung<\/h4>\n\n\t\t<\/div>\n\t<\/div>\n<\/div><\/div><\/div><div class=\"wpb_column vc_column_container vc_col-sm-6\"><div class=\"vc_column-inner\"><div class=\"wpb_wrapper\">\n\t<div  class=\"wpb_single_image wpb_content_element vc_align_left  vc_custom_1579708200448\">\n\t\t\n\t\t<figure class=\"wpb_wrapper vc_figure\">\n\t\t\t<div class=\"vc_single_image-wrapper   vc_box_border_grey\"><img class=\"vc_single_image-img \" src=\"https:\/\/www.ebene-c.de\/wp-content\/uploads\/2019\/12\/ebene-c_SHL-e1576058683720-340x302.jpg\" width=\"340\" height=\"302\" alt=\"ebene-c_SHL\" title=\"ebene-c_SHL\" \/><\/div>\n\t\t<\/figure>\n\t<\/div>\n<\/div><\/div><\/div><\/div><div class=\"vc_row wpb_row vc_row-fluid\"><div class=\"wpb_column vc_column_container vc_col-sm-6\"><div class=\"vc_column-inner\"><div class=\"wpb_wrapper\">\n\t<div class=\"wpb_text_column wpb_content_element \" >\n\t\t<div class=\"wpb_wrapper\">\n\t\t\t<h4>Hintergrund<\/h4>\n<p>Die Stiftung Haus Lindenhof ist Mitglied im Caritasverband der Di\u00f6zese Rottenburg-Stuttgart. In ca. 60 Einrichtungen sind \u00fcber 1700 Mitarbeiterinnen und Mitarbeiter besch\u00e4ftigt, die rund 2000 alte und pflegebed\u00fcrftige Menschen, Menschen mit Behinderung und Personen mit Abstand zum Arbeitsmarkt begleiten, f\u00f6rdern, betreuen und pflegen.<\/p>\n<p><a href=\"https:\/\/www.haus-lindenhof.de\/\">www.haus-lindenhof.de<\/a><\/p>\n<h4>Aufgabe<\/h4>\n<p>Moderation Jahreskonferenz. Unterst\u00fctzung bei der strategischen Ausrichtung.<\/p>\n<h4>L\u00f6sung<\/h4>\n<p>ebene c begleitet die Stiftung Haus Lindenhof regelm\u00e4\u00dfig bei den halbj\u00e4hrigen Jahreskonferenzen in immer neuen Formaten und Methoden. Ob moderierte Workshops, Kombination des erfahrenen F\u00fchrungskr\u00e4ftekreises mit jungen Mitarbeiter*innen und deren frischer, neuer Sicht im World-Caf\u00e9 immer geht es darum Zukunft zu gestalten. Erst recht im komplexen Kontext vorgegebener, sozial-rechtlicher Rahmenbedingungen.<\/p>\n\n\t\t<\/div>\n\t<\/div>\n<\/div><\/div><\/div><div class=\"wpb_column vc_column_container vc_col-sm-6\"><div class=\"vc_column-inner\"><div class=\"wpb_wrapper\">\n\t<div class=\"wpb_text_column wpb_content_element \" >\n\t\t<div class=\"wpb_wrapper\">\n\t\t\t<div>\n<div>\n<h4><strong>Kundenstimmen<\/strong><\/h4>\n<p>\u201cHerr Bohrmann hat uns mit Erfahrung und gutem Gesp\u00fcr f\u00fcr Struktur, Personen, Themen und erforderliche Ver\u00e4nderungen aufmerksam beraten und begleitet. Damit hat er bei der Weiterentwicklung unserer Stiftung ma\u00dfgeblich mitgewirkt.\u201c<\/p>\n<p>J\u00fcrgen Kunze, Vorstand Stiftung Haus Lindenhof<\/p>\n<\/div>\n<\/div>\n\n\t\t<\/div>\n\t<\/div>\n\n\t<div  class=\"wpb_single_image wpb_content_element vc_align_left  vc_custom_1579708223576\">\n\t\t\n\t\t<figure class=\"wpb_wrapper vc_figure\">\n\t\t\t<div class=\"vc_single_image-wrapper   vc_box_border_grey\"><img class=\"vc_single_image-img \" src=\"https:\/\/www.ebene-c.de\/wp-content\/uploads\/2019\/12\/ebene_c_SHL2-340x302.png\" width=\"340\" height=\"302\" alt=\"ebene_c_SHL2\" title=\"ebene_c_SHL2\" \/><\/div>\n\t\t<\/figure>\n\t<\/div>\n<\/div><\/div><\/div><\/div><div class=\"vc_row wpb_row vc_row-fluid\"><div class=\"wpb_column vc_column_container vc_col-sm-12\"><div class=\"vc_column-inner\"><div class=\"wpb_wrapper\"><div class=\"vc_separator wpb_content_element vc_separator_align_center vc_sep_width_100 vc_sep_border_width_2 vc_sep_pos_align_center vc_separator_no_text vc_sep_color_black\" ><span class=\"vc_sep_holder vc_sep_holder_l\"><span  class=\"vc_sep_line\"><\/span><\/span><span class=\"vc_sep_holder vc_sep_holder_r\"><span  class=\"vc_sep_line\"><\/span><\/span>\n<\/div><\/div><\/div><\/div><\/div>\n","protected":false},"excerpt":{"rendered":"Stiftung Haus Lindenhof \/ Moderation Strategiekonferenzen Vorbereitung Konferenz Moderation Management Summary und strategische Empfehlung Hintergrund Die Stiftung Haus Lindenhof ist Mitglied im Caritasverband der Di\u00f6zese<span class=\"excerpt-hellip\"> [\u2026]<\/span>","protected":false},"author":1,"featured_media":0,"parent":0,"menu_order":0,"comment_status":"closed","ping_status":"closed","template":"","meta":[],"_links":{"self":[{"href":"https:\/\/www.ebene-c.de\/de_de\/wp-json\/wp\/v2\/pages\/621"}],"collection":[{"href":"https:\/\/www.ebene-c.de\/de_de\/wp-json\/wp\/v2\/pages"}],"about":[{"href":"https:\/\/www.ebene-c.de\/de_de\/wp-json\/wp\/v2\/types\/page"}],"author":[{"embeddable":true,"href":"https:\/\/www.ebene-c.de\/de_de\/wp-json\/wp\/v2\/users\/1"}],"replies":[{"embeddable":true,"href":"https:\/\/www.ebene-c.de\/de_de\/wp-json\/wp\/v2\/comments?post=621"}],"version-history":[{"count":10,"href":"https:\/\/www.ebene-c.de\/de_de\/wp-json\/wp\/v2\/pages\/621\/revisions"}],"predecessor-version":[{"id":834,"href":"https:\/\/www.ebene-c.de\/de_de\/wp-json\/wp\/v2\/pages\/621\/revisions\/834"}],"wp:attachment":[{"href":"https:\/\/www.ebene-c.de\/de_de\/wp-json\/wp\/v2\/media?parent=621"}],"curies":[{"name":"wp","href":"https:\/\/api.w.org\/{rel}","templated":true}]}}