{"id":626,"date":"2019-12-07T20:05:57","date_gmt":"2019-12-07T19:05:57","guid":{"rendered":"https:\/\/dev.ebene-c.de\/?page_id=626"},"modified":"2020-06-29T11:19:47","modified_gmt":"2020-06-29T09:19:47","slug":"bosch-sicherheitstechnik","status":"publish","type":"page","link":"https:\/\/www.ebene-c.de\/de_de\/bosch-sicherheitstechnik\/","title":{"rendered":"Bosch Sicherheitstechnik"},"content":{"rendered":"<div class=\"vc_row wpb_row vc_row-fluid\"><div class=\"wpb_column vc_column_container vc_col-sm-6\"><div class=\"vc_column-inner\"><div class=\"wpb_wrapper\">\n\t<div class=\"wpb_text_column wpb_content_element \" >\n\t\t<div class=\"wpb_wrapper\">\n\t\t\t<h2>Bosch Security<br \/>\n<strong>\/<br \/>\n<\/strong>Internationale Workshopformate<\/h2>\n\n\t\t<\/div>\n\t<\/div>\n\n\t<div class=\"wpb_text_column wpb_content_element \" >\n\t\t<div class=\"wpb_wrapper\">\n\t\t\t<h4>_Kreative Workshopformate f\u00fcr 160 Teilnehmer<br \/>\n_Train the trainer<br \/>\n_Visuelle Ergebnissicherung<\/h4>\n\n\t\t<\/div>\n\t<\/div>\n<\/div><\/div><\/div><div class=\"wpb_column vc_column_container vc_col-sm-6\"><div class=\"vc_column-inner\"><div class=\"wpb_wrapper\">\n\t<div  class=\"wpb_single_image wpb_content_element vc_align_left  vc_custom_1579707758796\">\n\t\t\n\t\t<figure class=\"wpb_wrapper vc_figure\">\n\t\t\t<div class=\"vc_single_image-wrapper   vc_box_border_grey\"><img class=\"vc_single_image-img \" src=\"https:\/\/www.ebene-c.de\/wp-content\/uploads\/2019\/12\/vlad-hilitanu-1FI2QAYPa-Y-unsplash-scaled-340x302.jpg\" width=\"340\" height=\"302\" alt=\"vlad-hilitanu-1FI2QAYPa-Y-unsplash\" title=\"vlad-hilitanu-1FI2QAYPa-Y-unsplash\" \/><\/div>\n\t\t<\/figure>\n\t<\/div>\n<\/div><\/div><\/div><\/div><div class=\"vc_row wpb_row vc_row-fluid\"><div class=\"wpb_column vc_column_container vc_col-sm-6\"><div class=\"vc_column-inner\"><div class=\"wpb_wrapper\">\n\t<div class=\"wpb_text_column wpb_content_element \" >\n\t\t<div class=\"wpb_wrapper\">\n\t\t\t<div class=\"wpb_text_column wpb_content_element vc_custom_1538133078142\">\n<div class=\"wpb_wrapper\">\n<h4>Hintergrund<\/h4>\n<p>Bosch Sicherheitssysteme ist ein weltweit f\u00fchrender Hersteller und Anbieter von Produkten, L\u00f6sungen und Dienstleistungen rund um Sicherheit und Kommunikation. Das Produktportfolio umfasst Video\u00fcberwachungs-, Einbruchmelde-, Brandmelde- und Sprachalarmsysteme sowie Zutrittskontrolle und Managementsysteme. Professionelle Audio- und Konferenzsysteme zur \u00dcbertragung von Stimme, Ton und Musik runden das Angebot ab.<\/p>\n<p><a href=\"https:\/\/www.boschsecurity.com\">www.boschsecurity.com<\/a><\/p>\n<h4>Aufgabe<\/h4>\n<p>Unterst\u00fctzung bei dem Design und der Moderation der Workshopeinheiten einer internationalen Managementtagung.<\/p>\n<h4>L\u00f6sung<\/h4>\n<p>ebene c unterst\u00fctzt bei der Entwicklung des Workshopdesigns und der Moderationsstruktur f\u00fcr interaktive Strategie-Workshops im Rahmen einer 2-t\u00e4gigen Topmanagement-Tagung in den Niederlanden. Vor Ort unterst\u00fctzt ebene c beim Briefing der Bosch-internen Moderatoren, inkl. Vorstand, koordiniert die Workshops mit 160 Management-Teilnehmern und stellt die Ergebnisdokumentation in Form von Kreativvisualisierungen sicher.<\/p>\n<\/div>\n<\/div>\n\n\t\t<\/div>\n\t<\/div>\n<\/div><\/div><\/div><div class=\"wpb_column vc_column_container vc_col-sm-6\"><div class=\"vc_column-inner\"><div class=\"wpb_wrapper\">\n\t<div class=\"wpb_text_column wpb_content_element \" >\n\t\t<div class=\"wpb_wrapper\">\n\t\t\t<div>\n<div>\n<h4><strong>Kundenstimmen<\/strong><\/h4>\n<p><em>\u201eDas Projekt war von Anfang an ein sehr gutes Miteinander \u2013 in der Vorbereitung und vor Ort. Herr Bohrmann hat es hervorragend verstanden, f\u00fcr die Teilnehmer eine angenehme und gleichzeitig fokussierte Atmosph\u00e4re zu schaffen. Er hat einen wichtigen Part zum Erfolg der Veranstaltung beigetragen.\u201c<\/em><\/p>\n<p>Marion Weidacher, Marketing Communications ST\/MKC<\/p>\n<p>&nbsp;<\/p>\n<\/div>\n<\/div>\n\n\t\t<\/div>\n\t<\/div>\n\n\t<div  class=\"wpb_single_image wpb_content_element vc_align_left  vc_custom_1579707775697\">\n\t\t\n\t\t<figure class=\"wpb_wrapper vc_figure\">\n\t\t\t<div class=\"vc_single_image-wrapper   vc_box_border_grey\"><img class=\"vc_single_image-img \" src=\"https:\/\/www.ebene-c.de\/wp-content\/uploads\/2019\/12\/jan-bottinger-wx_W5OuVsCs-unsplash-scaled-e1576054425336-340x302.jpg\" width=\"340\" height=\"302\" alt=\"jan-bottinger-wx_W5OuVsCs-unsplash\" title=\"jan-bottinger-wx_W5OuVsCs-unsplash\" \/><\/div>\n\t\t<\/figure>\n\t<\/div>\n<\/div><\/div><\/div><\/div><div class=\"vc_row wpb_row vc_row-fluid\"><div class=\"wpb_column vc_column_container vc_col-sm-12\"><div class=\"vc_column-inner\"><div class=\"wpb_wrapper\"><div class=\"vc_separator wpb_content_element vc_separator_align_center vc_sep_width_100 vc_sep_border_width_2 vc_sep_pos_align_center vc_separator_no_text vc_sep_color_black\" ><span class=\"vc_sep_holder vc_sep_holder_l\"><span  class=\"vc_sep_line\"><\/span><\/span><span class=\"vc_sep_holder vc_sep_holder_r\"><span  class=\"vc_sep_line\"><\/span><\/span>\n<\/div><\/div><\/div><\/div><\/div>\n","protected":false},"excerpt":{"rendered":"Bosch Security \/ Internationale Workshopformate _Kreative Workshopformate f\u00fcr 160 Teilnehmer _Train the trainer _Visuelle Ergebnissicherung Hintergrund Bosch Sicherheitssysteme ist ein weltweit f\u00fchrender Hersteller und Anbieter<span class=\"excerpt-hellip\"> [\u2026]<\/span>","protected":false},"author":1,"featured_media":0,"parent":0,"menu_order":0,"comment_status":"closed","ping_status":"closed","template":"","meta":[],"_links":{"self":[{"href":"https:\/\/www.ebene-c.de\/de_de\/wp-json\/wp\/v2\/pages\/626"}],"collection":[{"href":"https:\/\/www.ebene-c.de\/de_de\/wp-json\/wp\/v2\/pages"}],"about":[{"href":"https:\/\/www.ebene-c.de\/de_de\/wp-json\/wp\/v2\/types\/page"}],"author":[{"embeddable":true,"href":"https:\/\/www.ebene-c.de\/de_de\/wp-json\/wp\/v2\/users\/1"}],"replies":[{"embeddable":true,"href":"https:\/\/www.ebene-c.de\/de_de\/wp-json\/wp\/v2\/comments?post=626"}],"version-history":[{"count":9,"href":"https:\/\/www.ebene-c.de\/de_de\/wp-json\/wp\/v2\/pages\/626\/revisions"}],"predecessor-version":[{"id":1520,"href":"https:\/\/www.ebene-c.de\/de_de\/wp-json\/wp\/v2\/pages\/626\/revisions\/1520"}],"wp:attachment":[{"href":"https:\/\/www.ebene-c.de\/de_de\/wp-json\/wp\/v2\/media?parent=626"}],"curies":[{"name":"wp","href":"https:\/\/api.w.org\/{rel}","templated":true}]}}