{"id":634,"date":"2019-12-07T20:18:26","date_gmt":"2019-12-07T19:18:26","guid":{"rendered":"https:\/\/dev.ebene-c.de\/?page_id=634"},"modified":"2020-01-22T16:49:06","modified_gmt":"2020-01-22T15:49:06","slug":"kreativkader","status":"publish","type":"page","link":"https:\/\/www.ebene-c.de\/de_de\/kreativkader\/","title":{"rendered":"KreativKader"},"content":{"rendered":"<div class=\"vc_row wpb_row vc_row-fluid\"><div class=\"wpb_column vc_column_container vc_col-sm-6\"><div class=\"vc_column-inner\"><div class=\"wpb_wrapper\">\n\t<div class=\"wpb_text_column wpb_content_element \" >\n\t\t<div class=\"wpb_wrapper\">\n\t\t\t<h2>KreativKader Stuttgart<br \/>\n\/<br \/>\nSeminar-Reihe Ideen-Management<\/h2>\n\n\t\t<\/div>\n\t<\/div>\n\n\t<div class=\"wpb_text_column wpb_content_element \" >\n\t\t<div class=\"wpb_wrapper\">\n\t\t\t<h4>_Entwicklung Vorlesungsdesign<br \/>\n_Ideenmanagement<br \/>\n_Kreativtechniken<\/h4>\n\n\t\t<\/div>\n\t<\/div>\n<\/div><\/div><\/div><div class=\"wpb_column vc_column_container vc_col-sm-6\"><div class=\"vc_column-inner\"><div class=\"wpb_wrapper\">\n\t<div  class=\"wpb_single_image wpb_content_element vc_align_left  vc_custom_1579708131297\">\n\t\t\n\t\t<figure class=\"wpb_wrapper vc_figure\">\n\t\t\t<div class=\"vc_single_image-wrapper   vc_box_border_grey\"><img class=\"vc_single_image-img \" src=\"https:\/\/www.ebene-c.de\/wp-content\/uploads\/2019\/12\/IMG_2564-768x576-340x302.jpg\" width=\"340\" height=\"302\" alt=\"IMG_2564-768x576\" title=\"IMG_2564-768x576\" \/><\/div>\n\t\t<\/figure>\n\t<\/div>\n<\/div><\/div><\/div><\/div><div class=\"vc_row wpb_row vc_row-fluid\"><div class=\"wpb_column vc_column_container vc_col-sm-6\"><div class=\"vc_column-inner\"><div class=\"wpb_wrapper\">\n\t<div class=\"wpb_text_column wpb_content_element \" >\n\t\t<div class=\"wpb_wrapper\">\n\t\t\t<div class=\"wpb_text_column wpb_content_element vc_custom_1538133902006\">\n<div class=\"wpb_wrapper\">\n<div class=\"wpb_text_column wpb_content_element vc_custom_1538134044521\">\n<div class=\"wpb_wrapper\">\n<h4>Hintergrund<\/h4>\n<p>Der KreativKader mit Standorten in D\u00fcsseldorf und Stuttgart ist eine der wenigen Ausbildungsm\u00f6glichkeiten f\u00fcr Werbetexter in Deutschland. Zusammen mit den renommiertesten Werbeagenturen und Produktionen beider St\u00e4dte werden die Textertalente 12 Monate lang dual ausgebildet.<\/p>\n<p><a href=\"https:\/\/www.kreativkader.de\">www.kreativkader.de<\/a><\/p>\n<h4>Aufgabe<\/h4>\n<p>Vermittlung von Techniken und Methoden, um Ideen professionell zu entwickeln, diese im Anschluss auch entsprechend zu verkaufen und notfalls auch zu verteidigen.<\/p>\n<h4>L\u00f6sung<\/h4>\n<p>In der vierteiligen Seminarreihe lernen die Texter in Theorie und Praxis Ideenentwicklung, Kreativ-Techniken, Pr\u00e4sentation und erhalten viele Tipps und Tricks aus der t\u00e4glichen Praxis als Texter und Creative Director.<\/p>\n<\/div>\n<\/div>\n<\/div>\n<\/div>\n\n\t\t<\/div>\n\t<\/div>\n<\/div><\/div><\/div><div class=\"wpb_column vc_column_container vc_col-sm-6\"><div class=\"vc_column-inner\"><div class=\"wpb_wrapper\">\n\t<div class=\"wpb_text_column wpb_content_element \" >\n\t\t<div class=\"wpb_wrapper\">\n\t\t\t<div>\n<div>\n<h4><strong>Kundenstimmen<\/strong><\/h4>\n<p>&#8222;Arne Mack ist von Anfang an dabei. Wenn man die Studenten fragt, geh\u00f6ren seine Vorlesungen \u2013 unter anderem wegen den vielen kreativen \u00dcbungen und Tipps \u2013 zu den Kader-Highlights. Klasse, dass wir jetzt auch Stefan Bohrmann als Dozent gewinnen konnten.\u201c<\/p>\n<p>Susanne Feddersen, Schulleitung Stuttgart, KeativKader gGmbH<\/p>\n<\/div>\n<\/div>\n\n\t\t<\/div>\n\t<\/div>\n\n\t<div  class=\"wpb_single_image wpb_content_element vc_align_left  vc_custom_1579708143893\">\n\t\t\n\t\t<figure class=\"wpb_wrapper vc_figure\">\n\t\t\t<div class=\"vc_single_image-wrapper   vc_box_border_grey\"><img class=\"vc_single_image-img \" src=\"https:\/\/www.ebene-c.de\/wp-content\/uploads\/2019\/12\/ebene_c_3-768x396-340x302.png\" width=\"340\" height=\"302\" alt=\"ebene_c_3-768x396\" title=\"ebene_c_3-768x396\" \/><\/div>\n\t\t<\/figure>\n\t<\/div>\n<\/div><\/div><\/div><\/div><div class=\"vc_row wpb_row vc_row-fluid\"><div class=\"wpb_column vc_column_container vc_col-sm-12\"><div class=\"vc_column-inner\"><div class=\"wpb_wrapper\"><div class=\"vc_separator wpb_content_element vc_separator_align_center vc_sep_width_100 vc_sep_border_width_2 vc_sep_pos_align_center vc_separator_no_text vc_sep_color_black\" ><span class=\"vc_sep_holder vc_sep_holder_l\"><span  class=\"vc_sep_line\"><\/span><\/span><span class=\"vc_sep_holder vc_sep_holder_r\"><span  class=\"vc_sep_line\"><\/span><\/span>\n<\/div><\/div><\/div><\/div><\/div>\n","protected":false},"excerpt":{"rendered":"KreativKader Stuttgart \/ Seminar-Reihe Ideen-Management _Entwicklung Vorlesungsdesign _Ideenmanagement _Kreativtechniken Hintergrund Der KreativKader mit Standorten in D\u00fcsseldorf und Stuttgart ist eine der wenigen Ausbildungsm\u00f6glichkeiten f\u00fcr Werbetexter<span class=\"excerpt-hellip\"> [\u2026]<\/span>","protected":false},"author":1,"featured_media":0,"parent":0,"menu_order":0,"comment_status":"closed","ping_status":"closed","template":"","meta":[],"_links":{"self":[{"href":"https:\/\/www.ebene-c.de\/de_de\/wp-json\/wp\/v2\/pages\/634"}],"collection":[{"href":"https:\/\/www.ebene-c.de\/de_de\/wp-json\/wp\/v2\/pages"}],"about":[{"href":"https:\/\/www.ebene-c.de\/de_de\/wp-json\/wp\/v2\/types\/page"}],"author":[{"embeddable":true,"href":"https:\/\/www.ebene-c.de\/de_de\/wp-json\/wp\/v2\/users\/1"}],"replies":[{"embeddable":true,"href":"https:\/\/www.ebene-c.de\/de_de\/wp-json\/wp\/v2\/comments?post=634"}],"version-history":[{"count":6,"href":"https:\/\/www.ebene-c.de\/de_de\/wp-json\/wp\/v2\/pages\/634\/revisions"}],"predecessor-version":[{"id":1135,"href":"https:\/\/www.ebene-c.de\/de_de\/wp-json\/wp\/v2\/pages\/634\/revisions\/1135"}],"wp:attachment":[{"href":"https:\/\/www.ebene-c.de\/de_de\/wp-json\/wp\/v2\/media?parent=634"}],"curies":[{"name":"wp","href":"https:\/\/api.w.org\/{rel}","templated":true}]}}